{"id":95,"date":"2016-02-20T19:13:20","date_gmt":"2016-02-20T18:13:20","guid":{"rendered":"http:\/\/gymnasium-mariengarden.de\/wordpress_testkopie\/?page_id=95"},"modified":"2024-03-14T08:24:24","modified_gmt":"2024-03-14T07:24:24","slug":"differenzierung-oberstufe","status":"publish","type":"page","link":"https:\/\/www.gymnasium-mariengarden.de\/wordpress\/differenzierung-oberstufe\/","title":{"rendered":"Differenzierung Oberstufe"},"content":{"rendered":"<p>Das Gymnasium Mariengarden hat ein f\u00fcr die nordrhein-westf\u00e4lischen Oberstufenbedingungen sehr angemessenes F\u00e4cherspektrum. Hier ein \u00dcberblick \u00fcber die drei Aufgabenbereiche:<\/p>\n<figure id=\"attachment_1625\" aria-describedby=\"caption-attachment-1625\" style=\"width: 420px\" class=\"wp-caption alignnone\"><img loading=\"lazy\" decoding=\"async\" class=\"wp-image-1625 size-full\" src=\"http:\/\/gymnasium-mariengarden.de\/wordpress\/wp-content\/uploads\/2016\/02\/gsmt.jpg\" alt=\"gsmt\" width=\"420\" height=\"382\" srcset=\"https:\/\/www.gymnasium-mariengarden.de\/wordpress\/wp-content\/uploads\/2016\/02\/gsmt.jpg 420w, https:\/\/www.gymnasium-mariengarden.de\/wordpress\/wp-content\/uploads\/2016\/02\/gsmt-300x273.jpg 300w\" sizes=\"auto, (max-width: 420px) 100vw, 420px\" \/><figcaption id=\"caption-attachment-1625\" class=\"wp-caption-text\">Aus personellen Gr\u00fcnden werden folgende oben aufgef\u00fchrte F\u00e4cher an Mariengarden nicht unterrichtet: Niederl\u00e4ndische, Italienische, Hebr\u00e4ische und Griechische Sprache, Recht, Erziehungswissenschaften, Psychologie, Ern\u00e4hrungslehre, Technik.<\/figcaption><\/figure>\n<p>Folgende Bedingungen und Pflichten gibt es im Bereich der Wahlen der Jahrgangsstufe 11:<\/p>\n<p><img loading=\"lazy\" decoding=\"async\" class=\"alignnone size-full wp-image-1623\" src=\"http:\/\/gymnasium-mariengarden.de\/wordpress\/wp-content\/uploads\/2016\/02\/aufg.1.jpg\" alt=\"aufg.1\" width=\"483\" height=\"511\" srcset=\"https:\/\/www.gymnasium-mariengarden.de\/wordpress\/wp-content\/uploads\/2016\/02\/aufg.1.jpg 483w, https:\/\/www.gymnasium-mariengarden.de\/wordpress\/wp-content\/uploads\/2016\/02\/aufg.1-284x300.jpg 284w\" sizes=\"auto, (max-width: 483px) 100vw, 483px\" \/><img loading=\"lazy\" decoding=\"async\" class=\"alignnone size-full wp-image-1624\" src=\"http:\/\/gymnasium-mariengarden.de\/wordpress\/wp-content\/uploads\/2016\/02\/aufg.2.jpg\" alt=\"aufg.2\" width=\"483\" height=\"615\" srcset=\"https:\/\/www.gymnasium-mariengarden.de\/wordpress\/wp-content\/uploads\/2016\/02\/aufg.2.jpg 483w, https:\/\/www.gymnasium-mariengarden.de\/wordpress\/wp-content\/uploads\/2016\/02\/aufg.2-236x300.jpg 236w\" sizes=\"auto, (max-width: 483px) 100vw, 483px\" \/><\/p>\n<p>Sch\u00fclerinnen und Sch\u00fcler der Oberstufe k\u00f6nnen sich <a href=\"https:\/\/derabirechner.de\/bundesland\/Nordrhein-Westfalen\/Gymnasium%2FGemeinschaftsschule\">hier<\/a> online die voraussichtliche Abiturnote (Numerus Clausus) errechnen lassen.<\/p>\n","protected":false},"excerpt":{"rendered":"<p>Das Gymnasium Mariengarden hat ein f\u00fcr die nordrhein-westf\u00e4lischen Oberstufenbedingungen sehr angemessenes F\u00e4cherspektrum. Hier ein \u00dcberblick \u00fcber die drei Aufgabenbereiche: Folgende Bedingungen und Pflichten gibt es im Bereich der Wahlen der Jahrgangsstufe 11: Sch\u00fclerinnen und Sch\u00fcler der Oberstufe k\u00f6nnen sich hier online die voraussichtliche Abiturnote (Numerus Clausus) errechnen lassen.<\/p>\n","protected":false},"author":13,"featured_media":0,"parent":0,"menu_order":0,"comment_status":"closed","ping_status":"open","template":"","meta":{"footnotes":""},"class_list":["post-95","page","type-page","status-publish","hentry"],"yoast_head":"<!-- This site is optimized with the Yoast SEO plugin v27.3 - https:\/\/yoast.com\/product\/yoast-seo-wordpress\/ -->\n<title>Differenzierung Oberstufe - Gymnasium Mariengarden<\/title>\n<meta name=\"description\" content=\"Privates Gymnasium der Oblatenmissionare\" \/>\n<meta name=\"robots\" content=\"index, follow, max-snippet:-1, max-image-preview:large, max-video-preview:-1\" \/>\n<link rel=\"canonical\" href=\"https:\/\/www.gymnasium-mariengarden.de\/wordpress\/differenzierung-oberstufe\/\" \/>\n<meta property=\"og:locale\" content=\"de_DE\" \/>\n<meta property=\"og:type\" content=\"article\" \/>\n<meta property=\"og:title\" content=\"Differenzierung Oberstufe - Gymnasium Mariengarden\" \/>\n<meta property=\"og:description\" content=\"Privates Gymnasium der Oblatenmissionare\" \/>\n<meta property=\"og:url\" content=\"https:\/\/www.gymnasium-mariengarden.de\/wordpress\/differenzierung-oberstufe\/\" \/>\n<meta property=\"og:site_name\" content=\"Gymnasium Mariengarden\" \/>\n<meta property=\"article:publisher\" content=\"https:\/\/www.facebook.com\/groups\/38812342437\/?locale=de_DE\" \/>\n<meta property=\"article:modified_time\" content=\"2024-03-14T07:24:24+00:00\" \/>\n<meta property=\"og:image\" content=\"http:\/\/gymnasium-mariengarden.de\/wordpress\/wp-content\/uploads\/2016\/02\/gsmt.jpg\" \/>\n<meta name=\"twitter:card\" content=\"summary_large_image\" \/>\n<script type=\"application\/ld+json\" class=\"yoast-schema-graph\">{\"@context\":\"https:\\\/\\\/schema.org\",\"@graph\":[{\"@type\":\"WebPage\",\"@id\":\"https:\\\/\\\/www.gymnasium-mariengarden.de\\\/wordpress\\\/differenzierung-oberstufe\\\/\",\"url\":\"https:\\\/\\\/www.gymnasium-mariengarden.de\\\/wordpress\\\/differenzierung-oberstufe\\\/\",\"name\":\"Differenzierung Oberstufe - Gymnasium Mariengarden\",\"isPartOf\":{\"@id\":\"https:\\\/\\\/www.gymnasium-mariengarden.de\\\/wordpress\\\/#website\"},\"primaryImageOfPage\":{\"@id\":\"https:\\\/\\\/www.gymnasium-mariengarden.de\\\/wordpress\\\/differenzierung-oberstufe\\\/#primaryimage\"},\"image\":{\"@id\":\"https:\\\/\\\/www.gymnasium-mariengarden.de\\\/wordpress\\\/differenzierung-oberstufe\\\/#primaryimage\"},\"thumbnailUrl\":\"http:\\\/\\\/gymnasium-mariengarden.de\\\/wordpress\\\/wp-content\\\/uploads\\\/2016\\\/02\\\/gsmt.jpg\",\"datePublished\":\"2016-02-20T18:13:20+00:00\",\"dateModified\":\"2024-03-14T07:24:24+00:00\",\"description\":\"Privates Gymnasium der Oblatenmissionare\",\"breadcrumb\":{\"@id\":\"https:\\\/\\\/www.gymnasium-mariengarden.de\\\/wordpress\\\/differenzierung-oberstufe\\\/#breadcrumb\"},\"inLanguage\":\"de\",\"potentialAction\":[{\"@type\":\"ReadAction\",\"target\":[\"https:\\\/\\\/www.gymnasium-mariengarden.de\\\/wordpress\\\/differenzierung-oberstufe\\\/\"]}]},{\"@type\":\"ImageObject\",\"inLanguage\":\"de\",\"@id\":\"https:\\\/\\\/www.gymnasium-mariengarden.de\\\/wordpress\\\/differenzierung-oberstufe\\\/#primaryimage\",\"url\":\"http:\\\/\\\/gymnasium-mariengarden.de\\\/wordpress\\\/wp-content\\\/uploads\\\/2016\\\/02\\\/gsmt.jpg\",\"contentUrl\":\"http:\\\/\\\/gymnasium-mariengarden.de\\\/wordpress\\\/wp-content\\\/uploads\\\/2016\\\/02\\\/gsmt.jpg\"},{\"@type\":\"BreadcrumbList\",\"@id\":\"https:\\\/\\\/www.gymnasium-mariengarden.de\\\/wordpress\\\/differenzierung-oberstufe\\\/#breadcrumb\",\"itemListElement\":[{\"@type\":\"ListItem\",\"position\":1,\"name\":\"Startseite\",\"item\":\"https:\\\/\\\/www.gymnasium-mariengarden.de\\\/wordpress\\\/\"},{\"@type\":\"ListItem\",\"position\":2,\"name\":\"Differenzierung Oberstufe\"}]},{\"@type\":\"WebSite\",\"@id\":\"https:\\\/\\\/www.gymnasium-mariengarden.de\\\/wordpress\\\/#website\",\"url\":\"https:\\\/\\\/www.gymnasium-mariengarden.de\\\/wordpress\\\/\",\"name\":\"Gymnasium Mariengarden\",\"description\":\"Privates Gymnasium der Oblatenmissionare\",\"alternateName\":\"Gymnasium Mariengarden Borken-Burlo\",\"potentialAction\":[{\"@type\":\"SearchAction\",\"target\":{\"@type\":\"EntryPoint\",\"urlTemplate\":\"https:\\\/\\\/www.gymnasium-mariengarden.de\\\/wordpress\\\/?s={search_term_string}\"},\"query-input\":{\"@type\":\"PropertyValueSpecification\",\"valueRequired\":true,\"valueName\":\"search_term_string\"}}],\"inLanguage\":\"de\"}]}<\/script>\n<!-- \/ Yoast SEO plugin. -->","yoast_head_json":{"title":"Differenzierung Oberstufe - Gymnasium Mariengarden","description":"Privates Gymnasium der Oblatenmissionare","robots":{"index":"index","follow":"follow","max-snippet":"max-snippet:-1","max-image-preview":"max-image-preview:large","max-video-preview":"max-video-preview:-1"},"canonical":"https:\/\/www.gymnasium-mariengarden.de\/wordpress\/differenzierung-oberstufe\/","og_locale":"de_DE","og_type":"article","og_title":"Differenzierung Oberstufe - Gymnasium Mariengarden","og_description":"Privates Gymnasium der Oblatenmissionare","og_url":"https:\/\/www.gymnasium-mariengarden.de\/wordpress\/differenzierung-oberstufe\/","og_site_name":"Gymnasium Mariengarden","article_publisher":"https:\/\/www.facebook.com\/groups\/38812342437\/?locale=de_DE","article_modified_time":"2024-03-14T07:24:24+00:00","og_image":[{"url":"http:\/\/gymnasium-mariengarden.de\/wordpress\/wp-content\/uploads\/2016\/02\/gsmt.jpg","type":"","width":"","height":""}],"twitter_card":"summary_large_image","schema":{"@context":"https:\/\/schema.org","@graph":[{"@type":"WebPage","@id":"https:\/\/www.gymnasium-mariengarden.de\/wordpress\/differenzierung-oberstufe\/","url":"https:\/\/www.gymnasium-mariengarden.de\/wordpress\/differenzierung-oberstufe\/","name":"Differenzierung Oberstufe - Gymnasium Mariengarden","isPartOf":{"@id":"https:\/\/www.gymnasium-mariengarden.de\/wordpress\/#website"},"primaryImageOfPage":{"@id":"https:\/\/www.gymnasium-mariengarden.de\/wordpress\/differenzierung-oberstufe\/#primaryimage"},"image":{"@id":"https:\/\/www.gymnasium-mariengarden.de\/wordpress\/differenzierung-oberstufe\/#primaryimage"},"thumbnailUrl":"http:\/\/gymnasium-mariengarden.de\/wordpress\/wp-content\/uploads\/2016\/02\/gsmt.jpg","datePublished":"2016-02-20T18:13:20+00:00","dateModified":"2024-03-14T07:24:24+00:00","description":"Privates Gymnasium der Oblatenmissionare","breadcrumb":{"@id":"https:\/\/www.gymnasium-mariengarden.de\/wordpress\/differenzierung-oberstufe\/#breadcrumb"},"inLanguage":"de","potentialAction":[{"@type":"ReadAction","target":["https:\/\/www.gymnasium-mariengarden.de\/wordpress\/differenzierung-oberstufe\/"]}]},{"@type":"ImageObject","inLanguage":"de","@id":"https:\/\/www.gymnasium-mariengarden.de\/wordpress\/differenzierung-oberstufe\/#primaryimage","url":"http:\/\/gymnasium-mariengarden.de\/wordpress\/wp-content\/uploads\/2016\/02\/gsmt.jpg","contentUrl":"http:\/\/gymnasium-mariengarden.de\/wordpress\/wp-content\/uploads\/2016\/02\/gsmt.jpg"},{"@type":"BreadcrumbList","@id":"https:\/\/www.gymnasium-mariengarden.de\/wordpress\/differenzierung-oberstufe\/#breadcrumb","itemListElement":[{"@type":"ListItem","position":1,"name":"Startseite","item":"https:\/\/www.gymnasium-mariengarden.de\/wordpress\/"},{"@type":"ListItem","position":2,"name":"Differenzierung Oberstufe"}]},{"@type":"WebSite","@id":"https:\/\/www.gymnasium-mariengarden.de\/wordpress\/#website","url":"https:\/\/www.gymnasium-mariengarden.de\/wordpress\/","name":"Gymnasium Mariengarden","description":"Privates Gymnasium der Oblatenmissionare","alternateName":"Gymnasium Mariengarden Borken-Burlo","potentialAction":[{"@type":"SearchAction","target":{"@type":"EntryPoint","urlTemplate":"https:\/\/www.gymnasium-mariengarden.de\/wordpress\/?s={search_term_string}"},"query-input":{"@type":"PropertyValueSpecification","valueRequired":true,"valueName":"search_term_string"}}],"inLanguage":"de"}]}},"_links":{"self":[{"href":"https:\/\/www.gymnasium-mariengarden.de\/wordpress\/wp-json\/wp\/v2\/pages\/95","targetHints":{"allow":["GET"]}}],"collection":[{"href":"https:\/\/www.gymnasium-mariengarden.de\/wordpress\/wp-json\/wp\/v2\/pages"}],"about":[{"href":"https:\/\/www.gymnasium-mariengarden.de\/wordpress\/wp-json\/wp\/v2\/types\/page"}],"author":[{"embeddable":true,"href":"https:\/\/www.gymnasium-mariengarden.de\/wordpress\/wp-json\/wp\/v2\/users\/13"}],"replies":[{"embeddable":true,"href":"https:\/\/www.gymnasium-mariengarden.de\/wordpress\/wp-json\/wp\/v2\/comments?post=95"}],"version-history":[{"count":5,"href":"https:\/\/www.gymnasium-mariengarden.de\/wordpress\/wp-json\/wp\/v2\/pages\/95\/revisions"}],"predecessor-version":[{"id":15323,"href":"https:\/\/www.gymnasium-mariengarden.de\/wordpress\/wp-json\/wp\/v2\/pages\/95\/revisions\/15323"}],"wp:attachment":[{"href":"https:\/\/www.gymnasium-mariengarden.de\/wordpress\/wp-json\/wp\/v2\/media?parent=95"}],"curies":[{"name":"wp","href":"https:\/\/api.w.org\/{rel}","templated":true}]}}