{"id":79,"date":"2016-02-20T19:07:27","date_gmt":"2016-02-20T18:07:27","guid":{"rendered":"http:\/\/gymnasium-mariengarden.de\/wordpress_testkopie\/?page_id=79"},"modified":"2024-03-14T08:24:24","modified_gmt":"2024-03-14T07:24:24","slug":"differenzierung-physik-informatik","status":"publish","type":"page","link":"https:\/\/www.gymnasium-mariengarden.de\/wordpress\/differenzierung-mittelstufe\/differenzierung-physik-informatik\/","title":{"rendered":"Differenzierung Physik\/Informatik"},"content":{"rendered":"<p>Das Fach Physik\/Informatik ist ein dynamischer Unterrichtsgang, dessen Inhalte sich immer wieder etwas \u00e4ndern. Die grunds\u00e4tzliche Zielrichtung ist jedoch seit vielen Jahren unver\u00e4ndert.<\/p>\n<p><b>Klasse 9<\/b><\/p>\n<p>Die Sch\u00fcler sollen in die Lage versetzt werden, physikalische Probleme zu mathematisieren, zu algorithimisieren und in die Programmierumgebung Thonny zu \u00fcbertragen. Die Programmiersprache ist Python. Es werden eigene Programme erstellt und fremde Quelltexte interpretiert. Dabei werden typische Verfahren der numerischen Mathematik und Informatik kennen gelernt und aktiv umgesetzt.<\/p>\n<p>Als schon angewandte Beispiele seien hier exemplarisch die Untersuchung und Programmierung des\u00a0<b>Gauss<\/b>\u2013 Algorithmus, des Verfahrens der linearen Regression oder der tats\u00e4chlichen Umlaufbahn eines Satelliten um einen Planeten. Dabei werden sowohl die rechnerischen als auch graphischen M\u00f6glichkeiten der Programmiersprache angewandt. Als besonders interessante Reihe hat sich in den letzten Jahren eine Unterrichtssequenz zum Thema\u00a0<b>Kryptologie<\/b> herausgestellt, in der wir den historischen Weg der Verschl\u00fcsselungsverfahren und ihres \u201eKnackens\u201c von der Antike \u00fcber die Renaissance bis ins Internetzeitalter verfolgen und betrachten. Dabei setzen die ber\u00fchmte ENIGMA und der RSA \u2013 Algorithmus deutliche Akzente.<\/p>\n<p>Am Ende der Klasse 9 erhalten die Sch\u00fcler eine Einf\u00fchrung in die Internetgestaltungssprache HTML und die Scriptsprache JavaScript. In einem mehrw\u00f6chigen Projekt werden in Gruppenarbeit unter einem zentralen Thema etwa 15 verschiedene Homepage Designs entwickelt. In den letzten Jahren waren Kryptografie oder umweltbezogene physikalische Ideen diese zentralen Themen.<\/p>\n<p><b>Klasse 10<\/b><\/p>\n<p>Ausgehend vom Physikunterricht werden im ersten Halbjahr der Klasse 10 die Grundlagen der Elektronik eines PCs unterrichtet. Beginnend bei Halbleitern und den Bauelementen Diode und Transistor erschlie\u00dfen wir logische Schaltungen und koppeln diese immer mehr, bis erste Rechen- und Speicherschaltungen entstehen. Da wir \u00fcber einen kompletten Satz an Demonstrationsbauelementen verf\u00fcgen, k\u00f6nnen alle Schaltungen nicht nur theoretische besprochen sondern auch in der praktischen Anwendung beobachtet werden.<\/p>\n<p>Im zweiten Halbjahr l\u00e4uft derzeit ein Kurs \u201eNumerische Mathematik mit EXCEL\u201c.\u00a0 Dabei untersuchten wir numerische Verfahren zur Berechnung von Fl\u00e4chen unter Graphen und von Nullstellen unter besonderer Ber\u00fccksichtigung des Iterationskalk\u00fcls. Davon ausgehend gelangt man zu besonderen selbst\u00e4hnlichen Mustern von Nullstellen und landet unversehens in der merkw\u00fcrdigen Welt des Chaos und der Fraktale. An Konstruktionen und Untersuchungen von typischen fraktalen Gebilden wie Sierpinski \u2013 Dreieck oder der Koch \u2013 Kurve schlie\u00dfen sich Untersuchungen von Bifurkationen oder dem ber\u00fchmten \u201eApfelm\u00e4nnchen\u201c an. Diese Untersuchungen werden begleitet von weiteren Arbeiten in EXCEL, Python und durch umfangreiche Webrecherche.<\/p>\n<p><b>Methodisches <\/b><\/p>\n<p>In allen Phasen des Unterrichtsgangs wechseln typische Unterrichtssituationen mit frontalen Anteilen, Gruppenarbeiten und Stillarbeiten einander ab.\u00a0 Die Arbeitsphasen an den Rechnern erfolgen in 2er Gruppen, wobei Kommunikation unter den Gruppen ausdr\u00fccklich gefordert und gew\u00fcnscht ist. Wer sich f\u00fcr Physik \/ Informatik entscheidet, sollte \u00fcber mindestens befriedigende Leistungen im Fach Mathematik verf\u00fcgen, Interesse an Physik und am mathematisch &#8211; naturwissenschaftlichen Arbeiten haben und bereit sein, sich mit dem behandelten Stoff auch mehr als einmal herumzuqu\u00e4len. Der Lohn f\u00fcr diese Arbeit werden viele Einsichten in die urspr\u00fcnglichen Arbeitsgebiete eines Rechners, n\u00e4mlich das Durchf\u00fchren von Berechnungen und deren grafische Darstellung sein. Die Sch\u00fcler erfahren viel \u00fcber die Arbeitsweise eines Rechners und letztlich werden moderne Anwendungen wie Programmierung, Tabellenkalkulation oder Webdesign gelehrt und einge\u00fcbt.<\/p>\n<p>Gearbeitet wird an einem modernen Serversystem mit dem Betriebssystem Windows 10. Die Gruppenarbeit wird durch gro\u00dfe TFT Bildschirme erleichtert. Ein Netzwerkdrucker steht zur Verf\u00fcgung, alle Rechner verf\u00fcgen \u00fcber einen Internetzugang.<\/p>\n<p><b>Pro Halbjahr werden 2 Klassenarbeiten geschrieben, wobei eine pro Schuljahr durch eine Projektarbeit ersetzt werden kann. <\/b><\/p>\n<p>In der 10. Klasse kann die 4. Arbeit nach Absprache durch eine Hausarbeit ersetzt werden, die im Wesentlichen sich bereits an den Kriterien der in der Jahrgangsstufe 12 zu erledigenden Facharbeit orientiert.<\/p>\n<p>\u00dcbrigens: praktisch alle Mitglieder der Homepage AG der Schule sind aktive oder ehemalige Teilnehmer des Physik \/ Informatik \u2013 Kurses. Auch Sch\u00fcler, die in der Oberstufe Informatik oder einen Mathematik \u2013 Leistungskurs belegen wollen, werden von der Teilnahme an Physik \/ Informatik sicherlich profitieren. M\u00f6glicher Weise ist auch dies eine zus\u00e4tzliche Motivation.<\/p>\n<p><em>Christian Ertner<\/em><\/p>\n","protected":false},"excerpt":{"rendered":"<p>Das Fach Physik\/Informatik ist ein dynamischer Unterrichtsgang, dessen Inhalte sich immer wieder etwas \u00e4ndern. Die grunds\u00e4tzliche Zielrichtung ist jedoch seit vielen Jahren unver\u00e4ndert. Klasse 9 Die Sch\u00fcler sollen in die Lage versetzt werden, physikalische Probleme zu mathematisieren, zu algorithimisieren und in die Programmierumgebung Thonny zu \u00fcbertragen. Die Programmiersprache ist Python. Es werden eigene Programme erstellt &hellip; <a href=\"https:\/\/www.gymnasium-mariengarden.de\/wordpress\/differenzierung-mittelstufe\/differenzierung-physik-informatik\/\" class=\"more-link\"><span class=\"screen-reader-text\">Differenzierung Physik\/Informatik<\/span> weiterlesen <span class=\"meta-nav\">&rarr;<\/span><\/a><\/p>\n","protected":false},"author":13,"featured_media":0,"parent":77,"menu_order":0,"comment_status":"closed","ping_status":"open","template":"","meta":{"footnotes":""},"class_list":["post-79","page","type-page","status-publish","hentry"],"yoast_head":"<!-- This site is optimized with the Yoast SEO plugin v27.3 - https:\/\/yoast.com\/product\/yoast-seo-wordpress\/ -->\n<title>Differenzierung Physik\/Informatik - Gymnasium Mariengarden<\/title>\n<meta name=\"description\" content=\"Privates Gymnasium der Oblatenmissionare\" \/>\n<meta name=\"robots\" content=\"index, follow, max-snippet:-1, max-image-preview:large, max-video-preview:-1\" \/>\n<link rel=\"canonical\" href=\"https:\/\/www.gymnasium-mariengarden.de\/wordpress\/differenzierung-mittelstufe\/differenzierung-physik-informatik\/\" \/>\n<meta property=\"og:locale\" content=\"de_DE\" \/>\n<meta property=\"og:type\" content=\"article\" \/>\n<meta property=\"og:title\" content=\"Differenzierung Physik\/Informatik - Gymnasium Mariengarden\" \/>\n<meta property=\"og:description\" content=\"Privates Gymnasium der Oblatenmissionare\" \/>\n<meta property=\"og:url\" content=\"https:\/\/www.gymnasium-mariengarden.de\/wordpress\/differenzierung-mittelstufe\/differenzierung-physik-informatik\/\" \/>\n<meta property=\"og:site_name\" content=\"Gymnasium Mariengarden\" \/>\n<meta property=\"article:publisher\" content=\"https:\/\/www.facebook.com\/groups\/38812342437\/?locale=de_DE\" \/>\n<meta property=\"article:modified_time\" content=\"2024-03-14T07:24:24+00:00\" \/>\n<meta name=\"twitter:card\" content=\"summary_large_image\" \/>\n<meta name=\"twitter:label1\" content=\"Gesch\u00e4tzte Lesezeit\" \/>\n\t<meta name=\"twitter:data1\" content=\"3\u00a0Minuten\" \/>\n<script type=\"application\/ld+json\" class=\"yoast-schema-graph\">{\"@context\":\"https:\\\/\\\/schema.org\",\"@graph\":[{\"@type\":\"WebPage\",\"@id\":\"https:\\\/\\\/www.gymnasium-mariengarden.de\\\/wordpress\\\/differenzierung-mittelstufe\\\/differenzierung-physik-informatik\\\/\",\"url\":\"https:\\\/\\\/www.gymnasium-mariengarden.de\\\/wordpress\\\/differenzierung-mittelstufe\\\/differenzierung-physik-informatik\\\/\",\"name\":\"Differenzierung Physik\\\/Informatik - Gymnasium Mariengarden\",\"isPartOf\":{\"@id\":\"https:\\\/\\\/www.gymnasium-mariengarden.de\\\/wordpress\\\/#website\"},\"datePublished\":\"2016-02-20T18:07:27+00:00\",\"dateModified\":\"2024-03-14T07:24:24+00:00\",\"description\":\"Privates Gymnasium der Oblatenmissionare\",\"breadcrumb\":{\"@id\":\"https:\\\/\\\/www.gymnasium-mariengarden.de\\\/wordpress\\\/differenzierung-mittelstufe\\\/differenzierung-physik-informatik\\\/#breadcrumb\"},\"inLanguage\":\"de\",\"potentialAction\":[{\"@type\":\"ReadAction\",\"target\":[\"https:\\\/\\\/www.gymnasium-mariengarden.de\\\/wordpress\\\/differenzierung-mittelstufe\\\/differenzierung-physik-informatik\\\/\"]}]},{\"@type\":\"BreadcrumbList\",\"@id\":\"https:\\\/\\\/www.gymnasium-mariengarden.de\\\/wordpress\\\/differenzierung-mittelstufe\\\/differenzierung-physik-informatik\\\/#breadcrumb\",\"itemListElement\":[{\"@type\":\"ListItem\",\"position\":1,\"name\":\"Startseite\",\"item\":\"https:\\\/\\\/www.gymnasium-mariengarden.de\\\/wordpress\\\/\"},{\"@type\":\"ListItem\",\"position\":2,\"name\":\"Differenzierung Mittelstufe\",\"item\":\"https:\\\/\\\/www.gymnasium-mariengarden.de\\\/wordpress\\\/differenzierung-mittelstufe\\\/\"},{\"@type\":\"ListItem\",\"position\":3,\"name\":\"Differenzierung Physik\\\/Informatik\"}]},{\"@type\":\"WebSite\",\"@id\":\"https:\\\/\\\/www.gymnasium-mariengarden.de\\\/wordpress\\\/#website\",\"url\":\"https:\\\/\\\/www.gymnasium-mariengarden.de\\\/wordpress\\\/\",\"name\":\"Gymnasium Mariengarden\",\"description\":\"Privates Gymnasium der Oblatenmissionare\",\"alternateName\":\"Gymnasium Mariengarden Borken-Burlo\",\"potentialAction\":[{\"@type\":\"SearchAction\",\"target\":{\"@type\":\"EntryPoint\",\"urlTemplate\":\"https:\\\/\\\/www.gymnasium-mariengarden.de\\\/wordpress\\\/?s={search_term_string}\"},\"query-input\":{\"@type\":\"PropertyValueSpecification\",\"valueRequired\":true,\"valueName\":\"search_term_string\"}}],\"inLanguage\":\"de\"}]}<\/script>\n<!-- \/ Yoast SEO plugin. -->","yoast_head_json":{"title":"Differenzierung Physik\/Informatik - Gymnasium Mariengarden","description":"Privates Gymnasium der Oblatenmissionare","robots":{"index":"index","follow":"follow","max-snippet":"max-snippet:-1","max-image-preview":"max-image-preview:large","max-video-preview":"max-video-preview:-1"},"canonical":"https:\/\/www.gymnasium-mariengarden.de\/wordpress\/differenzierung-mittelstufe\/differenzierung-physik-informatik\/","og_locale":"de_DE","og_type":"article","og_title":"Differenzierung Physik\/Informatik - Gymnasium Mariengarden","og_description":"Privates Gymnasium der Oblatenmissionare","og_url":"https:\/\/www.gymnasium-mariengarden.de\/wordpress\/differenzierung-mittelstufe\/differenzierung-physik-informatik\/","og_site_name":"Gymnasium Mariengarden","article_publisher":"https:\/\/www.facebook.com\/groups\/38812342437\/?locale=de_DE","article_modified_time":"2024-03-14T07:24:24+00:00","twitter_card":"summary_large_image","twitter_misc":{"Gesch\u00e4tzte Lesezeit":"3\u00a0Minuten"},"schema":{"@context":"https:\/\/schema.org","@graph":[{"@type":"WebPage","@id":"https:\/\/www.gymnasium-mariengarden.de\/wordpress\/differenzierung-mittelstufe\/differenzierung-physik-informatik\/","url":"https:\/\/www.gymnasium-mariengarden.de\/wordpress\/differenzierung-mittelstufe\/differenzierung-physik-informatik\/","name":"Differenzierung Physik\/Informatik - Gymnasium Mariengarden","isPartOf":{"@id":"https:\/\/www.gymnasium-mariengarden.de\/wordpress\/#website"},"datePublished":"2016-02-20T18:07:27+00:00","dateModified":"2024-03-14T07:24:24+00:00","description":"Privates Gymnasium der Oblatenmissionare","breadcrumb":{"@id":"https:\/\/www.gymnasium-mariengarden.de\/wordpress\/differenzierung-mittelstufe\/differenzierung-physik-informatik\/#breadcrumb"},"inLanguage":"de","potentialAction":[{"@type":"ReadAction","target":["https:\/\/www.gymnasium-mariengarden.de\/wordpress\/differenzierung-mittelstufe\/differenzierung-physik-informatik\/"]}]},{"@type":"BreadcrumbList","@id":"https:\/\/www.gymnasium-mariengarden.de\/wordpress\/differenzierung-mittelstufe\/differenzierung-physik-informatik\/#breadcrumb","itemListElement":[{"@type":"ListItem","position":1,"name":"Startseite","item":"https:\/\/www.gymnasium-mariengarden.de\/wordpress\/"},{"@type":"ListItem","position":2,"name":"Differenzierung Mittelstufe","item":"https:\/\/www.gymnasium-mariengarden.de\/wordpress\/differenzierung-mittelstufe\/"},{"@type":"ListItem","position":3,"name":"Differenzierung Physik\/Informatik"}]},{"@type":"WebSite","@id":"https:\/\/www.gymnasium-mariengarden.de\/wordpress\/#website","url":"https:\/\/www.gymnasium-mariengarden.de\/wordpress\/","name":"Gymnasium Mariengarden","description":"Privates Gymnasium der Oblatenmissionare","alternateName":"Gymnasium Mariengarden Borken-Burlo","potentialAction":[{"@type":"SearchAction","target":{"@type":"EntryPoint","urlTemplate":"https:\/\/www.gymnasium-mariengarden.de\/wordpress\/?s={search_term_string}"},"query-input":{"@type":"PropertyValueSpecification","valueRequired":true,"valueName":"search_term_string"}}],"inLanguage":"de"}]}},"_links":{"self":[{"href":"https:\/\/www.gymnasium-mariengarden.de\/wordpress\/wp-json\/wp\/v2\/pages\/79","targetHints":{"allow":["GET"]}}],"collection":[{"href":"https:\/\/www.gymnasium-mariengarden.de\/wordpress\/wp-json\/wp\/v2\/pages"}],"about":[{"href":"https:\/\/www.gymnasium-mariengarden.de\/wordpress\/wp-json\/wp\/v2\/types\/page"}],"author":[{"embeddable":true,"href":"https:\/\/www.gymnasium-mariengarden.de\/wordpress\/wp-json\/wp\/v2\/users\/13"}],"replies":[{"embeddable":true,"href":"https:\/\/www.gymnasium-mariengarden.de\/wordpress\/wp-json\/wp\/v2\/comments?post=79"}],"version-history":[{"count":5,"href":"https:\/\/www.gymnasium-mariengarden.de\/wordpress\/wp-json\/wp\/v2\/pages\/79\/revisions"}],"predecessor-version":[{"id":15277,"href":"https:\/\/www.gymnasium-mariengarden.de\/wordpress\/wp-json\/wp\/v2\/pages\/79\/revisions\/15277"}],"up":[{"embeddable":true,"href":"https:\/\/www.gymnasium-mariengarden.de\/wordpress\/wp-json\/wp\/v2\/pages\/77"}],"wp:attachment":[{"href":"https:\/\/www.gymnasium-mariengarden.de\/wordpress\/wp-json\/wp\/v2\/media?parent=79"}],"curies":[{"name":"wp","href":"https:\/\/api.w.org\/{rel}","templated":true}]}}