{"id":7702,"date":"2021-10-03T15:09:20","date_gmt":"2021-10-03T13:09:20","guid":{"rendered":"https:\/\/www.gymnasium-mariengarden.de\/?page_id=7702"},"modified":"2025-02-09T10:58:38","modified_gmt":"2025-02-09T09:58:38","slug":"berufsberatung","status":"publish","type":"page","link":"https:\/\/www.gymnasium-mariengarden.de\/wordpress\/berufsberatung\/","title":{"rendered":"Arbeitsagentur"},"content":{"rendered":"\n<div class=\"wp-block-image\"><figure class=\"aligncenter size-large is-resized\"><img loading=\"lazy\" decoding=\"async\" src=\"https:\/\/www.gymnasium-mariengarden.de\/wordpress\/wp-content\/uploads\/2021\/10\/Bild-Vorstellung-Mariengarden-742x1024.jpg\" alt=\"\" class=\"wp-image-7703\" width=\"273\" height=\"377\" srcset=\"https:\/\/www.gymnasium-mariengarden.de\/wordpress\/wp-content\/uploads\/2021\/10\/Bild-Vorstellung-Mariengarden-742x1024.jpg 742w, https:\/\/www.gymnasium-mariengarden.de\/wordpress\/wp-content\/uploads\/2021\/10\/Bild-Vorstellung-Mariengarden-218x300.jpg 218w, https:\/\/www.gymnasium-mariengarden.de\/wordpress\/wp-content\/uploads\/2021\/10\/Bild-Vorstellung-Mariengarden-768x1059.jpg 768w, https:\/\/www.gymnasium-mariengarden.de\/wordpress\/wp-content\/uploads\/2021\/10\/Bild-Vorstellung-Mariengarden-1114x1536.jpg 1114w, https:\/\/www.gymnasium-mariengarden.de\/wordpress\/wp-content\/uploads\/2021\/10\/Bild-Vorstellung-Mariengarden-1485x2048.jpg 1485w, https:\/\/www.gymnasium-mariengarden.de\/wordpress\/wp-content\/uploads\/2021\/10\/Bild-Vorstellung-Mariengarden.jpg 1751w\" sizes=\"auto, (max-width: 273px) 100vw, 273px\" \/><\/figure><\/div>\n\n\n\n<p>Mein Name ist Christina Grave und ich bin Berufsberaterin der Agentur f\u00fcr Arbeit Coesfeld.<\/p>\n\n\n\n<p>Der Countdown l\u00e4uft und es stellt sich nun die Frage:<\/p>\n\n\n\n<p>Wie geht es nach dem Besuch am Gymnasium Mariengarden weiter?<\/p>\n\n\n\n<p>Gerne m\u00f6chte ich Dich dabei unterst\u00fctzen, die richtige Ausbildungs- oder Studienwahl zu treffen und biete dazu regelm\u00e4\u00dfig Sprechstunden in der Schule an.<\/p>\n\n\n\n<p>Alternativ k\u00f6nnen nat\u00fcrlich auch Termine in der Agentur f\u00fcr Arbeit in Borken stattfinden.<\/p>\n\n\n\n<p>F\u00fcr eine Terminvereinbarung kannst Du die E-Mail <a href=\"mailto:borken.berufsberatung@arbeitsagentur.de\">borken.berufsberatung@arbeitsagentur.de<\/a> oder die Hotline 0800 4 5555 00 nutzen.<\/p>\n\n\n\n<p>Ich freue mich darauf, Dich kennen zu lernen!<\/p>\n","protected":false},"excerpt":{"rendered":"<p>Mein Name ist Christina Grave und ich bin Berufsberaterin der Agentur f\u00fcr Arbeit Coesfeld. Der Countdown l\u00e4uft und es stellt sich nun die Frage: Wie geht es nach dem Besuch am Gymnasium Mariengarden weiter? Gerne m\u00f6chte ich Dich dabei unterst\u00fctzen, die richtige Ausbildungs- oder Studienwahl zu treffen und biete dazu regelm\u00e4\u00dfig Sprechstunden in der Schule &hellip; <a href=\"https:\/\/www.gymnasium-mariengarden.de\/wordpress\/berufsberatung\/\" class=\"more-link\"><span class=\"screen-reader-text\">Arbeitsagentur<\/span> weiterlesen <span class=\"meta-nav\">&rarr;<\/span><\/a><\/p>\n","protected":false},"author":84,"featured_media":0,"parent":0,"menu_order":0,"comment_status":"closed","ping_status":"open","template":"","meta":{"footnotes":""},"class_list":["post-7702","page","type-page","status-publish","hentry"],"yoast_head":"<!-- This site is optimized with the Yoast SEO plugin v27.3 - https:\/\/yoast.com\/product\/yoast-seo-wordpress\/ -->\n<title>Arbeitsagentur - Gymnasium Mariengarden<\/title>\n<meta name=\"description\" content=\"Privates Gymnasium der Oblatenmissionare\" \/>\n<meta name=\"robots\" content=\"index, follow, max-snippet:-1, max-image-preview:large, max-video-preview:-1\" \/>\n<link rel=\"canonical\" href=\"https:\/\/www.gymnasium-mariengarden.de\/wordpress\/berufsberatung\/\" \/>\n<meta property=\"og:locale\" content=\"de_DE\" \/>\n<meta property=\"og:type\" content=\"article\" \/>\n<meta property=\"og:title\" content=\"Arbeitsagentur - Gymnasium Mariengarden\" \/>\n<meta property=\"og:description\" content=\"Privates Gymnasium der Oblatenmissionare\" \/>\n<meta property=\"og:url\" content=\"https:\/\/www.gymnasium-mariengarden.de\/wordpress\/berufsberatung\/\" \/>\n<meta property=\"og:site_name\" content=\"Gymnasium Mariengarden\" \/>\n<meta property=\"article:publisher\" content=\"https:\/\/www.facebook.com\/groups\/38812342437\/?locale=de_DE\" \/>\n<meta property=\"article:modified_time\" content=\"2025-02-09T09:58:38+00:00\" \/>\n<meta property=\"og:image\" content=\"https:\/\/www.gymnasium-mariengarden.de\/wordpress\/wp-content\/uploads\/2021\/10\/Bild-Vorstellung-Mariengarden.jpg\" \/>\n\t<meta property=\"og:image:width\" content=\"1751\" \/>\n\t<meta property=\"og:image:height\" content=\"2415\" \/>\n\t<meta property=\"og:image:type\" content=\"image\/jpeg\" \/>\n<meta name=\"twitter:card\" content=\"summary_large_image\" \/>\n<meta name=\"twitter:label1\" content=\"Gesch\u00e4tzte Lesezeit\" \/>\n\t<meta name=\"twitter:data1\" content=\"1\u00a0Minute\" \/>\n<script type=\"application\/ld+json\" class=\"yoast-schema-graph\">{\"@context\":\"https:\\\/\\\/schema.org\",\"@graph\":[{\"@type\":\"WebPage\",\"@id\":\"https:\\\/\\\/www.gymnasium-mariengarden.de\\\/wordpress\\\/berufsberatung\\\/\",\"url\":\"https:\\\/\\\/www.gymnasium-mariengarden.de\\\/wordpress\\\/berufsberatung\\\/\",\"name\":\"Arbeitsagentur - Gymnasium Mariengarden\",\"isPartOf\":{\"@id\":\"https:\\\/\\\/www.gymnasium-mariengarden.de\\\/wordpress\\\/#website\"},\"primaryImageOfPage\":{\"@id\":\"https:\\\/\\\/www.gymnasium-mariengarden.de\\\/wordpress\\\/berufsberatung\\\/#primaryimage\"},\"image\":{\"@id\":\"https:\\\/\\\/www.gymnasium-mariengarden.de\\\/wordpress\\\/berufsberatung\\\/#primaryimage\"},\"thumbnailUrl\":\"https:\\\/\\\/www.gymnasium-mariengarden.de\\\/wordpress\\\/wp-content\\\/uploads\\\/2021\\\/10\\\/Bild-Vorstellung-Mariengarden-742x1024.jpg\",\"datePublished\":\"2021-10-03T13:09:20+00:00\",\"dateModified\":\"2025-02-09T09:58:38+00:00\",\"description\":\"Privates Gymnasium der Oblatenmissionare\",\"breadcrumb\":{\"@id\":\"https:\\\/\\\/www.gymnasium-mariengarden.de\\\/wordpress\\\/berufsberatung\\\/#breadcrumb\"},\"inLanguage\":\"de\",\"potentialAction\":[{\"@type\":\"ReadAction\",\"target\":[\"https:\\\/\\\/www.gymnasium-mariengarden.de\\\/wordpress\\\/berufsberatung\\\/\"]}]},{\"@type\":\"ImageObject\",\"inLanguage\":\"de\",\"@id\":\"https:\\\/\\\/www.gymnasium-mariengarden.de\\\/wordpress\\\/berufsberatung\\\/#primaryimage\",\"url\":\"https:\\\/\\\/www.gymnasium-mariengarden.de\\\/wordpress\\\/wp-content\\\/uploads\\\/2021\\\/10\\\/Bild-Vorstellung-Mariengarden.jpg\",\"contentUrl\":\"https:\\\/\\\/www.gymnasium-mariengarden.de\\\/wordpress\\\/wp-content\\\/uploads\\\/2021\\\/10\\\/Bild-Vorstellung-Mariengarden.jpg\",\"width\":1751,\"height\":2415},{\"@type\":\"BreadcrumbList\",\"@id\":\"https:\\\/\\\/www.gymnasium-mariengarden.de\\\/wordpress\\\/berufsberatung\\\/#breadcrumb\",\"itemListElement\":[{\"@type\":\"ListItem\",\"position\":1,\"name\":\"Startseite\",\"item\":\"https:\\\/\\\/www.gymnasium-mariengarden.de\\\/wordpress\\\/\"},{\"@type\":\"ListItem\",\"position\":2,\"name\":\"Arbeitsagentur\"}]},{\"@type\":\"WebSite\",\"@id\":\"https:\\\/\\\/www.gymnasium-mariengarden.de\\\/wordpress\\\/#website\",\"url\":\"https:\\\/\\\/www.gymnasium-mariengarden.de\\\/wordpress\\\/\",\"name\":\"Gymnasium Mariengarden\",\"description\":\"Privates Gymnasium der Oblatenmissionare\",\"alternateName\":\"Gymnasium Mariengarden Borken-Burlo\",\"potentialAction\":[{\"@type\":\"SearchAction\",\"target\":{\"@type\":\"EntryPoint\",\"urlTemplate\":\"https:\\\/\\\/www.gymnasium-mariengarden.de\\\/wordpress\\\/?s={search_term_string}\"},\"query-input\":{\"@type\":\"PropertyValueSpecification\",\"valueRequired\":true,\"valueName\":\"search_term_string\"}}],\"inLanguage\":\"de\"}]}<\/script>\n<!-- \/ Yoast SEO plugin. -->","yoast_head_json":{"title":"Arbeitsagentur - Gymnasium Mariengarden","description":"Privates Gymnasium der Oblatenmissionare","robots":{"index":"index","follow":"follow","max-snippet":"max-snippet:-1","max-image-preview":"max-image-preview:large","max-video-preview":"max-video-preview:-1"},"canonical":"https:\/\/www.gymnasium-mariengarden.de\/wordpress\/berufsberatung\/","og_locale":"de_DE","og_type":"article","og_title":"Arbeitsagentur - Gymnasium Mariengarden","og_description":"Privates Gymnasium der Oblatenmissionare","og_url":"https:\/\/www.gymnasium-mariengarden.de\/wordpress\/berufsberatung\/","og_site_name":"Gymnasium Mariengarden","article_publisher":"https:\/\/www.facebook.com\/groups\/38812342437\/?locale=de_DE","article_modified_time":"2025-02-09T09:58:38+00:00","og_image":[{"width":1751,"height":2415,"url":"https:\/\/www.gymnasium-mariengarden.de\/wordpress\/wp-content\/uploads\/2021\/10\/Bild-Vorstellung-Mariengarden.jpg","type":"image\/jpeg"}],"twitter_card":"summary_large_image","twitter_misc":{"Gesch\u00e4tzte Lesezeit":"1\u00a0Minute"},"schema":{"@context":"https:\/\/schema.org","@graph":[{"@type":"WebPage","@id":"https:\/\/www.gymnasium-mariengarden.de\/wordpress\/berufsberatung\/","url":"https:\/\/www.gymnasium-mariengarden.de\/wordpress\/berufsberatung\/","name":"Arbeitsagentur - Gymnasium Mariengarden","isPartOf":{"@id":"https:\/\/www.gymnasium-mariengarden.de\/wordpress\/#website"},"primaryImageOfPage":{"@id":"https:\/\/www.gymnasium-mariengarden.de\/wordpress\/berufsberatung\/#primaryimage"},"image":{"@id":"https:\/\/www.gymnasium-mariengarden.de\/wordpress\/berufsberatung\/#primaryimage"},"thumbnailUrl":"https:\/\/www.gymnasium-mariengarden.de\/wordpress\/wp-content\/uploads\/2021\/10\/Bild-Vorstellung-Mariengarden-742x1024.jpg","datePublished":"2021-10-03T13:09:20+00:00","dateModified":"2025-02-09T09:58:38+00:00","description":"Privates Gymnasium der Oblatenmissionare","breadcrumb":{"@id":"https:\/\/www.gymnasium-mariengarden.de\/wordpress\/berufsberatung\/#breadcrumb"},"inLanguage":"de","potentialAction":[{"@type":"ReadAction","target":["https:\/\/www.gymnasium-mariengarden.de\/wordpress\/berufsberatung\/"]}]},{"@type":"ImageObject","inLanguage":"de","@id":"https:\/\/www.gymnasium-mariengarden.de\/wordpress\/berufsberatung\/#primaryimage","url":"https:\/\/www.gymnasium-mariengarden.de\/wordpress\/wp-content\/uploads\/2021\/10\/Bild-Vorstellung-Mariengarden.jpg","contentUrl":"https:\/\/www.gymnasium-mariengarden.de\/wordpress\/wp-content\/uploads\/2021\/10\/Bild-Vorstellung-Mariengarden.jpg","width":1751,"height":2415},{"@type":"BreadcrumbList","@id":"https:\/\/www.gymnasium-mariengarden.de\/wordpress\/berufsberatung\/#breadcrumb","itemListElement":[{"@type":"ListItem","position":1,"name":"Startseite","item":"https:\/\/www.gymnasium-mariengarden.de\/wordpress\/"},{"@type":"ListItem","position":2,"name":"Arbeitsagentur"}]},{"@type":"WebSite","@id":"https:\/\/www.gymnasium-mariengarden.de\/wordpress\/#website","url":"https:\/\/www.gymnasium-mariengarden.de\/wordpress\/","name":"Gymnasium Mariengarden","description":"Privates Gymnasium der Oblatenmissionare","alternateName":"Gymnasium Mariengarden Borken-Burlo","potentialAction":[{"@type":"SearchAction","target":{"@type":"EntryPoint","urlTemplate":"https:\/\/www.gymnasium-mariengarden.de\/wordpress\/?s={search_term_string}"},"query-input":{"@type":"PropertyValueSpecification","valueRequired":true,"valueName":"search_term_string"}}],"inLanguage":"de"}]}},"_links":{"self":[{"href":"https:\/\/www.gymnasium-mariengarden.de\/wordpress\/wp-json\/wp\/v2\/pages\/7702","targetHints":{"allow":["GET"]}}],"collection":[{"href":"https:\/\/www.gymnasium-mariengarden.de\/wordpress\/wp-json\/wp\/v2\/pages"}],"about":[{"href":"https:\/\/www.gymnasium-mariengarden.de\/wordpress\/wp-json\/wp\/v2\/types\/page"}],"author":[{"embeddable":true,"href":"https:\/\/www.gymnasium-mariengarden.de\/wordpress\/wp-json\/wp\/v2\/users\/84"}],"replies":[{"embeddable":true,"href":"https:\/\/www.gymnasium-mariengarden.de\/wordpress\/wp-json\/wp\/v2\/comments?post=7702"}],"version-history":[{"count":3,"href":"https:\/\/www.gymnasium-mariengarden.de\/wordpress\/wp-json\/wp\/v2\/pages\/7702\/revisions"}],"predecessor-version":[{"id":16310,"href":"https:\/\/www.gymnasium-mariengarden.de\/wordpress\/wp-json\/wp\/v2\/pages\/7702\/revisions\/16310"}],"wp:attachment":[{"href":"https:\/\/www.gymnasium-mariengarden.de\/wordpress\/wp-json\/wp\/v2\/media?parent=7702"}],"curies":[{"name":"wp","href":"https:\/\/api.w.org\/{rel}","templated":true}]}}