{"id":77,"date":"2016-02-20T19:06:28","date_gmt":"2016-02-20T18:06:28","guid":{"rendered":"http:\/\/gymnasium-mariengarden.de\/wordpress_testkopie\/?page_id=77"},"modified":"2024-03-14T08:24:24","modified_gmt":"2024-03-14T07:24:24","slug":"differenzierung-mittelstufe","status":"publish","type":"page","link":"https:\/\/www.gymnasium-mariengarden.de\/wordpress\/differenzierung-mittelstufe\/","title":{"rendered":"Differenzierung Mittelstufe"},"content":{"rendered":"<p>An dieser Stelle soll ein kleiner Einblick in die F\u00e4cher gegeben werden, die am Ende der 8. Klasse gew\u00e4hlt werden k\u00f6nnen. Hier k\u00f6nnen die Sch\u00fcler zum zweiten Mal nach der Sprachwahl zur 7. Klasse gezielt aussuchen.<\/p>\n<p>Am Gymnasium Mariengarden werden die F\u00e4cher Physik\/Informatik, Biologie\/Chemie, Spanisch und Gesellschaftslehre zur Auswahl gestellt. Nach der Wahl ist ein Wechsel in ein anderes Differenzierungsfach nicht mehr m\u00f6glich. Die naturwissenschaftlichen Kopplungen erg\u00e4nzen den regul\u00e4ren Unterricht in diesen F\u00e4chern, der nat\u00fcrlich weiter erfolgt.<\/p>\n<p>N\u00e4here Information \u00fcber die einzelnen F\u00e4cher finden Sie hier:<\/p>\n<ul>\n<li><a href=\"http:\/\/gymnasium-mariengarden.de\/differenzierung-physik-informatik\/\">Physik\/Informatik<\/a><\/li>\n<li><a href=\"http:\/\/gymnasium-mariengarden.de\/differenzierung-biochemie\/\">Biologie\/Chemie<\/a><\/li>\n<li><a href=\"http:\/\/gymnasium-mariengarden.de\/differenzierung-spanisch\/\">Spanisch<br \/>\n<\/a><\/li>\n<li><a href=\"http:\/\/gymnasium-mariengarden.de\/differenzierung-mittelstufe\/gesellschaftslehre\/\">Gesellschaftslehre<\/a><\/li>\n<\/ul>\n","protected":false},"excerpt":{"rendered":"<p>An dieser Stelle soll ein kleiner Einblick in die F\u00e4cher gegeben werden, die am Ende der 8. Klasse gew\u00e4hlt werden k\u00f6nnen. Hier k\u00f6nnen die Sch\u00fcler zum zweiten Mal nach der Sprachwahl zur 7. Klasse gezielt aussuchen. Am Gymnasium Mariengarden werden die F\u00e4cher Physik\/Informatik, Biologie\/Chemie, Spanisch und Gesellschaftslehre zur Auswahl gestellt. Nach der Wahl ist ein &hellip; <a href=\"https:\/\/www.gymnasium-mariengarden.de\/wordpress\/differenzierung-mittelstufe\/\" class=\"more-link\"><span class=\"screen-reader-text\">Differenzierung Mittelstufe<\/span> weiterlesen <span class=\"meta-nav\">&rarr;<\/span><\/a><\/p>\n","protected":false},"author":13,"featured_media":0,"parent":0,"menu_order":0,"comment_status":"closed","ping_status":"open","template":"","meta":{"footnotes":""},"class_list":["post-77","page","type-page","status-publish","hentry"],"yoast_head":"<!-- This site is optimized with the Yoast SEO plugin v27.3 - https:\/\/yoast.com\/product\/yoast-seo-wordpress\/ -->\n<title>Differenzierung Mittelstufe - Gymnasium Mariengarden<\/title>\n<meta name=\"description\" content=\"Privates Gymnasium der Oblatenmissionare\" \/>\n<meta name=\"robots\" content=\"index, follow, max-snippet:-1, max-image-preview:large, max-video-preview:-1\" \/>\n<link rel=\"canonical\" href=\"https:\/\/www.gymnasium-mariengarden.de\/wordpress\/differenzierung-mittelstufe\/\" \/>\n<meta property=\"og:locale\" content=\"de_DE\" \/>\n<meta property=\"og:type\" content=\"article\" \/>\n<meta property=\"og:title\" content=\"Differenzierung Mittelstufe - Gymnasium Mariengarden\" \/>\n<meta property=\"og:description\" content=\"Privates Gymnasium der Oblatenmissionare\" \/>\n<meta property=\"og:url\" content=\"https:\/\/www.gymnasium-mariengarden.de\/wordpress\/differenzierung-mittelstufe\/\" \/>\n<meta property=\"og:site_name\" content=\"Gymnasium Mariengarden\" \/>\n<meta property=\"article:publisher\" content=\"https:\/\/www.facebook.com\/groups\/38812342437\/?locale=de_DE\" \/>\n<meta property=\"article:modified_time\" content=\"2024-03-14T07:24:24+00:00\" \/>\n<meta name=\"twitter:card\" content=\"summary_large_image\" \/>\n<meta name=\"twitter:label1\" content=\"Gesch\u00e4tzte Lesezeit\" \/>\n\t<meta name=\"twitter:data1\" content=\"1\u00a0Minute\" \/>\n<script type=\"application\/ld+json\" class=\"yoast-schema-graph\">{\"@context\":\"https:\\\/\\\/schema.org\",\"@graph\":[{\"@type\":\"WebPage\",\"@id\":\"https:\\\/\\\/www.gymnasium-mariengarden.de\\\/wordpress\\\/differenzierung-mittelstufe\\\/\",\"url\":\"https:\\\/\\\/www.gymnasium-mariengarden.de\\\/wordpress\\\/differenzierung-mittelstufe\\\/\",\"name\":\"Differenzierung Mittelstufe - Gymnasium Mariengarden\",\"isPartOf\":{\"@id\":\"https:\\\/\\\/www.gymnasium-mariengarden.de\\\/wordpress\\\/#website\"},\"datePublished\":\"2016-02-20T18:06:28+00:00\",\"dateModified\":\"2024-03-14T07:24:24+00:00\",\"description\":\"Privates Gymnasium der Oblatenmissionare\",\"breadcrumb\":{\"@id\":\"https:\\\/\\\/www.gymnasium-mariengarden.de\\\/wordpress\\\/differenzierung-mittelstufe\\\/#breadcrumb\"},\"inLanguage\":\"de\",\"potentialAction\":[{\"@type\":\"ReadAction\",\"target\":[\"https:\\\/\\\/www.gymnasium-mariengarden.de\\\/wordpress\\\/differenzierung-mittelstufe\\\/\"]}]},{\"@type\":\"BreadcrumbList\",\"@id\":\"https:\\\/\\\/www.gymnasium-mariengarden.de\\\/wordpress\\\/differenzierung-mittelstufe\\\/#breadcrumb\",\"itemListElement\":[{\"@type\":\"ListItem\",\"position\":1,\"name\":\"Startseite\",\"item\":\"https:\\\/\\\/www.gymnasium-mariengarden.de\\\/wordpress\\\/\"},{\"@type\":\"ListItem\",\"position\":2,\"name\":\"Differenzierung Mittelstufe\"}]},{\"@type\":\"WebSite\",\"@id\":\"https:\\\/\\\/www.gymnasium-mariengarden.de\\\/wordpress\\\/#website\",\"url\":\"https:\\\/\\\/www.gymnasium-mariengarden.de\\\/wordpress\\\/\",\"name\":\"Gymnasium Mariengarden\",\"description\":\"Privates Gymnasium der Oblatenmissionare\",\"alternateName\":\"Gymnasium Mariengarden Borken-Burlo\",\"potentialAction\":[{\"@type\":\"SearchAction\",\"target\":{\"@type\":\"EntryPoint\",\"urlTemplate\":\"https:\\\/\\\/www.gymnasium-mariengarden.de\\\/wordpress\\\/?s={search_term_string}\"},\"query-input\":{\"@type\":\"PropertyValueSpecification\",\"valueRequired\":true,\"valueName\":\"search_term_string\"}}],\"inLanguage\":\"de\"}]}<\/script>\n<!-- \/ Yoast SEO plugin. -->","yoast_head_json":{"title":"Differenzierung Mittelstufe - Gymnasium Mariengarden","description":"Privates Gymnasium der Oblatenmissionare","robots":{"index":"index","follow":"follow","max-snippet":"max-snippet:-1","max-image-preview":"max-image-preview:large","max-video-preview":"max-video-preview:-1"},"canonical":"https:\/\/www.gymnasium-mariengarden.de\/wordpress\/differenzierung-mittelstufe\/","og_locale":"de_DE","og_type":"article","og_title":"Differenzierung Mittelstufe - Gymnasium Mariengarden","og_description":"Privates Gymnasium der Oblatenmissionare","og_url":"https:\/\/www.gymnasium-mariengarden.de\/wordpress\/differenzierung-mittelstufe\/","og_site_name":"Gymnasium Mariengarden","article_publisher":"https:\/\/www.facebook.com\/groups\/38812342437\/?locale=de_DE","article_modified_time":"2024-03-14T07:24:24+00:00","twitter_card":"summary_large_image","twitter_misc":{"Gesch\u00e4tzte Lesezeit":"1\u00a0Minute"},"schema":{"@context":"https:\/\/schema.org","@graph":[{"@type":"WebPage","@id":"https:\/\/www.gymnasium-mariengarden.de\/wordpress\/differenzierung-mittelstufe\/","url":"https:\/\/www.gymnasium-mariengarden.de\/wordpress\/differenzierung-mittelstufe\/","name":"Differenzierung Mittelstufe - Gymnasium Mariengarden","isPartOf":{"@id":"https:\/\/www.gymnasium-mariengarden.de\/wordpress\/#website"},"datePublished":"2016-02-20T18:06:28+00:00","dateModified":"2024-03-14T07:24:24+00:00","description":"Privates Gymnasium der Oblatenmissionare","breadcrumb":{"@id":"https:\/\/www.gymnasium-mariengarden.de\/wordpress\/differenzierung-mittelstufe\/#breadcrumb"},"inLanguage":"de","potentialAction":[{"@type":"ReadAction","target":["https:\/\/www.gymnasium-mariengarden.de\/wordpress\/differenzierung-mittelstufe\/"]}]},{"@type":"BreadcrumbList","@id":"https:\/\/www.gymnasium-mariengarden.de\/wordpress\/differenzierung-mittelstufe\/#breadcrumb","itemListElement":[{"@type":"ListItem","position":1,"name":"Startseite","item":"https:\/\/www.gymnasium-mariengarden.de\/wordpress\/"},{"@type":"ListItem","position":2,"name":"Differenzierung Mittelstufe"}]},{"@type":"WebSite","@id":"https:\/\/www.gymnasium-mariengarden.de\/wordpress\/#website","url":"https:\/\/www.gymnasium-mariengarden.de\/wordpress\/","name":"Gymnasium Mariengarden","description":"Privates Gymnasium der Oblatenmissionare","alternateName":"Gymnasium Mariengarden Borken-Burlo","potentialAction":[{"@type":"SearchAction","target":{"@type":"EntryPoint","urlTemplate":"https:\/\/www.gymnasium-mariengarden.de\/wordpress\/?s={search_term_string}"},"query-input":{"@type":"PropertyValueSpecification","valueRequired":true,"valueName":"search_term_string"}}],"inLanguage":"de"}]}},"_links":{"self":[{"href":"https:\/\/www.gymnasium-mariengarden.de\/wordpress\/wp-json\/wp\/v2\/pages\/77","targetHints":{"allow":["GET"]}}],"collection":[{"href":"https:\/\/www.gymnasium-mariengarden.de\/wordpress\/wp-json\/wp\/v2\/pages"}],"about":[{"href":"https:\/\/www.gymnasium-mariengarden.de\/wordpress\/wp-json\/wp\/v2\/types\/page"}],"author":[{"embeddable":true,"href":"https:\/\/www.gymnasium-mariengarden.de\/wordpress\/wp-json\/wp\/v2\/users\/13"}],"replies":[{"embeddable":true,"href":"https:\/\/www.gymnasium-mariengarden.de\/wordpress\/wp-json\/wp\/v2\/comments?post=77"}],"version-history":[{"count":5,"href":"https:\/\/www.gymnasium-mariengarden.de\/wordpress\/wp-json\/wp\/v2\/pages\/77\/revisions"}],"predecessor-version":[{"id":14818,"href":"https:\/\/www.gymnasium-mariengarden.de\/wordpress\/wp-json\/wp\/v2\/pages\/77\/revisions\/14818"}],"wp:attachment":[{"href":"https:\/\/www.gymnasium-mariengarden.de\/wordpress\/wp-json\/wp\/v2\/media?parent=77"}],"curies":[{"name":"wp","href":"https:\/\/api.w.org\/{rel}","templated":true}]}}