{"id":7165,"date":"2021-03-12T12:43:41","date_gmt":"2021-03-12T11:43:41","guid":{"rendered":"https:\/\/www.gymnasium-mariengarden.de\/?page_id=7165"},"modified":"2024-08-22T12:39:03","modified_gmt":"2024-08-22T10:39:03","slug":"terminkalender","status":"publish","type":"page","link":"https:\/\/www.gymnasium-mariengarden.de\/wordpress\/terminkalender\/","title":{"rendered":"Terminkalender"},"content":{"rendered":"\n<p>Liebe Eltern! Liebe Sch\u00fclerinnen und Sch\u00fcler!<\/p>\n\n\n\n<p>Sie k\u00f6nnen <a href=\"https:\/\/outlook.office365.com\/owa\/calendar\/ea382d27285a4a31aebb4f293a542bee@gymnasium-mariengarden.de\/37a5e4492c664c3c8cb1e0cc66ceddeb4127502472850014944\/calendar.ics\" target=\"_blank\" rel=\"noreferrer noopener\">unter diesem Link<\/a> den aktuellen Terminkalender des Gymnasiums Mariengarden abonnieren (ICS-Link zum Abonnieren im eigenen Kalender im Handy). Der Kalender steht auch als <a href=\"https:\/\/www.gymnasium-mariengarden.de\/dateien\/pdfs\/news\/2024\/Terminkalender_2024_2025.pdf\" target=\"_blank\" rel=\"noreferrer noopener\">PDF<\/a> statisch zur Verf\u00fcgung.<\/p>\n\n\n\n<p>Hier geht es zu den Terminen:<\/p>\n\n\n\n<p class=\"has-text-align-center has-medium-font-size\"><a rel=\"noreferrer noopener\" href=\"https:\/\/outlook.office365.com\/owa\/calendar\/ea382d27285a4a31aebb4f293a542bee@gymnasium-mariengarden.de\/37a5e4492c664c3c8cb1e0cc66ceddeb4127502472850014944\/calendar.html\" target=\"_blank\"><strong>Zur Webansicht im neuen Tab<\/strong><\/a><\/p>\n\n\n\n<p><!--<p><iframe loading=\"lazy\" src=\"https:\/\/outlook.office365.com\/owa\/calendar\/ea382d27285a4a31aebb4f293a542bee@gymnasium-mariengarden.de\/37a5e4492c664c3c8cb1e0cc66ceddeb4127502472850014944\/calendar.html\" name=\"iframe\" id=\"iframe\" scrolling=\"auto\" frameborder=\"1\" marginheight=\"0px\" marginwidth=\"0px\" height=\"100%\" width=\"100%\"><\/p> --><\/p>\n\n\n\n <div class=\"brlbs-cmpnt-container brlbs-cmpnt-content-blocker brlbs-cmpnt-with-individual-styles\" data-borlabs-cookie-content-blocker-id=\"default\" data-borlabs-cookie-content=\"PGlmcmFtZSBzcmM9Imh0dHBzOi8vb3V0bG9vay5vZmZpY2UzNjUuY29tL2NhbGVuZGFyL3B1Ymxpc2hlZC9lYTM4MmQyNzI4NWE0YTMxYWViYjRmMjkzYTU0MmJlZUBneW1uYXNpdW0tbWFyaWVuZ2FyZGVuLmRlLzM3YTVlNDQ5MmM2NjRjM2M4Y2IxZTBjYzY2Y2VkZGViNDEyNzUwMjQ3Mjg1MDAxNDk0NC9jYWxlbmRhci5odG1sIiBzdHlsZT0iYm9yZGVyOiAwIiB3aWR0aD0xMDAwIiBoZWlnaHQ9IjgwMCIgZnJhbWVib3JkZXI9IjAiIHNjcm9sbGluZz0ieWVzIj48L2lmcmFtZT4=\"><div class=\"brlbs-cmpnt-cb-preset-a\"> <p class=\"brlbs-cmpnt-cb-description\">Sie sehen gerade einen Platzhalterinhalt von <strong>Standard<\/strong>. Um auf den eigentlichen Inhalt zuzugreifen, klicken Sie auf den Button unten. Bitte beachten Sie, dass dabei Daten an Drittanbieter weitergegeben werden.<\/p> <div class=\"brlbs-cmpnt-cb-buttons\"> <a class=\"brlbs-cmpnt-cb-btn\" href=\"#\" data-borlabs-cookie-unblock role=\"button\">Inhalt entsperren<\/a> <a class=\"brlbs-cmpnt-cb-btn\" href=\"#\" data-borlabs-cookie-accept-service role=\"button\" style=\"display: none\">Erforderlichen Service akzeptieren und Inhalte entsperren<\/a> <\/div> <a class=\"brlbs-cmpnt-cb-provider-toggle\" href=\"#\" data-borlabs-cookie-show-provider-information role=\"button\">Weitere Informationen<\/a> <\/div><\/div>\n","protected":false},"excerpt":{"rendered":"<p>Liebe Eltern! Liebe Sch\u00fclerinnen und Sch\u00fcler! Sie k\u00f6nnen unter diesem Link den aktuellen Terminkalender des Gymnasiums Mariengarden abonnieren (ICS-Link zum Abonnieren im eigenen Kalender im Handy). Der Kalender steht auch als PDF statisch zur Verf\u00fcgung. Hier geht es zu den Terminen: Zur Webansicht im neuen Tab Sie sehen gerade einen Platzhalterinhalt von Standard. Um auf &hellip; <a href=\"https:\/\/www.gymnasium-mariengarden.de\/wordpress\/terminkalender\/\" class=\"more-link\"><span class=\"screen-reader-text\">Terminkalender<\/span> weiterlesen <span class=\"meta-nav\">&rarr;<\/span><\/a><\/p>\n","protected":false},"author":4,"featured_media":0,"parent":0,"menu_order":0,"comment_status":"closed","ping_status":"open","template":"","meta":{"footnotes":""},"class_list":["post-7165","page","type-page","status-publish","hentry"],"yoast_head":"<!-- This site is optimized with the Yoast SEO plugin v27.3 - https:\/\/yoast.com\/product\/yoast-seo-wordpress\/ -->\n<title>Terminkalender - Gymnasium Mariengarden<\/title>\n<meta name=\"description\" content=\"Privates Gymnasium der Oblatenmissionare\" \/>\n<meta name=\"robots\" content=\"index, follow, max-snippet:-1, max-image-preview:large, max-video-preview:-1\" \/>\n<link rel=\"canonical\" href=\"https:\/\/www.gymnasium-mariengarden.de\/wordpress\/terminkalender\/\" \/>\n<meta property=\"og:locale\" content=\"de_DE\" \/>\n<meta property=\"og:type\" content=\"article\" \/>\n<meta property=\"og:title\" content=\"Terminkalender - Gymnasium Mariengarden\" \/>\n<meta property=\"og:description\" content=\"Privates Gymnasium der Oblatenmissionare\" \/>\n<meta property=\"og:url\" content=\"https:\/\/www.gymnasium-mariengarden.de\/wordpress\/terminkalender\/\" \/>\n<meta property=\"og:site_name\" content=\"Gymnasium Mariengarden\" \/>\n<meta property=\"article:publisher\" content=\"https:\/\/www.facebook.com\/groups\/38812342437\/?locale=de_DE\" \/>\n<meta property=\"article:modified_time\" content=\"2024-08-22T10:39:03+00:00\" \/>\n<meta name=\"twitter:card\" content=\"summary_large_image\" \/>\n<meta name=\"twitter:label1\" content=\"Gesch\u00e4tzte Lesezeit\" \/>\n\t<meta name=\"twitter:data1\" content=\"1\u00a0Minute\" \/>\n<script type=\"application\/ld+json\" class=\"yoast-schema-graph\">{\"@context\":\"https:\\\/\\\/schema.org\",\"@graph\":[{\"@type\":\"WebPage\",\"@id\":\"https:\\\/\\\/www.gymnasium-mariengarden.de\\\/wordpress\\\/terminkalender\\\/\",\"url\":\"https:\\\/\\\/www.gymnasium-mariengarden.de\\\/wordpress\\\/terminkalender\\\/\",\"name\":\"Terminkalender - Gymnasium Mariengarden\",\"isPartOf\":{\"@id\":\"https:\\\/\\\/www.gymnasium-mariengarden.de\\\/wordpress\\\/#website\"},\"datePublished\":\"2021-03-12T11:43:41+00:00\",\"dateModified\":\"2024-08-22T10:39:03+00:00\",\"description\":\"Privates Gymnasium der Oblatenmissionare\",\"breadcrumb\":{\"@id\":\"https:\\\/\\\/www.gymnasium-mariengarden.de\\\/wordpress\\\/terminkalender\\\/#breadcrumb\"},\"inLanguage\":\"de\",\"potentialAction\":[{\"@type\":\"ReadAction\",\"target\":[\"https:\\\/\\\/www.gymnasium-mariengarden.de\\\/wordpress\\\/terminkalender\\\/\"]}]},{\"@type\":\"BreadcrumbList\",\"@id\":\"https:\\\/\\\/www.gymnasium-mariengarden.de\\\/wordpress\\\/terminkalender\\\/#breadcrumb\",\"itemListElement\":[{\"@type\":\"ListItem\",\"position\":1,\"name\":\"Startseite\",\"item\":\"https:\\\/\\\/www.gymnasium-mariengarden.de\\\/wordpress\\\/\"},{\"@type\":\"ListItem\",\"position\":2,\"name\":\"Terminkalender\"}]},{\"@type\":\"WebSite\",\"@id\":\"https:\\\/\\\/www.gymnasium-mariengarden.de\\\/wordpress\\\/#website\",\"url\":\"https:\\\/\\\/www.gymnasium-mariengarden.de\\\/wordpress\\\/\",\"name\":\"Gymnasium Mariengarden\",\"description\":\"Privates Gymnasium der Oblatenmissionare\",\"alternateName\":\"Gymnasium Mariengarden Borken-Burlo\",\"potentialAction\":[{\"@type\":\"SearchAction\",\"target\":{\"@type\":\"EntryPoint\",\"urlTemplate\":\"https:\\\/\\\/www.gymnasium-mariengarden.de\\\/wordpress\\\/?s={search_term_string}\"},\"query-input\":{\"@type\":\"PropertyValueSpecification\",\"valueRequired\":true,\"valueName\":\"search_term_string\"}}],\"inLanguage\":\"de\"}]}<\/script>\n<!-- \/ Yoast SEO plugin. -->","yoast_head_json":{"title":"Terminkalender - Gymnasium Mariengarden","description":"Privates Gymnasium der Oblatenmissionare","robots":{"index":"index","follow":"follow","max-snippet":"max-snippet:-1","max-image-preview":"max-image-preview:large","max-video-preview":"max-video-preview:-1"},"canonical":"https:\/\/www.gymnasium-mariengarden.de\/wordpress\/terminkalender\/","og_locale":"de_DE","og_type":"article","og_title":"Terminkalender - Gymnasium Mariengarden","og_description":"Privates Gymnasium der Oblatenmissionare","og_url":"https:\/\/www.gymnasium-mariengarden.de\/wordpress\/terminkalender\/","og_site_name":"Gymnasium Mariengarden","article_publisher":"https:\/\/www.facebook.com\/groups\/38812342437\/?locale=de_DE","article_modified_time":"2024-08-22T10:39:03+00:00","twitter_card":"summary_large_image","twitter_misc":{"Gesch\u00e4tzte Lesezeit":"1\u00a0Minute"},"schema":{"@context":"https:\/\/schema.org","@graph":[{"@type":"WebPage","@id":"https:\/\/www.gymnasium-mariengarden.de\/wordpress\/terminkalender\/","url":"https:\/\/www.gymnasium-mariengarden.de\/wordpress\/terminkalender\/","name":"Terminkalender - Gymnasium Mariengarden","isPartOf":{"@id":"https:\/\/www.gymnasium-mariengarden.de\/wordpress\/#website"},"datePublished":"2021-03-12T11:43:41+00:00","dateModified":"2024-08-22T10:39:03+00:00","description":"Privates Gymnasium der Oblatenmissionare","breadcrumb":{"@id":"https:\/\/www.gymnasium-mariengarden.de\/wordpress\/terminkalender\/#breadcrumb"},"inLanguage":"de","potentialAction":[{"@type":"ReadAction","target":["https:\/\/www.gymnasium-mariengarden.de\/wordpress\/terminkalender\/"]}]},{"@type":"BreadcrumbList","@id":"https:\/\/www.gymnasium-mariengarden.de\/wordpress\/terminkalender\/#breadcrumb","itemListElement":[{"@type":"ListItem","position":1,"name":"Startseite","item":"https:\/\/www.gymnasium-mariengarden.de\/wordpress\/"},{"@type":"ListItem","position":2,"name":"Terminkalender"}]},{"@type":"WebSite","@id":"https:\/\/www.gymnasium-mariengarden.de\/wordpress\/#website","url":"https:\/\/www.gymnasium-mariengarden.de\/wordpress\/","name":"Gymnasium Mariengarden","description":"Privates Gymnasium der Oblatenmissionare","alternateName":"Gymnasium Mariengarden Borken-Burlo","potentialAction":[{"@type":"SearchAction","target":{"@type":"EntryPoint","urlTemplate":"https:\/\/www.gymnasium-mariengarden.de\/wordpress\/?s={search_term_string}"},"query-input":{"@type":"PropertyValueSpecification","valueRequired":true,"valueName":"search_term_string"}}],"inLanguage":"de"}]}},"_links":{"self":[{"href":"https:\/\/www.gymnasium-mariengarden.de\/wordpress\/wp-json\/wp\/v2\/pages\/7165","targetHints":{"allow":["GET"]}}],"collection":[{"href":"https:\/\/www.gymnasium-mariengarden.de\/wordpress\/wp-json\/wp\/v2\/pages"}],"about":[{"href":"https:\/\/www.gymnasium-mariengarden.de\/wordpress\/wp-json\/wp\/v2\/types\/page"}],"author":[{"embeddable":true,"href":"https:\/\/www.gymnasium-mariengarden.de\/wordpress\/wp-json\/wp\/v2\/users\/4"}],"replies":[{"embeddable":true,"href":"https:\/\/www.gymnasium-mariengarden.de\/wordpress\/wp-json\/wp\/v2\/comments?post=7165"}],"version-history":[{"count":5,"href":"https:\/\/www.gymnasium-mariengarden.de\/wordpress\/wp-json\/wp\/v2\/pages\/7165\/revisions"}],"predecessor-version":[{"id":15915,"href":"https:\/\/www.gymnasium-mariengarden.de\/wordpress\/wp-json\/wp\/v2\/pages\/7165\/revisions\/15915"}],"wp:attachment":[{"href":"https:\/\/www.gymnasium-mariengarden.de\/wordpress\/wp-json\/wp\/v2\/media?parent=7165"}],"curies":[{"name":"wp","href":"https:\/\/api.w.org\/{rel}","templated":true}]}}