{"id":6931,"date":"2020-11-22T13:16:19","date_gmt":"2020-11-22T12:16:19","guid":{"rendered":"https:\/\/www.gymnasium-mariengarden.de\/?page_id=6931"},"modified":"2024-03-14T08:24:24","modified_gmt":"2024-03-14T07:24:24","slug":"delf-ag","status":"publish","type":"page","link":"https:\/\/www.gymnasium-mariengarden.de\/wordpress\/delf-ag\/","title":{"rendered":"DELF AG"},"content":{"rendered":"\n<p><strong>DELF- Dipl\u00f4me d&#8217;\u00e9tudes en langue fran\u00e7aise oder \u201eDamit Europa Leichter F\u00e4llt\u201c<\/strong><\/p>\n\n\n\n<figure class=\"wp-block-image size-large\"><img loading=\"lazy\" decoding=\"async\" width=\"136\" height=\"130\" src=\"https:\/\/www.gymnasium-mariengarden.de\/wordpress\/wp-content\/uploads\/2020\/11\/image.png\" alt=\"\" class=\"wp-image-6933\"\/><\/figure>\n\n\n\n<p>Du hast Spa\u00df daran Franz\u00f6sisch zu sprechen und m\u00f6chtest eine Zusatzqualifikation erwerben, die dein Leben lang g\u00fcltig ist? Dann bist du hier genau richtig!<\/p>\n\n\n\n<figure class=\"wp-block-image size-large\"><img loading=\"lazy\" decoding=\"async\" width=\"1024\" height=\"768\" src=\"https:\/\/www.gymnasium-mariengarden.de\/wordpress\/wp-content\/uploads\/2020\/11\/DELF2019.jpg\" alt=\"\" class=\"wp-image-6936\" srcset=\"https:\/\/www.gymnasium-mariengarden.de\/wordpress\/wp-content\/uploads\/2020\/11\/DELF2019.jpg 1024w, https:\/\/www.gymnasium-mariengarden.de\/wordpress\/wp-content\/uploads\/2020\/11\/DELF2019-300x225.jpg 300w, https:\/\/www.gymnasium-mariengarden.de\/wordpress\/wp-content\/uploads\/2020\/11\/DELF2019-768x576.jpg 768w\" sizes=\"auto, (max-width: 1024px) 100vw, 1024px\" \/><\/figure>\n\n\n\n<p>Das DELF Diplom ist ein international anerkanntes Zertifikat f\u00fcr Franz\u00f6sisch als Fremdsprache, welches vom franz\u00f6sischen Ministerium f\u00fcr Bildung, Hochschulen und Forschung ausgestellt wird.<\/p>\n\n\n\n<p><strong>Warum ist es sinnvoll, an der DELF-AG teilzunehmen?<\/strong><\/p>\n\n\n\n<ul class=\"wp-block-list\"><li>Du hast w\u00f6chentlich eine Stunde mehr Franz\u00f6sisch.<\/li><li>Du lernst noch besser frei zu sprechen und sprichst dabei auch mit Sch\u00fclern, die nicht in deinem Franz\u00f6sischkurs sind.<\/li><li>Du kannst das anwenden, was du im Franz\u00f6sischunterricht gelernt hast und lernst zus\u00e4tzlich neue Vokabeln und Formulierungen, die auch im Franz\u00f6sischunterricht von Vorteil sein k\u00f6nnen.<\/li><\/ul>\n\n\n\n<p><strong>Warum ist es sinnvoll, die DELF-Pr\u00fcfung abzulegen und ein DELF-Zertifikat zu erwerben?<\/strong><\/p>\n\n\n\n<ul class=\"wp-block-list\"><li>Da das Diplom eine freiwillige Zusatzqualifikation ist, kann es dir Vorteile bei Bewerbungen bei verschiedenen Arbeitgebern verschaffen.<\/li><li>An vielen Universit\u00e4ten in Deutschland und im Ausland kannst du dein DELF-Zertifikat als Nachweis f\u00fcr die 2. Fremdsprache vorlegen.<\/li><li>DELF ist ein international anerkanntes Sprachdiplom einer unabh\u00e4ngigen Jury, das hei\u00dft die Pr\u00fcfungen werden von franz\u00f6sischen Pr\u00fcfern bewertet und nicht von deinem Lehrer.<\/li><\/ul>\n\n\n\n<p><strong>Welche Niveaustufen gibt es?<\/strong><\/p>\n\n\n\n<ul class=\"wp-block-list\"><li>DELF umfasst die Stufen A1 (ab Klasse 7), &nbsp;A2 (ab Klasse 8), B1 (ab Klasse 9) und B2 (ab Q1) des Gemeinsamen Europ\u00e4ischen Referenzrahmens f\u00fcr Sprachen (GER).<\/li><\/ul>\n\n\n\n<p><strong>Was wird gepr\u00fcft? Wer pr\u00fcft?<\/strong><\/p>\n\n\n\n<ul class=\"wp-block-list\"><li>Jedes Zertifikat attestiert die Beherrschung der vier Sprachkompetenzen<ul><li><em>compr\u00e9hension orale<\/em> (H\u00f6rverstehen)<\/li><\/ul><ul><li><em>compr\u00e9hension \u00e9crite<\/em>&nbsp;&nbsp;&nbsp; (Leseverstehen)<\/li><\/ul><ul><li><em>production \u00e9crite<\/em> (schriftlicher Ausdruck)<\/li><\/ul><ul><li><em>production orale<\/em> (m\u00fcndlicher Ausdruck)<\/li><\/ul><\/li><li><em>Compr\u00e9hension orale, compr\u00e9hension \u00e9crite<\/em> und <em>production \u00e9crite<\/em> werden in der Schule gepr\u00fcft und die Unterlagen werden ans Institut fran\u00e7ais geschickt.<\/li><li><em>Production orale<\/em> wird von einem Muttersprachler in M\u00fcnster gepr\u00fcft.<\/li><\/ul>\n\n\n\n<p>\u00ab&nbsp;On y va!&nbsp;\u00bb<\/p>\n","protected":false},"excerpt":{"rendered":"<p>DELF- Dipl\u00f4me d&#8217;\u00e9tudes en langue fran\u00e7aise oder \u201eDamit Europa Leichter F\u00e4llt\u201c Du hast Spa\u00df daran Franz\u00f6sisch zu sprechen und m\u00f6chtest eine Zusatzqualifikation erwerben, die dein Leben lang g\u00fcltig ist? Dann bist du hier genau richtig! Das DELF Diplom ist ein international anerkanntes Zertifikat f\u00fcr Franz\u00f6sisch als Fremdsprache, welches vom franz\u00f6sischen Ministerium f\u00fcr Bildung, Hochschulen und &hellip; <a href=\"https:\/\/www.gymnasium-mariengarden.de\/wordpress\/delf-ag\/\" class=\"more-link\"><span class=\"screen-reader-text\">DELF AG<\/span> weiterlesen <span class=\"meta-nav\">&rarr;<\/span><\/a><\/p>\n","protected":false},"author":4,"featured_media":6935,"parent":0,"menu_order":0,"comment_status":"closed","ping_status":"open","template":"","meta":{"footnotes":""},"class_list":["post-6931","page","type-page","status-publish","has-post-thumbnail","hentry"],"yoast_head":"<!-- This site is optimized with the Yoast SEO plugin v27.3 - https:\/\/yoast.com\/product\/yoast-seo-wordpress\/ -->\n<title>DELF AG - Gymnasium Mariengarden<\/title>\n<meta name=\"description\" content=\"Privates Gymnasium der Oblatenmissionare\" \/>\n<meta name=\"robots\" content=\"index, follow, max-snippet:-1, max-image-preview:large, max-video-preview:-1\" \/>\n<link rel=\"canonical\" href=\"https:\/\/www.gymnasium-mariengarden.de\/wordpress\/delf-ag\/\" \/>\n<meta property=\"og:locale\" content=\"de_DE\" \/>\n<meta property=\"og:type\" content=\"article\" \/>\n<meta property=\"og:title\" content=\"DELF AG - Gymnasium Mariengarden\" \/>\n<meta property=\"og:description\" content=\"Privates Gymnasium der Oblatenmissionare\" \/>\n<meta property=\"og:url\" content=\"https:\/\/www.gymnasium-mariengarden.de\/wordpress\/delf-ag\/\" \/>\n<meta property=\"og:site_name\" content=\"Gymnasium Mariengarden\" \/>\n<meta property=\"article:publisher\" content=\"https:\/\/www.facebook.com\/groups\/38812342437\/?locale=de_DE\" \/>\n<meta property=\"article:modified_time\" content=\"2024-03-14T07:24:24+00:00\" \/>\n<meta property=\"og:image\" content=\"https:\/\/www.gymnasium-mariengarden.de\/wordpress\/wp-content\/uploads\/2020\/11\/DELF_2018_klein.jpg\" \/>\n\t<meta property=\"og:image:width\" content=\"1920\" \/>\n\t<meta property=\"og:image:height\" content=\"1440\" \/>\n\t<meta property=\"og:image:type\" content=\"image\/jpeg\" \/>\n<meta name=\"twitter:card\" content=\"summary_large_image\" \/>\n<meta name=\"twitter:label1\" content=\"Gesch\u00e4tzte Lesezeit\" \/>\n\t<meta name=\"twitter:data1\" content=\"2\u00a0Minuten\" \/>\n<script type=\"application\/ld+json\" class=\"yoast-schema-graph\">{\"@context\":\"https:\\\/\\\/schema.org\",\"@graph\":[{\"@type\":\"WebPage\",\"@id\":\"https:\\\/\\\/www.gymnasium-mariengarden.de\\\/wordpress\\\/delf-ag\\\/\",\"url\":\"https:\\\/\\\/www.gymnasium-mariengarden.de\\\/wordpress\\\/delf-ag\\\/\",\"name\":\"DELF AG - Gymnasium Mariengarden\",\"isPartOf\":{\"@id\":\"https:\\\/\\\/www.gymnasium-mariengarden.de\\\/wordpress\\\/#website\"},\"primaryImageOfPage\":{\"@id\":\"https:\\\/\\\/www.gymnasium-mariengarden.de\\\/wordpress\\\/delf-ag\\\/#primaryimage\"},\"image\":{\"@id\":\"https:\\\/\\\/www.gymnasium-mariengarden.de\\\/wordpress\\\/delf-ag\\\/#primaryimage\"},\"thumbnailUrl\":\"https:\\\/\\\/www.gymnasium-mariengarden.de\\\/wordpress\\\/wp-content\\\/uploads\\\/2020\\\/11\\\/DELF_2018_klein.jpg\",\"datePublished\":\"2020-11-22T12:16:19+00:00\",\"dateModified\":\"2024-03-14T07:24:24+00:00\",\"description\":\"Privates Gymnasium der Oblatenmissionare\",\"breadcrumb\":{\"@id\":\"https:\\\/\\\/www.gymnasium-mariengarden.de\\\/wordpress\\\/delf-ag\\\/#breadcrumb\"},\"inLanguage\":\"de\",\"potentialAction\":[{\"@type\":\"ReadAction\",\"target\":[\"https:\\\/\\\/www.gymnasium-mariengarden.de\\\/wordpress\\\/delf-ag\\\/\"]}]},{\"@type\":\"ImageObject\",\"inLanguage\":\"de\",\"@id\":\"https:\\\/\\\/www.gymnasium-mariengarden.de\\\/wordpress\\\/delf-ag\\\/#primaryimage\",\"url\":\"https:\\\/\\\/www.gymnasium-mariengarden.de\\\/wordpress\\\/wp-content\\\/uploads\\\/2020\\\/11\\\/DELF_2018_klein.jpg\",\"contentUrl\":\"https:\\\/\\\/www.gymnasium-mariengarden.de\\\/wordpress\\\/wp-content\\\/uploads\\\/2020\\\/11\\\/DELF_2018_klein.jpg\",\"width\":1920,\"height\":1440},{\"@type\":\"BreadcrumbList\",\"@id\":\"https:\\\/\\\/www.gymnasium-mariengarden.de\\\/wordpress\\\/delf-ag\\\/#breadcrumb\",\"itemListElement\":[{\"@type\":\"ListItem\",\"position\":1,\"name\":\"Startseite\",\"item\":\"https:\\\/\\\/www.gymnasium-mariengarden.de\\\/wordpress\\\/\"},{\"@type\":\"ListItem\",\"position\":2,\"name\":\"DELF AG\"}]},{\"@type\":\"WebSite\",\"@id\":\"https:\\\/\\\/www.gymnasium-mariengarden.de\\\/wordpress\\\/#website\",\"url\":\"https:\\\/\\\/www.gymnasium-mariengarden.de\\\/wordpress\\\/\",\"name\":\"Gymnasium Mariengarden\",\"description\":\"Privates Gymnasium der Oblatenmissionare\",\"alternateName\":\"Gymnasium Mariengarden Borken-Burlo\",\"potentialAction\":[{\"@type\":\"SearchAction\",\"target\":{\"@type\":\"EntryPoint\",\"urlTemplate\":\"https:\\\/\\\/www.gymnasium-mariengarden.de\\\/wordpress\\\/?s={search_term_string}\"},\"query-input\":{\"@type\":\"PropertyValueSpecification\",\"valueRequired\":true,\"valueName\":\"search_term_string\"}}],\"inLanguage\":\"de\"}]}<\/script>\n<!-- \/ Yoast SEO plugin. -->","yoast_head_json":{"title":"DELF AG - Gymnasium Mariengarden","description":"Privates Gymnasium der Oblatenmissionare","robots":{"index":"index","follow":"follow","max-snippet":"max-snippet:-1","max-image-preview":"max-image-preview:large","max-video-preview":"max-video-preview:-1"},"canonical":"https:\/\/www.gymnasium-mariengarden.de\/wordpress\/delf-ag\/","og_locale":"de_DE","og_type":"article","og_title":"DELF AG - Gymnasium Mariengarden","og_description":"Privates Gymnasium der Oblatenmissionare","og_url":"https:\/\/www.gymnasium-mariengarden.de\/wordpress\/delf-ag\/","og_site_name":"Gymnasium Mariengarden","article_publisher":"https:\/\/www.facebook.com\/groups\/38812342437\/?locale=de_DE","article_modified_time":"2024-03-14T07:24:24+00:00","og_image":[{"width":1920,"height":1440,"url":"https:\/\/www.gymnasium-mariengarden.de\/wordpress\/wp-content\/uploads\/2020\/11\/DELF_2018_klein.jpg","type":"image\/jpeg"}],"twitter_card":"summary_large_image","twitter_misc":{"Gesch\u00e4tzte Lesezeit":"2\u00a0Minuten"},"schema":{"@context":"https:\/\/schema.org","@graph":[{"@type":"WebPage","@id":"https:\/\/www.gymnasium-mariengarden.de\/wordpress\/delf-ag\/","url":"https:\/\/www.gymnasium-mariengarden.de\/wordpress\/delf-ag\/","name":"DELF AG - Gymnasium Mariengarden","isPartOf":{"@id":"https:\/\/www.gymnasium-mariengarden.de\/wordpress\/#website"},"primaryImageOfPage":{"@id":"https:\/\/www.gymnasium-mariengarden.de\/wordpress\/delf-ag\/#primaryimage"},"image":{"@id":"https:\/\/www.gymnasium-mariengarden.de\/wordpress\/delf-ag\/#primaryimage"},"thumbnailUrl":"https:\/\/www.gymnasium-mariengarden.de\/wordpress\/wp-content\/uploads\/2020\/11\/DELF_2018_klein.jpg","datePublished":"2020-11-22T12:16:19+00:00","dateModified":"2024-03-14T07:24:24+00:00","description":"Privates Gymnasium der Oblatenmissionare","breadcrumb":{"@id":"https:\/\/www.gymnasium-mariengarden.de\/wordpress\/delf-ag\/#breadcrumb"},"inLanguage":"de","potentialAction":[{"@type":"ReadAction","target":["https:\/\/www.gymnasium-mariengarden.de\/wordpress\/delf-ag\/"]}]},{"@type":"ImageObject","inLanguage":"de","@id":"https:\/\/www.gymnasium-mariengarden.de\/wordpress\/delf-ag\/#primaryimage","url":"https:\/\/www.gymnasium-mariengarden.de\/wordpress\/wp-content\/uploads\/2020\/11\/DELF_2018_klein.jpg","contentUrl":"https:\/\/www.gymnasium-mariengarden.de\/wordpress\/wp-content\/uploads\/2020\/11\/DELF_2018_klein.jpg","width":1920,"height":1440},{"@type":"BreadcrumbList","@id":"https:\/\/www.gymnasium-mariengarden.de\/wordpress\/delf-ag\/#breadcrumb","itemListElement":[{"@type":"ListItem","position":1,"name":"Startseite","item":"https:\/\/www.gymnasium-mariengarden.de\/wordpress\/"},{"@type":"ListItem","position":2,"name":"DELF AG"}]},{"@type":"WebSite","@id":"https:\/\/www.gymnasium-mariengarden.de\/wordpress\/#website","url":"https:\/\/www.gymnasium-mariengarden.de\/wordpress\/","name":"Gymnasium Mariengarden","description":"Privates Gymnasium der Oblatenmissionare","alternateName":"Gymnasium Mariengarden Borken-Burlo","potentialAction":[{"@type":"SearchAction","target":{"@type":"EntryPoint","urlTemplate":"https:\/\/www.gymnasium-mariengarden.de\/wordpress\/?s={search_term_string}"},"query-input":{"@type":"PropertyValueSpecification","valueRequired":true,"valueName":"search_term_string"}}],"inLanguage":"de"}]}},"_links":{"self":[{"href":"https:\/\/www.gymnasium-mariengarden.de\/wordpress\/wp-json\/wp\/v2\/pages\/6931","targetHints":{"allow":["GET"]}}],"collection":[{"href":"https:\/\/www.gymnasium-mariengarden.de\/wordpress\/wp-json\/wp\/v2\/pages"}],"about":[{"href":"https:\/\/www.gymnasium-mariengarden.de\/wordpress\/wp-json\/wp\/v2\/types\/page"}],"author":[{"embeddable":true,"href":"https:\/\/www.gymnasium-mariengarden.de\/wordpress\/wp-json\/wp\/v2\/users\/4"}],"replies":[{"embeddable":true,"href":"https:\/\/www.gymnasium-mariengarden.de\/wordpress\/wp-json\/wp\/v2\/comments?post=6931"}],"version-history":[{"count":3,"href":"https:\/\/www.gymnasium-mariengarden.de\/wordpress\/wp-json\/wp\/v2\/pages\/6931\/revisions"}],"predecessor-version":[{"id":6937,"href":"https:\/\/www.gymnasium-mariengarden.de\/wordpress\/wp-json\/wp\/v2\/pages\/6931\/revisions\/6937"}],"wp:featuredmedia":[{"embeddable":true,"href":"https:\/\/www.gymnasium-mariengarden.de\/wordpress\/wp-json\/wp\/v2\/media\/6935"}],"wp:attachment":[{"href":"https:\/\/www.gymnasium-mariengarden.de\/wordpress\/wp-json\/wp\/v2\/media?parent=6931"}],"curies":[{"name":"wp","href":"https:\/\/api.w.org\/{rel}","templated":true}]}}