{"id":6907,"date":"2020-11-21T10:43:39","date_gmt":"2020-11-21T09:43:39","guid":{"rendered":"https:\/\/www.gymnasium-mariengarden.de\/?page_id=6907"},"modified":"2020-11-21T10:43:40","modified_gmt":"2020-11-21T09:43:40","slug":"schueler-helfen-schuelern","status":"publish","type":"page","link":"https:\/\/www.gymnasium-mariengarden.de\/wordpress\/schueler-helfen-schuelern\/","title":{"rendered":"Sch\u00fcler helfen Sch\u00fclern"},"content":{"rendered":"\n<p>\u201eWie bildet man noch mal Present Progressive und wann benutzt man es?\u201c, \u201eWas war eine Fabel doch gleich noch mal?\u201c \u201ePass\u00e9 compos\u00e9?\u201c<br>Textaufgaben in Mathe oder Deklinationen in Latein bereiten dir Schwierigkeiten?<\/p>\n\n\n\n<p>Kein Problem! Am Gymnasium Mariengarden wirst du damit nicht allein gelassen.<\/p>\n\n\n\n<p><br>Zus\u00e4tzlich zum F\u00f6rderunterricht, der bereits in der regul\u00e4ren Stundentafel f\u00fcr ausgew\u00e4hlte Sch\u00fcler in bestimmten Jahrg\u00e4ngen in bestimmten F\u00e4chern stattfindet, hast du die M\u00f6glichkeit dich in den F\u00e4chern , Deutsch, Englisch, Franz\u00f6sisch, Latein und Mathe f\u00fcr das Projekt Sch\u00fcler helfen Sch\u00fclern anzumelden.<br>Leistungsstarke \u00e4ltere Sch\u00fcler unterst\u00fctzen dich einmal w\u00f6chentlich in der 5. Stunde bei der Aufarbeitung und Wiederholung des Lernstoffes. Die jeweiligen Fachlehrer unterst\u00fctzen die Tutoren durch methodische Hilfen und Bereitstellung von Materialien.<\/p>\n\n\n\n<p>Die F\u00f6rdergruppen bestehen aus maximal 2 Sch\u00fclerinnen\/Sch\u00fclern. .<br>Das Projekt wird finanziell gr\u00f6\u00dftenteils von der Schule gef\u00f6rdert. Deine Eltern zahlen lediglich einen Beitrag von 3\u20ac pro Stunde.<\/p>\n","protected":false},"excerpt":{"rendered":"<p>\u201eWie bildet man noch mal Present Progressive und wann benutzt man es?\u201c, \u201eWas war eine Fabel doch gleich noch mal?\u201c \u201ePass\u00e9 compos\u00e9?\u201cTextaufgaben in Mathe oder Deklinationen in Latein bereiten dir Schwierigkeiten? Kein Problem! Am Gymnasium Mariengarden wirst du damit nicht allein gelassen. Zus\u00e4tzlich zum F\u00f6rderunterricht, der bereits in der regul\u00e4ren Stundentafel f\u00fcr ausgew\u00e4hlte Sch\u00fcler in &hellip; <a href=\"https:\/\/www.gymnasium-mariengarden.de\/wordpress\/schueler-helfen-schuelern\/\" class=\"more-link\"><span class=\"screen-reader-text\">Sch\u00fcler helfen Sch\u00fclern<\/span> weiterlesen <span class=\"meta-nav\">&rarr;<\/span><\/a><\/p>\n","protected":false},"author":4,"featured_media":0,"parent":0,"menu_order":0,"comment_status":"closed","ping_status":"open","template":"","meta":{"footnotes":""},"class_list":["post-6907","page","type-page","status-publish","hentry"],"yoast_head":"<!-- This site is optimized with the Yoast SEO plugin v27.3 - https:\/\/yoast.com\/product\/yoast-seo-wordpress\/ -->\n<title>Sch\u00fcler helfen Sch\u00fclern - Gymnasium Mariengarden<\/title>\n<meta name=\"description\" content=\"Privates Gymnasium der Oblatenmissionare\" \/>\n<meta name=\"robots\" content=\"index, follow, max-snippet:-1, max-image-preview:large, max-video-preview:-1\" \/>\n<link rel=\"canonical\" href=\"https:\/\/www.gymnasium-mariengarden.de\/wordpress\/schueler-helfen-schuelern\/\" \/>\n<meta property=\"og:locale\" content=\"de_DE\" \/>\n<meta property=\"og:type\" content=\"article\" \/>\n<meta property=\"og:title\" content=\"Sch\u00fcler helfen Sch\u00fclern - Gymnasium Mariengarden\" \/>\n<meta property=\"og:description\" content=\"Privates Gymnasium der Oblatenmissionare\" \/>\n<meta property=\"og:url\" content=\"https:\/\/www.gymnasium-mariengarden.de\/wordpress\/schueler-helfen-schuelern\/\" \/>\n<meta property=\"og:site_name\" content=\"Gymnasium Mariengarden\" \/>\n<meta property=\"article:publisher\" content=\"https:\/\/www.facebook.com\/groups\/38812342437\/?locale=de_DE\" \/>\n<meta property=\"article:modified_time\" content=\"2020-11-21T09:43:40+00:00\" \/>\n<meta name=\"twitter:card\" content=\"summary_large_image\" \/>\n<meta name=\"twitter:label1\" content=\"Gesch\u00e4tzte Lesezeit\" \/>\n\t<meta name=\"twitter:data1\" content=\"1\u00a0Minute\" \/>\n<script type=\"application\/ld+json\" class=\"yoast-schema-graph\">{\"@context\":\"https:\\\/\\\/schema.org\",\"@graph\":[{\"@type\":\"WebPage\",\"@id\":\"https:\\\/\\\/www.gymnasium-mariengarden.de\\\/wordpress\\\/schueler-helfen-schuelern\\\/\",\"url\":\"https:\\\/\\\/www.gymnasium-mariengarden.de\\\/wordpress\\\/schueler-helfen-schuelern\\\/\",\"name\":\"Sch\u00fcler helfen Sch\u00fclern - Gymnasium Mariengarden\",\"isPartOf\":{\"@id\":\"https:\\\/\\\/www.gymnasium-mariengarden.de\\\/wordpress\\\/#website\"},\"datePublished\":\"2020-11-21T09:43:39+00:00\",\"dateModified\":\"2020-11-21T09:43:40+00:00\",\"description\":\"Privates Gymnasium der Oblatenmissionare\",\"breadcrumb\":{\"@id\":\"https:\\\/\\\/www.gymnasium-mariengarden.de\\\/wordpress\\\/schueler-helfen-schuelern\\\/#breadcrumb\"},\"inLanguage\":\"de\",\"potentialAction\":[{\"@type\":\"ReadAction\",\"target\":[\"https:\\\/\\\/www.gymnasium-mariengarden.de\\\/wordpress\\\/schueler-helfen-schuelern\\\/\"]}]},{\"@type\":\"BreadcrumbList\",\"@id\":\"https:\\\/\\\/www.gymnasium-mariengarden.de\\\/wordpress\\\/schueler-helfen-schuelern\\\/#breadcrumb\",\"itemListElement\":[{\"@type\":\"ListItem\",\"position\":1,\"name\":\"Startseite\",\"item\":\"https:\\\/\\\/www.gymnasium-mariengarden.de\\\/wordpress\\\/\"},{\"@type\":\"ListItem\",\"position\":2,\"name\":\"Sch\u00fcler helfen Sch\u00fclern\"}]},{\"@type\":\"WebSite\",\"@id\":\"https:\\\/\\\/www.gymnasium-mariengarden.de\\\/wordpress\\\/#website\",\"url\":\"https:\\\/\\\/www.gymnasium-mariengarden.de\\\/wordpress\\\/\",\"name\":\"Gymnasium Mariengarden\",\"description\":\"Privates Gymnasium der Oblatenmissionare\",\"alternateName\":\"Gymnasium Mariengarden Borken-Burlo\",\"potentialAction\":[{\"@type\":\"SearchAction\",\"target\":{\"@type\":\"EntryPoint\",\"urlTemplate\":\"https:\\\/\\\/www.gymnasium-mariengarden.de\\\/wordpress\\\/?s={search_term_string}\"},\"query-input\":{\"@type\":\"PropertyValueSpecification\",\"valueRequired\":true,\"valueName\":\"search_term_string\"}}],\"inLanguage\":\"de\"}]}<\/script>\n<!-- \/ Yoast SEO plugin. -->","yoast_head_json":{"title":"Sch\u00fcler helfen Sch\u00fclern - Gymnasium Mariengarden","description":"Privates Gymnasium der Oblatenmissionare","robots":{"index":"index","follow":"follow","max-snippet":"max-snippet:-1","max-image-preview":"max-image-preview:large","max-video-preview":"max-video-preview:-1"},"canonical":"https:\/\/www.gymnasium-mariengarden.de\/wordpress\/schueler-helfen-schuelern\/","og_locale":"de_DE","og_type":"article","og_title":"Sch\u00fcler helfen Sch\u00fclern - Gymnasium Mariengarden","og_description":"Privates Gymnasium der Oblatenmissionare","og_url":"https:\/\/www.gymnasium-mariengarden.de\/wordpress\/schueler-helfen-schuelern\/","og_site_name":"Gymnasium Mariengarden","article_publisher":"https:\/\/www.facebook.com\/groups\/38812342437\/?locale=de_DE","article_modified_time":"2020-11-21T09:43:40+00:00","twitter_card":"summary_large_image","twitter_misc":{"Gesch\u00e4tzte Lesezeit":"1\u00a0Minute"},"schema":{"@context":"https:\/\/schema.org","@graph":[{"@type":"WebPage","@id":"https:\/\/www.gymnasium-mariengarden.de\/wordpress\/schueler-helfen-schuelern\/","url":"https:\/\/www.gymnasium-mariengarden.de\/wordpress\/schueler-helfen-schuelern\/","name":"Sch\u00fcler helfen Sch\u00fclern - Gymnasium Mariengarden","isPartOf":{"@id":"https:\/\/www.gymnasium-mariengarden.de\/wordpress\/#website"},"datePublished":"2020-11-21T09:43:39+00:00","dateModified":"2020-11-21T09:43:40+00:00","description":"Privates Gymnasium der Oblatenmissionare","breadcrumb":{"@id":"https:\/\/www.gymnasium-mariengarden.de\/wordpress\/schueler-helfen-schuelern\/#breadcrumb"},"inLanguage":"de","potentialAction":[{"@type":"ReadAction","target":["https:\/\/www.gymnasium-mariengarden.de\/wordpress\/schueler-helfen-schuelern\/"]}]},{"@type":"BreadcrumbList","@id":"https:\/\/www.gymnasium-mariengarden.de\/wordpress\/schueler-helfen-schuelern\/#breadcrumb","itemListElement":[{"@type":"ListItem","position":1,"name":"Startseite","item":"https:\/\/www.gymnasium-mariengarden.de\/wordpress\/"},{"@type":"ListItem","position":2,"name":"Sch\u00fcler helfen Sch\u00fclern"}]},{"@type":"WebSite","@id":"https:\/\/www.gymnasium-mariengarden.de\/wordpress\/#website","url":"https:\/\/www.gymnasium-mariengarden.de\/wordpress\/","name":"Gymnasium Mariengarden","description":"Privates Gymnasium der Oblatenmissionare","alternateName":"Gymnasium Mariengarden Borken-Burlo","potentialAction":[{"@type":"SearchAction","target":{"@type":"EntryPoint","urlTemplate":"https:\/\/www.gymnasium-mariengarden.de\/wordpress\/?s={search_term_string}"},"query-input":{"@type":"PropertyValueSpecification","valueRequired":true,"valueName":"search_term_string"}}],"inLanguage":"de"}]}},"_links":{"self":[{"href":"https:\/\/www.gymnasium-mariengarden.de\/wordpress\/wp-json\/wp\/v2\/pages\/6907","targetHints":{"allow":["GET"]}}],"collection":[{"href":"https:\/\/www.gymnasium-mariengarden.de\/wordpress\/wp-json\/wp\/v2\/pages"}],"about":[{"href":"https:\/\/www.gymnasium-mariengarden.de\/wordpress\/wp-json\/wp\/v2\/types\/page"}],"author":[{"embeddable":true,"href":"https:\/\/www.gymnasium-mariengarden.de\/wordpress\/wp-json\/wp\/v2\/users\/4"}],"replies":[{"embeddable":true,"href":"https:\/\/www.gymnasium-mariengarden.de\/wordpress\/wp-json\/wp\/v2\/comments?post=6907"}],"version-history":[{"count":1,"href":"https:\/\/www.gymnasium-mariengarden.de\/wordpress\/wp-json\/wp\/v2\/pages\/6907\/revisions"}],"predecessor-version":[{"id":6918,"href":"https:\/\/www.gymnasium-mariengarden.de\/wordpress\/wp-json\/wp\/v2\/pages\/6907\/revisions\/6918"}],"wp:attachment":[{"href":"https:\/\/www.gymnasium-mariengarden.de\/wordpress\/wp-json\/wp\/v2\/media?parent=6907"}],"curies":[{"name":"wp","href":"https:\/\/api.w.org\/{rel}","templated":true}]}}