{"id":3831,"date":"2017-01-21T11:23:39","date_gmt":"2017-01-21T10:23:39","guid":{"rendered":"http:\/\/gymnasium-mariengarden.de\/?page_id=3831"},"modified":"2023-12-19T11:18:46","modified_gmt":"2023-12-19T10:18:46","slug":"indienprojekt","status":"publish","type":"page","link":"https:\/\/www.gymnasium-mariengarden.de\/wordpress\/indienprojekt\/","title":{"rendered":"Indienprojekt"},"content":{"rendered":"<div style=\"text-align: justify;\">Neuigkeiten vom Indienprojekt finden Sie <a href=\"https:\/\/www.we-for-india.de\/\">hier<\/a>.<\/div>\n<div style=\"text-align: justify;\"><\/div>\n<div style=\"text-align: justify;\">Sie k\u00f6nnen auch Teil des Indienprojekts werden, indem Sie eine Spende hinterlassen, um zu helfen. Informationen zum Spendenkonto finden Sie <a href=\"https:\/\/www.we-for-india.de\/helfen\/\">hier<\/a>.<\/div>\n<p>In diesem Jahr startet Herr Reisener mit einigen Sch\u00fclern ein spezielles Spendenprojekt <a href=\"https:\/\/www.we-for-india.de\/aktionen\/\">&#8222;Run for India&#8220;<\/a>. Informieren Sie sich und machen Sie mit!<\/p>\n<p>Bilder von der Indienreise 2017\u00a0 finden Sie auf unserem <a href=\"https:\/\/www.flickr.com\/photos\/homepageag2011\/albums\/72157687483178562\">Flickr Account<\/a>. Erfahrungsberichte von dieser Reise und Folgenden finde sie auf der Internetseite des <a href=\"https:\/\/www.we-for-india.de\/sch%C3%BClerreisen\/\">Projektes<\/a>.\u00a0Auch &#8222;Kirche &amp; Leben&#8220; hat einen Bericht gebracht (Dieser ist aber leider nicht mehr online).<\/p>\n<div style=\"text-align: justify;\"><\/div>\n<div id=\"yui_3_16_0_ym19_1_1484989637760_2779\" style=\"text-align: justify;\">Im Sommer 2018 und 2019 fuhren erneut Sch\u00fclerinnen und Sch\u00fcler f\u00fcr jeweils drei Wochen nach Indien. W\u00e4hrend der Corona Pandemie ruhten die Fahrten. Im Januar 2023 konnte dann endlich wieder eine Gruppe unter der Leitung von Herrn Reisener nach Indien fahren. Auch f\u00fcr 2024 sind zwei Fahrten geplant. Einmal f\u00fcr Sch\u00fclerinnen und Sch\u00fcler der Q2 im Januar und f\u00fcr Ehemalige und Eltern im Sommer.<\/div>\n<div><\/div>\n<div style=\"text-align: justify;\">Folgende Programmpunkte finden dort bei allen Fahrten statt:<\/div>\n<div style=\"text-align: justify;\">Zuerst verbringen wir einige Tage in Kalkutta (Kolkata), wo wir mehrere Aktivit\u00e4ten unternehmen m\u00f6chten:<\/div>\n<div><\/div>\n<ul id=\"yui_3_16_0_ym19_1_1484989637760_2747\" style=\"text-align: justify;\">\n<li id=\"yui_3_16_0_ym19_1_1484989637760_2778\">Besuch des Hauses der Missionarinnen der N\u00e4chstenliebe (Orden von Mutter Teresa) und Besuch der Waisenh\u00e4user f\u00fcr Kinder mit und ohne Behinderung.<\/li>\n<li id=\"yui_3_16_0_ym19_1_1484989637760_2777\">Gespr\u00e4ch mit der Nachfolgerin von Mutter Teresa, die aus Reken kommt und \u00fcber die Arbeit der Schwestern in den Slums und Einrichtungen des Ordens berichten wird<\/li>\n<li id=\"yui_3_16_0_ym19_1_1484989637760_2776\">Besuch der Stadt (die Sch\u00fcler sehen z.B. Slums, den imposanten Blumenmarkt, den Kalighat-Tempel)<\/li>\n<li id=\"yui_3_16_0_ym19_1_1484989637760_2775\">Besuch zweier Ordensschulen in den l\u00e4ndlichen Orten Gazna und Bashirhat, um einen Einblick in die Arbeit von Missionaren und in die Lebensumst\u00e4nde der \u00e4rmeren Landbev\u00f6lkerung zu erm\u00f6glichen.<\/li>\n<\/ul>\n<div><img loading=\"lazy\" decoding=\"async\" class=\"aligncenter\" title=\"\" src=\"http:\/\/gymnasium-mariengarden.de\/wordpress\/wp-content\/uploads\/2017\/01\/P1010001a.jpg\" alt=\"\" width=\"474\" height=\"355\" \/><\/div>\n<div><\/div>\n<div><\/div>\n<div id=\"yui_3_16_0_ym19_1_1484989637760_2749\" style=\"text-align: justify;\">Die restliche Zeit verbringen wir an zwei unterschiedlichen Schulen im S\u00fcdosten des Landes<\/div>\n<div><\/div>\n<ul id=\"yui_3_16_0_ym19_1_1484989637760_2748\" style=\"text-align: justify;\">\n<li id=\"yui_3_16_0_ym19_1_1484989637760_2774\">\u00dcbernachtung in den Schulen<\/li>\n<li id=\"yui_3_16_0_ym19_1_1484989637760_2773\">viele gemeinschaftliche Aktionen mit den indischen Sch\u00fclern (z.B. Tanz, Sport, Unterricht, Theater&#8230;)<\/li>\n<li>gegenseitiger Austausch von Kultur, Geschichte, soziale Bedingungen etc.<\/li>\n<li id=\"yui_3_16_0_ym19_1_1484989637760_2750\">Bau von Fu\u00dfballtoren, Basketballk\u00f6rben und \/ oder Errichtung eines Volleyballfeldes f\u00fcr die indischen Sch\u00fcler auf deren Schulhof<\/li>\n<\/ul>\n<div id=\"yui_3_16_0_ym19_1_1484989637760_2751\" style=\"text-align: justify;\">W\u00e4hrend der vergangenen Schuljahre organisierten unsere Sch\u00fclerinnen und Sch\u00fcler mehrere Spendenaktionen, um ein Haus f\u00fcr Internatssch\u00fcler renovieren zu k\u00f6nnen. In diesem befinden sich noch keine Matratzen (die Kinder schlafen direkt auf ihren Eisenbetten), kein St\u00fchle (die Kinder essen auf dem Boden), keine Kleiderschr\u00e4nke.<\/div>\n<div><img loading=\"lazy\" decoding=\"async\" class=\"aligncenter\" title=\"\" src=\"http:\/\/gymnasium-mariengarden.de\/wordpress\/wp-content\/uploads\/2017\/01\/DSCN5252.jpg\" alt=\"\" width=\"474\" height=\"356\" \/><\/div>\n<div><\/div>\n<div><img loading=\"lazy\" decoding=\"async\" class=\"aligncenter\" title=\"\" src=\"http:\/\/gymnasium-mariengarden.de\/wordpress\/wp-content\/uploads\/2017\/01\/DSCN5253.jpg\" alt=\"\" width=\"474\" height=\"356\" \/><\/div>\n<div><\/div>\n<div id=\"yui_3_16_0_ym19_1_1484989637760_2752\" style=\"text-align: justify;\">Von dem Projekt versprechen wir uns Folgendes:<\/div>\n<div id=\"yui_3_16_0_ym19_1_1484989637760_2772\" style=\"text-align: justify;\">Die Sch\u00fclerinnen und Sch\u00fcler sollen<\/div>\n<ul id=\"yui_3_16_0_ym19_1_1484989637760_2754\" style=\"text-align: justify;\">\n<li id=\"yui_3_16_0_ym19_1_1484989637760_2753\">ihren Horizont erweitern, indem sie \u201e\u00fcber den eigenen Tellerrand hinausschauen\u201c, und dadurch in ihrem Bewusstsein gest\u00e4rkt werden<\/li>\n<li id=\"yui_3_16_0_ym19_1_1484989637760_2755\">in ihrer eigenen Pers\u00f6nlichkeit weiterentwickelt werden<\/li>\n<li id=\"yui_3_16_0_ym19_1_1484989637760_2771\">eine m\u00f6gliche Orientierung f\u00fcr ihren weiteren (eigenen) Lebensweg bekommen<\/li>\n<li id=\"yui_3_16_0_ym19_1_1484989637760_2756\">in ihrer Selbstst\u00e4ndigkeit gef\u00f6rdert werden<\/li>\n<li id=\"yui_3_16_0_ym19_1_1484989637760_2757\">ihre Englischkenntnisse aufbessern (kein prim\u00e4res Ziel)<\/li>\n<\/ul>\n<div id=\"yui_3_16_0_ym19_1_1484989637760_2759\" style=\"text-align: justify;\">Zudem sollen sich die Lebensumst\u00e4nde der indischen Kinder verbessern. Au\u00dferdem sollen auch sie von dem Besuch und dem damit verbundenen gegenseitigen Austausch profitieren.<\/div>\n<div><\/div>\n<div><\/div>\n<p><img loading=\"lazy\" decoding=\"async\" class=\"aligncenter\" title=\"\" src=\"http:\/\/gymnasium-mariengarden.de\/wordpress\/wp-content\/uploads\/2017\/01\/P1110733.jpg\" alt=\"\" width=\"474\" height=\"356\" \/><\/p>\n","protected":false},"excerpt":{"rendered":"<p>Neuigkeiten vom Indienprojekt finden Sie hier. Sie k\u00f6nnen auch Teil des Indienprojekts werden, indem Sie eine Spende hinterlassen, um zu helfen. Informationen zum Spendenkonto finden Sie hier. In diesem Jahr startet Herr Reisener mit einigen Sch\u00fclern ein spezielles Spendenprojekt &#8222;Run for India&#8220;. Informieren Sie sich und machen Sie mit! Bilder von der Indienreise 2017\u00a0 finden &hellip; <a href=\"https:\/\/www.gymnasium-mariengarden.de\/wordpress\/indienprojekt\/\" class=\"more-link\"><span class=\"screen-reader-text\">Indienprojekt<\/span> weiterlesen <span class=\"meta-nav\">&rarr;<\/span><\/a><\/p>\n","protected":false},"author":75,"featured_media":0,"parent":0,"menu_order":0,"comment_status":"closed","ping_status":"open","template":"","meta":{"footnotes":""},"class_list":["post-3831","page","type-page","status-publish","hentry"],"yoast_head":"<!-- This site is optimized with the Yoast SEO plugin v27.3 - https:\/\/yoast.com\/product\/yoast-seo-wordpress\/ -->\n<title>Indienprojekt - Gymnasium Mariengarden<\/title>\n<meta name=\"description\" content=\"Privates Gymnasium der Oblatenmissionare\" \/>\n<meta name=\"robots\" content=\"index, follow, max-snippet:-1, max-image-preview:large, max-video-preview:-1\" \/>\n<link rel=\"canonical\" href=\"https:\/\/www.gymnasium-mariengarden.de\/wordpress\/indienprojekt\/\" \/>\n<meta property=\"og:locale\" content=\"de_DE\" \/>\n<meta property=\"og:type\" content=\"article\" \/>\n<meta property=\"og:title\" content=\"Indienprojekt - Gymnasium Mariengarden\" \/>\n<meta property=\"og:description\" content=\"Privates Gymnasium der Oblatenmissionare\" \/>\n<meta property=\"og:url\" content=\"https:\/\/www.gymnasium-mariengarden.de\/wordpress\/indienprojekt\/\" \/>\n<meta property=\"og:site_name\" content=\"Gymnasium Mariengarden\" \/>\n<meta property=\"article:publisher\" content=\"https:\/\/www.facebook.com\/groups\/38812342437\/?locale=de_DE\" \/>\n<meta property=\"article:modified_time\" content=\"2023-12-19T10:18:46+00:00\" \/>\n<meta property=\"og:image\" content=\"http:\/\/gymnasium-mariengarden.de\/wordpress\/wp-content\/uploads\/2017\/01\/P1010001a.jpg\" \/>\n<meta name=\"twitter:card\" content=\"summary_large_image\" \/>\n<meta name=\"twitter:label1\" content=\"Gesch\u00e4tzte Lesezeit\" \/>\n\t<meta name=\"twitter:data1\" content=\"2\u00a0Minuten\" \/>\n<script type=\"application\/ld+json\" class=\"yoast-schema-graph\">{\"@context\":\"https:\\\/\\\/schema.org\",\"@graph\":[{\"@type\":\"WebPage\",\"@id\":\"https:\\\/\\\/www.gymnasium-mariengarden.de\\\/wordpress\\\/indienprojekt\\\/\",\"url\":\"https:\\\/\\\/www.gymnasium-mariengarden.de\\\/wordpress\\\/indienprojekt\\\/\",\"name\":\"Indienprojekt - Gymnasium Mariengarden\",\"isPartOf\":{\"@id\":\"https:\\\/\\\/www.gymnasium-mariengarden.de\\\/wordpress\\\/#website\"},\"primaryImageOfPage\":{\"@id\":\"https:\\\/\\\/www.gymnasium-mariengarden.de\\\/wordpress\\\/indienprojekt\\\/#primaryimage\"},\"image\":{\"@id\":\"https:\\\/\\\/www.gymnasium-mariengarden.de\\\/wordpress\\\/indienprojekt\\\/#primaryimage\"},\"thumbnailUrl\":\"http:\\\/\\\/gymnasium-mariengarden.de\\\/wordpress\\\/wp-content\\\/uploads\\\/2017\\\/01\\\/P1010001a.jpg\",\"datePublished\":\"2017-01-21T10:23:39+00:00\",\"dateModified\":\"2023-12-19T10:18:46+00:00\",\"description\":\"Privates Gymnasium der Oblatenmissionare\",\"breadcrumb\":{\"@id\":\"https:\\\/\\\/www.gymnasium-mariengarden.de\\\/wordpress\\\/indienprojekt\\\/#breadcrumb\"},\"inLanguage\":\"de\",\"potentialAction\":[{\"@type\":\"ReadAction\",\"target\":[\"https:\\\/\\\/www.gymnasium-mariengarden.de\\\/wordpress\\\/indienprojekt\\\/\"]}]},{\"@type\":\"ImageObject\",\"inLanguage\":\"de\",\"@id\":\"https:\\\/\\\/www.gymnasium-mariengarden.de\\\/wordpress\\\/indienprojekt\\\/#primaryimage\",\"url\":\"http:\\\/\\\/gymnasium-mariengarden.de\\\/wordpress\\\/wp-content\\\/uploads\\\/2017\\\/01\\\/P1010001a.jpg\",\"contentUrl\":\"http:\\\/\\\/gymnasium-mariengarden.de\\\/wordpress\\\/wp-content\\\/uploads\\\/2017\\\/01\\\/P1010001a.jpg\"},{\"@type\":\"BreadcrumbList\",\"@id\":\"https:\\\/\\\/www.gymnasium-mariengarden.de\\\/wordpress\\\/indienprojekt\\\/#breadcrumb\",\"itemListElement\":[{\"@type\":\"ListItem\",\"position\":1,\"name\":\"Startseite\",\"item\":\"https:\\\/\\\/www.gymnasium-mariengarden.de\\\/wordpress\\\/\"},{\"@type\":\"ListItem\",\"position\":2,\"name\":\"Indienprojekt\"}]},{\"@type\":\"WebSite\",\"@id\":\"https:\\\/\\\/www.gymnasium-mariengarden.de\\\/wordpress\\\/#website\",\"url\":\"https:\\\/\\\/www.gymnasium-mariengarden.de\\\/wordpress\\\/\",\"name\":\"Gymnasium Mariengarden\",\"description\":\"Privates Gymnasium der Oblatenmissionare\",\"alternateName\":\"Gymnasium Mariengarden Borken-Burlo\",\"potentialAction\":[{\"@type\":\"SearchAction\",\"target\":{\"@type\":\"EntryPoint\",\"urlTemplate\":\"https:\\\/\\\/www.gymnasium-mariengarden.de\\\/wordpress\\\/?s={search_term_string}\"},\"query-input\":{\"@type\":\"PropertyValueSpecification\",\"valueRequired\":true,\"valueName\":\"search_term_string\"}}],\"inLanguage\":\"de\"}]}<\/script>\n<!-- \/ Yoast SEO plugin. -->","yoast_head_json":{"title":"Indienprojekt - Gymnasium Mariengarden","description":"Privates Gymnasium der Oblatenmissionare","robots":{"index":"index","follow":"follow","max-snippet":"max-snippet:-1","max-image-preview":"max-image-preview:large","max-video-preview":"max-video-preview:-1"},"canonical":"https:\/\/www.gymnasium-mariengarden.de\/wordpress\/indienprojekt\/","og_locale":"de_DE","og_type":"article","og_title":"Indienprojekt - Gymnasium Mariengarden","og_description":"Privates Gymnasium der Oblatenmissionare","og_url":"https:\/\/www.gymnasium-mariengarden.de\/wordpress\/indienprojekt\/","og_site_name":"Gymnasium Mariengarden","article_publisher":"https:\/\/www.facebook.com\/groups\/38812342437\/?locale=de_DE","article_modified_time":"2023-12-19T10:18:46+00:00","og_image":[{"url":"http:\/\/gymnasium-mariengarden.de\/wordpress\/wp-content\/uploads\/2017\/01\/P1010001a.jpg","type":"","width":"","height":""}],"twitter_card":"summary_large_image","twitter_misc":{"Gesch\u00e4tzte Lesezeit":"2\u00a0Minuten"},"schema":{"@context":"https:\/\/schema.org","@graph":[{"@type":"WebPage","@id":"https:\/\/www.gymnasium-mariengarden.de\/wordpress\/indienprojekt\/","url":"https:\/\/www.gymnasium-mariengarden.de\/wordpress\/indienprojekt\/","name":"Indienprojekt - Gymnasium Mariengarden","isPartOf":{"@id":"https:\/\/www.gymnasium-mariengarden.de\/wordpress\/#website"},"primaryImageOfPage":{"@id":"https:\/\/www.gymnasium-mariengarden.de\/wordpress\/indienprojekt\/#primaryimage"},"image":{"@id":"https:\/\/www.gymnasium-mariengarden.de\/wordpress\/indienprojekt\/#primaryimage"},"thumbnailUrl":"http:\/\/gymnasium-mariengarden.de\/wordpress\/wp-content\/uploads\/2017\/01\/P1010001a.jpg","datePublished":"2017-01-21T10:23:39+00:00","dateModified":"2023-12-19T10:18:46+00:00","description":"Privates Gymnasium der Oblatenmissionare","breadcrumb":{"@id":"https:\/\/www.gymnasium-mariengarden.de\/wordpress\/indienprojekt\/#breadcrumb"},"inLanguage":"de","potentialAction":[{"@type":"ReadAction","target":["https:\/\/www.gymnasium-mariengarden.de\/wordpress\/indienprojekt\/"]}]},{"@type":"ImageObject","inLanguage":"de","@id":"https:\/\/www.gymnasium-mariengarden.de\/wordpress\/indienprojekt\/#primaryimage","url":"http:\/\/gymnasium-mariengarden.de\/wordpress\/wp-content\/uploads\/2017\/01\/P1010001a.jpg","contentUrl":"http:\/\/gymnasium-mariengarden.de\/wordpress\/wp-content\/uploads\/2017\/01\/P1010001a.jpg"},{"@type":"BreadcrumbList","@id":"https:\/\/www.gymnasium-mariengarden.de\/wordpress\/indienprojekt\/#breadcrumb","itemListElement":[{"@type":"ListItem","position":1,"name":"Startseite","item":"https:\/\/www.gymnasium-mariengarden.de\/wordpress\/"},{"@type":"ListItem","position":2,"name":"Indienprojekt"}]},{"@type":"WebSite","@id":"https:\/\/www.gymnasium-mariengarden.de\/wordpress\/#website","url":"https:\/\/www.gymnasium-mariengarden.de\/wordpress\/","name":"Gymnasium Mariengarden","description":"Privates Gymnasium der Oblatenmissionare","alternateName":"Gymnasium Mariengarden Borken-Burlo","potentialAction":[{"@type":"SearchAction","target":{"@type":"EntryPoint","urlTemplate":"https:\/\/www.gymnasium-mariengarden.de\/wordpress\/?s={search_term_string}"},"query-input":{"@type":"PropertyValueSpecification","valueRequired":true,"valueName":"search_term_string"}}],"inLanguage":"de"}]}},"_links":{"self":[{"href":"https:\/\/www.gymnasium-mariengarden.de\/wordpress\/wp-json\/wp\/v2\/pages\/3831","targetHints":{"allow":["GET"]}}],"collection":[{"href":"https:\/\/www.gymnasium-mariengarden.de\/wordpress\/wp-json\/wp\/v2\/pages"}],"about":[{"href":"https:\/\/www.gymnasium-mariengarden.de\/wordpress\/wp-json\/wp\/v2\/types\/page"}],"author":[{"embeddable":true,"href":"https:\/\/www.gymnasium-mariengarden.de\/wordpress\/wp-json\/wp\/v2\/users\/75"}],"replies":[{"embeddable":true,"href":"https:\/\/www.gymnasium-mariengarden.de\/wordpress\/wp-json\/wp\/v2\/comments?post=3831"}],"version-history":[{"count":5,"href":"https:\/\/www.gymnasium-mariengarden.de\/wordpress\/wp-json\/wp\/v2\/pages\/3831\/revisions"}],"predecessor-version":[{"id":15312,"href":"https:\/\/www.gymnasium-mariengarden.de\/wordpress\/wp-json\/wp\/v2\/pages\/3831\/revisions\/15312"}],"wp:attachment":[{"href":"https:\/\/www.gymnasium-mariengarden.de\/wordpress\/wp-json\/wp\/v2\/media?parent=3831"}],"curies":[{"name":"wp","href":"https:\/\/api.w.org\/{rel}","templated":true}]}}