{"id":3683,"date":"2016-09-24T11:10:59","date_gmt":"2016-09-24T09:10:59","guid":{"rendered":"http:\/\/gymnasium-mariengarden.de\/?page_id=3683"},"modified":"2023-12-19T11:42:29","modified_gmt":"2023-12-19T10:42:29","slug":"schulpflegschaft","status":"publish","type":"page","link":"https:\/\/www.gymnasium-mariengarden.de\/wordpress\/schulpflegschaft\/","title":{"rendered":"Schulpflegschaft"},"content":{"rendered":"\n<p>,,S<em>chule\u201c ist nicht nur Bildungsst\u00e4tte, sondern auch auch ein gemeinsamer Gestaltungsprozess in vertrauensvollem Miteinander von Schulleitung, Lehrkr\u00e4ften, Sch\u00fclerschaft und Eltern, bei dem das Wohl des Kindes im Zentrum steht.<\/em><\/p>\n\n\n\n<p>Als Schulpflegschaft sind wir zuvorderst Interessenvertreter der Eltern, gleichzeitig aber auch bestrebt, eine Br\u00fccke zwischen Elternhaus und Schule zu bilden.<\/p>\n\n\n\n<p>Wir begleiten das Schulleben aktiv, bringen Ihre Ideen und W\u00fcnsche ein und unterst\u00fctzen Ihre Elternarbeit an der Schule. Uns ist es wichtig, f\u00fcr m\u00f6glichst alle Eltern zu sprechen. Das k\u00f6nnen wir nur mit Ihrer Hilfe. Lassen Sie uns wissen, was Sie und Ihre Kinder bewegt.<\/p>\n\n\n\n<p>Nach f\u00fcnf Jahren verabschieden wir Frau Sandra da Costa Rodrigues. Neuer 1. Vorsitzender ist in diesem Schuljahr Herr Markus Teriete, seine Stellvertreterin ist Frau Britta Wei\u00df.<\/p>\n\n\n\n<p>Ab sofort k\u00f6nnen Sie uns auch per E-Mail erreichen:<\/p>\n\n\n\n<p><a href=\"mailto:schulpflegschaft@gymnasium-mariengarden.de\"><strong>schulpflegschaft@gymnasium-mariengarden.de<\/strong><\/a><\/p>\n\n\n\n<p>Suchen Sie den pers\u00f6nlichen Kontakt mit uns oder schreiben Sie uns. Wir freuen uns, von Ihnen zu h\u00f6ren oder zu lesen und danken Ihnen f\u00fcr das in uns gesetzte Vertrauen.<\/p>\n\n\n\n<figure class=\"wp-block-image size-large\"><img loading=\"lazy\" decoding=\"async\" width=\"1024\" height=\"768\" src=\"https:\/\/www.gymnasium-mariengarden.de\/wordpress\/wp-content\/uploads\/2023\/09\/Pflegschaft2023-1024x768.jpg\" alt=\"\" class=\"wp-image-14989\" srcset=\"https:\/\/www.gymnasium-mariengarden.de\/wordpress\/wp-content\/uploads\/2023\/09\/Pflegschaft2023-1024x768.jpg 1024w, https:\/\/www.gymnasium-mariengarden.de\/wordpress\/wp-content\/uploads\/2023\/09\/Pflegschaft2023-300x225.jpg 300w, https:\/\/www.gymnasium-mariengarden.de\/wordpress\/wp-content\/uploads\/2023\/09\/Pflegschaft2023-768x576.jpg 768w, https:\/\/www.gymnasium-mariengarden.de\/wordpress\/wp-content\/uploads\/2023\/09\/Pflegschaft2023-1536x1152.jpg 1536w, https:\/\/www.gymnasium-mariengarden.de\/wordpress\/wp-content\/uploads\/2023\/09\/Pflegschaft2023.jpg 2016w\" sizes=\"auto, (max-width: 1024px) 100vw, 1024px\" \/><\/figure>\n\n\n\n<p><\/p>\n","protected":false},"excerpt":{"rendered":"<p>,,Schule\u201c ist nicht nur Bildungsst\u00e4tte, sondern auch auch ein gemeinsamer Gestaltungsprozess in vertrauensvollem Miteinander von Schulleitung, Lehrkr\u00e4ften, Sch\u00fclerschaft und Eltern, bei dem das Wohl des Kindes im Zentrum steht. Als Schulpflegschaft sind wir zuvorderst Interessenvertreter der Eltern, gleichzeitig aber auch bestrebt, eine Br\u00fccke zwischen Elternhaus und Schule zu bilden. Wir begleiten das Schulleben aktiv, bringen &hellip; <a href=\"https:\/\/www.gymnasium-mariengarden.de\/wordpress\/schulpflegschaft\/\" class=\"more-link\"><span class=\"screen-reader-text\">Schulpflegschaft<\/span> weiterlesen <span class=\"meta-nav\">&rarr;<\/span><\/a><\/p>\n","protected":false},"author":4,"featured_media":0,"parent":0,"menu_order":0,"comment_status":"closed","ping_status":"open","template":"","meta":{"footnotes":""},"class_list":["post-3683","page","type-page","status-publish","hentry"],"yoast_head":"<!-- This site is optimized with the Yoast SEO plugin v27.3 - https:\/\/yoast.com\/product\/yoast-seo-wordpress\/ -->\n<title>Schulpflegschaft - Gymnasium Mariengarden<\/title>\n<meta name=\"description\" content=\"Privates Gymnasium der Oblatenmissionare\" \/>\n<meta name=\"robots\" content=\"index, follow, max-snippet:-1, max-image-preview:large, max-video-preview:-1\" \/>\n<link rel=\"canonical\" href=\"https:\/\/www.gymnasium-mariengarden.de\/wordpress\/schulpflegschaft\/\" \/>\n<meta property=\"og:locale\" content=\"de_DE\" \/>\n<meta property=\"og:type\" content=\"article\" \/>\n<meta property=\"og:title\" content=\"Schulpflegschaft - Gymnasium Mariengarden\" \/>\n<meta property=\"og:description\" content=\"Privates Gymnasium der Oblatenmissionare\" \/>\n<meta property=\"og:url\" content=\"https:\/\/www.gymnasium-mariengarden.de\/wordpress\/schulpflegschaft\/\" \/>\n<meta property=\"og:site_name\" content=\"Gymnasium Mariengarden\" \/>\n<meta property=\"article:publisher\" content=\"https:\/\/www.facebook.com\/groups\/38812342437\/?locale=de_DE\" \/>\n<meta property=\"article:modified_time\" content=\"2023-12-19T10:42:29+00:00\" \/>\n<meta property=\"og:image\" content=\"https:\/\/www.gymnasium-mariengarden.de\/wordpress\/wp-content\/uploads\/2023\/09\/Pflegschaft2023-1024x768.jpg\" \/>\n<meta name=\"twitter:card\" content=\"summary_large_image\" \/>\n<meta name=\"twitter:label1\" content=\"Gesch\u00e4tzte Lesezeit\" \/>\n\t<meta name=\"twitter:data1\" content=\"1\u00a0Minute\" \/>\n<script type=\"application\/ld+json\" class=\"yoast-schema-graph\">{\"@context\":\"https:\\\/\\\/schema.org\",\"@graph\":[{\"@type\":\"WebPage\",\"@id\":\"https:\\\/\\\/www.gymnasium-mariengarden.de\\\/wordpress\\\/schulpflegschaft\\\/\",\"url\":\"https:\\\/\\\/www.gymnasium-mariengarden.de\\\/wordpress\\\/schulpflegschaft\\\/\",\"name\":\"Schulpflegschaft - Gymnasium Mariengarden\",\"isPartOf\":{\"@id\":\"https:\\\/\\\/www.gymnasium-mariengarden.de\\\/wordpress\\\/#website\"},\"primaryImageOfPage\":{\"@id\":\"https:\\\/\\\/www.gymnasium-mariengarden.de\\\/wordpress\\\/schulpflegschaft\\\/#primaryimage\"},\"image\":{\"@id\":\"https:\\\/\\\/www.gymnasium-mariengarden.de\\\/wordpress\\\/schulpflegschaft\\\/#primaryimage\"},\"thumbnailUrl\":\"https:\\\/\\\/www.gymnasium-mariengarden.de\\\/wordpress\\\/wp-content\\\/uploads\\\/2023\\\/09\\\/Pflegschaft2023-1024x768.jpg\",\"datePublished\":\"2016-09-24T09:10:59+00:00\",\"dateModified\":\"2023-12-19T10:42:29+00:00\",\"description\":\"Privates Gymnasium der Oblatenmissionare\",\"breadcrumb\":{\"@id\":\"https:\\\/\\\/www.gymnasium-mariengarden.de\\\/wordpress\\\/schulpflegschaft\\\/#breadcrumb\"},\"inLanguage\":\"de\",\"potentialAction\":[{\"@type\":\"ReadAction\",\"target\":[\"https:\\\/\\\/www.gymnasium-mariengarden.de\\\/wordpress\\\/schulpflegschaft\\\/\"]}]},{\"@type\":\"ImageObject\",\"inLanguage\":\"de\",\"@id\":\"https:\\\/\\\/www.gymnasium-mariengarden.de\\\/wordpress\\\/schulpflegschaft\\\/#primaryimage\",\"url\":\"https:\\\/\\\/www.gymnasium-mariengarden.de\\\/wordpress\\\/wp-content\\\/uploads\\\/2023\\\/09\\\/Pflegschaft2023.jpg\",\"contentUrl\":\"https:\\\/\\\/www.gymnasium-mariengarden.de\\\/wordpress\\\/wp-content\\\/uploads\\\/2023\\\/09\\\/Pflegschaft2023.jpg\",\"width\":2016,\"height\":1512},{\"@type\":\"BreadcrumbList\",\"@id\":\"https:\\\/\\\/www.gymnasium-mariengarden.de\\\/wordpress\\\/schulpflegschaft\\\/#breadcrumb\",\"itemListElement\":[{\"@type\":\"ListItem\",\"position\":1,\"name\":\"Startseite\",\"item\":\"https:\\\/\\\/www.gymnasium-mariengarden.de\\\/wordpress\\\/\"},{\"@type\":\"ListItem\",\"position\":2,\"name\":\"Schulpflegschaft\"}]},{\"@type\":\"WebSite\",\"@id\":\"https:\\\/\\\/www.gymnasium-mariengarden.de\\\/wordpress\\\/#website\",\"url\":\"https:\\\/\\\/www.gymnasium-mariengarden.de\\\/wordpress\\\/\",\"name\":\"Gymnasium Mariengarden\",\"description\":\"Privates Gymnasium der Oblatenmissionare\",\"alternateName\":\"Gymnasium Mariengarden Borken-Burlo\",\"potentialAction\":[{\"@type\":\"SearchAction\",\"target\":{\"@type\":\"EntryPoint\",\"urlTemplate\":\"https:\\\/\\\/www.gymnasium-mariengarden.de\\\/wordpress\\\/?s={search_term_string}\"},\"query-input\":{\"@type\":\"PropertyValueSpecification\",\"valueRequired\":true,\"valueName\":\"search_term_string\"}}],\"inLanguage\":\"de\"}]}<\/script>\n<!-- \/ Yoast SEO plugin. -->","yoast_head_json":{"title":"Schulpflegschaft - Gymnasium Mariengarden","description":"Privates Gymnasium der Oblatenmissionare","robots":{"index":"index","follow":"follow","max-snippet":"max-snippet:-1","max-image-preview":"max-image-preview:large","max-video-preview":"max-video-preview:-1"},"canonical":"https:\/\/www.gymnasium-mariengarden.de\/wordpress\/schulpflegschaft\/","og_locale":"de_DE","og_type":"article","og_title":"Schulpflegschaft - Gymnasium Mariengarden","og_description":"Privates Gymnasium der Oblatenmissionare","og_url":"https:\/\/www.gymnasium-mariengarden.de\/wordpress\/schulpflegschaft\/","og_site_name":"Gymnasium Mariengarden","article_publisher":"https:\/\/www.facebook.com\/groups\/38812342437\/?locale=de_DE","article_modified_time":"2023-12-19T10:42:29+00:00","og_image":[{"url":"https:\/\/www.gymnasium-mariengarden.de\/wordpress\/wp-content\/uploads\/2023\/09\/Pflegschaft2023-1024x768.jpg","type":"","width":"","height":""}],"twitter_card":"summary_large_image","twitter_misc":{"Gesch\u00e4tzte Lesezeit":"1\u00a0Minute"},"schema":{"@context":"https:\/\/schema.org","@graph":[{"@type":"WebPage","@id":"https:\/\/www.gymnasium-mariengarden.de\/wordpress\/schulpflegschaft\/","url":"https:\/\/www.gymnasium-mariengarden.de\/wordpress\/schulpflegschaft\/","name":"Schulpflegschaft - Gymnasium Mariengarden","isPartOf":{"@id":"https:\/\/www.gymnasium-mariengarden.de\/wordpress\/#website"},"primaryImageOfPage":{"@id":"https:\/\/www.gymnasium-mariengarden.de\/wordpress\/schulpflegschaft\/#primaryimage"},"image":{"@id":"https:\/\/www.gymnasium-mariengarden.de\/wordpress\/schulpflegschaft\/#primaryimage"},"thumbnailUrl":"https:\/\/www.gymnasium-mariengarden.de\/wordpress\/wp-content\/uploads\/2023\/09\/Pflegschaft2023-1024x768.jpg","datePublished":"2016-09-24T09:10:59+00:00","dateModified":"2023-12-19T10:42:29+00:00","description":"Privates Gymnasium der Oblatenmissionare","breadcrumb":{"@id":"https:\/\/www.gymnasium-mariengarden.de\/wordpress\/schulpflegschaft\/#breadcrumb"},"inLanguage":"de","potentialAction":[{"@type":"ReadAction","target":["https:\/\/www.gymnasium-mariengarden.de\/wordpress\/schulpflegschaft\/"]}]},{"@type":"ImageObject","inLanguage":"de","@id":"https:\/\/www.gymnasium-mariengarden.de\/wordpress\/schulpflegschaft\/#primaryimage","url":"https:\/\/www.gymnasium-mariengarden.de\/wordpress\/wp-content\/uploads\/2023\/09\/Pflegschaft2023.jpg","contentUrl":"https:\/\/www.gymnasium-mariengarden.de\/wordpress\/wp-content\/uploads\/2023\/09\/Pflegschaft2023.jpg","width":2016,"height":1512},{"@type":"BreadcrumbList","@id":"https:\/\/www.gymnasium-mariengarden.de\/wordpress\/schulpflegschaft\/#breadcrumb","itemListElement":[{"@type":"ListItem","position":1,"name":"Startseite","item":"https:\/\/www.gymnasium-mariengarden.de\/wordpress\/"},{"@type":"ListItem","position":2,"name":"Schulpflegschaft"}]},{"@type":"WebSite","@id":"https:\/\/www.gymnasium-mariengarden.de\/wordpress\/#website","url":"https:\/\/www.gymnasium-mariengarden.de\/wordpress\/","name":"Gymnasium Mariengarden","description":"Privates Gymnasium der Oblatenmissionare","alternateName":"Gymnasium Mariengarden Borken-Burlo","potentialAction":[{"@type":"SearchAction","target":{"@type":"EntryPoint","urlTemplate":"https:\/\/www.gymnasium-mariengarden.de\/wordpress\/?s={search_term_string}"},"query-input":{"@type":"PropertyValueSpecification","valueRequired":true,"valueName":"search_term_string"}}],"inLanguage":"de"}]}},"_links":{"self":[{"href":"https:\/\/www.gymnasium-mariengarden.de\/wordpress\/wp-json\/wp\/v2\/pages\/3683","targetHints":{"allow":["GET"]}}],"collection":[{"href":"https:\/\/www.gymnasium-mariengarden.de\/wordpress\/wp-json\/wp\/v2\/pages"}],"about":[{"href":"https:\/\/www.gymnasium-mariengarden.de\/wordpress\/wp-json\/wp\/v2\/types\/page"}],"author":[{"embeddable":true,"href":"https:\/\/www.gymnasium-mariengarden.de\/wordpress\/wp-json\/wp\/v2\/users\/4"}],"replies":[{"embeddable":true,"href":"https:\/\/www.gymnasium-mariengarden.de\/wordpress\/wp-json\/wp\/v2\/comments?post=3683"}],"version-history":[{"count":5,"href":"https:\/\/www.gymnasium-mariengarden.de\/wordpress\/wp-json\/wp\/v2\/pages\/3683\/revisions"}],"predecessor-version":[{"id":15322,"href":"https:\/\/www.gymnasium-mariengarden.de\/wordpress\/wp-json\/wp\/v2\/pages\/3683\/revisions\/15322"}],"wp:attachment":[{"href":"https:\/\/www.gymnasium-mariengarden.de\/wordpress\/wp-json\/wp\/v2\/media?parent=3683"}],"curies":[{"name":"wp","href":"https:\/\/api.w.org\/{rel}","templated":true}]}}