{"id":3319,"date":"2016-07-01T20:46:22","date_gmt":"2016-07-01T18:46:22","guid":{"rendered":"http:\/\/gymnasium-mariengarden.de\/?page_id=3319"},"modified":"2023-12-19T08:23:04","modified_gmt":"2023-12-19T07:23:04","slug":"ags-2","status":"publish","type":"page","link":"https:\/\/www.gymnasium-mariengarden.de\/wordpress\/ags-2\/","title":{"rendered":"\u00dcbersicht der AGs"},"content":{"rendered":"\n<p>Aufgrund der aktuellen Gegebenheiten kann es zu Ausf\u00e4llen oder Verschiebungen der AGs kommen. Bitte treten Sie mit der leitende Person in Kontakt, um n\u00e4here Informationen zu erhalten.<\/p>\n\n\n\n<p>Stand: Januar 2019<\/p>\n\n\n\n<figure class=\"wp-block-table\"><table><tbody><tr><td>DELF-AG<\/td><td>Franz\u00f6sisch<\/td><td>Fr. 5. Std.<\/td><td>Frau Hoffacker<\/td><\/tr><tr><td>Cambridge Society AG <\/td><td>Advanced<br>English (Q2)<\/td><td>Di. 5. Std<\/td><td><a href=\"https:\/\/www.gymnasium-mariengarden.de\/kollegium\/hen\/\">Frau Hennerici<\/a><\/td><\/tr><tr><td><a href=\"http:\/\/gymnasium-mariengarden.de\/ags\/homepage-ag\/\">Homepage-AG<\/a><\/td><td>&nbsp;<\/td><td>nach Absprache<\/td><td><a href=\"http:\/\/gymnasium-mariengarden.de\/kollegium\/ert\">Herr Ertner<\/a><\/td><\/tr><tr><td>Sch\u00fcler-Eltern-Lehrer-Chor<\/td><td>&nbsp;<\/td><td>nach Absprache<\/td><td><a href=\"http:\/\/gymnasium-mariengarden.de\/kollegium\/fo\">Herr Forg<\/a><\/td><\/tr><tr><td><a href=\"https:\/\/www.gymnasium-mariengarden.de\/ags\/musik-ag\/\">Musik-AG<\/a><\/td><td>14-t\u00e4gig<\/td><td>Samstags<\/td><td><a href=\"http:\/\/gymnasium-mariengarden.de\/kollegium\/fo\">Herr Forg<\/a><\/td><\/tr><tr><td><a href=\"http:\/\/gymnasium-mariengarden.de\/ags\/medienscouts\/\">Medienscouts<\/a><\/td><td>14-t\u00e4gig<\/td><td>Mo. 5. Std.<\/td><td><a href=\"http:\/\/gymnasium-mariengarden.de\/kollegium\/cim\">Frau  Cimen<\/a><\/td><\/tr><tr><td>Junges Ensemble Theater<\/td><td>&nbsp;<\/td><td>nach Absprache<\/td><td><a href=\"http:\/\/gymnasium-mariengarden.de\/kollegium\/due\">Herr D\u00fccker<\/a><\/td><\/tr><tr><td>Schul-Pop-band<\/td><td>&nbsp;<\/td><td>nach Absprache<\/td><td><a href=\"http:\/\/gymnasium-mariengarden.de\/kollegium\/due\">Herr D\u00fccker<\/a><\/td><\/tr><tr><td>Kreatives Schreiben<\/td><td>5.\/6. Klasse<\/td><td>alle 2 Wochen<br>Mi. 5.Std.<\/td><td><a href=\"http:\/\/gymnasium-mariengarden.de\/kollegium\/neo\">Frau  \n  <br>&nbsp;Neocleous<\/a><\/td><\/tr><tr><td><a href=\"http:\/\/gymnasium-mariengarden.de\/ags\/mathe-ag\/\">Mathe-Begabten-AG<\/a><\/td><td>&nbsp;<\/td><td>Mo. 5.Std.<\/td><td><a href=\"http:\/\/gymnasium-mariengarden.de\/kollegium\/fl\">Pater Fleischmann<\/a><\/td><\/tr><tr><td>Physik-AG<\/td><td>&nbsp;<\/td><td>Mi. 5. Std.<\/td><td><a href=\"http:\/\/gymnasium-mariengarden.de\/kollegium\/pla\">Frau&nbsp;Platzk\u00f6ster<\/a>\/<a href=\"https:\/\/www.gymnasium-mariengarden.de\/kollegium\/ret\/\">Frau Reiter<\/a><\/td><\/tr><tr><td><a href=\"https:\/\/gymnasium-mariengarden.de\/? \n  page_id=4174&amp;preview=true\">Schulsporthelfer-AG<\/a>    <\/td><td><\/td><td>Fr. 5.Std.<\/td><td><a href=\"https:\/\/gymnasium-mariengarden.de\/kollegium\/pri\/\">Frau Priemer<\/a><\/td><\/tr><tr><td>Chemie-AG<\/td><td><\/td><td>nach Absprache<\/td><td><a href=\"https:\/\/gymnasium-mariengarden.de\/kollegium\/efi\/\">Herr Efing<\/a><\/td><\/tr><tr><td>Roboter-AG<\/td><td><\/td><td> Mi. 5.Std.<\/td><td><a href=\"https:\/\/www.gymnasium-mariengarden.de\/kollegium\/srk\/\">Herr Stroick<\/a><\/td><\/tr><tr><td>Dragonboat<\/td><td><\/td><td>nach Absprache<\/td><td><a href=\"https:\/\/gymnasium-mariengarden.de\/kollegium\/ha\/\">Herr van Hall<\/a><\/td><\/tr><tr><td>Sch\u00fcler helfen Sch\u00fclern<\/td><td><\/td><td>nach Absprache<\/td><td><a href=\"https:\/\/gymnasium-mariengarden.de\/kollegium\/pri\/\">Frau Priemer<\/a><\/td><\/tr><tr><td>Schulsanit\u00e4ter<\/td><td><\/td><td><\/td><td><a href=\"https:\/\/gymnasium-mariengarden.de\/kollegium\/hsh\/\">Frau H\u00f6lscher<\/a><\/td><\/tr><tr><td>OMI-Kids<\/td><td>5.\/6. Klasse<\/td><td>monatlich 5.\/6. Std.<\/td><td>Schulseelsorge<\/td><\/tr><tr><td><a href=\"https:\/\/www.gymnasium-mariengarden.de\/wordpress\/ags-2\/dfb-ag\/\" data-type=\"page\" data-id=\"15208\">DFB-AG<\/a><\/td><td><\/td><td>Mo.\/Di.<br>5. Std.<\/td><td><a href=\"https:\/\/gymnasium-mariengarden.de\/kollegium\/rei\/\">Herr Reisener<\/a>\/<br><a href=\"https:\/\/www.gymnasium-mariengarden.de\/kollegium\/lee\/\">Herr Leenen<\/a><\/td><\/tr><tr><td>Tastenschreibkurs<\/td><td><\/td><td>Fr. 5. Std.<\/td><td>Frau Klein (extern)<\/td><\/tr><tr><td>Integratives Theaterprojekt<\/td><td><\/td><td>Do. 6. Std.<\/td><td><a href=\"https:\/\/www.gymnasium-mariengarden.de\/kollegium\/gz\/\">Herr G\u00f6tz<\/a><\/td><\/tr><tr><td>AG Kreatives Schreiben<\/td><td><\/td><td>Mo. 5. Std.<\/td><td><a href=\"https:\/\/www.gymnasium-mariengarden.de\/kollegium\/bor\/\">Herr Bork<\/a><\/td><\/tr><tr><td>Spanisch AG<\/td><td><\/td><td>Di. 5. Std.<\/td><td><a href=\"https:\/\/www.gymnasium-mariengarden.de\/kollegium\/ren\/\">Sr. Lisa Renner<\/a><\/td><\/tr><tr><td>Excel Kurs<\/td><td><\/td><td>Mi. 5. Std.<\/td><td>Frau Heitkamp<br> (extern)<\/td><\/tr><tr><td>Word Kurs<\/td><td><\/td><td>nach Absprache<\/td><td>Frau Heitkamp<br> (extern)<\/td><\/tr><tr><td>Bibliotalk-AG<\/td><td>Oberstufe<\/td><td>Do. <br>13:15-13:45<\/td><td>Pater Wolf<\/td><\/tr><tr><td>M\u00e4dchen Fu\u00dfball AG<\/td><td>5.\/6. Klasse<\/td><td>Fr. 5. Std.<\/td><td>Anna Rotthues<\/td><\/tr><\/tbody><\/table><\/figure>\n\n\n\n<p><\/p>\n","protected":false},"excerpt":{"rendered":"<p>Aufgrund der aktuellen Gegebenheiten kann es zu Ausf\u00e4llen oder Verschiebungen der AGs kommen. Bitte treten Sie mit der leitende Person in Kontakt, um n\u00e4here Informationen zu erhalten. Stand: Januar 2019 DELF-AG Franz\u00f6sisch Fr. 5. Std. Frau Hoffacker Cambridge Society AG AdvancedEnglish (Q2) Di. 5. Std Frau Hennerici Homepage-AG &nbsp; nach Absprache Herr Ertner Sch\u00fcler-Eltern-Lehrer-Chor &nbsp; &hellip; <a href=\"https:\/\/www.gymnasium-mariengarden.de\/wordpress\/ags-2\/\" class=\"more-link\"><span class=\"screen-reader-text\">\u00dcbersicht der AGs<\/span> weiterlesen <span class=\"meta-nav\">&rarr;<\/span><\/a><\/p>\n","protected":false},"author":5,"featured_media":0,"parent":0,"menu_order":0,"comment_status":"closed","ping_status":"closed","template":"","meta":{"footnotes":""},"class_list":["post-3319","page","type-page","status-publish","hentry"],"yoast_head":"<!-- This site is optimized with the Yoast SEO plugin v27.3 - https:\/\/yoast.com\/product\/yoast-seo-wordpress\/ -->\n<title>\u00dcbersicht der AGs - Gymnasium Mariengarden<\/title>\n<meta name=\"description\" content=\"Privates Gymnasium der Oblatenmissionare\" \/>\n<meta name=\"robots\" content=\"index, follow, max-snippet:-1, max-image-preview:large, max-video-preview:-1\" \/>\n<link rel=\"canonical\" href=\"https:\/\/www.gymnasium-mariengarden.de\/wordpress\/ags-2\/\" \/>\n<meta property=\"og:locale\" content=\"de_DE\" \/>\n<meta property=\"og:type\" content=\"article\" \/>\n<meta property=\"og:title\" content=\"\u00dcbersicht der AGs - Gymnasium Mariengarden\" \/>\n<meta property=\"og:description\" content=\"Privates Gymnasium der Oblatenmissionare\" \/>\n<meta property=\"og:url\" content=\"https:\/\/www.gymnasium-mariengarden.de\/wordpress\/ags-2\/\" \/>\n<meta property=\"og:site_name\" content=\"Gymnasium Mariengarden\" \/>\n<meta property=\"article:publisher\" content=\"https:\/\/www.facebook.com\/groups\/38812342437\/?locale=de_DE\" \/>\n<meta property=\"article:modified_time\" content=\"2023-12-19T07:23:04+00:00\" \/>\n<meta name=\"twitter:card\" content=\"summary_large_image\" \/>\n<meta name=\"twitter:label1\" content=\"Gesch\u00e4tzte Lesezeit\" \/>\n\t<meta name=\"twitter:data1\" content=\"1\u00a0Minute\" \/>\n<script type=\"application\/ld+json\" class=\"yoast-schema-graph\">{\"@context\":\"https:\\\/\\\/schema.org\",\"@graph\":[{\"@type\":\"WebPage\",\"@id\":\"https:\\\/\\\/www.gymnasium-mariengarden.de\\\/wordpress\\\/ags-2\\\/\",\"url\":\"https:\\\/\\\/www.gymnasium-mariengarden.de\\\/wordpress\\\/ags-2\\\/\",\"name\":\"\u00dcbersicht der AGs - Gymnasium Mariengarden\",\"isPartOf\":{\"@id\":\"https:\\\/\\\/www.gymnasium-mariengarden.de\\\/wordpress\\\/#website\"},\"datePublished\":\"2016-07-01T18:46:22+00:00\",\"dateModified\":\"2023-12-19T07:23:04+00:00\",\"description\":\"Privates Gymnasium der Oblatenmissionare\",\"breadcrumb\":{\"@id\":\"https:\\\/\\\/www.gymnasium-mariengarden.de\\\/wordpress\\\/ags-2\\\/#breadcrumb\"},\"inLanguage\":\"de\",\"potentialAction\":[{\"@type\":\"ReadAction\",\"target\":[\"https:\\\/\\\/www.gymnasium-mariengarden.de\\\/wordpress\\\/ags-2\\\/\"]}]},{\"@type\":\"BreadcrumbList\",\"@id\":\"https:\\\/\\\/www.gymnasium-mariengarden.de\\\/wordpress\\\/ags-2\\\/#breadcrumb\",\"itemListElement\":[{\"@type\":\"ListItem\",\"position\":1,\"name\":\"Startseite\",\"item\":\"https:\\\/\\\/www.gymnasium-mariengarden.de\\\/wordpress\\\/\"},{\"@type\":\"ListItem\",\"position\":2,\"name\":\"\u00dcbersicht der AGs\"}]},{\"@type\":\"WebSite\",\"@id\":\"https:\\\/\\\/www.gymnasium-mariengarden.de\\\/wordpress\\\/#website\",\"url\":\"https:\\\/\\\/www.gymnasium-mariengarden.de\\\/wordpress\\\/\",\"name\":\"Gymnasium Mariengarden\",\"description\":\"Privates Gymnasium der Oblatenmissionare\",\"alternateName\":\"Gymnasium Mariengarden Borken-Burlo\",\"potentialAction\":[{\"@type\":\"SearchAction\",\"target\":{\"@type\":\"EntryPoint\",\"urlTemplate\":\"https:\\\/\\\/www.gymnasium-mariengarden.de\\\/wordpress\\\/?s={search_term_string}\"},\"query-input\":{\"@type\":\"PropertyValueSpecification\",\"valueRequired\":true,\"valueName\":\"search_term_string\"}}],\"inLanguage\":\"de\"}]}<\/script>\n<!-- \/ Yoast SEO plugin. -->","yoast_head_json":{"title":"\u00dcbersicht der AGs - Gymnasium Mariengarden","description":"Privates Gymnasium der Oblatenmissionare","robots":{"index":"index","follow":"follow","max-snippet":"max-snippet:-1","max-image-preview":"max-image-preview:large","max-video-preview":"max-video-preview:-1"},"canonical":"https:\/\/www.gymnasium-mariengarden.de\/wordpress\/ags-2\/","og_locale":"de_DE","og_type":"article","og_title":"\u00dcbersicht der AGs - Gymnasium Mariengarden","og_description":"Privates Gymnasium der Oblatenmissionare","og_url":"https:\/\/www.gymnasium-mariengarden.de\/wordpress\/ags-2\/","og_site_name":"Gymnasium Mariengarden","article_publisher":"https:\/\/www.facebook.com\/groups\/38812342437\/?locale=de_DE","article_modified_time":"2023-12-19T07:23:04+00:00","twitter_card":"summary_large_image","twitter_misc":{"Gesch\u00e4tzte Lesezeit":"1\u00a0Minute"},"schema":{"@context":"https:\/\/schema.org","@graph":[{"@type":"WebPage","@id":"https:\/\/www.gymnasium-mariengarden.de\/wordpress\/ags-2\/","url":"https:\/\/www.gymnasium-mariengarden.de\/wordpress\/ags-2\/","name":"\u00dcbersicht der AGs - Gymnasium Mariengarden","isPartOf":{"@id":"https:\/\/www.gymnasium-mariengarden.de\/wordpress\/#website"},"datePublished":"2016-07-01T18:46:22+00:00","dateModified":"2023-12-19T07:23:04+00:00","description":"Privates Gymnasium der Oblatenmissionare","breadcrumb":{"@id":"https:\/\/www.gymnasium-mariengarden.de\/wordpress\/ags-2\/#breadcrumb"},"inLanguage":"de","potentialAction":[{"@type":"ReadAction","target":["https:\/\/www.gymnasium-mariengarden.de\/wordpress\/ags-2\/"]}]},{"@type":"BreadcrumbList","@id":"https:\/\/www.gymnasium-mariengarden.de\/wordpress\/ags-2\/#breadcrumb","itemListElement":[{"@type":"ListItem","position":1,"name":"Startseite","item":"https:\/\/www.gymnasium-mariengarden.de\/wordpress\/"},{"@type":"ListItem","position":2,"name":"\u00dcbersicht der AGs"}]},{"@type":"WebSite","@id":"https:\/\/www.gymnasium-mariengarden.de\/wordpress\/#website","url":"https:\/\/www.gymnasium-mariengarden.de\/wordpress\/","name":"Gymnasium Mariengarden","description":"Privates Gymnasium der Oblatenmissionare","alternateName":"Gymnasium Mariengarden Borken-Burlo","potentialAction":[{"@type":"SearchAction","target":{"@type":"EntryPoint","urlTemplate":"https:\/\/www.gymnasium-mariengarden.de\/wordpress\/?s={search_term_string}"},"query-input":{"@type":"PropertyValueSpecification","valueRequired":true,"valueName":"search_term_string"}}],"inLanguage":"de"}]}},"_links":{"self":[{"href":"https:\/\/www.gymnasium-mariengarden.de\/wordpress\/wp-json\/wp\/v2\/pages\/3319","targetHints":{"allow":["GET"]}}],"collection":[{"href":"https:\/\/www.gymnasium-mariengarden.de\/wordpress\/wp-json\/wp\/v2\/pages"}],"about":[{"href":"https:\/\/www.gymnasium-mariengarden.de\/wordpress\/wp-json\/wp\/v2\/types\/page"}],"author":[{"embeddable":true,"href":"https:\/\/www.gymnasium-mariengarden.de\/wordpress\/wp-json\/wp\/v2\/users\/5"}],"replies":[{"embeddable":true,"href":"https:\/\/www.gymnasium-mariengarden.de\/wordpress\/wp-json\/wp\/v2\/comments?post=3319"}],"version-history":[{"count":5,"href":"https:\/\/www.gymnasium-mariengarden.de\/wordpress\/wp-json\/wp\/v2\/pages\/3319\/revisions"}],"predecessor-version":[{"id":15216,"href":"https:\/\/www.gymnasium-mariengarden.de\/wordpress\/wp-json\/wp\/v2\/pages\/3319\/revisions\/15216"}],"wp:attachment":[{"href":"https:\/\/www.gymnasium-mariengarden.de\/wordpress\/wp-json\/wp\/v2\/media?parent=3319"}],"curies":[{"name":"wp","href":"https:\/\/api.w.org\/{rel}","templated":true}]}}