{"id":3124,"date":"2016-06-23T14:07:16","date_gmt":"2016-06-23T12:07:16","guid":{"rendered":"http:\/\/gymnasium-mariengarden.de\/wordpress\/?page_id=3124"},"modified":"2023-12-19T08:37:36","modified_gmt":"2023-12-19T07:37:36","slug":"medienscouts","status":"publish","type":"page","link":"https:\/\/www.gymnasium-mariengarden.de\/wordpress\/ags-2\/medienscouts\/","title":{"rendered":"Medienscouts"},"content":{"rendered":"\n<p><\/p>\n\n\n\n<p>\u201eIch bin bei den Medienscouts!\u201c &#8211; \u201eMedienscouts? Was zum Teufel ist ein Medienscout?\u201c<\/p>\n\n\n\n<p>Das ist die h\u00e4ufigste Reaktion unter Sch\u00fclern. Die Lehrer haben dann Technik-Freaks und Computer-Spezialisten im Kopf. Aber was sind denn jetzt Medienscouts?<\/p>\n\n\n\n<figure class=\"wp-block-image\"><img loading=\"lazy\" decoding=\"async\" width=\"932\" height=\"729\" src=\"https:\/\/www.gymnasium-mariengarden.de\/wordpress\/wp-content\/uploads\/2023\/06\/Medienscouts_2023.png\" alt=\"\" class=\"wp-image-14866\" srcset=\"https:\/\/www.gymnasium-mariengarden.de\/wordpress\/wp-content\/uploads\/2023\/06\/Medienscouts_2023.png 932w, https:\/\/www.gymnasium-mariengarden.de\/wordpress\/wp-content\/uploads\/2023\/06\/Medienscouts_2023-300x235.png 300w, https:\/\/www.gymnasium-mariengarden.de\/wordpress\/wp-content\/uploads\/2023\/06\/Medienscouts_2023-768x601.png 768w\" sizes=\"auto, (max-width: 932px) 100vw, 932px\" \/><\/figure>\n\n\n\n<p>Medienscouts helfen im Bereich der Sozialen Medien und unterst\u00fctzen die Lehrer in Form von Workshops, um den Stufen 5 \u2013 7 Rat zu geben und sinnvolles Verhalten im Internet vorzustellen. Zudem zeigen sie seit Neustem auch, wie man eine gelungene PowerPoint-Pr\u00e4sentation erstellt, strukturiert und schlie\u00dflich einen erfolgreichen Vortrag h\u00e4lt.<br>Sie stehen mit Rat und Tat bei Problemen im Netz zur Seite und sind auf dem Schulhof oder per E-Mail st\u00e4ndig zu erreichen. Auch \u00fcber aktuelle Programme wie WhatsApp, Snapchat oder Instagram wissen sie Bescheid, um aufkommende Probleme m\u00f6glichst schnell zu l\u00f6sen.<\/p>\n\n\n\n<p>DAS sind die Medienscouts!<\/p>\n\n\n\n<p class=\"has-small-font-size\">Beitragsbild: S. Hofschlaeger &nbsp;\/ pixelio.de<\/p>\n","protected":false},"excerpt":{"rendered":"<p>\u201eIch bin bei den Medienscouts!\u201c &#8211; \u201eMedienscouts? Was zum Teufel ist ein Medienscout?\u201c Das ist die h\u00e4ufigste Reaktion unter Sch\u00fclern. Die Lehrer haben dann Technik-Freaks und Computer-Spezialisten im Kopf. Aber was sind denn jetzt Medienscouts? Medienscouts helfen im Bereich der Sozialen Medien und unterst\u00fctzen die Lehrer in Form von Workshops, um den Stufen 5 \u2013 &hellip; <a href=\"https:\/\/www.gymnasium-mariengarden.de\/wordpress\/ags-2\/medienscouts\/\" class=\"more-link\"><span class=\"screen-reader-text\">Medienscouts<\/span> weiterlesen <span class=\"meta-nav\">&rarr;<\/span><\/a><\/p>\n","protected":false},"author":4,"featured_media":14869,"parent":3319,"menu_order":0,"comment_status":"closed","ping_status":"open","template":"","meta":{"footnotes":""},"class_list":["post-3124","page","type-page","status-publish","has-post-thumbnail","hentry"],"yoast_head":"<!-- This site is optimized with the Yoast SEO plugin v27.3 - https:\/\/yoast.com\/product\/yoast-seo-wordpress\/ -->\n<title>Medienscouts - Gymnasium Mariengarden<\/title>\n<meta name=\"description\" content=\"Privates Gymnasium der Oblatenmissionare\" \/>\n<meta name=\"robots\" content=\"index, follow, max-snippet:-1, max-image-preview:large, max-video-preview:-1\" \/>\n<link rel=\"canonical\" href=\"https:\/\/www.gymnasium-mariengarden.de\/wordpress\/ags-2\/medienscouts\/\" \/>\n<meta property=\"og:locale\" content=\"de_DE\" \/>\n<meta property=\"og:type\" content=\"article\" \/>\n<meta property=\"og:title\" content=\"Medienscouts - Gymnasium Mariengarden\" \/>\n<meta property=\"og:description\" content=\"Privates Gymnasium der Oblatenmissionare\" \/>\n<meta property=\"og:url\" content=\"https:\/\/www.gymnasium-mariengarden.de\/wordpress\/ags-2\/medienscouts\/\" \/>\n<meta property=\"og:site_name\" content=\"Gymnasium Mariengarden\" \/>\n<meta property=\"article:publisher\" content=\"https:\/\/www.facebook.com\/groups\/38812342437\/?locale=de_DE\" \/>\n<meta property=\"article:modified_time\" content=\"2023-12-19T07:37:36+00:00\" \/>\n<meta property=\"og:image\" content=\"https:\/\/www.gymnasium-mariengarden.de\/wordpress\/wp-content\/uploads\/2023\/06\/150825_web_R_B_by_S.-Hofschlaeger_pixelio.de_.jpg\" \/>\n\t<meta property=\"og:image:width\" content=\"400\" \/>\n\t<meta property=\"og:image:height\" content=\"291\" \/>\n\t<meta property=\"og:image:type\" content=\"image\/jpeg\" \/>\n<meta name=\"twitter:card\" content=\"summary_large_image\" \/>\n<meta name=\"twitter:label1\" content=\"Gesch\u00e4tzte Lesezeit\" \/>\n\t<meta name=\"twitter:data1\" content=\"1\u00a0Minute\" \/>\n<script type=\"application\/ld+json\" class=\"yoast-schema-graph\">{\"@context\":\"https:\\\/\\\/schema.org\",\"@graph\":[{\"@type\":\"WebPage\",\"@id\":\"https:\\\/\\\/www.gymnasium-mariengarden.de\\\/wordpress\\\/ags-2\\\/medienscouts\\\/\",\"url\":\"https:\\\/\\\/www.gymnasium-mariengarden.de\\\/wordpress\\\/ags-2\\\/medienscouts\\\/\",\"name\":\"Medienscouts - Gymnasium Mariengarden\",\"isPartOf\":{\"@id\":\"https:\\\/\\\/www.gymnasium-mariengarden.de\\\/wordpress\\\/#website\"},\"primaryImageOfPage\":{\"@id\":\"https:\\\/\\\/www.gymnasium-mariengarden.de\\\/wordpress\\\/ags-2\\\/medienscouts\\\/#primaryimage\"},\"image\":{\"@id\":\"https:\\\/\\\/www.gymnasium-mariengarden.de\\\/wordpress\\\/ags-2\\\/medienscouts\\\/#primaryimage\"},\"thumbnailUrl\":\"https:\\\/\\\/www.gymnasium-mariengarden.de\\\/wordpress\\\/wp-content\\\/uploads\\\/2023\\\/06\\\/150825_web_R_B_by_S.-Hofschlaeger_pixelio.de_.jpg\",\"datePublished\":\"2016-06-23T12:07:16+00:00\",\"dateModified\":\"2023-12-19T07:37:36+00:00\",\"description\":\"Privates Gymnasium der Oblatenmissionare\",\"breadcrumb\":{\"@id\":\"https:\\\/\\\/www.gymnasium-mariengarden.de\\\/wordpress\\\/ags-2\\\/medienscouts\\\/#breadcrumb\"},\"inLanguage\":\"de\",\"potentialAction\":[{\"@type\":\"ReadAction\",\"target\":[\"https:\\\/\\\/www.gymnasium-mariengarden.de\\\/wordpress\\\/ags-2\\\/medienscouts\\\/\"]}]},{\"@type\":\"ImageObject\",\"inLanguage\":\"de\",\"@id\":\"https:\\\/\\\/www.gymnasium-mariengarden.de\\\/wordpress\\\/ags-2\\\/medienscouts\\\/#primaryimage\",\"url\":\"https:\\\/\\\/www.gymnasium-mariengarden.de\\\/wordpress\\\/wp-content\\\/uploads\\\/2023\\\/06\\\/150825_web_R_B_by_S.-Hofschlaeger_pixelio.de_.jpg\",\"contentUrl\":\"https:\\\/\\\/www.gymnasium-mariengarden.de\\\/wordpress\\\/wp-content\\\/uploads\\\/2023\\\/06\\\/150825_web_R_B_by_S.-Hofschlaeger_pixelio.de_.jpg\",\"width\":400,\"height\":291},{\"@type\":\"BreadcrumbList\",\"@id\":\"https:\\\/\\\/www.gymnasium-mariengarden.de\\\/wordpress\\\/ags-2\\\/medienscouts\\\/#breadcrumb\",\"itemListElement\":[{\"@type\":\"ListItem\",\"position\":1,\"name\":\"Startseite\",\"item\":\"https:\\\/\\\/www.gymnasium-mariengarden.de\\\/wordpress\\\/\"},{\"@type\":\"ListItem\",\"position\":2,\"name\":\"\u00dcbersicht der AGs\",\"item\":\"https:\\\/\\\/www.gymnasium-mariengarden.de\\\/wordpress\\\/ags-2\\\/\"},{\"@type\":\"ListItem\",\"position\":3,\"name\":\"Medienscouts\"}]},{\"@type\":\"WebSite\",\"@id\":\"https:\\\/\\\/www.gymnasium-mariengarden.de\\\/wordpress\\\/#website\",\"url\":\"https:\\\/\\\/www.gymnasium-mariengarden.de\\\/wordpress\\\/\",\"name\":\"Gymnasium Mariengarden\",\"description\":\"Privates Gymnasium der Oblatenmissionare\",\"alternateName\":\"Gymnasium Mariengarden Borken-Burlo\",\"potentialAction\":[{\"@type\":\"SearchAction\",\"target\":{\"@type\":\"EntryPoint\",\"urlTemplate\":\"https:\\\/\\\/www.gymnasium-mariengarden.de\\\/wordpress\\\/?s={search_term_string}\"},\"query-input\":{\"@type\":\"PropertyValueSpecification\",\"valueRequired\":true,\"valueName\":\"search_term_string\"}}],\"inLanguage\":\"de\"}]}<\/script>\n<!-- \/ Yoast SEO plugin. -->","yoast_head_json":{"title":"Medienscouts - Gymnasium Mariengarden","description":"Privates Gymnasium der Oblatenmissionare","robots":{"index":"index","follow":"follow","max-snippet":"max-snippet:-1","max-image-preview":"max-image-preview:large","max-video-preview":"max-video-preview:-1"},"canonical":"https:\/\/www.gymnasium-mariengarden.de\/wordpress\/ags-2\/medienscouts\/","og_locale":"de_DE","og_type":"article","og_title":"Medienscouts - Gymnasium Mariengarden","og_description":"Privates Gymnasium der Oblatenmissionare","og_url":"https:\/\/www.gymnasium-mariengarden.de\/wordpress\/ags-2\/medienscouts\/","og_site_name":"Gymnasium Mariengarden","article_publisher":"https:\/\/www.facebook.com\/groups\/38812342437\/?locale=de_DE","article_modified_time":"2023-12-19T07:37:36+00:00","og_image":[{"width":400,"height":291,"url":"https:\/\/www.gymnasium-mariengarden.de\/wordpress\/wp-content\/uploads\/2023\/06\/150825_web_R_B_by_S.-Hofschlaeger_pixelio.de_.jpg","type":"image\/jpeg"}],"twitter_card":"summary_large_image","twitter_misc":{"Gesch\u00e4tzte Lesezeit":"1\u00a0Minute"},"schema":{"@context":"https:\/\/schema.org","@graph":[{"@type":"WebPage","@id":"https:\/\/www.gymnasium-mariengarden.de\/wordpress\/ags-2\/medienscouts\/","url":"https:\/\/www.gymnasium-mariengarden.de\/wordpress\/ags-2\/medienscouts\/","name":"Medienscouts - Gymnasium Mariengarden","isPartOf":{"@id":"https:\/\/www.gymnasium-mariengarden.de\/wordpress\/#website"},"primaryImageOfPage":{"@id":"https:\/\/www.gymnasium-mariengarden.de\/wordpress\/ags-2\/medienscouts\/#primaryimage"},"image":{"@id":"https:\/\/www.gymnasium-mariengarden.de\/wordpress\/ags-2\/medienscouts\/#primaryimage"},"thumbnailUrl":"https:\/\/www.gymnasium-mariengarden.de\/wordpress\/wp-content\/uploads\/2023\/06\/150825_web_R_B_by_S.-Hofschlaeger_pixelio.de_.jpg","datePublished":"2016-06-23T12:07:16+00:00","dateModified":"2023-12-19T07:37:36+00:00","description":"Privates Gymnasium der Oblatenmissionare","breadcrumb":{"@id":"https:\/\/www.gymnasium-mariengarden.de\/wordpress\/ags-2\/medienscouts\/#breadcrumb"},"inLanguage":"de","potentialAction":[{"@type":"ReadAction","target":["https:\/\/www.gymnasium-mariengarden.de\/wordpress\/ags-2\/medienscouts\/"]}]},{"@type":"ImageObject","inLanguage":"de","@id":"https:\/\/www.gymnasium-mariengarden.de\/wordpress\/ags-2\/medienscouts\/#primaryimage","url":"https:\/\/www.gymnasium-mariengarden.de\/wordpress\/wp-content\/uploads\/2023\/06\/150825_web_R_B_by_S.-Hofschlaeger_pixelio.de_.jpg","contentUrl":"https:\/\/www.gymnasium-mariengarden.de\/wordpress\/wp-content\/uploads\/2023\/06\/150825_web_R_B_by_S.-Hofschlaeger_pixelio.de_.jpg","width":400,"height":291},{"@type":"BreadcrumbList","@id":"https:\/\/www.gymnasium-mariengarden.de\/wordpress\/ags-2\/medienscouts\/#breadcrumb","itemListElement":[{"@type":"ListItem","position":1,"name":"Startseite","item":"https:\/\/www.gymnasium-mariengarden.de\/wordpress\/"},{"@type":"ListItem","position":2,"name":"\u00dcbersicht der AGs","item":"https:\/\/www.gymnasium-mariengarden.de\/wordpress\/ags-2\/"},{"@type":"ListItem","position":3,"name":"Medienscouts"}]},{"@type":"WebSite","@id":"https:\/\/www.gymnasium-mariengarden.de\/wordpress\/#website","url":"https:\/\/www.gymnasium-mariengarden.de\/wordpress\/","name":"Gymnasium Mariengarden","description":"Privates Gymnasium der Oblatenmissionare","alternateName":"Gymnasium Mariengarden Borken-Burlo","potentialAction":[{"@type":"SearchAction","target":{"@type":"EntryPoint","urlTemplate":"https:\/\/www.gymnasium-mariengarden.de\/wordpress\/?s={search_term_string}"},"query-input":{"@type":"PropertyValueSpecification","valueRequired":true,"valueName":"search_term_string"}}],"inLanguage":"de"}]}},"_links":{"self":[{"href":"https:\/\/www.gymnasium-mariengarden.de\/wordpress\/wp-json\/wp\/v2\/pages\/3124","targetHints":{"allow":["GET"]}}],"collection":[{"href":"https:\/\/www.gymnasium-mariengarden.de\/wordpress\/wp-json\/wp\/v2\/pages"}],"about":[{"href":"https:\/\/www.gymnasium-mariengarden.de\/wordpress\/wp-json\/wp\/v2\/types\/page"}],"author":[{"embeddable":true,"href":"https:\/\/www.gymnasium-mariengarden.de\/wordpress\/wp-json\/wp\/v2\/users\/4"}],"replies":[{"embeddable":true,"href":"https:\/\/www.gymnasium-mariengarden.de\/wordpress\/wp-json\/wp\/v2\/comments?post=3124"}],"version-history":[{"count":5,"href":"https:\/\/www.gymnasium-mariengarden.de\/wordpress\/wp-json\/wp\/v2\/pages\/3124\/revisions"}],"predecessor-version":[{"id":15223,"href":"https:\/\/www.gymnasium-mariengarden.de\/wordpress\/wp-json\/wp\/v2\/pages\/3124\/revisions\/15223"}],"up":[{"embeddable":true,"href":"https:\/\/www.gymnasium-mariengarden.de\/wordpress\/wp-json\/wp\/v2\/pages\/3319"}],"wp:featuredmedia":[{"embeddable":true,"href":"https:\/\/www.gymnasium-mariengarden.de\/wordpress\/wp-json\/wp\/v2\/media\/14869"}],"wp:attachment":[{"href":"https:\/\/www.gymnasium-mariengarden.de\/wordpress\/wp-json\/wp\/v2\/media?parent=3124"}],"curies":[{"name":"wp","href":"https:\/\/api.w.org\/{rel}","templated":true}]}}