{"id":2344,"date":"2016-04-20T14:43:06","date_gmt":"2016-04-20T12:43:06","guid":{"rendered":"http:\/\/gymnasium-mariengarden.de\/wordpress\/?page_id=2344"},"modified":"2025-02-12T16:55:57","modified_gmt":"2025-02-12T15:55:57","slug":"beratungskonzept","status":"publish","type":"page","link":"https:\/\/www.gymnasium-mariengarden.de\/wordpress\/beratungskonzept\/","title":{"rendered":"Beratungs&shy;konzept"},"content":{"rendered":"\n<figure class=\"wp-block-image\"><img loading=\"lazy\" decoding=\"async\" width=\"679\" height=\"482\" src=\"https:\/\/gymnasium-mariengarden.de\/wordpress\/wp-content\/uploads\/2016\/04\/beratung.png\" alt=\"\" class=\"wp-image-2349\" srcset=\"https:\/\/www.gymnasium-mariengarden.de\/wordpress\/wp-content\/uploads\/2016\/04\/beratung.png 679w, https:\/\/www.gymnasium-mariengarden.de\/wordpress\/wp-content\/uploads\/2016\/04\/beratung-300x213.png 300w\" sizes=\"auto, (max-width: 679px) 100vw, 679px\" \/><\/figure>\n\n\n\n<p><strong>Beratung\nam Gymnasium Mariengarden<\/strong><\/p>\n\n\n\n<p>Im\nLaufe eines Schuljahres ergeben sich bei Einzelnen von Euch oder in\nder Klasse offene Fragen, Probleme oder Konflikte, \u00fcber die es\nGespr\u00e4chsbedarf gibt. Hierf\u00fcr bieten wir Euch, liebe Sch\u00fclerinnen\nund Sch\u00fcler, an unserer Schule eine Vielzahl an\nUnterst\u00fctzungsm\u00f6glichkeiten an, z.B. bei Fragen zur Schullaufbahn, \nbei Lernschwierigkeiten, beim Umgang mit Klassenkameraden und\nLehrern, bei Problemen in der Familie, usw. \n<\/p>\n\n\n\n<p><strong>Hierbei und bei weiteren pers\u00f6nlichen Fragen wollen wir Beratungslehrer und das Schulseelsorgeteam gerne Ansprechpartner f\u00fcr Euch sein.<\/strong><\/p>\n\n\n\n<figure class=\"wp-block-image size-large\"><img loading=\"lazy\" decoding=\"async\" width=\"1024\" height=\"682\" src=\"https:\/\/www.gymnasium-mariengarden.de\/wordpress\/wp-content\/uploads\/2021\/06\/beratung-1024x682.jpg\" alt=\"\" class=\"wp-image-7303\" srcset=\"https:\/\/www.gymnasium-mariengarden.de\/wordpress\/wp-content\/uploads\/2021\/06\/beratung-1024x682.jpg 1024w, https:\/\/www.gymnasium-mariengarden.de\/wordpress\/wp-content\/uploads\/2021\/06\/beratung-300x200.jpg 300w, https:\/\/www.gymnasium-mariengarden.de\/wordpress\/wp-content\/uploads\/2021\/06\/beratung-768x511.jpg 768w, https:\/\/www.gymnasium-mariengarden.de\/wordpress\/wp-content\/uploads\/2021\/06\/beratung-1536x1022.jpg 1536w, https:\/\/www.gymnasium-mariengarden.de\/wordpress\/wp-content\/uploads\/2021\/06\/beratung-2048x1363.jpg 2048w\" sizes=\"auto, (max-width: 1024px) 100vw, 1024px\" \/><\/figure>\n\n\n\n<p>Das Beratungsteam: Verena Wenning, Michael K\u00f6nigs und Eva Langer.<\/p>\n\n\n\n<p>Wir Beratungslehrer haben jeweils eine feste Sprechstunde, in der ihr zu uns kommen k\u00f6nnt, ihr k\u00f6nnt uns aber auch gerne eine Mail oder SMS\/WhatsApp schicken. <\/p>\n\n\n\n<h5 class=\"wp-block-heading\" id=\"unsere-beratungszeiten-im-schuljahr-2020-2021\"><strong>Unsere Beratungszeiten im Schuljahr 2024\/202<\/strong>5<\/h5>\n\n\n\n<p><strong>Herr K\u00f6nigs: Mittwoch 2. Stunde  (9.08 &#8211; 10.15Uhr)<\/strong><\/p>\n\n\n\n<p><strong>Frau Langer: Donnerstag 2. Stunde (9.08 &#8211; 10:15 Uhr)<\/strong><\/p>\n\n\n\n<p>W\u00e4hrend unserer Sprechzeiten k\u00f6nnt ihr uns in R\u00fccksprache mit dem jeweiligen Klassenlehrer oder Fachlehrer bei Bedarf auch w\u00e4hrend der Unterrichtszeit aufsuchen. Wir sind bem\u00fcht, gemeinsam mit Euch L\u00f6sungen zu finden \u2013 geleitet vom Prinzip des gegenseitigen Vertrauens und der Verschwiegenheit. Der Beratungsraum ist im Forum in der 1. Etage direkt vor dem Mittelstufenraum (O1.3).<\/p>\n\n\n\n<p>Zu diesen Zeiten k\u00f6nnt ihr\/k\u00f6nnen Sie uns in Zeiten des Distanzunterrichts auch direkt bei Teams anrufen, eine Nachricht \u00fcber den Chat schreiben oder eine E-Mail an die neuen Dienstadressen (nachname@gymnasium-mariengarden.de) schreiben.<\/p>\n\n\n\n<p>Ihr k\u00f6nnt\/Sie k\u00f6nnen uns aber auch ansonsten jederzeit eine Nachricht oder Anfrage zu einem Gespr\u00e4ch \u00fcber Teams oder E-Mail zukommen lassen und wir werden uns zeitnah bei euch\/Ihnen zur\u00fcckmelden.<\/p>\n\n\n\n<p>Au\u00dferdem soll unser <strong><a href=\"https:\/\/www.gymnasium-mariengarden.de\/dateien\/pdfs\/Beratungsflyer.pdf\" target=\"_blank\" rel=\"noreferrer noopener\">Flyer<\/a><\/strong> zu dem Beratungskonzept bei uns am Gymnasium f\u00fcr Euch eine Hilfe sein, schnell und unkompliziert den jeweiligen Ansprechpartner f\u00fcr verschiedene Angelegenheiten zu finden. <strong>      <\/strong> <\/p>\n","protected":false},"excerpt":{"rendered":"<p>Beratung am Gymnasium Mariengarden Im Laufe eines Schuljahres ergeben sich bei Einzelnen von Euch oder in der Klasse offene Fragen, Probleme oder Konflikte, \u00fcber die es Gespr\u00e4chsbedarf gibt. Hierf\u00fcr bieten wir Euch, liebe Sch\u00fclerinnen und Sch\u00fcler, an unserer Schule eine Vielzahl an Unterst\u00fctzungsm\u00f6glichkeiten an, z.B. bei Fragen zur Schullaufbahn, bei Lernschwierigkeiten, beim Umgang mit Klassenkameraden &hellip; <a href=\"https:\/\/www.gymnasium-mariengarden.de\/wordpress\/beratungskonzept\/\" class=\"more-link\"><span class=\"screen-reader-text\">Beratungs&shy;konzept<\/span> weiterlesen <span class=\"meta-nav\">&rarr;<\/span><\/a><\/p>\n","protected":false},"author":13,"featured_media":0,"parent":0,"menu_order":0,"comment_status":"closed","ping_status":"open","template":"","meta":{"footnotes":""},"class_list":["post-2344","page","type-page","status-publish","hentry"],"yoast_head":"<!-- This site is optimized with the Yoast SEO plugin v27.3 - https:\/\/yoast.com\/product\/yoast-seo-wordpress\/ -->\n<title>Beratungs&shy;konzept - Gymnasium Mariengarden<\/title>\n<meta name=\"description\" content=\"Privates Gymnasium der Oblatenmissionare\" \/>\n<meta name=\"robots\" content=\"index, follow, max-snippet:-1, max-image-preview:large, max-video-preview:-1\" \/>\n<link rel=\"canonical\" href=\"https:\/\/www.gymnasium-mariengarden.de\/wordpress\/beratungskonzept\/\" \/>\n<meta property=\"og:locale\" content=\"de_DE\" \/>\n<meta property=\"og:type\" content=\"article\" \/>\n<meta property=\"og:title\" content=\"Beratungs&shy;konzept - Gymnasium Mariengarden\" \/>\n<meta property=\"og:description\" content=\"Privates Gymnasium der Oblatenmissionare\" \/>\n<meta property=\"og:url\" content=\"https:\/\/www.gymnasium-mariengarden.de\/wordpress\/beratungskonzept\/\" \/>\n<meta property=\"og:site_name\" content=\"Gymnasium Mariengarden\" \/>\n<meta property=\"article:publisher\" content=\"https:\/\/www.facebook.com\/groups\/38812342437\/?locale=de_DE\" \/>\n<meta property=\"article:modified_time\" content=\"2025-02-12T15:55:57+00:00\" \/>\n<meta property=\"og:image\" content=\"https:\/\/www.gymnasium-mariengarden.de\/wordpress\/wp-content\/uploads\/2016\/04\/beratung.png\" \/>\n\t<meta property=\"og:image:width\" content=\"679\" \/>\n\t<meta property=\"og:image:height\" content=\"482\" \/>\n\t<meta property=\"og:image:type\" content=\"image\/png\" \/>\n<meta name=\"twitter:card\" content=\"summary_large_image\" \/>\n<meta name=\"twitter:label1\" content=\"Gesch\u00e4tzte Lesezeit\" \/>\n\t<meta name=\"twitter:data1\" content=\"2\u00a0Minuten\" \/>\n<script type=\"application\/ld+json\" class=\"yoast-schema-graph\">{\"@context\":\"https:\\\/\\\/schema.org\",\"@graph\":[{\"@type\":\"WebPage\",\"@id\":\"https:\\\/\\\/www.gymnasium-mariengarden.de\\\/wordpress\\\/beratungskonzept\\\/\",\"url\":\"https:\\\/\\\/www.gymnasium-mariengarden.de\\\/wordpress\\\/beratungskonzept\\\/\",\"name\":\"Beratungs&shy;konzept - Gymnasium Mariengarden\",\"isPartOf\":{\"@id\":\"https:\\\/\\\/www.gymnasium-mariengarden.de\\\/wordpress\\\/#website\"},\"primaryImageOfPage\":{\"@id\":\"https:\\\/\\\/www.gymnasium-mariengarden.de\\\/wordpress\\\/beratungskonzept\\\/#primaryimage\"},\"image\":{\"@id\":\"https:\\\/\\\/www.gymnasium-mariengarden.de\\\/wordpress\\\/beratungskonzept\\\/#primaryimage\"},\"thumbnailUrl\":\"https:\\\/\\\/gymnasium-mariengarden.de\\\/wordpress\\\/wp-content\\\/uploads\\\/2016\\\/04\\\/beratung.png\",\"datePublished\":\"2016-04-20T12:43:06+00:00\",\"dateModified\":\"2025-02-12T15:55:57+00:00\",\"description\":\"Privates Gymnasium der Oblatenmissionare\",\"breadcrumb\":{\"@id\":\"https:\\\/\\\/www.gymnasium-mariengarden.de\\\/wordpress\\\/beratungskonzept\\\/#breadcrumb\"},\"inLanguage\":\"de\",\"potentialAction\":[{\"@type\":\"ReadAction\",\"target\":[\"https:\\\/\\\/www.gymnasium-mariengarden.de\\\/wordpress\\\/beratungskonzept\\\/\"]}]},{\"@type\":\"ImageObject\",\"inLanguage\":\"de\",\"@id\":\"https:\\\/\\\/www.gymnasium-mariengarden.de\\\/wordpress\\\/beratungskonzept\\\/#primaryimage\",\"url\":\"https:\\\/\\\/gymnasium-mariengarden.de\\\/wordpress\\\/wp-content\\\/uploads\\\/2016\\\/04\\\/beratung.png\",\"contentUrl\":\"https:\\\/\\\/gymnasium-mariengarden.de\\\/wordpress\\\/wp-content\\\/uploads\\\/2016\\\/04\\\/beratung.png\"},{\"@type\":\"BreadcrumbList\",\"@id\":\"https:\\\/\\\/www.gymnasium-mariengarden.de\\\/wordpress\\\/beratungskonzept\\\/#breadcrumb\",\"itemListElement\":[{\"@type\":\"ListItem\",\"position\":1,\"name\":\"Startseite\",\"item\":\"https:\\\/\\\/www.gymnasium-mariengarden.de\\\/wordpress\\\/\"},{\"@type\":\"ListItem\",\"position\":2,\"name\":\"Beratungs&shy;konzept\"}]},{\"@type\":\"WebSite\",\"@id\":\"https:\\\/\\\/www.gymnasium-mariengarden.de\\\/wordpress\\\/#website\",\"url\":\"https:\\\/\\\/www.gymnasium-mariengarden.de\\\/wordpress\\\/\",\"name\":\"Gymnasium Mariengarden\",\"description\":\"Privates Gymnasium der Oblatenmissionare\",\"alternateName\":\"Gymnasium Mariengarden Borken-Burlo\",\"potentialAction\":[{\"@type\":\"SearchAction\",\"target\":{\"@type\":\"EntryPoint\",\"urlTemplate\":\"https:\\\/\\\/www.gymnasium-mariengarden.de\\\/wordpress\\\/?s={search_term_string}\"},\"query-input\":{\"@type\":\"PropertyValueSpecification\",\"valueRequired\":true,\"valueName\":\"search_term_string\"}}],\"inLanguage\":\"de\"}]}<\/script>\n<!-- \/ Yoast SEO plugin. -->","yoast_head_json":{"title":"Beratungs&shy;konzept - Gymnasium Mariengarden","description":"Privates Gymnasium der Oblatenmissionare","robots":{"index":"index","follow":"follow","max-snippet":"max-snippet:-1","max-image-preview":"max-image-preview:large","max-video-preview":"max-video-preview:-1"},"canonical":"https:\/\/www.gymnasium-mariengarden.de\/wordpress\/beratungskonzept\/","og_locale":"de_DE","og_type":"article","og_title":"Beratungs&shy;konzept - Gymnasium Mariengarden","og_description":"Privates Gymnasium der Oblatenmissionare","og_url":"https:\/\/www.gymnasium-mariengarden.de\/wordpress\/beratungskonzept\/","og_site_name":"Gymnasium Mariengarden","article_publisher":"https:\/\/www.facebook.com\/groups\/38812342437\/?locale=de_DE","article_modified_time":"2025-02-12T15:55:57+00:00","og_image":[{"width":679,"height":482,"url":"https:\/\/www.gymnasium-mariengarden.de\/wordpress\/wp-content\/uploads\/2016\/04\/beratung.png","type":"image\/png"}],"twitter_card":"summary_large_image","twitter_misc":{"Gesch\u00e4tzte Lesezeit":"2\u00a0Minuten"},"schema":{"@context":"https:\/\/schema.org","@graph":[{"@type":"WebPage","@id":"https:\/\/www.gymnasium-mariengarden.de\/wordpress\/beratungskonzept\/","url":"https:\/\/www.gymnasium-mariengarden.de\/wordpress\/beratungskonzept\/","name":"Beratungs&shy;konzept - Gymnasium Mariengarden","isPartOf":{"@id":"https:\/\/www.gymnasium-mariengarden.de\/wordpress\/#website"},"primaryImageOfPage":{"@id":"https:\/\/www.gymnasium-mariengarden.de\/wordpress\/beratungskonzept\/#primaryimage"},"image":{"@id":"https:\/\/www.gymnasium-mariengarden.de\/wordpress\/beratungskonzept\/#primaryimage"},"thumbnailUrl":"https:\/\/gymnasium-mariengarden.de\/wordpress\/wp-content\/uploads\/2016\/04\/beratung.png","datePublished":"2016-04-20T12:43:06+00:00","dateModified":"2025-02-12T15:55:57+00:00","description":"Privates Gymnasium der Oblatenmissionare","breadcrumb":{"@id":"https:\/\/www.gymnasium-mariengarden.de\/wordpress\/beratungskonzept\/#breadcrumb"},"inLanguage":"de","potentialAction":[{"@type":"ReadAction","target":["https:\/\/www.gymnasium-mariengarden.de\/wordpress\/beratungskonzept\/"]}]},{"@type":"ImageObject","inLanguage":"de","@id":"https:\/\/www.gymnasium-mariengarden.de\/wordpress\/beratungskonzept\/#primaryimage","url":"https:\/\/gymnasium-mariengarden.de\/wordpress\/wp-content\/uploads\/2016\/04\/beratung.png","contentUrl":"https:\/\/gymnasium-mariengarden.de\/wordpress\/wp-content\/uploads\/2016\/04\/beratung.png"},{"@type":"BreadcrumbList","@id":"https:\/\/www.gymnasium-mariengarden.de\/wordpress\/beratungskonzept\/#breadcrumb","itemListElement":[{"@type":"ListItem","position":1,"name":"Startseite","item":"https:\/\/www.gymnasium-mariengarden.de\/wordpress\/"},{"@type":"ListItem","position":2,"name":"Beratungs&shy;konzept"}]},{"@type":"WebSite","@id":"https:\/\/www.gymnasium-mariengarden.de\/wordpress\/#website","url":"https:\/\/www.gymnasium-mariengarden.de\/wordpress\/","name":"Gymnasium Mariengarden","description":"Privates Gymnasium der Oblatenmissionare","alternateName":"Gymnasium Mariengarden Borken-Burlo","potentialAction":[{"@type":"SearchAction","target":{"@type":"EntryPoint","urlTemplate":"https:\/\/www.gymnasium-mariengarden.de\/wordpress\/?s={search_term_string}"},"query-input":{"@type":"PropertyValueSpecification","valueRequired":true,"valueName":"search_term_string"}}],"inLanguage":"de"}]}},"_links":{"self":[{"href":"https:\/\/www.gymnasium-mariengarden.de\/wordpress\/wp-json\/wp\/v2\/pages\/2344","targetHints":{"allow":["GET"]}}],"collection":[{"href":"https:\/\/www.gymnasium-mariengarden.de\/wordpress\/wp-json\/wp\/v2\/pages"}],"about":[{"href":"https:\/\/www.gymnasium-mariengarden.de\/wordpress\/wp-json\/wp\/v2\/types\/page"}],"author":[{"embeddable":true,"href":"https:\/\/www.gymnasium-mariengarden.de\/wordpress\/wp-json\/wp\/v2\/users\/13"}],"replies":[{"embeddable":true,"href":"https:\/\/www.gymnasium-mariengarden.de\/wordpress\/wp-json\/wp\/v2\/comments?post=2344"}],"version-history":[{"count":5,"href":"https:\/\/www.gymnasium-mariengarden.de\/wordpress\/wp-json\/wp\/v2\/pages\/2344\/revisions"}],"predecessor-version":[{"id":16318,"href":"https:\/\/www.gymnasium-mariengarden.de\/wordpress\/wp-json\/wp\/v2\/pages\/2344\/revisions\/16318"}],"wp:attachment":[{"href":"https:\/\/www.gymnasium-mariengarden.de\/wordpress\/wp-json\/wp\/v2\/media?parent=2344"}],"curies":[{"name":"wp","href":"https:\/\/api.w.org\/{rel}","templated":true}]}}