{"id":17038,"date":"2026-04-04T09:31:09","date_gmt":"2026-04-04T07:31:09","guid":{"rendered":"https:\/\/www.gymnasium-mariengarden.de\/wordpress\/?page_id=17038"},"modified":"2026-04-04T09:31:10","modified_gmt":"2026-04-04T07:31:10","slug":"mint-tag-der-jahrgangsstufe-8-ein-tag-voller-forschergeist","status":"publish","type":"page","link":"https:\/\/www.gymnasium-mariengarden.de\/wordpress\/mint-tag-der-jahrgangsstufe-8-ein-tag-voller-forschergeist\/","title":{"rendered":"MINT-Tag der Jahrgangsstufe 8 \u2013 Ein Tag voller Forschergeist"},"content":{"rendered":"\n<p>Der MINT-Tag bietet den Sch\u00fclerinnen und Sch\u00fclern der Jahrgangsstufe 8 einen ganzen Schultag, an dem sie sich intensiv mit den Bereichen Mathematik, Informatik, Naturwissenschaften und Technik besch\u00e4ftigen. Ziel dieses Projekttages ist es, fr\u00fchzeitig Interesse an diesen Fachgebieten zu wecken, Zusammenh\u00e4nge zwischen den einzelnen MINT-F\u00e4chern aufzuzeigen und den Jugendlichen vielf\u00e4ltige Zug\u00e4nge zu naturwissenschaftlichem und technischem Denken zu er\u00f6ffnen.<\/p>\n\n\n\n<p>Im Mittelpunkt steht das eigenst\u00e4ndige Arbeiten an zahlreichen Stationen, die von den Sch\u00fclerinnen und Sch\u00fclern in Kleingruppen durchlaufen werden. Jede Station greift einen zentralen Aspekt aus einem oder mehreren MINT-F\u00e4chern auf und verbindet fachliche Inhalte mit praktischen, handlungsorientierten Aufgaben. Auf diese Weise erleben die Lernenden MINT nicht nur theoretisch, sondern als aktiven, greifbaren und alltagsnahen Erfahrungsraum.<\/p>\n\n\n\n<p>Zu den Stationen geh\u00f6ren unter anderem:<\/p>\n\n\n\n<ul class=\"wp-block-list\">\n<li>Pflanzen sammeln und bestimmen<\/li>\n\n\n\n<li>Eulengew\u00f6lle untersuchen<\/li>\n\n\n\n<li>Wasser- und Brauseraketen bauen<\/li>\n\n\n\n<li>Logische Knobelaufgaben bearbeiten<\/li>\n\n\n\n<li>Sorting Networks und Informatik-Challenges<\/li>\n\n\n\n<li>Physikalische Experimente wie \u201eWasser aus dem Eimer nach oben flie\u00dfen lassen\u201c<\/li>\n<\/ul>\n\n\n\n<p>Erg\u00e4nzt wird das Angebot durch weitere Zusatzstationen, die unterschiedliche Interessen und Begabungen ansprechen, darunter Wasserexperimente und kreative Denkaufgaben. Die Sch\u00fclerinnen und Sch\u00fcler lernen dabei, Beobachtungen zu formulieren, Hypothesen aufzustellen, L\u00f6sungen zu entwickeln und Ergebnisse im Team zu \u00fcberpr\u00fcfen und zu reflektieren.<\/p>\n\n\n\n<p>Der MINT-Tag schafft so einen Rahmen, in dem Fachwissen, Probleml\u00f6sekompetenz, Teamarbeit und Neugier gleicherma\u00dfen gef\u00f6rdert werden. Die Jugendlichen erhalten Einblicke in naturwissenschaftliche Arbeitsweisen, entdecken eigene St\u00e4rken und Interessen und erleben, wie vielseitig und bedeutend die MINT-F\u00e4cher f\u00fcr Alltag, Studium und Beruf sind.<\/p>\n\n\n\n<p><\/p>\n","protected":false},"excerpt":{"rendered":"<p>Der MINT-Tag bietet den Sch\u00fclerinnen und Sch\u00fclern der Jahrgangsstufe 8 einen ganzen Schultag, an dem sie sich intensiv mit den Bereichen Mathematik, Informatik, Naturwissenschaften und Technik besch\u00e4ftigen. Ziel dieses Projekttages ist es, fr\u00fchzeitig Interesse an diesen Fachgebieten zu wecken, Zusammenh\u00e4nge zwischen den einzelnen MINT-F\u00e4chern aufzuzeigen und den Jugendlichen vielf\u00e4ltige Zug\u00e4nge zu naturwissenschaftlichem und technischem Denken &hellip; <a href=\"https:\/\/www.gymnasium-mariengarden.de\/wordpress\/mint-tag-der-jahrgangsstufe-8-ein-tag-voller-forschergeist\/\" class=\"more-link\"><span class=\"screen-reader-text\">MINT-Tag der Jahrgangsstufe 8 \u2013 Ein Tag voller Forschergeist<\/span> weiterlesen <span class=\"meta-nav\">&rarr;<\/span><\/a><\/p>\n","protected":false},"author":21,"featured_media":0,"parent":0,"menu_order":0,"comment_status":"closed","ping_status":"closed","template":"","meta":{"footnotes":""},"class_list":["post-17038","page","type-page","status-publish","hentry"],"yoast_head":"<!-- This site is optimized with the Yoast SEO plugin v27.3 - https:\/\/yoast.com\/product\/yoast-seo-wordpress\/ -->\n<title>MINT-Tag der Jahrgangsstufe 8 \u2013 Ein Tag voller Forschergeist - Gymnasium Mariengarden<\/title>\n<meta name=\"description\" content=\"Privates Gymnasium der Oblatenmissionare\" \/>\n<meta name=\"robots\" content=\"index, follow, max-snippet:-1, max-image-preview:large, max-video-preview:-1\" \/>\n<link rel=\"canonical\" href=\"https:\/\/www.gymnasium-mariengarden.de\/wordpress\/mint-tag-der-jahrgangsstufe-8-ein-tag-voller-forschergeist\/\" \/>\n<meta property=\"og:locale\" content=\"de_DE\" \/>\n<meta property=\"og:type\" content=\"article\" \/>\n<meta property=\"og:title\" content=\"MINT-Tag der Jahrgangsstufe 8 \u2013 Ein Tag voller Forschergeist - Gymnasium Mariengarden\" \/>\n<meta property=\"og:description\" content=\"Privates Gymnasium der Oblatenmissionare\" \/>\n<meta property=\"og:url\" content=\"https:\/\/www.gymnasium-mariengarden.de\/wordpress\/mint-tag-der-jahrgangsstufe-8-ein-tag-voller-forschergeist\/\" \/>\n<meta property=\"og:site_name\" content=\"Gymnasium Mariengarden\" \/>\n<meta property=\"article:publisher\" content=\"https:\/\/www.facebook.com\/groups\/38812342437\/?locale=de_DE\" \/>\n<meta property=\"article:modified_time\" content=\"2026-04-04T07:31:10+00:00\" \/>\n<meta name=\"twitter:card\" content=\"summary_large_image\" \/>\n<meta name=\"twitter:label1\" content=\"Gesch\u00e4tzte Lesezeit\" \/>\n\t<meta name=\"twitter:data1\" content=\"2\u00a0Minuten\" \/>\n<script type=\"application\/ld+json\" class=\"yoast-schema-graph\">{\"@context\":\"https:\\\/\\\/schema.org\",\"@graph\":[{\"@type\":\"WebPage\",\"@id\":\"https:\\\/\\\/www.gymnasium-mariengarden.de\\\/wordpress\\\/mint-tag-der-jahrgangsstufe-8-ein-tag-voller-forschergeist\\\/\",\"url\":\"https:\\\/\\\/www.gymnasium-mariengarden.de\\\/wordpress\\\/mint-tag-der-jahrgangsstufe-8-ein-tag-voller-forschergeist\\\/\",\"name\":\"MINT-Tag der Jahrgangsstufe 8 \u2013 Ein Tag voller Forschergeist - Gymnasium Mariengarden\",\"isPartOf\":{\"@id\":\"https:\\\/\\\/www.gymnasium-mariengarden.de\\\/wordpress\\\/#website\"},\"datePublished\":\"2026-04-04T07:31:09+00:00\",\"dateModified\":\"2026-04-04T07:31:10+00:00\",\"description\":\"Privates Gymnasium der Oblatenmissionare\",\"breadcrumb\":{\"@id\":\"https:\\\/\\\/www.gymnasium-mariengarden.de\\\/wordpress\\\/mint-tag-der-jahrgangsstufe-8-ein-tag-voller-forschergeist\\\/#breadcrumb\"},\"inLanguage\":\"de\",\"potentialAction\":[{\"@type\":\"ReadAction\",\"target\":[\"https:\\\/\\\/www.gymnasium-mariengarden.de\\\/wordpress\\\/mint-tag-der-jahrgangsstufe-8-ein-tag-voller-forschergeist\\\/\"]}]},{\"@type\":\"BreadcrumbList\",\"@id\":\"https:\\\/\\\/www.gymnasium-mariengarden.de\\\/wordpress\\\/mint-tag-der-jahrgangsstufe-8-ein-tag-voller-forschergeist\\\/#breadcrumb\",\"itemListElement\":[{\"@type\":\"ListItem\",\"position\":1,\"name\":\"Startseite\",\"item\":\"https:\\\/\\\/www.gymnasium-mariengarden.de\\\/wordpress\\\/\"},{\"@type\":\"ListItem\",\"position\":2,\"name\":\"MINT-Tag der Jahrgangsstufe 8 \u2013 Ein Tag voller Forschergeist\"}]},{\"@type\":\"WebSite\",\"@id\":\"https:\\\/\\\/www.gymnasium-mariengarden.de\\\/wordpress\\\/#website\",\"url\":\"https:\\\/\\\/www.gymnasium-mariengarden.de\\\/wordpress\\\/\",\"name\":\"Gymnasium Mariengarden\",\"description\":\"Privates Gymnasium der Oblatenmissionare\",\"alternateName\":\"Gymnasium Mariengarden Borken-Burlo\",\"potentialAction\":[{\"@type\":\"SearchAction\",\"target\":{\"@type\":\"EntryPoint\",\"urlTemplate\":\"https:\\\/\\\/www.gymnasium-mariengarden.de\\\/wordpress\\\/?s={search_term_string}\"},\"query-input\":{\"@type\":\"PropertyValueSpecification\",\"valueRequired\":true,\"valueName\":\"search_term_string\"}}],\"inLanguage\":\"de\"}]}<\/script>\n<!-- \/ Yoast SEO plugin. -->","yoast_head_json":{"title":"MINT-Tag der Jahrgangsstufe 8 \u2013 Ein Tag voller Forschergeist - Gymnasium Mariengarden","description":"Privates Gymnasium der Oblatenmissionare","robots":{"index":"index","follow":"follow","max-snippet":"max-snippet:-1","max-image-preview":"max-image-preview:large","max-video-preview":"max-video-preview:-1"},"canonical":"https:\/\/www.gymnasium-mariengarden.de\/wordpress\/mint-tag-der-jahrgangsstufe-8-ein-tag-voller-forschergeist\/","og_locale":"de_DE","og_type":"article","og_title":"MINT-Tag der Jahrgangsstufe 8 \u2013 Ein Tag voller Forschergeist - Gymnasium Mariengarden","og_description":"Privates Gymnasium der Oblatenmissionare","og_url":"https:\/\/www.gymnasium-mariengarden.de\/wordpress\/mint-tag-der-jahrgangsstufe-8-ein-tag-voller-forschergeist\/","og_site_name":"Gymnasium Mariengarden","article_publisher":"https:\/\/www.facebook.com\/groups\/38812342437\/?locale=de_DE","article_modified_time":"2026-04-04T07:31:10+00:00","twitter_card":"summary_large_image","twitter_misc":{"Gesch\u00e4tzte Lesezeit":"2\u00a0Minuten"},"schema":{"@context":"https:\/\/schema.org","@graph":[{"@type":"WebPage","@id":"https:\/\/www.gymnasium-mariengarden.de\/wordpress\/mint-tag-der-jahrgangsstufe-8-ein-tag-voller-forschergeist\/","url":"https:\/\/www.gymnasium-mariengarden.de\/wordpress\/mint-tag-der-jahrgangsstufe-8-ein-tag-voller-forschergeist\/","name":"MINT-Tag der Jahrgangsstufe 8 \u2013 Ein Tag voller Forschergeist - Gymnasium Mariengarden","isPartOf":{"@id":"https:\/\/www.gymnasium-mariengarden.de\/wordpress\/#website"},"datePublished":"2026-04-04T07:31:09+00:00","dateModified":"2026-04-04T07:31:10+00:00","description":"Privates Gymnasium der Oblatenmissionare","breadcrumb":{"@id":"https:\/\/www.gymnasium-mariengarden.de\/wordpress\/mint-tag-der-jahrgangsstufe-8-ein-tag-voller-forschergeist\/#breadcrumb"},"inLanguage":"de","potentialAction":[{"@type":"ReadAction","target":["https:\/\/www.gymnasium-mariengarden.de\/wordpress\/mint-tag-der-jahrgangsstufe-8-ein-tag-voller-forschergeist\/"]}]},{"@type":"BreadcrumbList","@id":"https:\/\/www.gymnasium-mariengarden.de\/wordpress\/mint-tag-der-jahrgangsstufe-8-ein-tag-voller-forschergeist\/#breadcrumb","itemListElement":[{"@type":"ListItem","position":1,"name":"Startseite","item":"https:\/\/www.gymnasium-mariengarden.de\/wordpress\/"},{"@type":"ListItem","position":2,"name":"MINT-Tag der Jahrgangsstufe 8 \u2013 Ein Tag voller Forschergeist"}]},{"@type":"WebSite","@id":"https:\/\/www.gymnasium-mariengarden.de\/wordpress\/#website","url":"https:\/\/www.gymnasium-mariengarden.de\/wordpress\/","name":"Gymnasium Mariengarden","description":"Privates Gymnasium der Oblatenmissionare","alternateName":"Gymnasium Mariengarden Borken-Burlo","potentialAction":[{"@type":"SearchAction","target":{"@type":"EntryPoint","urlTemplate":"https:\/\/www.gymnasium-mariengarden.de\/wordpress\/?s={search_term_string}"},"query-input":{"@type":"PropertyValueSpecification","valueRequired":true,"valueName":"search_term_string"}}],"inLanguage":"de"}]}},"_links":{"self":[{"href":"https:\/\/www.gymnasium-mariengarden.de\/wordpress\/wp-json\/wp\/v2\/pages\/17038","targetHints":{"allow":["GET"]}}],"collection":[{"href":"https:\/\/www.gymnasium-mariengarden.de\/wordpress\/wp-json\/wp\/v2\/pages"}],"about":[{"href":"https:\/\/www.gymnasium-mariengarden.de\/wordpress\/wp-json\/wp\/v2\/types\/page"}],"author":[{"embeddable":true,"href":"https:\/\/www.gymnasium-mariengarden.de\/wordpress\/wp-json\/wp\/v2\/users\/21"}],"replies":[{"embeddable":true,"href":"https:\/\/www.gymnasium-mariengarden.de\/wordpress\/wp-json\/wp\/v2\/comments?post=17038"}],"version-history":[{"count":1,"href":"https:\/\/www.gymnasium-mariengarden.de\/wordpress\/wp-json\/wp\/v2\/pages\/17038\/revisions"}],"predecessor-version":[{"id":17039,"href":"https:\/\/www.gymnasium-mariengarden.de\/wordpress\/wp-json\/wp\/v2\/pages\/17038\/revisions\/17039"}],"wp:attachment":[{"href":"https:\/\/www.gymnasium-mariengarden.de\/wordpress\/wp-json\/wp\/v2\/media?parent=17038"}],"curies":[{"name":"wp","href":"https:\/\/api.w.org\/{rel}","templated":true}]}}