{"id":16309,"date":"2025-02-09T11:03:46","date_gmt":"2025-02-09T10:03:46","guid":{"rendered":"https:\/\/www.gymnasium-mariengarden.de\/wordpress\/?page_id=16309"},"modified":"2025-04-22T17:55:56","modified_gmt":"2025-04-22T15:55:56","slug":"studien-und-berufsorientierung","status":"publish","type":"page","link":"https:\/\/www.gymnasium-mariengarden.de\/wordpress\/studien-und-berufsorientierung\/","title":{"rendered":"Studien- und Berufsorientierung"},"content":{"rendered":"\n<p>Unser Ziel ist es, unsere Sch\u00fcler:innen bestm\u00f6glich auf ihre berufliche Zukunft vorzubereiten. Dabei bieten wir vielf\u00e4ltige Unterst\u00fctzungsangebote an, die ihnen helfen, ihre St\u00e4rken zu erkennen und fundierte Entscheidungen f\u00fcr ihren weiteren Weg zu treffen.<\/p>\n\n\n\n<p><strong>Teilnahme am Girls\u2019 und Boys\u2019 Day<\/strong><\/p>\n\n\n\n<p>Ein Baustein in unserem Konzept der beruflichen Orientierung ist die Teilnahme am bundesweiten Girls\u2019 und Boys\u2019 Day. An diesem Tag erhalten unsere Sch\u00fcler:innen der Klasse 8 die Gelegenheit, geschlechtsuntypische Berufsfelder kennenzulernen und neue Perspektiven f\u00fcr ihre pers\u00f6nliche und berufliche Entwicklung zu gewinnen. Wir m\u00f6chten dazu beitragen, bestehende Rollenbilder aufzubrechen, die Berufs- und Studienwahl freier zu gestalten und das Bewusstsein f\u00fcr individuelle F\u00e4higkeiten und Interessen zu st\u00e4rken. Die Erfahrungen, die die Sch\u00fcler:innen an diesem Tag sammeln, flie\u00dfen unmittelbar in den Reflexionsprozess \u00fcber ihre zuk\u00fcnftige Lebensgestaltung ein.<\/p>\n\n\n\n<p><strong>Individuelle Beratung und Tests<\/strong><\/p>\n\n\n\n<p>Ein wichtiger Bestandteil der Berufsorientierung ist die Beratung durch die <a href=\"https:\/\/www.gymnasium-mariengarden.de\/berufsberatung\/\">Arbeitsagentur<\/a>. Zus\u00e4tzlich k\u00f6nnen unsere Sch\u00fcler:innen in Kooperation mit <em>geva<\/em> einen St\u00e4rken-Schw\u00e4chen-Test durchf\u00fchren. Dieser Test hilft dabei, passende Berufsfelder zu identifizieren und bildet eine Grundlage f\u00fcr individuelle Beratungsgespr\u00e4che.<\/p>\n\n\n\n<p><strong>Praktische Erfahrungen durch Berufspraktika<\/strong><\/p>\n\n\n\n<p>Ein zentrales Element der Berufsorientierung ist das zweiw\u00f6chige Berufspraktikum in der Jahrgangsstufe 11. Dabei w\u00e4hlen die Sch\u00fcler:innen eigenst\u00e4ndig ein Unternehmen und erhalten wertvolle Einblicke in den Arbeitsalltag verschiedener Berufe.<\/p>\n\n\n\n<p><strong>Orientierung in der Oberstufe<\/strong><\/p>\n\n\n\n<p>In den Jahrgangsstufen 12 und 13 bieten wir weitere M\u00f6glichkeiten zur Berufs- und Studienorientierung:<\/p>\n\n\n\n<ul class=\"wp-block-list\">\n<li><strong>Berufsmessen und Hochschultage<\/strong>, beispielsweise in M\u00fcnster, erm\u00f6glichen gezielte Einblicke in verschiedene Berufsfelder und Studienangebote.<\/li>\n\n\n\n<li><strong>Exkursionen der Fachschaften und Leistungskurse<\/strong> erg\u00e4nzen die theoretische Orientierung durch praktische Erfahrungen in unterschiedlichen Berufsfeldern.<\/li>\n\n\n\n<li><strong>Kooperationen mit Hochschulen <\/strong>erm\u00f6glichen Schnupperstudieng\u00e4nge, um Einblicke in einen Studienalltag zu bekommen.<\/li>\n<\/ul>\n\n\n\n<p><strong>Interne Unternehmens- &amp; Berufsmesse<\/strong><\/p>\n\n\n\n<p>Ein besonderes Highlight stellt die alle zwei Jahre vom Verein <em>Ehemaligen Mariengardener e.V.<\/em> organisierte interne Unternehmens- &amp; Berufsmesse dar. Hier pr\u00e4sentieren sich regionale Unternehmen an St\u00e4nden und stellen durch Kurzvortr\u00e4ge verschiedene Berufsbilder vor. Dabei werden Unternehmen ehemaliger Mariengardener priorisiert, um zus\u00e4tzlich das <strong>Mentorenprogramm<\/strong> des Ehemaligenvereins zu st\u00e4rken. Diese Initiative erm\u00f6glicht es unseren Sch\u00fcler:innen, von ehemaligen Absolvent:innen individuell begleitet zu werden und gezielt Einblicke in unterschiedliche Berufsfelder zu erhalten.<\/p>\n\n\n\n<p><strong>Ein starkes Konzept f\u00fcr die Zukunft<\/strong><\/p>\n\n\n\n<p>Dank dieser vielseitigen Angebote \u2013 von Beratung \u00fcber praktische Erfahrungen bis hin zu Hochschulkooperationen und Netzwerken mit ehemaligen Sch\u00fcler:innen \u2013 unterst\u00fctzen wir unsere Sch\u00fcler:innen optimal bei ihrer Studien- und Berufsorientierung. So erm\u00f6glichen wir ihnen, fr\u00fchzeitig wertvolle Erfahrungen zu sammeln und eine fundierte Entscheidung f\u00fcr ihre berufliche Zukunft zu treffen.<\/p>\n","protected":false},"excerpt":{"rendered":"<p>Unser Ziel ist es, unsere Sch\u00fcler:innen bestm\u00f6glich auf ihre berufliche Zukunft vorzubereiten. Dabei bieten wir vielf\u00e4ltige Unterst\u00fctzungsangebote an, die ihnen helfen, ihre St\u00e4rken zu erkennen und fundierte Entscheidungen f\u00fcr ihren weiteren Weg zu treffen. Teilnahme am Girls\u2019 und Boys\u2019 Day Ein Baustein in unserem Konzept der beruflichen Orientierung ist die Teilnahme am bundesweiten Girls\u2019 und &hellip; <a href=\"https:\/\/www.gymnasium-mariengarden.de\/wordpress\/studien-und-berufsorientierung\/\" class=\"more-link\"><span class=\"screen-reader-text\">Studien- und Berufsorientierung<\/span> weiterlesen <span class=\"meta-nav\">&rarr;<\/span><\/a><\/p>\n","protected":false},"author":21,"featured_media":0,"parent":0,"menu_order":0,"comment_status":"closed","ping_status":"closed","template":"","meta":{"footnotes":""},"class_list":["post-16309","page","type-page","status-publish","hentry"],"yoast_head":"<!-- This site is optimized with the Yoast SEO plugin v27.3 - https:\/\/yoast.com\/product\/yoast-seo-wordpress\/ -->\n<title>Studien- und Berufsorientierung - Gymnasium Mariengarden<\/title>\n<meta name=\"description\" content=\"Privates Gymnasium der Oblatenmissionare\" \/>\n<meta name=\"robots\" content=\"index, follow, max-snippet:-1, max-image-preview:large, max-video-preview:-1\" \/>\n<link rel=\"canonical\" href=\"https:\/\/www.gymnasium-mariengarden.de\/wordpress\/studien-und-berufsorientierung\/\" \/>\n<meta property=\"og:locale\" content=\"de_DE\" \/>\n<meta property=\"og:type\" content=\"article\" \/>\n<meta property=\"og:title\" content=\"Studien- und Berufsorientierung - Gymnasium Mariengarden\" \/>\n<meta property=\"og:description\" content=\"Privates Gymnasium der Oblatenmissionare\" \/>\n<meta property=\"og:url\" content=\"https:\/\/www.gymnasium-mariengarden.de\/wordpress\/studien-und-berufsorientierung\/\" \/>\n<meta property=\"og:site_name\" content=\"Gymnasium Mariengarden\" \/>\n<meta property=\"article:publisher\" content=\"https:\/\/www.facebook.com\/groups\/38812342437\/?locale=de_DE\" \/>\n<meta property=\"article:modified_time\" content=\"2025-04-22T15:55:56+00:00\" \/>\n<meta name=\"twitter:card\" content=\"summary_large_image\" \/>\n<meta name=\"twitter:label1\" content=\"Gesch\u00e4tzte Lesezeit\" \/>\n\t<meta name=\"twitter:data1\" content=\"3\u00a0Minuten\" \/>\n<script type=\"application\/ld+json\" class=\"yoast-schema-graph\">{\"@context\":\"https:\\\/\\\/schema.org\",\"@graph\":[{\"@type\":\"WebPage\",\"@id\":\"https:\\\/\\\/www.gymnasium-mariengarden.de\\\/wordpress\\\/studien-und-berufsorientierung\\\/\",\"url\":\"https:\\\/\\\/www.gymnasium-mariengarden.de\\\/wordpress\\\/studien-und-berufsorientierung\\\/\",\"name\":\"Studien- und Berufsorientierung - Gymnasium Mariengarden\",\"isPartOf\":{\"@id\":\"https:\\\/\\\/www.gymnasium-mariengarden.de\\\/wordpress\\\/#website\"},\"datePublished\":\"2025-02-09T10:03:46+00:00\",\"dateModified\":\"2025-04-22T15:55:56+00:00\",\"description\":\"Privates Gymnasium der Oblatenmissionare\",\"breadcrumb\":{\"@id\":\"https:\\\/\\\/www.gymnasium-mariengarden.de\\\/wordpress\\\/studien-und-berufsorientierung\\\/#breadcrumb\"},\"inLanguage\":\"de\",\"potentialAction\":[{\"@type\":\"ReadAction\",\"target\":[\"https:\\\/\\\/www.gymnasium-mariengarden.de\\\/wordpress\\\/studien-und-berufsorientierung\\\/\"]}]},{\"@type\":\"BreadcrumbList\",\"@id\":\"https:\\\/\\\/www.gymnasium-mariengarden.de\\\/wordpress\\\/studien-und-berufsorientierung\\\/#breadcrumb\",\"itemListElement\":[{\"@type\":\"ListItem\",\"position\":1,\"name\":\"Startseite\",\"item\":\"https:\\\/\\\/www.gymnasium-mariengarden.de\\\/wordpress\\\/\"},{\"@type\":\"ListItem\",\"position\":2,\"name\":\"Studien- und Berufsorientierung\"}]},{\"@type\":\"WebSite\",\"@id\":\"https:\\\/\\\/www.gymnasium-mariengarden.de\\\/wordpress\\\/#website\",\"url\":\"https:\\\/\\\/www.gymnasium-mariengarden.de\\\/wordpress\\\/\",\"name\":\"Gymnasium Mariengarden\",\"description\":\"Privates Gymnasium der Oblatenmissionare\",\"alternateName\":\"Gymnasium Mariengarden Borken-Burlo\",\"potentialAction\":[{\"@type\":\"SearchAction\",\"target\":{\"@type\":\"EntryPoint\",\"urlTemplate\":\"https:\\\/\\\/www.gymnasium-mariengarden.de\\\/wordpress\\\/?s={search_term_string}\"},\"query-input\":{\"@type\":\"PropertyValueSpecification\",\"valueRequired\":true,\"valueName\":\"search_term_string\"}}],\"inLanguage\":\"de\"}]}<\/script>\n<!-- \/ Yoast SEO plugin. -->","yoast_head_json":{"title":"Studien- und Berufsorientierung - Gymnasium Mariengarden","description":"Privates Gymnasium der Oblatenmissionare","robots":{"index":"index","follow":"follow","max-snippet":"max-snippet:-1","max-image-preview":"max-image-preview:large","max-video-preview":"max-video-preview:-1"},"canonical":"https:\/\/www.gymnasium-mariengarden.de\/wordpress\/studien-und-berufsorientierung\/","og_locale":"de_DE","og_type":"article","og_title":"Studien- und Berufsorientierung - Gymnasium Mariengarden","og_description":"Privates Gymnasium der Oblatenmissionare","og_url":"https:\/\/www.gymnasium-mariengarden.de\/wordpress\/studien-und-berufsorientierung\/","og_site_name":"Gymnasium Mariengarden","article_publisher":"https:\/\/www.facebook.com\/groups\/38812342437\/?locale=de_DE","article_modified_time":"2025-04-22T15:55:56+00:00","twitter_card":"summary_large_image","twitter_misc":{"Gesch\u00e4tzte Lesezeit":"3\u00a0Minuten"},"schema":{"@context":"https:\/\/schema.org","@graph":[{"@type":"WebPage","@id":"https:\/\/www.gymnasium-mariengarden.de\/wordpress\/studien-und-berufsorientierung\/","url":"https:\/\/www.gymnasium-mariengarden.de\/wordpress\/studien-und-berufsorientierung\/","name":"Studien- und Berufsorientierung - Gymnasium Mariengarden","isPartOf":{"@id":"https:\/\/www.gymnasium-mariengarden.de\/wordpress\/#website"},"datePublished":"2025-02-09T10:03:46+00:00","dateModified":"2025-04-22T15:55:56+00:00","description":"Privates Gymnasium der Oblatenmissionare","breadcrumb":{"@id":"https:\/\/www.gymnasium-mariengarden.de\/wordpress\/studien-und-berufsorientierung\/#breadcrumb"},"inLanguage":"de","potentialAction":[{"@type":"ReadAction","target":["https:\/\/www.gymnasium-mariengarden.de\/wordpress\/studien-und-berufsorientierung\/"]}]},{"@type":"BreadcrumbList","@id":"https:\/\/www.gymnasium-mariengarden.de\/wordpress\/studien-und-berufsorientierung\/#breadcrumb","itemListElement":[{"@type":"ListItem","position":1,"name":"Startseite","item":"https:\/\/www.gymnasium-mariengarden.de\/wordpress\/"},{"@type":"ListItem","position":2,"name":"Studien- und Berufsorientierung"}]},{"@type":"WebSite","@id":"https:\/\/www.gymnasium-mariengarden.de\/wordpress\/#website","url":"https:\/\/www.gymnasium-mariengarden.de\/wordpress\/","name":"Gymnasium Mariengarden","description":"Privates Gymnasium der Oblatenmissionare","alternateName":"Gymnasium Mariengarden Borken-Burlo","potentialAction":[{"@type":"SearchAction","target":{"@type":"EntryPoint","urlTemplate":"https:\/\/www.gymnasium-mariengarden.de\/wordpress\/?s={search_term_string}"},"query-input":{"@type":"PropertyValueSpecification","valueRequired":true,"valueName":"search_term_string"}}],"inLanguage":"de"}]}},"_links":{"self":[{"href":"https:\/\/www.gymnasium-mariengarden.de\/wordpress\/wp-json\/wp\/v2\/pages\/16309","targetHints":{"allow":["GET"]}}],"collection":[{"href":"https:\/\/www.gymnasium-mariengarden.de\/wordpress\/wp-json\/wp\/v2\/pages"}],"about":[{"href":"https:\/\/www.gymnasium-mariengarden.de\/wordpress\/wp-json\/wp\/v2\/types\/page"}],"author":[{"embeddable":true,"href":"https:\/\/www.gymnasium-mariengarden.de\/wordpress\/wp-json\/wp\/v2\/users\/21"}],"replies":[{"embeddable":true,"href":"https:\/\/www.gymnasium-mariengarden.de\/wordpress\/wp-json\/wp\/v2\/comments?post=16309"}],"version-history":[{"count":3,"href":"https:\/\/www.gymnasium-mariengarden.de\/wordpress\/wp-json\/wp\/v2\/pages\/16309\/revisions"}],"predecessor-version":[{"id":16435,"href":"https:\/\/www.gymnasium-mariengarden.de\/wordpress\/wp-json\/wp\/v2\/pages\/16309\/revisions\/16435"}],"wp:attachment":[{"href":"https:\/\/www.gymnasium-mariengarden.de\/wordpress\/wp-json\/wp\/v2\/media?parent=16309"}],"curies":[{"name":"wp","href":"https:\/\/api.w.org\/{rel}","templated":true}]}}