{"id":16109,"date":"2024-11-21T13:37:29","date_gmt":"2024-11-21T12:37:29","guid":{"rendered":"https:\/\/www.gymnasium-mariengarden.de\/wordpress\/?page_id=16109"},"modified":"2024-11-21T13:37:30","modified_gmt":"2024-11-21T12:37:30","slug":"fahrten-auslandsaufenthalte","status":"publish","type":"page","link":"https:\/\/www.gymnasium-mariengarden.de\/wordpress\/fahrten-auslandsaufenthalte\/","title":{"rendered":"Fahrten &amp; Auslandsaufenthalte"},"content":{"rendered":"\n<p>Sprache sollte vor Ort im interkulturellen Austausch erlebt und angewendet werden. Daher findet in Klasse 10 eine Sprachfahrt nach <strong>Whitstable<\/strong>, einer Partnerstadt Borkens, statt. Hier sind unsere Sch\u00fclerinnen und Sch\u00fcler in englischen Gastfamilien untergebracht und entdecken unter anderem britische Gro\u00dfst\u00e4dte wie London, Cambridge oder Oxford. In der Einf\u00fchrungsphase haben die Spanischlernenden des fortgef\u00fchrten Kurses die M\u00f6glichkeit an einer einw\u00f6chigen Kulturreise nach <strong>Madrid<\/strong> teilzunehmen. Neben St\u00e4dtetouren und einem Schulbesuch, lernen sie das Leben und Wirken der Oblatinnen und Oblaten vor Ort kennen.<\/p>\n\n\n\n<p>In der Qualifikationsphase bieten wir einen Sch\u00fcleraustausch mit unserer belgischen Partnerschule in <strong>Gemmenich<\/strong> oder eine Kursfahrt nach <strong>Lyon<\/strong> an. In Belgien \u00fcbernachten unsere Sch\u00fclerinnen und Sch\u00fcler in Gastfamilien, wohingegen sie in Lyon im Haus der Oblaten untergebracht sind. \u00dcberdies finden in der Oberstufe Fahrten der Sprachleistungskurse in das europ\u00e4ische Ausland, z.B. <strong>London<\/strong> oder <strong>Paris<\/strong>, statt.<\/p>\n\n\n\n<p>Mit dem \u00dcbergang in die Oberstufe kann man zudem bis zu einem Jahr im Ausland verbringen und dabei Einblicke in das allt\u00e4gliche Leben der verschiedenen Kulturen gewinnen. Hierzu informieren wir in Zusammenarbeit mit dem Borkener Rotary-Club und anderen Organisationen, wie z.B. AFS, YFU und GIVE.<\/p>\n\n\n\n<p>Im Gegenzug nimmt das Gymnasium Mariengarden regelm\u00e4\u00dfig Gastsch\u00fclerInnen aus dem Ausland auf.<\/p>\n","protected":false},"excerpt":{"rendered":"<p>Sprache sollte vor Ort im interkulturellen Austausch erlebt und angewendet werden. Daher findet in Klasse 10 eine Sprachfahrt nach Whitstable, einer Partnerstadt Borkens, statt. Hier sind unsere Sch\u00fclerinnen und Sch\u00fcler in englischen Gastfamilien untergebracht und entdecken unter anderem britische Gro\u00dfst\u00e4dte wie London, Cambridge oder Oxford. In der Einf\u00fchrungsphase haben die Spanischlernenden des fortgef\u00fchrten Kurses die &hellip; <a href=\"https:\/\/www.gymnasium-mariengarden.de\/wordpress\/fahrten-auslandsaufenthalte\/\" class=\"more-link\"><span class=\"screen-reader-text\">Fahrten &amp; Auslandsaufenthalte<\/span> weiterlesen <span class=\"meta-nav\">&rarr;<\/span><\/a><\/p>\n","protected":false},"author":21,"featured_media":0,"parent":0,"menu_order":0,"comment_status":"closed","ping_status":"closed","template":"","meta":{"footnotes":""},"class_list":["post-16109","page","type-page","status-publish","hentry"],"yoast_head":"<!-- This site is optimized with the Yoast SEO plugin v27.3 - https:\/\/yoast.com\/product\/yoast-seo-wordpress\/ -->\n<title>Fahrten &amp; Auslandsaufenthalte - Gymnasium Mariengarden<\/title>\n<meta name=\"description\" content=\"Privates Gymnasium der Oblatenmissionare\" \/>\n<meta name=\"robots\" content=\"index, follow, max-snippet:-1, max-image-preview:large, max-video-preview:-1\" \/>\n<link rel=\"canonical\" href=\"https:\/\/www.gymnasium-mariengarden.de\/wordpress\/fahrten-auslandsaufenthalte\/\" \/>\n<meta property=\"og:locale\" content=\"de_DE\" \/>\n<meta property=\"og:type\" content=\"article\" \/>\n<meta property=\"og:title\" content=\"Fahrten &amp; Auslandsaufenthalte - Gymnasium Mariengarden\" \/>\n<meta property=\"og:description\" content=\"Privates Gymnasium der Oblatenmissionare\" \/>\n<meta property=\"og:url\" content=\"https:\/\/www.gymnasium-mariengarden.de\/wordpress\/fahrten-auslandsaufenthalte\/\" \/>\n<meta property=\"og:site_name\" content=\"Gymnasium Mariengarden\" \/>\n<meta property=\"article:publisher\" content=\"https:\/\/www.facebook.com\/groups\/38812342437\/?locale=de_DE\" \/>\n<meta property=\"article:modified_time\" content=\"2024-11-21T12:37:30+00:00\" \/>\n<meta name=\"twitter:card\" content=\"summary_large_image\" \/>\n<meta name=\"twitter:label1\" content=\"Gesch\u00e4tzte Lesezeit\" \/>\n\t<meta name=\"twitter:data1\" content=\"2\u00a0Minuten\" \/>\n<script type=\"application\/ld+json\" class=\"yoast-schema-graph\">{\"@context\":\"https:\\\/\\\/schema.org\",\"@graph\":[{\"@type\":\"WebPage\",\"@id\":\"https:\\\/\\\/www.gymnasium-mariengarden.de\\\/wordpress\\\/fahrten-auslandsaufenthalte\\\/\",\"url\":\"https:\\\/\\\/www.gymnasium-mariengarden.de\\\/wordpress\\\/fahrten-auslandsaufenthalte\\\/\",\"name\":\"Fahrten &amp; Auslandsaufenthalte - Gymnasium Mariengarden\",\"isPartOf\":{\"@id\":\"https:\\\/\\\/www.gymnasium-mariengarden.de\\\/wordpress\\\/#website\"},\"datePublished\":\"2024-11-21T12:37:29+00:00\",\"dateModified\":\"2024-11-21T12:37:30+00:00\",\"description\":\"Privates Gymnasium der Oblatenmissionare\",\"breadcrumb\":{\"@id\":\"https:\\\/\\\/www.gymnasium-mariengarden.de\\\/wordpress\\\/fahrten-auslandsaufenthalte\\\/#breadcrumb\"},\"inLanguage\":\"de\",\"potentialAction\":[{\"@type\":\"ReadAction\",\"target\":[\"https:\\\/\\\/www.gymnasium-mariengarden.de\\\/wordpress\\\/fahrten-auslandsaufenthalte\\\/\"]}]},{\"@type\":\"BreadcrumbList\",\"@id\":\"https:\\\/\\\/www.gymnasium-mariengarden.de\\\/wordpress\\\/fahrten-auslandsaufenthalte\\\/#breadcrumb\",\"itemListElement\":[{\"@type\":\"ListItem\",\"position\":1,\"name\":\"Startseite\",\"item\":\"https:\\\/\\\/www.gymnasium-mariengarden.de\\\/wordpress\\\/\"},{\"@type\":\"ListItem\",\"position\":2,\"name\":\"Fahrten &amp; Auslandsaufenthalte\"}]},{\"@type\":\"WebSite\",\"@id\":\"https:\\\/\\\/www.gymnasium-mariengarden.de\\\/wordpress\\\/#website\",\"url\":\"https:\\\/\\\/www.gymnasium-mariengarden.de\\\/wordpress\\\/\",\"name\":\"Gymnasium Mariengarden\",\"description\":\"Privates Gymnasium der Oblatenmissionare\",\"alternateName\":\"Gymnasium Mariengarden Borken-Burlo\",\"potentialAction\":[{\"@type\":\"SearchAction\",\"target\":{\"@type\":\"EntryPoint\",\"urlTemplate\":\"https:\\\/\\\/www.gymnasium-mariengarden.de\\\/wordpress\\\/?s={search_term_string}\"},\"query-input\":{\"@type\":\"PropertyValueSpecification\",\"valueRequired\":true,\"valueName\":\"search_term_string\"}}],\"inLanguage\":\"de\"}]}<\/script>\n<!-- \/ Yoast SEO plugin. -->","yoast_head_json":{"title":"Fahrten &amp; Auslandsaufenthalte - Gymnasium Mariengarden","description":"Privates Gymnasium der Oblatenmissionare","robots":{"index":"index","follow":"follow","max-snippet":"max-snippet:-1","max-image-preview":"max-image-preview:large","max-video-preview":"max-video-preview:-1"},"canonical":"https:\/\/www.gymnasium-mariengarden.de\/wordpress\/fahrten-auslandsaufenthalte\/","og_locale":"de_DE","og_type":"article","og_title":"Fahrten &amp; Auslandsaufenthalte - Gymnasium Mariengarden","og_description":"Privates Gymnasium der Oblatenmissionare","og_url":"https:\/\/www.gymnasium-mariengarden.de\/wordpress\/fahrten-auslandsaufenthalte\/","og_site_name":"Gymnasium Mariengarden","article_publisher":"https:\/\/www.facebook.com\/groups\/38812342437\/?locale=de_DE","article_modified_time":"2024-11-21T12:37:30+00:00","twitter_card":"summary_large_image","twitter_misc":{"Gesch\u00e4tzte Lesezeit":"2\u00a0Minuten"},"schema":{"@context":"https:\/\/schema.org","@graph":[{"@type":"WebPage","@id":"https:\/\/www.gymnasium-mariengarden.de\/wordpress\/fahrten-auslandsaufenthalte\/","url":"https:\/\/www.gymnasium-mariengarden.de\/wordpress\/fahrten-auslandsaufenthalte\/","name":"Fahrten &amp; Auslandsaufenthalte - Gymnasium Mariengarden","isPartOf":{"@id":"https:\/\/www.gymnasium-mariengarden.de\/wordpress\/#website"},"datePublished":"2024-11-21T12:37:29+00:00","dateModified":"2024-11-21T12:37:30+00:00","description":"Privates Gymnasium der Oblatenmissionare","breadcrumb":{"@id":"https:\/\/www.gymnasium-mariengarden.de\/wordpress\/fahrten-auslandsaufenthalte\/#breadcrumb"},"inLanguage":"de","potentialAction":[{"@type":"ReadAction","target":["https:\/\/www.gymnasium-mariengarden.de\/wordpress\/fahrten-auslandsaufenthalte\/"]}]},{"@type":"BreadcrumbList","@id":"https:\/\/www.gymnasium-mariengarden.de\/wordpress\/fahrten-auslandsaufenthalte\/#breadcrumb","itemListElement":[{"@type":"ListItem","position":1,"name":"Startseite","item":"https:\/\/www.gymnasium-mariengarden.de\/wordpress\/"},{"@type":"ListItem","position":2,"name":"Fahrten &amp; Auslandsaufenthalte"}]},{"@type":"WebSite","@id":"https:\/\/www.gymnasium-mariengarden.de\/wordpress\/#website","url":"https:\/\/www.gymnasium-mariengarden.de\/wordpress\/","name":"Gymnasium Mariengarden","description":"Privates Gymnasium der Oblatenmissionare","alternateName":"Gymnasium Mariengarden Borken-Burlo","potentialAction":[{"@type":"SearchAction","target":{"@type":"EntryPoint","urlTemplate":"https:\/\/www.gymnasium-mariengarden.de\/wordpress\/?s={search_term_string}"},"query-input":{"@type":"PropertyValueSpecification","valueRequired":true,"valueName":"search_term_string"}}],"inLanguage":"de"}]}},"_links":{"self":[{"href":"https:\/\/www.gymnasium-mariengarden.de\/wordpress\/wp-json\/wp\/v2\/pages\/16109","targetHints":{"allow":["GET"]}}],"collection":[{"href":"https:\/\/www.gymnasium-mariengarden.de\/wordpress\/wp-json\/wp\/v2\/pages"}],"about":[{"href":"https:\/\/www.gymnasium-mariengarden.de\/wordpress\/wp-json\/wp\/v2\/types\/page"}],"author":[{"embeddable":true,"href":"https:\/\/www.gymnasium-mariengarden.de\/wordpress\/wp-json\/wp\/v2\/users\/21"}],"replies":[{"embeddable":true,"href":"https:\/\/www.gymnasium-mariengarden.de\/wordpress\/wp-json\/wp\/v2\/comments?post=16109"}],"version-history":[{"count":1,"href":"https:\/\/www.gymnasium-mariengarden.de\/wordpress\/wp-json\/wp\/v2\/pages\/16109\/revisions"}],"predecessor-version":[{"id":16110,"href":"https:\/\/www.gymnasium-mariengarden.de\/wordpress\/wp-json\/wp\/v2\/pages\/16109\/revisions\/16110"}],"wp:attachment":[{"href":"https:\/\/www.gymnasium-mariengarden.de\/wordpress\/wp-json\/wp\/v2\/media?parent=16109"}],"curies":[{"name":"wp","href":"https:\/\/api.w.org\/{rel}","templated":true}]}}