{"id":15598,"date":"2024-04-13T10:50:12","date_gmt":"2024-04-13T08:50:12","guid":{"rendered":"https:\/\/www.gymnasium-mariengarden.de\/wordpress\/?page_id=15598"},"modified":"2024-04-13T10:50:12","modified_gmt":"2024-04-13T08:50:12","slug":"leistungskursfahrten-im-naturwissenschaftlichen-bereich","status":"publish","type":"page","link":"https:\/\/www.gymnasium-mariengarden.de\/wordpress\/leistungskursfahrten-im-naturwissenschaftlichen-bereich\/","title":{"rendered":"Leistungskursfahrten im naturwissenschaftlichen Bereich"},"content":{"rendered":"\n<p>Innerhalb der Qualifikationsphase 2 werden Leistungskursfahrten angeboten. Hierbei fahren jeweils die Leistungskurslehrkr\u00e4fte mit ihren Kursen zu einem Ort ihrer Wahl und erkunden fachspezifische Orte, um das erlernte Wissen innerhalb der drei Oberstufenjahre zu erweitern. Ein etabliertes Ziel ist dabei die Stadt Magdeburg. Hierbei wird die Universit\u00e4t Otto-von-Guericke besucht, um den Sch\u00fcler:innen ein Studium im Bereich der Medizintechnik zu pr\u00e4sentieren. Hierzu besuchen die Sch\u00fcler:innen an einem Tag mehrere Seminare. Dazu z\u00e4hlt beispielsweise ein L\u00f6tkurs oder auch ein Seminar zur Funktionsweise eines MRTs bzw. Ultraschallger\u00e4t.<\/p>\n\n\n\n<figure class=\"wp-block-image size-full\"><img loading=\"lazy\" decoding=\"async\" width=\"768\" height=\"1024\" src=\"https:\/\/www.gymnasium-mariengarden.de\/wordpress\/wp-content\/uploads\/2024\/04\/LK-Fahrt-Magdeburg-1.jpg\" alt=\"\" class=\"wp-image-15605\" srcset=\"https:\/\/www.gymnasium-mariengarden.de\/wordpress\/wp-content\/uploads\/2024\/04\/LK-Fahrt-Magdeburg-1.jpg 768w, https:\/\/www.gymnasium-mariengarden.de\/wordpress\/wp-content\/uploads\/2024\/04\/LK-Fahrt-Magdeburg-1-225x300.jpg 225w\" sizes=\"auto, (max-width: 768px) 100vw, 768px\" \/><\/figure>\n\n\n\n<p>Alternativ zur Stadt Magdeburg wird auch die Universit\u00e4tsstadt G\u00f6ttingen anvisiert. Dort haben wir eine Kooperation mit dem XLAB in G\u00f6ttingen. Hierdurch wird es uns erm\u00f6glicht, ein Sch\u00fclerlabor ganzt\u00e4gig zu besuchen und diverse Experimente im Bereich Biologie, Chemie und Physik durchzuf\u00fchren.<\/p>\n","protected":false},"excerpt":{"rendered":"<p>Innerhalb der Qualifikationsphase 2 werden Leistungskursfahrten angeboten. Hierbei fahren jeweils die Leistungskurslehrkr\u00e4fte mit ihren Kursen zu einem Ort ihrer Wahl und erkunden fachspezifische Orte, um das erlernte Wissen innerhalb der drei Oberstufenjahre zu erweitern. Ein etabliertes Ziel ist dabei die Stadt Magdeburg. Hierbei wird die Universit\u00e4t Otto-von-Guericke besucht, um den Sch\u00fcler:innen ein Studium im Bereich &hellip; <a href=\"https:\/\/www.gymnasium-mariengarden.de\/wordpress\/leistungskursfahrten-im-naturwissenschaftlichen-bereich\/\" class=\"more-link\"><span class=\"screen-reader-text\">Leistungskursfahrten im naturwissenschaftlichen Bereich<\/span> weiterlesen <span class=\"meta-nav\">&rarr;<\/span><\/a><\/p>\n","protected":false},"author":21,"featured_media":0,"parent":0,"menu_order":0,"comment_status":"closed","ping_status":"closed","template":"","meta":{"footnotes":""},"class_list":["post-15598","page","type-page","status-publish","hentry"],"yoast_head":"<!-- This site is optimized with the Yoast SEO plugin v27.3 - https:\/\/yoast.com\/product\/yoast-seo-wordpress\/ -->\n<title>Leistungskursfahrten im naturwissenschaftlichen Bereich - Gymnasium Mariengarden<\/title>\n<meta name=\"description\" content=\"Privates Gymnasium der Oblatenmissionare\" \/>\n<meta name=\"robots\" content=\"index, follow, max-snippet:-1, max-image-preview:large, max-video-preview:-1\" \/>\n<link rel=\"canonical\" href=\"https:\/\/www.gymnasium-mariengarden.de\/wordpress\/leistungskursfahrten-im-naturwissenschaftlichen-bereich\/\" \/>\n<meta property=\"og:locale\" content=\"de_DE\" \/>\n<meta property=\"og:type\" content=\"article\" \/>\n<meta property=\"og:title\" content=\"Leistungskursfahrten im naturwissenschaftlichen Bereich - Gymnasium Mariengarden\" \/>\n<meta property=\"og:description\" content=\"Privates Gymnasium der Oblatenmissionare\" \/>\n<meta property=\"og:url\" content=\"https:\/\/www.gymnasium-mariengarden.de\/wordpress\/leistungskursfahrten-im-naturwissenschaftlichen-bereich\/\" \/>\n<meta property=\"og:site_name\" content=\"Gymnasium Mariengarden\" \/>\n<meta property=\"article:publisher\" content=\"https:\/\/www.facebook.com\/groups\/38812342437\/?locale=de_DE\" \/>\n<meta property=\"og:image\" content=\"https:\/\/www.gymnasium-mariengarden.de\/wordpress\/wp-content\/uploads\/2024\/04\/LK-Fahrt-Magdeburg-1.jpg\" \/>\n<meta name=\"twitter:card\" content=\"summary_large_image\" \/>\n<meta name=\"twitter:label1\" content=\"Gesch\u00e4tzte Lesezeit\" \/>\n\t<meta name=\"twitter:data1\" content=\"1\u00a0Minute\" \/>\n<script type=\"application\/ld+json\" class=\"yoast-schema-graph\">{\"@context\":\"https:\\\/\\\/schema.org\",\"@graph\":[{\"@type\":\"WebPage\",\"@id\":\"https:\\\/\\\/www.gymnasium-mariengarden.de\\\/wordpress\\\/leistungskursfahrten-im-naturwissenschaftlichen-bereich\\\/\",\"url\":\"https:\\\/\\\/www.gymnasium-mariengarden.de\\\/wordpress\\\/leistungskursfahrten-im-naturwissenschaftlichen-bereich\\\/\",\"name\":\"Leistungskursfahrten im naturwissenschaftlichen Bereich - Gymnasium Mariengarden\",\"isPartOf\":{\"@id\":\"https:\\\/\\\/www.gymnasium-mariengarden.de\\\/wordpress\\\/#website\"},\"primaryImageOfPage\":{\"@id\":\"https:\\\/\\\/www.gymnasium-mariengarden.de\\\/wordpress\\\/leistungskursfahrten-im-naturwissenschaftlichen-bereich\\\/#primaryimage\"},\"image\":{\"@id\":\"https:\\\/\\\/www.gymnasium-mariengarden.de\\\/wordpress\\\/leistungskursfahrten-im-naturwissenschaftlichen-bereich\\\/#primaryimage\"},\"thumbnailUrl\":\"https:\\\/\\\/www.gymnasium-mariengarden.de\\\/wordpress\\\/wp-content\\\/uploads\\\/2024\\\/04\\\/LK-Fahrt-Magdeburg-1.jpg\",\"datePublished\":\"2024-04-13T08:50:12+00:00\",\"description\":\"Privates Gymnasium der Oblatenmissionare\",\"breadcrumb\":{\"@id\":\"https:\\\/\\\/www.gymnasium-mariengarden.de\\\/wordpress\\\/leistungskursfahrten-im-naturwissenschaftlichen-bereich\\\/#breadcrumb\"},\"inLanguage\":\"de\",\"potentialAction\":[{\"@type\":\"ReadAction\",\"target\":[\"https:\\\/\\\/www.gymnasium-mariengarden.de\\\/wordpress\\\/leistungskursfahrten-im-naturwissenschaftlichen-bereich\\\/\"]}]},{\"@type\":\"ImageObject\",\"inLanguage\":\"de\",\"@id\":\"https:\\\/\\\/www.gymnasium-mariengarden.de\\\/wordpress\\\/leistungskursfahrten-im-naturwissenschaftlichen-bereich\\\/#primaryimage\",\"url\":\"https:\\\/\\\/www.gymnasium-mariengarden.de\\\/wordpress\\\/wp-content\\\/uploads\\\/2024\\\/04\\\/LK-Fahrt-Magdeburg-1.jpg\",\"contentUrl\":\"https:\\\/\\\/www.gymnasium-mariengarden.de\\\/wordpress\\\/wp-content\\\/uploads\\\/2024\\\/04\\\/LK-Fahrt-Magdeburg-1.jpg\",\"width\":768,\"height\":1024},{\"@type\":\"BreadcrumbList\",\"@id\":\"https:\\\/\\\/www.gymnasium-mariengarden.de\\\/wordpress\\\/leistungskursfahrten-im-naturwissenschaftlichen-bereich\\\/#breadcrumb\",\"itemListElement\":[{\"@type\":\"ListItem\",\"position\":1,\"name\":\"Startseite\",\"item\":\"https:\\\/\\\/www.gymnasium-mariengarden.de\\\/wordpress\\\/\"},{\"@type\":\"ListItem\",\"position\":2,\"name\":\"Leistungskursfahrten im naturwissenschaftlichen Bereich\"}]},{\"@type\":\"WebSite\",\"@id\":\"https:\\\/\\\/www.gymnasium-mariengarden.de\\\/wordpress\\\/#website\",\"url\":\"https:\\\/\\\/www.gymnasium-mariengarden.de\\\/wordpress\\\/\",\"name\":\"Gymnasium Mariengarden\",\"description\":\"Privates Gymnasium der Oblatenmissionare\",\"alternateName\":\"Gymnasium Mariengarden Borken-Burlo\",\"potentialAction\":[{\"@type\":\"SearchAction\",\"target\":{\"@type\":\"EntryPoint\",\"urlTemplate\":\"https:\\\/\\\/www.gymnasium-mariengarden.de\\\/wordpress\\\/?s={search_term_string}\"},\"query-input\":{\"@type\":\"PropertyValueSpecification\",\"valueRequired\":true,\"valueName\":\"search_term_string\"}}],\"inLanguage\":\"de\"}]}<\/script>\n<!-- \/ Yoast SEO plugin. -->","yoast_head_json":{"title":"Leistungskursfahrten im naturwissenschaftlichen Bereich - Gymnasium Mariengarden","description":"Privates Gymnasium der Oblatenmissionare","robots":{"index":"index","follow":"follow","max-snippet":"max-snippet:-1","max-image-preview":"max-image-preview:large","max-video-preview":"max-video-preview:-1"},"canonical":"https:\/\/www.gymnasium-mariengarden.de\/wordpress\/leistungskursfahrten-im-naturwissenschaftlichen-bereich\/","og_locale":"de_DE","og_type":"article","og_title":"Leistungskursfahrten im naturwissenschaftlichen Bereich - Gymnasium Mariengarden","og_description":"Privates Gymnasium der Oblatenmissionare","og_url":"https:\/\/www.gymnasium-mariengarden.de\/wordpress\/leistungskursfahrten-im-naturwissenschaftlichen-bereich\/","og_site_name":"Gymnasium Mariengarden","article_publisher":"https:\/\/www.facebook.com\/groups\/38812342437\/?locale=de_DE","og_image":[{"url":"https:\/\/www.gymnasium-mariengarden.de\/wordpress\/wp-content\/uploads\/2024\/04\/LK-Fahrt-Magdeburg-1.jpg","type":"","width":"","height":""}],"twitter_card":"summary_large_image","twitter_misc":{"Gesch\u00e4tzte Lesezeit":"1\u00a0Minute"},"schema":{"@context":"https:\/\/schema.org","@graph":[{"@type":"WebPage","@id":"https:\/\/www.gymnasium-mariengarden.de\/wordpress\/leistungskursfahrten-im-naturwissenschaftlichen-bereich\/","url":"https:\/\/www.gymnasium-mariengarden.de\/wordpress\/leistungskursfahrten-im-naturwissenschaftlichen-bereich\/","name":"Leistungskursfahrten im naturwissenschaftlichen Bereich - Gymnasium Mariengarden","isPartOf":{"@id":"https:\/\/www.gymnasium-mariengarden.de\/wordpress\/#website"},"primaryImageOfPage":{"@id":"https:\/\/www.gymnasium-mariengarden.de\/wordpress\/leistungskursfahrten-im-naturwissenschaftlichen-bereich\/#primaryimage"},"image":{"@id":"https:\/\/www.gymnasium-mariengarden.de\/wordpress\/leistungskursfahrten-im-naturwissenschaftlichen-bereich\/#primaryimage"},"thumbnailUrl":"https:\/\/www.gymnasium-mariengarden.de\/wordpress\/wp-content\/uploads\/2024\/04\/LK-Fahrt-Magdeburg-1.jpg","datePublished":"2024-04-13T08:50:12+00:00","description":"Privates Gymnasium der Oblatenmissionare","breadcrumb":{"@id":"https:\/\/www.gymnasium-mariengarden.de\/wordpress\/leistungskursfahrten-im-naturwissenschaftlichen-bereich\/#breadcrumb"},"inLanguage":"de","potentialAction":[{"@type":"ReadAction","target":["https:\/\/www.gymnasium-mariengarden.de\/wordpress\/leistungskursfahrten-im-naturwissenschaftlichen-bereich\/"]}]},{"@type":"ImageObject","inLanguage":"de","@id":"https:\/\/www.gymnasium-mariengarden.de\/wordpress\/leistungskursfahrten-im-naturwissenschaftlichen-bereich\/#primaryimage","url":"https:\/\/www.gymnasium-mariengarden.de\/wordpress\/wp-content\/uploads\/2024\/04\/LK-Fahrt-Magdeburg-1.jpg","contentUrl":"https:\/\/www.gymnasium-mariengarden.de\/wordpress\/wp-content\/uploads\/2024\/04\/LK-Fahrt-Magdeburg-1.jpg","width":768,"height":1024},{"@type":"BreadcrumbList","@id":"https:\/\/www.gymnasium-mariengarden.de\/wordpress\/leistungskursfahrten-im-naturwissenschaftlichen-bereich\/#breadcrumb","itemListElement":[{"@type":"ListItem","position":1,"name":"Startseite","item":"https:\/\/www.gymnasium-mariengarden.de\/wordpress\/"},{"@type":"ListItem","position":2,"name":"Leistungskursfahrten im naturwissenschaftlichen Bereich"}]},{"@type":"WebSite","@id":"https:\/\/www.gymnasium-mariengarden.de\/wordpress\/#website","url":"https:\/\/www.gymnasium-mariengarden.de\/wordpress\/","name":"Gymnasium Mariengarden","description":"Privates Gymnasium der Oblatenmissionare","alternateName":"Gymnasium Mariengarden Borken-Burlo","potentialAction":[{"@type":"SearchAction","target":{"@type":"EntryPoint","urlTemplate":"https:\/\/www.gymnasium-mariengarden.de\/wordpress\/?s={search_term_string}"},"query-input":{"@type":"PropertyValueSpecification","valueRequired":true,"valueName":"search_term_string"}}],"inLanguage":"de"}]}},"_links":{"self":[{"href":"https:\/\/www.gymnasium-mariengarden.de\/wordpress\/wp-json\/wp\/v2\/pages\/15598","targetHints":{"allow":["GET"]}}],"collection":[{"href":"https:\/\/www.gymnasium-mariengarden.de\/wordpress\/wp-json\/wp\/v2\/pages"}],"about":[{"href":"https:\/\/www.gymnasium-mariengarden.de\/wordpress\/wp-json\/wp\/v2\/types\/page"}],"author":[{"embeddable":true,"href":"https:\/\/www.gymnasium-mariengarden.de\/wordpress\/wp-json\/wp\/v2\/users\/21"}],"replies":[{"embeddable":true,"href":"https:\/\/www.gymnasium-mariengarden.de\/wordpress\/wp-json\/wp\/v2\/comments?post=15598"}],"version-history":[{"count":3,"href":"https:\/\/www.gymnasium-mariengarden.de\/wordpress\/wp-json\/wp\/v2\/pages\/15598\/revisions"}],"predecessor-version":[{"id":15606,"href":"https:\/\/www.gymnasium-mariengarden.de\/wordpress\/wp-json\/wp\/v2\/pages\/15598\/revisions\/15606"}],"wp:attachment":[{"href":"https:\/\/www.gymnasium-mariengarden.de\/wordpress\/wp-json\/wp\/v2\/media?parent=15598"}],"curies":[{"name":"wp","href":"https:\/\/api.w.org\/{rel}","templated":true}]}}