{"id":15552,"date":"2024-04-13T10:01:57","date_gmt":"2024-04-13T08:01:57","guid":{"rendered":"https:\/\/www.gymnasium-mariengarden.de\/wordpress\/?page_id=15552"},"modified":"2026-03-05T16:24:02","modified_gmt":"2026-03-05T15:24:02","slug":"wettbewerbe","status":"publish","type":"page","link":"https:\/\/www.gymnasium-mariengarden.de\/wordpress\/wettbewerbe\/","title":{"rendered":"Wettbewerbe"},"content":{"rendered":"\n<p>Unsere Sch\u00fcler:innen bekommen die M\u00f6glichkeit an verschiedenen nationalen und internationalen Wettbewerben teilzunehmen. Ziel ist es dabei, die naturwissenschaftliche Grundbildung zu f\u00f6rdern. In den Wettbewerben werden naturwissenschaftliche Fragestellungen aufgebracht, die beispielsweise durch Experimente, Untersuchungen, durch die Weiterentwicklung eines Gedankens oder durch die Neukombination von Wissen beantwortet werden k\u00f6nnen.<\/p>\n\n\n\n<p>Die Wettbewerbstermine werden im MINT-Team bei Teams ver\u00f6ffentlicht oder k\u00f6nnen bei der zugeh\u00f6rigen Lehrkraft erfragt werden. Zudem informieren die Wettbewerbsverantwortlichen die jeweiligen Klassen \u00fcber anstehende Wettbewerbe.<\/p>\n\n\n\n<div class=\"wp-block-group is-vertical is-layout-flex wp-container-core-group-is-layout-8cf370e7 wp-block-group-is-layout-flex\">\n<figure class=\"wp-block-table\"><table><tbody><tr><td>Wettbewerb<\/td><td>Fach<\/td><td>Zielgruppe<\/td><td>Ansprechpartner<\/td><\/tr><tr><td>K\u00e4nguru-Wettbewerb<\/td><td>Mathematik<\/td><td>5 &#8211; Q2 &nbsp;<\/td><td><a href=\"https:\/\/www.gymnasium-mariengarden.de\/wordpress\/kollegium\/srk\/\" data-type=\"link\" data-id=\"https:\/\/www.gymnasium-mariengarden.de\/wordpress\/kollegium\/srk\/\">Herr Stroick<\/a><br><a href=\"https:\/\/www.gymnasium-mariengarden.de\/wordpress\/kollegium\/nau\/\" data-type=\"link\" data-id=\"https:\/\/www.gymnasium-mariengarden.de\/wordpress\/kollegium\/nau\/\">Frau Naundorf<\/a><\/td><\/tr><tr><td>Reken rechnet<\/td><td>Mathematik<\/td><td>5 &#8211; Q2<\/td><td>Mathmematikfachschaftt<\/td><\/tr><tr><td>Mathe im Advent<\/td><td>Mathematik<\/td><td>5 &#8211; 10<\/td><td>Mathematikfachschaft<\/td><\/tr><tr><td>interne Kopfrechnenmeisterschaft<\/td><td>Mathematik<\/td><td>5-6<\/td><td>Mathematikfachschaft<\/td><\/tr><tr><td>Informatik Biber<\/td><td>Informatik<\/td><td>5 &#8211; Q2<\/td><td><a href=\"https:\/\/www.gymnasium-mariengarden.de\/wordpress\/kollegium\/srk\/\" data-type=\"link\" data-id=\"https:\/\/www.gymnasium-mariengarden.de\/wordpress\/kollegium\/srk\/\">Herr Stroick<\/a><\/td><\/tr><tr><td>Meet &amp; Code<\/td><td>Informatik<\/td><td>Eph &#8211; Q2<\/td><td><a href=\"https:\/\/www.gymnasium-mariengarden.de\/wordpress\/kollegium\/ert\/\">Herr Ertner<\/a><\/td><\/tr><tr><td>ZDI-Roboter-Wettbewerb<\/td><td>Informatik<\/td><td>6 -7<\/td><td><a href=\"https:\/\/www.gymnasium-mariengarden.de\/wordpress\/kollegium\/srk\/\">Herr Stroick<\/a><\/td><\/tr><tr><td>Bio-logisch!<\/td><td>Biologie<\/td><td>5 &#8211; 10<\/td><td>Biologiefachschaft<\/td><\/tr><tr><td>IBO<\/td><td>Biologie<\/td><td>Q2<\/td><td>Biologiefachschaft<\/td><\/tr><tr><td>Karl-von-Frisch-Preis des VBio<\/td><td>Biologie<\/td><td>Eph-Q2<\/td><td>Biologiefachschaft<\/td><\/tr><tr><td>IPhO<\/td><td>Physik<\/td><td>Q2<\/td><td>Physikfachschaft<\/td><\/tr><tr><td>Chem &#8211; pions<\/td><td>Chemie<\/td><td>7 &#8211; 10<\/td><td><a href=\"https:\/\/www.gymnasium-mariengarden.de\/wordpress\/kollegium\/efi\/\">Herr Dr. Efing<\/a><\/td><\/tr><tr><td>Chemie, die stimmt!<\/td><td>Chemie<\/td><td>8-10<\/td><td><a href=\"https:\/\/www.gymnasium-mariengarden.de\/wordpress\/kollegium\/efi\/\">Herr Dr. Efing<\/a><br><a href=\"https:\/\/www.gymnasium-mariengarden.de\/wordpress\/kollegium\/hsh\/\" type=\"link\" id=\"https:\/\/www.gymnasium-mariengarden.de\/wordpress\/kollegium\/hsh\/\">Frau H\u00f6lscher<\/a><\/td><\/tr><tr><td>Dr. Hans-Riegel-Fachpreis-Wettbewerb<\/td><td>Alle MINT-F\u00e4cher<\/td><td>Q1<\/td><td>Fachlehrkr\u00e4fte<\/td><\/tr><tr><td>Jugend forscht<\/td><td>Alle MINT-F\u00e4cher<\/td><td>5 &#8211; Q2<\/td><td><a data-type=\"link\" data-id=\"https:\/\/www.gymnasium-mariengarden.de\/wordpress\/kollegium\/nau\/\" href=\"https:\/\/www.gymnasium-mariengarden.de\/wordpress\/kollegium\/nau\/\">Frau Naundorf<\/a><\/td><\/tr><tr><td>Sch\u00fcler macht MI(N)T<\/td><td>Alle MINT-F\u00e4cher<\/td><td>8 &#8211; 10<\/td><td><a data-type=\"link\" data-id=\"https:\/\/www.gymnasium-mariengarden.de\/wordpress\/kollegium\/nau\/\" href=\"https:\/\/www.gymnasium-mariengarden.de\/wordpress\/kollegium\/nau\/\">Frau Naundorf<\/a><\/td><\/tr><\/tbody><\/table><\/figure>\n<\/div>\n\n\n\n<p><\/p>\n","protected":false},"excerpt":{"rendered":"<p>Unsere Sch\u00fcler:innen bekommen die M\u00f6glichkeit an verschiedenen nationalen und internationalen Wettbewerben teilzunehmen. Ziel ist es dabei, die naturwissenschaftliche Grundbildung zu f\u00f6rdern. In den Wettbewerben werden naturwissenschaftliche Fragestellungen aufgebracht, die beispielsweise durch Experimente, Untersuchungen, durch die Weiterentwicklung eines Gedankens oder durch die Neukombination von Wissen beantwortet werden k\u00f6nnen. Die Wettbewerbstermine werden im MINT-Team bei Teams ver\u00f6ffentlicht &hellip; <a href=\"https:\/\/www.gymnasium-mariengarden.de\/wordpress\/wettbewerbe\/\" class=\"more-link\"><span class=\"screen-reader-text\">Wettbewerbe<\/span> weiterlesen <span class=\"meta-nav\">&rarr;<\/span><\/a><\/p>\n","protected":false},"author":21,"featured_media":0,"parent":0,"menu_order":0,"comment_status":"closed","ping_status":"closed","template":"","meta":{"footnotes":""},"class_list":["post-15552","page","type-page","status-publish","hentry"],"yoast_head":"<!-- This site is optimized with the Yoast SEO plugin v27.3 - https:\/\/yoast.com\/product\/yoast-seo-wordpress\/ -->\n<title>Wettbewerbe - Gymnasium Mariengarden<\/title>\n<meta name=\"description\" content=\"Privates Gymnasium der Oblatenmissionare\" \/>\n<meta name=\"robots\" content=\"index, follow, max-snippet:-1, max-image-preview:large, max-video-preview:-1\" \/>\n<link rel=\"canonical\" href=\"https:\/\/www.gymnasium-mariengarden.de\/wordpress\/wettbewerbe\/\" \/>\n<meta property=\"og:locale\" content=\"de_DE\" \/>\n<meta property=\"og:type\" content=\"article\" \/>\n<meta property=\"og:title\" content=\"Wettbewerbe - Gymnasium Mariengarden\" \/>\n<meta property=\"og:description\" content=\"Privates Gymnasium der Oblatenmissionare\" \/>\n<meta property=\"og:url\" content=\"https:\/\/www.gymnasium-mariengarden.de\/wordpress\/wettbewerbe\/\" \/>\n<meta property=\"og:site_name\" content=\"Gymnasium Mariengarden\" \/>\n<meta property=\"article:publisher\" content=\"https:\/\/www.facebook.com\/groups\/38812342437\/?locale=de_DE\" \/>\n<meta property=\"article:modified_time\" content=\"2026-03-05T15:24:02+00:00\" \/>\n<meta name=\"twitter:card\" content=\"summary_large_image\" \/>\n<meta name=\"twitter:label1\" content=\"Gesch\u00e4tzte Lesezeit\" \/>\n\t<meta name=\"twitter:data1\" content=\"2\u00a0Minuten\" \/>\n<script type=\"application\/ld+json\" class=\"yoast-schema-graph\">{\"@context\":\"https:\\\/\\\/schema.org\",\"@graph\":[{\"@type\":\"WebPage\",\"@id\":\"https:\\\/\\\/www.gymnasium-mariengarden.de\\\/wordpress\\\/wettbewerbe\\\/\",\"url\":\"https:\\\/\\\/www.gymnasium-mariengarden.de\\\/wordpress\\\/wettbewerbe\\\/\",\"name\":\"Wettbewerbe - Gymnasium Mariengarden\",\"isPartOf\":{\"@id\":\"https:\\\/\\\/www.gymnasium-mariengarden.de\\\/wordpress\\\/#website\"},\"datePublished\":\"2024-04-13T08:01:57+00:00\",\"dateModified\":\"2026-03-05T15:24:02+00:00\",\"description\":\"Privates Gymnasium der Oblatenmissionare\",\"breadcrumb\":{\"@id\":\"https:\\\/\\\/www.gymnasium-mariengarden.de\\\/wordpress\\\/wettbewerbe\\\/#breadcrumb\"},\"inLanguage\":\"de\",\"potentialAction\":[{\"@type\":\"ReadAction\",\"target\":[\"https:\\\/\\\/www.gymnasium-mariengarden.de\\\/wordpress\\\/wettbewerbe\\\/\"]}]},{\"@type\":\"BreadcrumbList\",\"@id\":\"https:\\\/\\\/www.gymnasium-mariengarden.de\\\/wordpress\\\/wettbewerbe\\\/#breadcrumb\",\"itemListElement\":[{\"@type\":\"ListItem\",\"position\":1,\"name\":\"Startseite\",\"item\":\"https:\\\/\\\/www.gymnasium-mariengarden.de\\\/wordpress\\\/\"},{\"@type\":\"ListItem\",\"position\":2,\"name\":\"Wettbewerbe\"}]},{\"@type\":\"WebSite\",\"@id\":\"https:\\\/\\\/www.gymnasium-mariengarden.de\\\/wordpress\\\/#website\",\"url\":\"https:\\\/\\\/www.gymnasium-mariengarden.de\\\/wordpress\\\/\",\"name\":\"Gymnasium Mariengarden\",\"description\":\"Privates Gymnasium der Oblatenmissionare\",\"alternateName\":\"Gymnasium Mariengarden Borken-Burlo\",\"potentialAction\":[{\"@type\":\"SearchAction\",\"target\":{\"@type\":\"EntryPoint\",\"urlTemplate\":\"https:\\\/\\\/www.gymnasium-mariengarden.de\\\/wordpress\\\/?s={search_term_string}\"},\"query-input\":{\"@type\":\"PropertyValueSpecification\",\"valueRequired\":true,\"valueName\":\"search_term_string\"}}],\"inLanguage\":\"de\"}]}<\/script>\n<!-- \/ Yoast SEO plugin. -->","yoast_head_json":{"title":"Wettbewerbe - Gymnasium Mariengarden","description":"Privates Gymnasium der Oblatenmissionare","robots":{"index":"index","follow":"follow","max-snippet":"max-snippet:-1","max-image-preview":"max-image-preview:large","max-video-preview":"max-video-preview:-1"},"canonical":"https:\/\/www.gymnasium-mariengarden.de\/wordpress\/wettbewerbe\/","og_locale":"de_DE","og_type":"article","og_title":"Wettbewerbe - Gymnasium Mariengarden","og_description":"Privates Gymnasium der Oblatenmissionare","og_url":"https:\/\/www.gymnasium-mariengarden.de\/wordpress\/wettbewerbe\/","og_site_name":"Gymnasium Mariengarden","article_publisher":"https:\/\/www.facebook.com\/groups\/38812342437\/?locale=de_DE","article_modified_time":"2026-03-05T15:24:02+00:00","twitter_card":"summary_large_image","twitter_misc":{"Gesch\u00e4tzte Lesezeit":"2\u00a0Minuten"},"schema":{"@context":"https:\/\/schema.org","@graph":[{"@type":"WebPage","@id":"https:\/\/www.gymnasium-mariengarden.de\/wordpress\/wettbewerbe\/","url":"https:\/\/www.gymnasium-mariengarden.de\/wordpress\/wettbewerbe\/","name":"Wettbewerbe - Gymnasium Mariengarden","isPartOf":{"@id":"https:\/\/www.gymnasium-mariengarden.de\/wordpress\/#website"},"datePublished":"2024-04-13T08:01:57+00:00","dateModified":"2026-03-05T15:24:02+00:00","description":"Privates Gymnasium der Oblatenmissionare","breadcrumb":{"@id":"https:\/\/www.gymnasium-mariengarden.de\/wordpress\/wettbewerbe\/#breadcrumb"},"inLanguage":"de","potentialAction":[{"@type":"ReadAction","target":["https:\/\/www.gymnasium-mariengarden.de\/wordpress\/wettbewerbe\/"]}]},{"@type":"BreadcrumbList","@id":"https:\/\/www.gymnasium-mariengarden.de\/wordpress\/wettbewerbe\/#breadcrumb","itemListElement":[{"@type":"ListItem","position":1,"name":"Startseite","item":"https:\/\/www.gymnasium-mariengarden.de\/wordpress\/"},{"@type":"ListItem","position":2,"name":"Wettbewerbe"}]},{"@type":"WebSite","@id":"https:\/\/www.gymnasium-mariengarden.de\/wordpress\/#website","url":"https:\/\/www.gymnasium-mariengarden.de\/wordpress\/","name":"Gymnasium Mariengarden","description":"Privates Gymnasium der Oblatenmissionare","alternateName":"Gymnasium Mariengarden Borken-Burlo","potentialAction":[{"@type":"SearchAction","target":{"@type":"EntryPoint","urlTemplate":"https:\/\/www.gymnasium-mariengarden.de\/wordpress\/?s={search_term_string}"},"query-input":{"@type":"PropertyValueSpecification","valueRequired":true,"valueName":"search_term_string"}}],"inLanguage":"de"}]}},"_links":{"self":[{"href":"https:\/\/www.gymnasium-mariengarden.de\/wordpress\/wp-json\/wp\/v2\/pages\/15552","targetHints":{"allow":["GET"]}}],"collection":[{"href":"https:\/\/www.gymnasium-mariengarden.de\/wordpress\/wp-json\/wp\/v2\/pages"}],"about":[{"href":"https:\/\/www.gymnasium-mariengarden.de\/wordpress\/wp-json\/wp\/v2\/types\/page"}],"author":[{"embeddable":true,"href":"https:\/\/www.gymnasium-mariengarden.de\/wordpress\/wp-json\/wp\/v2\/users\/21"}],"replies":[{"embeddable":true,"href":"https:\/\/www.gymnasium-mariengarden.de\/wordpress\/wp-json\/wp\/v2\/comments?post=15552"}],"version-history":[{"count":6,"href":"https:\/\/www.gymnasium-mariengarden.de\/wordpress\/wp-json\/wp\/v2\/pages\/15552\/revisions"}],"predecessor-version":[{"id":16967,"href":"https:\/\/www.gymnasium-mariengarden.de\/wordpress\/wp-json\/wp\/v2\/pages\/15552\/revisions\/16967"}],"wp:attachment":[{"href":"https:\/\/www.gymnasium-mariengarden.de\/wordpress\/wp-json\/wp\/v2\/media?parent=15552"}],"curies":[{"name":"wp","href":"https:\/\/api.w.org\/{rel}","templated":true}]}}