{"id":15355,"date":"2024-01-09T10:54:15","date_gmt":"2024-01-09T09:54:15","guid":{"rendered":"https:\/\/www.gymnasium-mariengarden.de\/wordpress\/?page_id=15355"},"modified":"2024-01-09T10:54:15","modified_gmt":"2024-01-09T09:54:15","slug":"kreatives-schreiben","status":"publish","type":"page","link":"https:\/\/www.gymnasium-mariengarden.de\/wordpress\/kreatives-schreiben\/","title":{"rendered":"Kreatives Schreiben"},"content":{"rendered":"\n<p class=\"has-text-align-center\">Du schreibst gerne und m\u00f6chtest deine Gedanken mit anderen teilen?<\/p>\n\n\n\n<p class=\"has-text-align-center\">Dein Kopf ist voller kreativer Gedanken, aber du wei\u00dft nicht, wie du sie in einen Text bringen sollst?<\/p>\n\n\n\n<p class=\"has-text-align-center\">Du spielst gern mit Sprache?<\/p>\n\n\n\n<p class=\"has-text-align-center\">Dann bist du hier genau richtig!<\/p>\n\n\n\n<p>In der AG <strong>\u201eKreatives Schreiben\u201c<\/strong> hast du in diesem Schuljahr alle zwei Wochen die M\u00f6glichkeit, in entspannter Atmosph\u00e4re allein oder in Gruppen Texte herzustellen und deiner Kreativit\u00e4t freien Lauf lassen. Dabei kannst du dich von Schreibimpulsen inspirieren lassen oder deine eigenen Ideen umsetzen. Von Gedichten \u00fcber Kurzgeschichten bis hin zu Romanen oder Drehb\u00fcchern ist alles m\u00f6glich.<\/p>\n\n\n\n<p>Nat\u00fcrlich darf auch der Austausch \u00fcber die Texte nicht fehlen, denn es sollen ja auch andere in den Genuss deiner kreativen F\u00e4higkeiten kommen! Wir schreiben also nicht nur, sondern tauschen uns \u00fcber unsere Ideen f\u00fcr Texte aus und pr\u00e4sentieren uns unsere fertigen Texte.<\/p>\n\n\n\n<p>Du hast Lust, Teil der AG zu werden? Dann komm einfach zu unseren Treffen.<\/p>\n\n\n\n<p>Alles, was du mitbringen musst, sind Stifte und Papier sowie Motivation.<\/p>\n\n\n\n<p>Bei Fragen melde dich gerne unter <a href=\"mailto:kueckelmann@gymnasium-mariengarden.de\">kueckelmann@gymnasium-mariengarden.de<\/a> (Klasse 6\/7) oder unter <a href=\"mailto:bork@gymnasium-mariengarden.de\">bork@gymnasium-mariengarden.de<\/a> (Klassen 8\/9).<\/p>\n\n\n\n<p>Viele Gr\u00fc\u00dfe! Louisa K\u00fcckelmann &amp; Stefan Bork<\/p>\n","protected":false},"excerpt":{"rendered":"<p>Du schreibst gerne und m\u00f6chtest deine Gedanken mit anderen teilen? Dein Kopf ist voller kreativer Gedanken, aber du wei\u00dft nicht, wie du sie in einen Text bringen sollst? Du spielst gern mit Sprache? Dann bist du hier genau richtig! In der AG \u201eKreatives Schreiben\u201c hast du in diesem Schuljahr alle zwei Wochen die M\u00f6glichkeit, in &hellip; <a href=\"https:\/\/www.gymnasium-mariengarden.de\/wordpress\/kreatives-schreiben\/\" class=\"more-link\"><span class=\"screen-reader-text\">Kreatives Schreiben<\/span> weiterlesen <span class=\"meta-nav\">&rarr;<\/span><\/a><\/p>\n","protected":false},"author":4,"featured_media":15356,"parent":0,"menu_order":0,"comment_status":"closed","ping_status":"closed","template":"","meta":{"footnotes":""},"class_list":["post-15355","page","type-page","status-publish","has-post-thumbnail","hentry"],"yoast_head":"<!-- This site is optimized with the Yoast SEO plugin v27.3 - https:\/\/yoast.com\/product\/yoast-seo-wordpress\/ -->\n<title>Kreatives Schreiben - Gymnasium Mariengarden<\/title>\n<meta name=\"description\" content=\"Privates Gymnasium der Oblatenmissionare\" \/>\n<meta name=\"robots\" content=\"index, follow, max-snippet:-1, max-image-preview:large, max-video-preview:-1\" \/>\n<link rel=\"canonical\" href=\"https:\/\/www.gymnasium-mariengarden.de\/wordpress\/kreatives-schreiben\/\" \/>\n<meta property=\"og:locale\" content=\"de_DE\" \/>\n<meta property=\"og:type\" content=\"article\" \/>\n<meta property=\"og:title\" content=\"Kreatives Schreiben - Gymnasium Mariengarden\" \/>\n<meta property=\"og:description\" content=\"Privates Gymnasium der Oblatenmissionare\" \/>\n<meta property=\"og:url\" content=\"https:\/\/www.gymnasium-mariengarden.de\/wordpress\/kreatives-schreiben\/\" \/>\n<meta property=\"og:site_name\" content=\"Gymnasium Mariengarden\" \/>\n<meta property=\"article:publisher\" content=\"https:\/\/www.facebook.com\/groups\/38812342437\/?locale=de_DE\" \/>\n<meta property=\"og:image\" content=\"https:\/\/www.gymnasium-mariengarden.de\/wordpress\/wp-content\/uploads\/2024\/01\/IMG_6327-scaled.jpg\" \/>\n\t<meta property=\"og:image:width\" content=\"2560\" \/>\n\t<meta property=\"og:image:height\" content=\"2372\" \/>\n\t<meta property=\"og:image:type\" content=\"image\/jpeg\" \/>\n<meta name=\"twitter:card\" content=\"summary_large_image\" \/>\n<meta name=\"twitter:label1\" content=\"Gesch\u00e4tzte Lesezeit\" \/>\n\t<meta name=\"twitter:data1\" content=\"1\u00a0Minute\" \/>\n<script type=\"application\/ld+json\" class=\"yoast-schema-graph\">{\"@context\":\"https:\\\/\\\/schema.org\",\"@graph\":[{\"@type\":\"WebPage\",\"@id\":\"https:\\\/\\\/www.gymnasium-mariengarden.de\\\/wordpress\\\/kreatives-schreiben\\\/\",\"url\":\"https:\\\/\\\/www.gymnasium-mariengarden.de\\\/wordpress\\\/kreatives-schreiben\\\/\",\"name\":\"Kreatives Schreiben - Gymnasium Mariengarden\",\"isPartOf\":{\"@id\":\"https:\\\/\\\/www.gymnasium-mariengarden.de\\\/wordpress\\\/#website\"},\"primaryImageOfPage\":{\"@id\":\"https:\\\/\\\/www.gymnasium-mariengarden.de\\\/wordpress\\\/kreatives-schreiben\\\/#primaryimage\"},\"image\":{\"@id\":\"https:\\\/\\\/www.gymnasium-mariengarden.de\\\/wordpress\\\/kreatives-schreiben\\\/#primaryimage\"},\"thumbnailUrl\":\"https:\\\/\\\/www.gymnasium-mariengarden.de\\\/wordpress\\\/wp-content\\\/uploads\\\/2024\\\/01\\\/IMG_6327-scaled.jpg\",\"datePublished\":\"2024-01-09T09:54:15+00:00\",\"description\":\"Privates Gymnasium der Oblatenmissionare\",\"breadcrumb\":{\"@id\":\"https:\\\/\\\/www.gymnasium-mariengarden.de\\\/wordpress\\\/kreatives-schreiben\\\/#breadcrumb\"},\"inLanguage\":\"de\",\"potentialAction\":[{\"@type\":\"ReadAction\",\"target\":[\"https:\\\/\\\/www.gymnasium-mariengarden.de\\\/wordpress\\\/kreatives-schreiben\\\/\"]}]},{\"@type\":\"ImageObject\",\"inLanguage\":\"de\",\"@id\":\"https:\\\/\\\/www.gymnasium-mariengarden.de\\\/wordpress\\\/kreatives-schreiben\\\/#primaryimage\",\"url\":\"https:\\\/\\\/www.gymnasium-mariengarden.de\\\/wordpress\\\/wp-content\\\/uploads\\\/2024\\\/01\\\/IMG_6327-scaled.jpg\",\"contentUrl\":\"https:\\\/\\\/www.gymnasium-mariengarden.de\\\/wordpress\\\/wp-content\\\/uploads\\\/2024\\\/01\\\/IMG_6327-scaled.jpg\",\"width\":2560,\"height\":2372},{\"@type\":\"BreadcrumbList\",\"@id\":\"https:\\\/\\\/www.gymnasium-mariengarden.de\\\/wordpress\\\/kreatives-schreiben\\\/#breadcrumb\",\"itemListElement\":[{\"@type\":\"ListItem\",\"position\":1,\"name\":\"Startseite\",\"item\":\"https:\\\/\\\/www.gymnasium-mariengarden.de\\\/wordpress\\\/\"},{\"@type\":\"ListItem\",\"position\":2,\"name\":\"Kreatives Schreiben\"}]},{\"@type\":\"WebSite\",\"@id\":\"https:\\\/\\\/www.gymnasium-mariengarden.de\\\/wordpress\\\/#website\",\"url\":\"https:\\\/\\\/www.gymnasium-mariengarden.de\\\/wordpress\\\/\",\"name\":\"Gymnasium Mariengarden\",\"description\":\"Privates Gymnasium der Oblatenmissionare\",\"alternateName\":\"Gymnasium Mariengarden Borken-Burlo\",\"potentialAction\":[{\"@type\":\"SearchAction\",\"target\":{\"@type\":\"EntryPoint\",\"urlTemplate\":\"https:\\\/\\\/www.gymnasium-mariengarden.de\\\/wordpress\\\/?s={search_term_string}\"},\"query-input\":{\"@type\":\"PropertyValueSpecification\",\"valueRequired\":true,\"valueName\":\"search_term_string\"}}],\"inLanguage\":\"de\"}]}<\/script>\n<!-- \/ Yoast SEO plugin. -->","yoast_head_json":{"title":"Kreatives Schreiben - Gymnasium Mariengarden","description":"Privates Gymnasium der Oblatenmissionare","robots":{"index":"index","follow":"follow","max-snippet":"max-snippet:-1","max-image-preview":"max-image-preview:large","max-video-preview":"max-video-preview:-1"},"canonical":"https:\/\/www.gymnasium-mariengarden.de\/wordpress\/kreatives-schreiben\/","og_locale":"de_DE","og_type":"article","og_title":"Kreatives Schreiben - Gymnasium Mariengarden","og_description":"Privates Gymnasium der Oblatenmissionare","og_url":"https:\/\/www.gymnasium-mariengarden.de\/wordpress\/kreatives-schreiben\/","og_site_name":"Gymnasium Mariengarden","article_publisher":"https:\/\/www.facebook.com\/groups\/38812342437\/?locale=de_DE","og_image":[{"width":2560,"height":2372,"url":"https:\/\/www.gymnasium-mariengarden.de\/wordpress\/wp-content\/uploads\/2024\/01\/IMG_6327-scaled.jpg","type":"image\/jpeg"}],"twitter_card":"summary_large_image","twitter_misc":{"Gesch\u00e4tzte Lesezeit":"1\u00a0Minute"},"schema":{"@context":"https:\/\/schema.org","@graph":[{"@type":"WebPage","@id":"https:\/\/www.gymnasium-mariengarden.de\/wordpress\/kreatives-schreiben\/","url":"https:\/\/www.gymnasium-mariengarden.de\/wordpress\/kreatives-schreiben\/","name":"Kreatives Schreiben - Gymnasium Mariengarden","isPartOf":{"@id":"https:\/\/www.gymnasium-mariengarden.de\/wordpress\/#website"},"primaryImageOfPage":{"@id":"https:\/\/www.gymnasium-mariengarden.de\/wordpress\/kreatives-schreiben\/#primaryimage"},"image":{"@id":"https:\/\/www.gymnasium-mariengarden.de\/wordpress\/kreatives-schreiben\/#primaryimage"},"thumbnailUrl":"https:\/\/www.gymnasium-mariengarden.de\/wordpress\/wp-content\/uploads\/2024\/01\/IMG_6327-scaled.jpg","datePublished":"2024-01-09T09:54:15+00:00","description":"Privates Gymnasium der Oblatenmissionare","breadcrumb":{"@id":"https:\/\/www.gymnasium-mariengarden.de\/wordpress\/kreatives-schreiben\/#breadcrumb"},"inLanguage":"de","potentialAction":[{"@type":"ReadAction","target":["https:\/\/www.gymnasium-mariengarden.de\/wordpress\/kreatives-schreiben\/"]}]},{"@type":"ImageObject","inLanguage":"de","@id":"https:\/\/www.gymnasium-mariengarden.de\/wordpress\/kreatives-schreiben\/#primaryimage","url":"https:\/\/www.gymnasium-mariengarden.de\/wordpress\/wp-content\/uploads\/2024\/01\/IMG_6327-scaled.jpg","contentUrl":"https:\/\/www.gymnasium-mariengarden.de\/wordpress\/wp-content\/uploads\/2024\/01\/IMG_6327-scaled.jpg","width":2560,"height":2372},{"@type":"BreadcrumbList","@id":"https:\/\/www.gymnasium-mariengarden.de\/wordpress\/kreatives-schreiben\/#breadcrumb","itemListElement":[{"@type":"ListItem","position":1,"name":"Startseite","item":"https:\/\/www.gymnasium-mariengarden.de\/wordpress\/"},{"@type":"ListItem","position":2,"name":"Kreatives Schreiben"}]},{"@type":"WebSite","@id":"https:\/\/www.gymnasium-mariengarden.de\/wordpress\/#website","url":"https:\/\/www.gymnasium-mariengarden.de\/wordpress\/","name":"Gymnasium Mariengarden","description":"Privates Gymnasium der Oblatenmissionare","alternateName":"Gymnasium Mariengarden Borken-Burlo","potentialAction":[{"@type":"SearchAction","target":{"@type":"EntryPoint","urlTemplate":"https:\/\/www.gymnasium-mariengarden.de\/wordpress\/?s={search_term_string}"},"query-input":{"@type":"PropertyValueSpecification","valueRequired":true,"valueName":"search_term_string"}}],"inLanguage":"de"}]}},"_links":{"self":[{"href":"https:\/\/www.gymnasium-mariengarden.de\/wordpress\/wp-json\/wp\/v2\/pages\/15355","targetHints":{"allow":["GET"]}}],"collection":[{"href":"https:\/\/www.gymnasium-mariengarden.de\/wordpress\/wp-json\/wp\/v2\/pages"}],"about":[{"href":"https:\/\/www.gymnasium-mariengarden.de\/wordpress\/wp-json\/wp\/v2\/types\/page"}],"author":[{"embeddable":true,"href":"https:\/\/www.gymnasium-mariengarden.de\/wordpress\/wp-json\/wp\/v2\/users\/4"}],"replies":[{"embeddable":true,"href":"https:\/\/www.gymnasium-mariengarden.de\/wordpress\/wp-json\/wp\/v2\/comments?post=15355"}],"version-history":[{"count":1,"href":"https:\/\/www.gymnasium-mariengarden.de\/wordpress\/wp-json\/wp\/v2\/pages\/15355\/revisions"}],"predecessor-version":[{"id":15357,"href":"https:\/\/www.gymnasium-mariengarden.de\/wordpress\/wp-json\/wp\/v2\/pages\/15355\/revisions\/15357"}],"wp:featuredmedia":[{"embeddable":true,"href":"https:\/\/www.gymnasium-mariengarden.de\/wordpress\/wp-json\/wp\/v2\/media\/15356"}],"wp:attachment":[{"href":"https:\/\/www.gymnasium-mariengarden.de\/wordpress\/wp-json\/wp\/v2\/media?parent=15355"}],"curies":[{"name":"wp","href":"https:\/\/api.w.org\/{rel}","templated":true}]}}