{"id":15208,"date":"2023-12-19T08:19:08","date_gmt":"2023-12-19T07:19:08","guid":{"rendered":"https:\/\/www.gymnasium-mariengarden.de\/wordpress\/?page_id=15208"},"modified":"2023-12-19T10:01:40","modified_gmt":"2023-12-19T09:01:40","slug":"dfb-ag","status":"publish","type":"page","link":"https:\/\/www.gymnasium-mariengarden.de\/wordpress\/ags-2\/dfb-ag\/","title":{"rendered":"DFB-AG"},"content":{"rendered":"\n<p>Als offizielle DFB-Partnerschule bieten wir mit unserer Fu\u00dfball-AG den Sch\u00fclerinnen und Sch\u00fcler der Klassen 5 und 6 sowie der Klassen 7 und 8, ihre Leidenschaft f\u00fcr den Sport zu entfachen und ihr fu\u00dfballerisches K\u00f6nnen zu verbessern. Einmal w\u00f6chentlich in der 5. Stunde kommen begeisterte junge Fu\u00dfballerinnen und Fu\u00dfballer zusammen, um ihre F\u00e4higkeiten auf dem Platz zu zeigen und gemeinsam Spa\u00df am Spiel zu haben.<\/p>\n\n\n<div class=\"wp-block-image\">\n<figure class=\"aligncenter size-large is-resized\"><img loading=\"lazy\" decoding=\"async\" width=\"1024\" height=\"576\" src=\"https:\/\/www.gymnasium-mariengarden.de\/wordpress\/wp-content\/uploads\/2023\/12\/IMG_7343-1024x576.jpeg\" alt=\"\" class=\"wp-image-15233\" style=\"width:503px;height:auto\" srcset=\"https:\/\/www.gymnasium-mariengarden.de\/wordpress\/wp-content\/uploads\/2023\/12\/IMG_7343-1024x576.jpeg 1024w, https:\/\/www.gymnasium-mariengarden.de\/wordpress\/wp-content\/uploads\/2023\/12\/IMG_7343-300x169.jpeg 300w, https:\/\/www.gymnasium-mariengarden.de\/wordpress\/wp-content\/uploads\/2023\/12\/IMG_7343-768x432.jpeg 768w, https:\/\/www.gymnasium-mariengarden.de\/wordpress\/wp-content\/uploads\/2023\/12\/IMG_7343-1536x864.jpeg 1536w, https:\/\/www.gymnasium-mariengarden.de\/wordpress\/wp-content\/uploads\/2023\/12\/IMG_7343-2048x1152.jpeg 2048w\" sizes=\"auto, (max-width: 1024px) 100vw, 1024px\" \/><\/figure>\n<\/div>\n\n\n<p>Unter der Anleitung erfahrener und lizensierter Trainer haben die Teilnehmerinnen und Teilnehmer die M\u00f6glichkeit, ihre Technik zu verfeinern, taktische F\u00e4higkeiten zu entwickeln und Teamgeist zu st\u00e4rken. Die AG bietet zudem die ideale Umgebung, um neue Freundschaften zu kn\u00fcpfen und in einer entspannten Atmosph\u00e4re die Begeisterung f\u00fcr Fu\u00dfball zu teilen.<\/p>\n\n\n<div class=\"wp-block-image\">\n<figure class=\"aligncenter size-large is-resized\"><img loading=\"lazy\" decoding=\"async\" width=\"1024\" height=\"768\" src=\"https:\/\/www.gymnasium-mariengarden.de\/wordpress\/wp-content\/uploads\/2023\/12\/IMG_8632-1024x768.jpeg\" alt=\"\" class=\"wp-image-15232\" style=\"width:507px;height:auto\" srcset=\"https:\/\/www.gymnasium-mariengarden.de\/wordpress\/wp-content\/uploads\/2023\/12\/IMG_8632-1024x768.jpeg 1024w, https:\/\/www.gymnasium-mariengarden.de\/wordpress\/wp-content\/uploads\/2023\/12\/IMG_8632-300x225.jpeg 300w, https:\/\/www.gymnasium-mariengarden.de\/wordpress\/wp-content\/uploads\/2023\/12\/IMG_8632-768x576.jpeg 768w, https:\/\/www.gymnasium-mariengarden.de\/wordpress\/wp-content\/uploads\/2023\/12\/IMG_8632-1536x1152.jpeg 1536w, https:\/\/www.gymnasium-mariengarden.de\/wordpress\/wp-content\/uploads\/2023\/12\/IMG_8632-2048x1536.jpeg 2048w\" sizes=\"auto, (max-width: 1024px) 100vw, 1024px\" \/><\/figure>\n<\/div>\n\n\n<p>Unabh\u00e4ngig von bisheriger Spielerfahrung sind alle herzlich willkommen, an der DFB-Fu\u00dfball-AG teilzunehmen. Die spielerische Weiterentwicklung der jungen Fu\u00dfballerinnen und Fu\u00dfballer auf technischer sowie individual- und gruppentaktischer Ebene steht dabei im Mittelpunkt. Es geht nicht nur um Wettbewerb, sondern auch um Fairplay, Zusammenarbeit und die Freude am Spiel. Dabei f\u00f6rdert die AG nicht nur sportliche F\u00e4higkeiten, sondern auch wichtige soziale Kompetenzen.<\/p>\n\n\n<div class=\"wp-block-image\">\n<figure class=\"aligncenter size-large is-resized\"><img loading=\"lazy\" decoding=\"async\" width=\"1024\" height=\"768\" src=\"https:\/\/www.gymnasium-mariengarden.de\/wordpress\/wp-content\/uploads\/2023\/12\/IMG_8659-1024x768.jpeg\" alt=\"\" class=\"wp-image-15230\" style=\"width:503px;height:auto\" srcset=\"https:\/\/www.gymnasium-mariengarden.de\/wordpress\/wp-content\/uploads\/2023\/12\/IMG_8659-1024x768.jpeg 1024w, https:\/\/www.gymnasium-mariengarden.de\/wordpress\/wp-content\/uploads\/2023\/12\/IMG_8659-300x225.jpeg 300w, https:\/\/www.gymnasium-mariengarden.de\/wordpress\/wp-content\/uploads\/2023\/12\/IMG_8659-768x576.jpeg 768w, https:\/\/www.gymnasium-mariengarden.de\/wordpress\/wp-content\/uploads\/2023\/12\/IMG_8659-1536x1152.jpeg 1536w, https:\/\/www.gymnasium-mariengarden.de\/wordpress\/wp-content\/uploads\/2023\/12\/IMG_8659-2048x1536.jpeg 2048w\" sizes=\"auto, (max-width: 1024px) 100vw, 1024px\" \/><\/figure>\n<\/div>\n\n\n<p>Alle fu\u00dfballbegeisterten Sch\u00fclerinnen und Sch\u00fcler sind herzlich eingeladen.<\/p>\n","protected":false},"excerpt":{"rendered":"<p>Als offizielle DFB-Partnerschule bieten wir mit unserer Fu\u00dfball-AG den Sch\u00fclerinnen und Sch\u00fcler der Klassen 5 und 6 sowie der Klassen 7 und 8, ihre Leidenschaft f\u00fcr den Sport zu entfachen und ihr fu\u00dfballerisches K\u00f6nnen zu verbessern. Einmal w\u00f6chentlich in der 5. Stunde kommen begeisterte junge Fu\u00dfballerinnen und Fu\u00dfballer zusammen, um ihre F\u00e4higkeiten auf dem Platz &hellip; <a href=\"https:\/\/www.gymnasium-mariengarden.de\/wordpress\/ags-2\/dfb-ag\/\" class=\"more-link\"><span class=\"screen-reader-text\">DFB-AG<\/span> weiterlesen <span class=\"meta-nav\">&rarr;<\/span><\/a><\/p>\n","protected":false},"author":94,"featured_media":4586,"parent":3319,"menu_order":0,"comment_status":"closed","ping_status":"closed","template":"","meta":{"footnotes":""},"class_list":["post-15208","page","type-page","status-publish","has-post-thumbnail","hentry"],"yoast_head":"<!-- This site is optimized with the Yoast SEO plugin v27.3 - https:\/\/yoast.com\/product\/yoast-seo-wordpress\/ -->\n<title>DFB-AG - Gymnasium Mariengarden<\/title>\n<meta name=\"description\" content=\"Privates Gymnasium der Oblatenmissionare\" \/>\n<meta name=\"robots\" content=\"index, follow, max-snippet:-1, max-image-preview:large, max-video-preview:-1\" \/>\n<link rel=\"canonical\" href=\"https:\/\/www.gymnasium-mariengarden.de\/wordpress\/ags-2\/dfb-ag\/\" \/>\n<meta property=\"og:locale\" content=\"de_DE\" \/>\n<meta property=\"og:type\" content=\"article\" \/>\n<meta property=\"og:title\" content=\"DFB-AG - Gymnasium Mariengarden\" \/>\n<meta property=\"og:description\" content=\"Privates Gymnasium der Oblatenmissionare\" \/>\n<meta property=\"og:url\" content=\"https:\/\/www.gymnasium-mariengarden.de\/wordpress\/ags-2\/dfb-ag\/\" \/>\n<meta property=\"og:site_name\" content=\"Gymnasium Mariengarden\" \/>\n<meta property=\"article:publisher\" content=\"https:\/\/www.facebook.com\/groups\/38812342437\/?locale=de_DE\" \/>\n<meta property=\"article:modified_time\" content=\"2023-12-19T09:01:40+00:00\" \/>\n<meta property=\"og:image\" content=\"https:\/\/www.gymnasium-mariengarden.de\/wordpress\/wp-content\/uploads\/2018\/01\/Fussball_klein.jpg\" \/>\n\t<meta property=\"og:image:width\" content=\"1920\" \/>\n\t<meta property=\"og:image:height\" content=\"1272\" \/>\n\t<meta property=\"og:image:type\" content=\"image\/jpeg\" \/>\n<meta name=\"twitter:card\" content=\"summary_large_image\" \/>\n<meta name=\"twitter:label1\" content=\"Gesch\u00e4tzte Lesezeit\" \/>\n\t<meta name=\"twitter:data1\" content=\"1\u00a0Minute\" \/>\n<script type=\"application\/ld+json\" class=\"yoast-schema-graph\">{\"@context\":\"https:\\\/\\\/schema.org\",\"@graph\":[{\"@type\":\"WebPage\",\"@id\":\"https:\\\/\\\/www.gymnasium-mariengarden.de\\\/wordpress\\\/ags-2\\\/dfb-ag\\\/\",\"url\":\"https:\\\/\\\/www.gymnasium-mariengarden.de\\\/wordpress\\\/ags-2\\\/dfb-ag\\\/\",\"name\":\"DFB-AG - Gymnasium Mariengarden\",\"isPartOf\":{\"@id\":\"https:\\\/\\\/www.gymnasium-mariengarden.de\\\/wordpress\\\/#website\"},\"primaryImageOfPage\":{\"@id\":\"https:\\\/\\\/www.gymnasium-mariengarden.de\\\/wordpress\\\/ags-2\\\/dfb-ag\\\/#primaryimage\"},\"image\":{\"@id\":\"https:\\\/\\\/www.gymnasium-mariengarden.de\\\/wordpress\\\/ags-2\\\/dfb-ag\\\/#primaryimage\"},\"thumbnailUrl\":\"https:\\\/\\\/www.gymnasium-mariengarden.de\\\/wordpress\\\/wp-content\\\/uploads\\\/2018\\\/01\\\/Fussball_klein.jpg\",\"datePublished\":\"2023-12-19T07:19:08+00:00\",\"dateModified\":\"2023-12-19T09:01:40+00:00\",\"description\":\"Privates Gymnasium der Oblatenmissionare\",\"breadcrumb\":{\"@id\":\"https:\\\/\\\/www.gymnasium-mariengarden.de\\\/wordpress\\\/ags-2\\\/dfb-ag\\\/#breadcrumb\"},\"inLanguage\":\"de\",\"potentialAction\":[{\"@type\":\"ReadAction\",\"target\":[\"https:\\\/\\\/www.gymnasium-mariengarden.de\\\/wordpress\\\/ags-2\\\/dfb-ag\\\/\"]}]},{\"@type\":\"ImageObject\",\"inLanguage\":\"de\",\"@id\":\"https:\\\/\\\/www.gymnasium-mariengarden.de\\\/wordpress\\\/ags-2\\\/dfb-ag\\\/#primaryimage\",\"url\":\"https:\\\/\\\/www.gymnasium-mariengarden.de\\\/wordpress\\\/wp-content\\\/uploads\\\/2018\\\/01\\\/Fussball_klein.jpg\",\"contentUrl\":\"https:\\\/\\\/www.gymnasium-mariengarden.de\\\/wordpress\\\/wp-content\\\/uploads\\\/2018\\\/01\\\/Fussball_klein.jpg\",\"width\":1920,\"height\":1272,\"caption\":\"DFB-St\u00fctzpunktschule\"},{\"@type\":\"BreadcrumbList\",\"@id\":\"https:\\\/\\\/www.gymnasium-mariengarden.de\\\/wordpress\\\/ags-2\\\/dfb-ag\\\/#breadcrumb\",\"itemListElement\":[{\"@type\":\"ListItem\",\"position\":1,\"name\":\"Startseite\",\"item\":\"https:\\\/\\\/www.gymnasium-mariengarden.de\\\/wordpress\\\/\"},{\"@type\":\"ListItem\",\"position\":2,\"name\":\"\u00dcbersicht der AGs\",\"item\":\"https:\\\/\\\/www.gymnasium-mariengarden.de\\\/wordpress\\\/ags-2\\\/\"},{\"@type\":\"ListItem\",\"position\":3,\"name\":\"DFB-AG\"}]},{\"@type\":\"WebSite\",\"@id\":\"https:\\\/\\\/www.gymnasium-mariengarden.de\\\/wordpress\\\/#website\",\"url\":\"https:\\\/\\\/www.gymnasium-mariengarden.de\\\/wordpress\\\/\",\"name\":\"Gymnasium Mariengarden\",\"description\":\"Privates Gymnasium der Oblatenmissionare\",\"alternateName\":\"Gymnasium Mariengarden Borken-Burlo\",\"potentialAction\":[{\"@type\":\"SearchAction\",\"target\":{\"@type\":\"EntryPoint\",\"urlTemplate\":\"https:\\\/\\\/www.gymnasium-mariengarden.de\\\/wordpress\\\/?s={search_term_string}\"},\"query-input\":{\"@type\":\"PropertyValueSpecification\",\"valueRequired\":true,\"valueName\":\"search_term_string\"}}],\"inLanguage\":\"de\"}]}<\/script>\n<!-- \/ Yoast SEO plugin. -->","yoast_head_json":{"title":"DFB-AG - Gymnasium Mariengarden","description":"Privates Gymnasium der Oblatenmissionare","robots":{"index":"index","follow":"follow","max-snippet":"max-snippet:-1","max-image-preview":"max-image-preview:large","max-video-preview":"max-video-preview:-1"},"canonical":"https:\/\/www.gymnasium-mariengarden.de\/wordpress\/ags-2\/dfb-ag\/","og_locale":"de_DE","og_type":"article","og_title":"DFB-AG - Gymnasium Mariengarden","og_description":"Privates Gymnasium der Oblatenmissionare","og_url":"https:\/\/www.gymnasium-mariengarden.de\/wordpress\/ags-2\/dfb-ag\/","og_site_name":"Gymnasium Mariengarden","article_publisher":"https:\/\/www.facebook.com\/groups\/38812342437\/?locale=de_DE","article_modified_time":"2023-12-19T09:01:40+00:00","og_image":[{"width":1920,"height":1272,"url":"https:\/\/www.gymnasium-mariengarden.de\/wordpress\/wp-content\/uploads\/2018\/01\/Fussball_klein.jpg","type":"image\/jpeg"}],"twitter_card":"summary_large_image","twitter_misc":{"Gesch\u00e4tzte Lesezeit":"1\u00a0Minute"},"schema":{"@context":"https:\/\/schema.org","@graph":[{"@type":"WebPage","@id":"https:\/\/www.gymnasium-mariengarden.de\/wordpress\/ags-2\/dfb-ag\/","url":"https:\/\/www.gymnasium-mariengarden.de\/wordpress\/ags-2\/dfb-ag\/","name":"DFB-AG - Gymnasium Mariengarden","isPartOf":{"@id":"https:\/\/www.gymnasium-mariengarden.de\/wordpress\/#website"},"primaryImageOfPage":{"@id":"https:\/\/www.gymnasium-mariengarden.de\/wordpress\/ags-2\/dfb-ag\/#primaryimage"},"image":{"@id":"https:\/\/www.gymnasium-mariengarden.de\/wordpress\/ags-2\/dfb-ag\/#primaryimage"},"thumbnailUrl":"https:\/\/www.gymnasium-mariengarden.de\/wordpress\/wp-content\/uploads\/2018\/01\/Fussball_klein.jpg","datePublished":"2023-12-19T07:19:08+00:00","dateModified":"2023-12-19T09:01:40+00:00","description":"Privates Gymnasium der Oblatenmissionare","breadcrumb":{"@id":"https:\/\/www.gymnasium-mariengarden.de\/wordpress\/ags-2\/dfb-ag\/#breadcrumb"},"inLanguage":"de","potentialAction":[{"@type":"ReadAction","target":["https:\/\/www.gymnasium-mariengarden.de\/wordpress\/ags-2\/dfb-ag\/"]}]},{"@type":"ImageObject","inLanguage":"de","@id":"https:\/\/www.gymnasium-mariengarden.de\/wordpress\/ags-2\/dfb-ag\/#primaryimage","url":"https:\/\/www.gymnasium-mariengarden.de\/wordpress\/wp-content\/uploads\/2018\/01\/Fussball_klein.jpg","contentUrl":"https:\/\/www.gymnasium-mariengarden.de\/wordpress\/wp-content\/uploads\/2018\/01\/Fussball_klein.jpg","width":1920,"height":1272,"caption":"DFB-St\u00fctzpunktschule"},{"@type":"BreadcrumbList","@id":"https:\/\/www.gymnasium-mariengarden.de\/wordpress\/ags-2\/dfb-ag\/#breadcrumb","itemListElement":[{"@type":"ListItem","position":1,"name":"Startseite","item":"https:\/\/www.gymnasium-mariengarden.de\/wordpress\/"},{"@type":"ListItem","position":2,"name":"\u00dcbersicht der AGs","item":"https:\/\/www.gymnasium-mariengarden.de\/wordpress\/ags-2\/"},{"@type":"ListItem","position":3,"name":"DFB-AG"}]},{"@type":"WebSite","@id":"https:\/\/www.gymnasium-mariengarden.de\/wordpress\/#website","url":"https:\/\/www.gymnasium-mariengarden.de\/wordpress\/","name":"Gymnasium Mariengarden","description":"Privates Gymnasium der Oblatenmissionare","alternateName":"Gymnasium Mariengarden Borken-Burlo","potentialAction":[{"@type":"SearchAction","target":{"@type":"EntryPoint","urlTemplate":"https:\/\/www.gymnasium-mariengarden.de\/wordpress\/?s={search_term_string}"},"query-input":{"@type":"PropertyValueSpecification","valueRequired":true,"valueName":"search_term_string"}}],"inLanguage":"de"}]}},"_links":{"self":[{"href":"https:\/\/www.gymnasium-mariengarden.de\/wordpress\/wp-json\/wp\/v2\/pages\/15208","targetHints":{"allow":["GET"]}}],"collection":[{"href":"https:\/\/www.gymnasium-mariengarden.de\/wordpress\/wp-json\/wp\/v2\/pages"}],"about":[{"href":"https:\/\/www.gymnasium-mariengarden.de\/wordpress\/wp-json\/wp\/v2\/types\/page"}],"author":[{"embeddable":true,"href":"https:\/\/www.gymnasium-mariengarden.de\/wordpress\/wp-json\/wp\/v2\/users\/94"}],"replies":[{"embeddable":true,"href":"https:\/\/www.gymnasium-mariengarden.de\/wordpress\/wp-json\/wp\/v2\/comments?post=15208"}],"version-history":[{"count":2,"href":"https:\/\/www.gymnasium-mariengarden.de\/wordpress\/wp-json\/wp\/v2\/pages\/15208\/revisions"}],"predecessor-version":[{"id":15235,"href":"https:\/\/www.gymnasium-mariengarden.de\/wordpress\/wp-json\/wp\/v2\/pages\/15208\/revisions\/15235"}],"up":[{"embeddable":true,"href":"https:\/\/www.gymnasium-mariengarden.de\/wordpress\/wp-json\/wp\/v2\/pages\/3319"}],"wp:featuredmedia":[{"embeddable":true,"href":"https:\/\/www.gymnasium-mariengarden.de\/wordpress\/wp-json\/wp\/v2\/media\/4586"}],"wp:attachment":[{"href":"https:\/\/www.gymnasium-mariengarden.de\/wordpress\/wp-json\/wp\/v2\/media?parent=15208"}],"curies":[{"name":"wp","href":"https:\/\/api.w.org\/{rel}","templated":true}]}}