{"id":1350,"date":"2016-02-21T12:11:16","date_gmt":"2016-02-21T11:11:16","guid":{"rendered":"http:\/\/gymnasium-mariengarden.de\/wordpress\/?page_id=1350"},"modified":"2025-10-21T15:57:49","modified_gmt":"2025-10-21T13:57:49","slug":"geschichte-der-homepage-ag","status":"publish","type":"page","link":"https:\/\/www.gymnasium-mariengarden.de\/wordpress\/ags-2\/homepage-ag\/geschichte-der-homepage-ag\/","title":{"rendered":"Panta rhei \u2013 Alles flie\u00dft! Die Homepage AG verabschiedet sich\u00a0"},"content":{"rendered":"<p><span data-contrast=\"auto\">Im Schuljahr 1997 \/ 1998 gr\u00fcndete sich unter Leitung von Herrn Ertner mit einigen Sch\u00fclern und Sch\u00fclerinnen der damaligen Jahrgangsstufe 11 die Homepage AG am Gymnasium Mariengarden. Ein Projekt, das aus Sicht des Gr\u00fcnders und seiner Mitstreiter dringend starten musste, fr\u00fcher als andere weiterf\u00fchrende Schulen im direkten Einzugsgebiet, bel\u00e4chelt als \u201eProfilierungsprojekt\u201c von nicht wenigen Kollegen, auch misstrauisch be\u00e4ugt von vielen \u2013 was wird das mit diesem \u201eInternet\u201c?\u00a0<\/span><span data-ccp-props=\"{}\">\u00a0<\/span><\/p>\n<p><span data-contrast=\"auto\">Wir hatten einen gesponserten ISDN Zugang, gekoppelte Kan\u00e4le mit unglaublichen 128 kbit\/s im Downstream, im Upstream etwa ein Zehntel davon, einen einfachen Homepage \u2013 Editor der Telekom, eine Menge Ideen und Selbstvertrauen, keine Ahnung von HTML und 1 MB kostenlosen Webspace daf\u00fcr.\u00a0<\/span><span data-ccp-props=\"{}\">\u00a0<\/span><\/p>\n<p><span data-contrast=\"auto\">Im Jahresbericht 1999 \/ 2000 dann der erste Beitrag \u00fcber die AG und das Deckblatt machte es \u00fcberdeutlich: nur zwei Jahre nach der AG Gr\u00fcndung war das Thema Internet in aller Munde und sein Siegeszug mit allen positiven und negativen Effekten nicht mehr aufzuhalten. Unter der in diesem Jahr erworbenen Domain gymnasium-mariengarden.de kann man sich seitdem \u00fcber die Entwicklung und aktuelle Ereignisse an der Schule beim Besuch ihrer Homepage informieren. Die Evolution der Seite kann man mit vielen Screenshots im Webarchiv unter <\/span><a href=\"https:\/\/web.archive.org\/\"><span data-contrast=\"none\">https:\/\/web.archive.org\/<\/span><\/a><span data-contrast=\"auto\"> verfolgen, f\u00fcr mich pers\u00f6nlich immer eine Reise in die Vergangenheit, die mit vielen Erinnerungen verbunden ist.\u00a0<\/span><span data-ccp-props=\"{}\">\u00a0<\/span><\/p>\n<p><span data-contrast=\"auto\">Meistens freitags nach der Schule oder samstags am Vormittag trafen sich \u00fcber mehr als zwei Jahrzehnte hinweg motivierte Sch\u00fclerinnen und Sch\u00fcler im S 34, um die Seite zu gestalten, aktuelle Berichte zu verfassen, von schnellem Internet in Burlo zu tr\u00e4umen oder Fotos zu ver\u00f6ffentlichen. Meines Wissens blieben alle AG Mitglieder in ihrer sp\u00e4teren beruflichen Ausbildung in unterschiedlich starken Auspr\u00e4gungen der Informatik oder dem Journalismus treu, manchmal sogar in Kombination.<\/span><span data-ccp-props=\"{}\">\u00a0<\/span><\/p>\n<p><span data-contrast=\"auto\">Im Jahre 2010 bekam Burlo DSL, eine enorme Erleichterung und \u00fcberf\u00e4llige Entwicklung f\u00fcr alle Einwohner, Betriebe und nat\u00fcrlich auch f\u00fcr das Gymnasium. Darum hatte die Homepage AG mit Eingaben an den Telekom Vorstand, Artikeln in der Borkener Zeitung und in einem Bericht im WDR-Fernsehen und den lokalen Radiosendern gek\u00e4mpft. 2012 erfolgte der vorbildliche Ausbau des WLANS an der Schule. Sp\u00e4testens seit 2018, als die Glasfaser auch die Schulgeb\u00e4ude erreichte war klar, dass das Internet kein Neuland f\u00fcr Mariengarden ist, sondern integraler Bestandteil unserer Schule. Aber es machte sich auch bemerkbar, wie angreifbar wir sind. So wurde Schadcode auf unsere Website geschleust und wir wurden eine Nacht lang zur Spamschleuder, bis der Provider die Seiten vom Netz nahm. Die Spuren der kriminellen Angreifer lie\u00dfen sich bis Panama zur\u00fcckverfolgen und verschwanden dann im Sand. Dies machte deutlich, dass das Projekt einer Homepage, die ausschlie\u00dflich durch Sch\u00fclerinnen und Sch\u00fcler betreut wird, immer schwieriger umzusetzen ist. Eine Homepage ist heute das zentrale Aush\u00e4ngeschild, viel Kommunikation l\u00e4uft dar\u00fcber, Rechtsverbindlichkeiten sind damit verbunden, Datenschutzaspekte zu beachten. Der enorme Digitalisierungsschub in der Coronapandemie zeigte weitere Grenzen auf. Es gibt genug Sch\u00fclerinnen und Sch\u00fcler, die bereit sind, in der AG mitzuarbeiten, aber diesen kann man nicht das Funktionieren des Informatikraumes oder die professionelle rechtliche, inhaltliche und technische Betreuung einer offiziellen Schulhomepage dauerhaft aufb\u00fcrden.<\/span><span data-ccp-props=\"{}\">\u00a0<\/span><\/p>\n<p><span data-contrast=\"auto\">Im Jahr 2022 wurde die Informatik komplett neu ausgestattet. Damit einher ging die \u00dcbergabe der Wartung der Anlage an die Firma buerodata aus Stadtlohn, die uns schon vorher \u00fcber viele Jahre immer wieder beratend zur Seite standen. Die Zusammenarbeit mit diesem erfahrenen klassischen IT Dienstleister funktioniert seitdem reibungslos.<\/span><span data-ccp-props=\"{}\">\u00a0<\/span><\/p>\n<p><span data-contrast=\"auto\">Ende 2023 lernte ich die Firma Web-HochZwei aus Gescher kennen, ein hochmotiviertes Expertenteam rund um Webauftritte und die Suchmaschinenoptimierung. Schnell entstand ein Kontakt, bei dem wir uns pers\u00f6nlich in einer sehr wertsch\u00e4tzenden Art und Weise kennenlernten. Seit M\u00e4rz 2024 betreut diese Firma unsere Seite technisch und in Sachen Datenschutz. Damit ist mir pers\u00f6nlich ein gro\u00dfer Stein vom Herzen gefallen. Eine Neugestaltung der Schulhomepage \u2013 aber das ist noch etwas Zukunftsmusik \u2013 wird sich voraussichtlich auch aus der Zusammenarbeit mit Web-HochZwei entwickeln.<\/span><span data-ccp-props=\"{}\">\u00a0<\/span><\/p>\n<p><span data-contrast=\"auto\">Und was bleibt von der Homepage AG \u2013 au\u00dfer Erinnerungen? Es geht weiter \u2013 aber anders. Es wird ein Lehrerteam entstehen, dass sich um inhaltliche und gestalterische Dinge gemeinsam k\u00fcmmert. Das ich nicht mehr alles alleine machen muss, zeigt sich bei der Darstellung unserer schulischen Aktivit\u00e4ten im MINT Bereich, die von Frau Naundorf zusammengetragen und online gesetzt wurde. Weitere Kollegen haben ihr Interesse an einer Mitarbeit bekundet, wor\u00fcber ich mich auch sehr freue. In einer der kommenden Konferenzen werde ich dem Kollegium weitere Vorschl\u00e4ge unterbreiten, die zuvor mit der Schulleitung besprochen werden.\u00a0<\/span><span data-ccp-props=\"{}\">\u00a0<\/span><\/p>\n<p><span data-contrast=\"auto\">Und die Sch\u00fcler? Sie sind ebenfalls weiterhin aufgerufen, am Onlineauftritt der Schule mitzuarbeiten. Schickt mir Artikel \u00fcber Unternehmungen Eurer Klassen oder Stufen! Die kommende Schulwoche im September wird auch von Sch\u00fclerinnen und Sch\u00fclern in einem Workshop online dokumentiert. Es geht also weiter, anders, nicht mehr w\u00f6chentlich, vielleicht etwas journalistischer und weniger technisch. Vielleicht in Zusammenarbeit mit der Schreib AG oder der Redaktion der Sch\u00fclerzeitung. Man mag die Entwicklung bedauern, aber nichts ist f\u00fcr ewig. Panta rhei \u2013 alles ist im Fluss, die Ver\u00e4nderung ist das Normale, nicht die Best\u00e4ndigkeit eines sich niemals \u00e4ndernden Ewigen.<\/span><span data-ccp-props=\"{}\">\u00a0<\/span><\/p>\n<p><span data-contrast=\"auto\">Abschlie\u00dfend gilt mein Dank allen Mitstreitern, F\u00f6rderern und Unterst\u00fctzern des Projektes Homepage AG, der Schulleitung, dem F\u00f6rderverein, dem Schultr\u00e4ger. Und nat\u00fcrlich allen Mitgliedern der AG in den \u00fcber 25 Jahren ihres Bestehens. Es war mir immer eine Freude, mit Euch zusammen sein zu d\u00fcrfen, Eure sp\u00e4teren Lebenswege zu beobachten, Eure Ratschl\u00e4ge zu erhalten. Danke daf\u00fcr, bleibt uns auch in Zukunft gewogen und dem Gymnasium Mariengarden zugetan.<\/span><span data-ccp-props=\"{}\">\u00a0<\/span><\/p>\n","protected":false},"excerpt":{"rendered":"<p>Im Schuljahr 1997 \/ 1998 gr\u00fcndete sich unter Leitung von Herrn Ertner mit einigen Sch\u00fclern und Sch\u00fclerinnen der damaligen Jahrgangsstufe 11 die Homepage AG am Gymnasium Mariengarden. Ein Projekt, das aus Sicht des Gr\u00fcnders und seiner Mitstreiter dringend starten musste, fr\u00fcher als andere weiterf\u00fchrende Schulen im direkten Einzugsgebiet, bel\u00e4chelt als \u201eProfilierungsprojekt\u201c von nicht wenigen Kollegen, &hellip; <a href=\"https:\/\/www.gymnasium-mariengarden.de\/wordpress\/ags-2\/homepage-ag\/geschichte-der-homepage-ag\/\" class=\"more-link\"><span class=\"screen-reader-text\">Panta rhei \u2013 Alles flie\u00dft! Die Homepage AG verabschiedet sich\u00a0<\/span> weiterlesen <span class=\"meta-nav\">&rarr;<\/span><\/a><\/p>\n","protected":false},"author":13,"featured_media":0,"parent":1403,"menu_order":0,"comment_status":"closed","ping_status":"open","template":"","meta":{"footnotes":""},"class_list":["post-1350","page","type-page","status-publish","hentry"],"yoast_head":"<!-- This site is optimized with the Yoast SEO plugin v27.3 - https:\/\/yoast.com\/product\/yoast-seo-wordpress\/ -->\n<title>Panta rhei \u2013 Alles flie\u00dft! Die Homepage AG verabschiedet sich\u00a0 - Gymnasium Mariengarden<\/title>\n<meta name=\"description\" content=\"Privates Gymnasium der Oblatenmissionare\" \/>\n<meta name=\"robots\" content=\"index, follow, max-snippet:-1, max-image-preview:large, max-video-preview:-1\" \/>\n<link rel=\"canonical\" href=\"https:\/\/www.gymnasium-mariengarden.de\/wordpress\/ags-2\/homepage-ag\/geschichte-der-homepage-ag\/\" \/>\n<meta property=\"og:locale\" content=\"de_DE\" \/>\n<meta property=\"og:type\" content=\"article\" \/>\n<meta property=\"og:title\" content=\"Panta rhei \u2013 Alles flie\u00dft! Die Homepage AG verabschiedet sich\u00a0 - Gymnasium Mariengarden\" \/>\n<meta property=\"og:description\" content=\"Privates Gymnasium der Oblatenmissionare\" \/>\n<meta property=\"og:url\" content=\"https:\/\/www.gymnasium-mariengarden.de\/wordpress\/ags-2\/homepage-ag\/geschichte-der-homepage-ag\/\" \/>\n<meta property=\"og:site_name\" content=\"Gymnasium Mariengarden\" \/>\n<meta property=\"article:publisher\" content=\"https:\/\/www.facebook.com\/groups\/38812342437\/?locale=de_DE\" \/>\n<meta property=\"article:modified_time\" content=\"2025-10-21T13:57:49+00:00\" \/>\n<meta name=\"twitter:card\" content=\"summary_large_image\" \/>\n<meta name=\"twitter:label1\" content=\"Gesch\u00e4tzte Lesezeit\" \/>\n\t<meta name=\"twitter:data1\" content=\"5\u00a0Minuten\" \/>\n<script type=\"application\/ld+json\" class=\"yoast-schema-graph\">{\"@context\":\"https:\\\/\\\/schema.org\",\"@graph\":[{\"@type\":\"WebPage\",\"@id\":\"https:\\\/\\\/www.gymnasium-mariengarden.de\\\/wordpress\\\/ags-2\\\/homepage-ag\\\/geschichte-der-homepage-ag\\\/\",\"url\":\"https:\\\/\\\/www.gymnasium-mariengarden.de\\\/wordpress\\\/ags-2\\\/homepage-ag\\\/geschichte-der-homepage-ag\\\/\",\"name\":\"Panta rhei \u2013 Alles flie\u00dft! Die Homepage AG verabschiedet sich\u00a0 - Gymnasium Mariengarden\",\"isPartOf\":{\"@id\":\"https:\\\/\\\/www.gymnasium-mariengarden.de\\\/wordpress\\\/#website\"},\"datePublished\":\"2016-02-21T11:11:16+00:00\",\"dateModified\":\"2025-10-21T13:57:49+00:00\",\"description\":\"Privates Gymnasium der Oblatenmissionare\",\"breadcrumb\":{\"@id\":\"https:\\\/\\\/www.gymnasium-mariengarden.de\\\/wordpress\\\/ags-2\\\/homepage-ag\\\/geschichte-der-homepage-ag\\\/#breadcrumb\"},\"inLanguage\":\"de\",\"potentialAction\":[{\"@type\":\"ReadAction\",\"target\":[\"https:\\\/\\\/www.gymnasium-mariengarden.de\\\/wordpress\\\/ags-2\\\/homepage-ag\\\/geschichte-der-homepage-ag\\\/\"]}]},{\"@type\":\"BreadcrumbList\",\"@id\":\"https:\\\/\\\/www.gymnasium-mariengarden.de\\\/wordpress\\\/ags-2\\\/homepage-ag\\\/geschichte-der-homepage-ag\\\/#breadcrumb\",\"itemListElement\":[{\"@type\":\"ListItem\",\"position\":1,\"name\":\"Startseite\",\"item\":\"https:\\\/\\\/www.gymnasium-mariengarden.de\\\/wordpress\\\/\"},{\"@type\":\"ListItem\",\"position\":2,\"name\":\"\u00dcbersicht der AGs\",\"item\":\"https:\\\/\\\/www.gymnasium-mariengarden.de\\\/wordpress\\\/ags-2\\\/\"},{\"@type\":\"ListItem\",\"position\":3,\"name\":\"Homepage-AG\",\"item\":\"https:\\\/\\\/www.gymnasium-mariengarden.de\\\/wordpress\\\/ags-2\\\/homepage-ag\\\/\"},{\"@type\":\"ListItem\",\"position\":4,\"name\":\"Panta rhei \u2013 Alles flie\u00dft! Die Homepage AG verabschiedet sich\u00a0\"}]},{\"@type\":\"WebSite\",\"@id\":\"https:\\\/\\\/www.gymnasium-mariengarden.de\\\/wordpress\\\/#website\",\"url\":\"https:\\\/\\\/www.gymnasium-mariengarden.de\\\/wordpress\\\/\",\"name\":\"Gymnasium Mariengarden\",\"description\":\"Privates Gymnasium der Oblatenmissionare\",\"alternateName\":\"Gymnasium Mariengarden Borken-Burlo\",\"potentialAction\":[{\"@type\":\"SearchAction\",\"target\":{\"@type\":\"EntryPoint\",\"urlTemplate\":\"https:\\\/\\\/www.gymnasium-mariengarden.de\\\/wordpress\\\/?s={search_term_string}\"},\"query-input\":{\"@type\":\"PropertyValueSpecification\",\"valueRequired\":true,\"valueName\":\"search_term_string\"}}],\"inLanguage\":\"de\"}]}<\/script>\n<!-- \/ Yoast SEO plugin. -->","yoast_head_json":{"title":"Panta rhei \u2013 Alles flie\u00dft! Die Homepage AG verabschiedet sich\u00a0 - Gymnasium Mariengarden","description":"Privates Gymnasium der Oblatenmissionare","robots":{"index":"index","follow":"follow","max-snippet":"max-snippet:-1","max-image-preview":"max-image-preview:large","max-video-preview":"max-video-preview:-1"},"canonical":"https:\/\/www.gymnasium-mariengarden.de\/wordpress\/ags-2\/homepage-ag\/geschichte-der-homepage-ag\/","og_locale":"de_DE","og_type":"article","og_title":"Panta rhei \u2013 Alles flie\u00dft! Die Homepage AG verabschiedet sich\u00a0 - Gymnasium Mariengarden","og_description":"Privates Gymnasium der Oblatenmissionare","og_url":"https:\/\/www.gymnasium-mariengarden.de\/wordpress\/ags-2\/homepage-ag\/geschichte-der-homepage-ag\/","og_site_name":"Gymnasium Mariengarden","article_publisher":"https:\/\/www.facebook.com\/groups\/38812342437\/?locale=de_DE","article_modified_time":"2025-10-21T13:57:49+00:00","twitter_card":"summary_large_image","twitter_misc":{"Gesch\u00e4tzte Lesezeit":"5\u00a0Minuten"},"schema":{"@context":"https:\/\/schema.org","@graph":[{"@type":"WebPage","@id":"https:\/\/www.gymnasium-mariengarden.de\/wordpress\/ags-2\/homepage-ag\/geschichte-der-homepage-ag\/","url":"https:\/\/www.gymnasium-mariengarden.de\/wordpress\/ags-2\/homepage-ag\/geschichte-der-homepage-ag\/","name":"Panta rhei \u2013 Alles flie\u00dft! Die Homepage AG verabschiedet sich\u00a0 - Gymnasium Mariengarden","isPartOf":{"@id":"https:\/\/www.gymnasium-mariengarden.de\/wordpress\/#website"},"datePublished":"2016-02-21T11:11:16+00:00","dateModified":"2025-10-21T13:57:49+00:00","description":"Privates Gymnasium der Oblatenmissionare","breadcrumb":{"@id":"https:\/\/www.gymnasium-mariengarden.de\/wordpress\/ags-2\/homepage-ag\/geschichte-der-homepage-ag\/#breadcrumb"},"inLanguage":"de","potentialAction":[{"@type":"ReadAction","target":["https:\/\/www.gymnasium-mariengarden.de\/wordpress\/ags-2\/homepage-ag\/geschichte-der-homepage-ag\/"]}]},{"@type":"BreadcrumbList","@id":"https:\/\/www.gymnasium-mariengarden.de\/wordpress\/ags-2\/homepage-ag\/geschichte-der-homepage-ag\/#breadcrumb","itemListElement":[{"@type":"ListItem","position":1,"name":"Startseite","item":"https:\/\/www.gymnasium-mariengarden.de\/wordpress\/"},{"@type":"ListItem","position":2,"name":"\u00dcbersicht der AGs","item":"https:\/\/www.gymnasium-mariengarden.de\/wordpress\/ags-2\/"},{"@type":"ListItem","position":3,"name":"Homepage-AG","item":"https:\/\/www.gymnasium-mariengarden.de\/wordpress\/ags-2\/homepage-ag\/"},{"@type":"ListItem","position":4,"name":"Panta rhei \u2013 Alles flie\u00dft! Die Homepage AG verabschiedet sich\u00a0"}]},{"@type":"WebSite","@id":"https:\/\/www.gymnasium-mariengarden.de\/wordpress\/#website","url":"https:\/\/www.gymnasium-mariengarden.de\/wordpress\/","name":"Gymnasium Mariengarden","description":"Privates Gymnasium der Oblatenmissionare","alternateName":"Gymnasium Mariengarden Borken-Burlo","potentialAction":[{"@type":"SearchAction","target":{"@type":"EntryPoint","urlTemplate":"https:\/\/www.gymnasium-mariengarden.de\/wordpress\/?s={search_term_string}"},"query-input":{"@type":"PropertyValueSpecification","valueRequired":true,"valueName":"search_term_string"}}],"inLanguage":"de"}]}},"_links":{"self":[{"href":"https:\/\/www.gymnasium-mariengarden.de\/wordpress\/wp-json\/wp\/v2\/pages\/1350","targetHints":{"allow":["GET"]}}],"collection":[{"href":"https:\/\/www.gymnasium-mariengarden.de\/wordpress\/wp-json\/wp\/v2\/pages"}],"about":[{"href":"https:\/\/www.gymnasium-mariengarden.de\/wordpress\/wp-json\/wp\/v2\/types\/page"}],"author":[{"embeddable":true,"href":"https:\/\/www.gymnasium-mariengarden.de\/wordpress\/wp-json\/wp\/v2\/users\/13"}],"replies":[{"embeddable":true,"href":"https:\/\/www.gymnasium-mariengarden.de\/wordpress\/wp-json\/wp\/v2\/comments?post=1350"}],"version-history":[{"count":5,"href":"https:\/\/www.gymnasium-mariengarden.de\/wordpress\/wp-json\/wp\/v2\/pages\/1350\/revisions"}],"predecessor-version":[{"id":16686,"href":"https:\/\/www.gymnasium-mariengarden.de\/wordpress\/wp-json\/wp\/v2\/pages\/1350\/revisions\/16686"}],"up":[{"embeddable":true,"href":"https:\/\/www.gymnasium-mariengarden.de\/wordpress\/wp-json\/wp\/v2\/pages\/1403"}],"wp:attachment":[{"href":"https:\/\/www.gymnasium-mariengarden.de\/wordpress\/wp-json\/wp\/v2\/media?parent=1350"}],"curies":[{"name":"wp","href":"https:\/\/api.w.org\/{rel}","templated":true}]}}