{"id":1344,"date":"2016-02-21T11:57:43","date_gmt":"2016-02-21T10:57:43","guid":{"rendered":"http:\/\/gymnasium-mariengarden.de\/wordpress\/?page_id=1344"},"modified":"2022-05-06T14:34:08","modified_gmt":"2022-05-06T12:34:08","slug":"elternmitwirkung","status":"publish","type":"page","link":"https:\/\/www.gymnasium-mariengarden.de\/wordpress\/elternmitwirkung\/","title":{"rendered":"Elternmitwirkung"},"content":{"rendered":"\n<p>Als Erziehungsberechtigte sind wir alle mitverantwortlich f\u00fcr eine gute Bildung unserer Kinder. Das Recht der Eltern zur Mitwirkung hat einen hohen Stellenwert und ist in Nordrhein-Westfalen in der Landesverfassung verankert. Dies ist durch das Schulgesetz (SchulG) der Landes Nordrhein-Westfahlen im Einzelnen geregelt.<\/p>\n\n\n\n<p>Laut \u00a7 62 SchulG (Grunds\u00e4tze der Mitwirkung) \u201ewirken Lehrerinnen und Lehrer, Eltern, Sch\u00fclerinnen und Sch\u00fcler in vertrauensvoller Zusammenarbeit an der Bildungs- und Erziehungsarbeit der Schule mit und f\u00f6rdern dadurch die Eigenverantwortung in der Schule\u201c. Zur vertrauensvollen Zusammenarbeit geh\u00f6ren der offene Austausch von Meinung und Informationen, eine Kultur des Dialogs, der Respekt vor der Meinung anderer und der Wille zum Konsens.<\/p>\n\n\n\n<p>Eltern k\u00f6nnen sich am Gymnasium Mariengarden in vielf\u00e4ltiger Form engagieren.<\/p>\n\n\n\n<h2 class=\"wp-block-heading\"><strong>Klassenpflegschaft\/Jahrgangsstufenpflegschaft<\/strong><\/h2>\n\n\n\n<p>Mitglieder der Klassenpflegschaft sind alle Eltern der Sch\u00fclerinnen und Sch\u00fcler einer Klasse, mit beratender Stimme der\/die Klassenlehrer\/in. Besteht kein Klassenverband, bilden die Eltern der Sch\u00fclerinnen und Sch\u00fcler die Jahrgangsstufenpflegschaft (ab der Oberstufe).<\/p>\n\n\n\n<p>Die Klassen- oder Jahrgangsstufenpflegschaft ber\u00e4t \u00fcber schulische Angelegenheiten, insbesondere die der Klasse, und sie vertritt die Interessen der Eltern bei der Bildungs- und Erziehungsarbeit der Klasse bzw. der Jahrgangsstufe. In der Regel finden mindestens einmal j\u00e4hrlich Klassenpflegschaftssitzungen statt.<\/p>\n\n\n\n<p>Zu Beginn des Schuljahrs wird der oder &nbsp;die Klassen-\/Jahrgangsstufenpflegschaftsvorsitzende sowie dessen\/deren Stellvertretung gew\u00e4hlt (Bei den Jahrgangsstufenpflegschaften wird f\u00fcr jeweils 20 Sch\u00fcler je ein Vorsitz und eine Stellvertretung gew\u00e4hlt). Sie gehen als Vertreter der Eltern ihrer Klasse\/Jahrgangsstufe in die <strong>Schulpflegschaft<\/strong>.<\/p>\n\n\n\n<h2 class=\"wp-block-heading\"><strong>Schulpflegschaft<\/strong><\/h2>\n\n\n\n<p>Mitglieder der Schulpflegschaft sind die gew\u00e4hlten Vorsitzenden der Klassen- bzw. Jahrgangsstufenpflegschaften. Die Schulpflegschaft vertritt die Interessen der Eltern bei der Gestaltung der Bildungs- und Erziehungsarbeit der Schule und ber\u00e4t zu allen wichtigen Angelegenheiten der Schule. Diese w\u00e4hlt zu Beginn des Schuljahrs ihren Vorsitz und dessen Stellvertretung, ebenso wie die Vertretung der Eltern f\u00fcr die <strong>Schulkonferenz<\/strong> und die <strong>Fachkonferenzen<\/strong>. Schulpflegschaftssitzungen finden mindestens einmal j\u00e4hrlich statt. Der oder die Schulpflegschaftsvorsitzende vertritt die Eltern der gesamten Schule nach au\u00dfen und ist ebenfalls Mitglied der Schulkonferenz.<\/p>\n\n\n\n<p>Die&nbsp;<a href=\"https:\/\/gymnasium-mariengarden.de\/schulpflegschaft\/\">Informationen zur aktuellen Schulpflegschaft<\/a>&nbsp;finden Sie hier.<\/p>\n\n\n\n<h2 class=\"wp-block-heading\"><strong>Schulkonferenz<\/strong><\/h2>\n\n\n\n<p>Mitglieder der Schulkonferenz sind die Schulleitung sowie die gew\u00e4hlten Vertreter der Lehrkr\u00e4fte, Eltern und Sch\u00fcler\/-innen. Die Schulkonferenz ist das oberste Mitwirkungsorgan einer Schule. Sie ber\u00e4t in grunds\u00e4tzlichen Angelegenheiten der Schule und vermittelt bei Konflikten innerhalb der Schule.<\/p>\n","protected":false},"excerpt":{"rendered":"<p>Als Erziehungsberechtigte sind wir alle mitverantwortlich f\u00fcr eine gute Bildung unserer Kinder. Das Recht der Eltern zur Mitwirkung hat einen hohen Stellenwert und ist in Nordrhein-Westfalen in der Landesverfassung verankert. Dies ist durch das Schulgesetz (SchulG) der Landes Nordrhein-Westfahlen im Einzelnen geregelt. Laut \u00a7 62 SchulG (Grunds\u00e4tze der Mitwirkung) \u201ewirken Lehrerinnen und Lehrer, Eltern, Sch\u00fclerinnen &hellip; <a href=\"https:\/\/www.gymnasium-mariengarden.de\/wordpress\/elternmitwirkung\/\" class=\"more-link\"><span class=\"screen-reader-text\">Elternmitwirkung<\/span> weiterlesen <span class=\"meta-nav\">&rarr;<\/span><\/a><\/p>\n","protected":false},"author":13,"featured_media":0,"parent":0,"menu_order":0,"comment_status":"closed","ping_status":"open","template":"","meta":{"footnotes":""},"class_list":["post-1344","page","type-page","status-publish","hentry"],"yoast_head":"<!-- This site is optimized with the Yoast SEO plugin v27.3 - https:\/\/yoast.com\/product\/yoast-seo-wordpress\/ -->\n<title>Elternmitwirkung - Gymnasium Mariengarden<\/title>\n<meta name=\"description\" content=\"Privates Gymnasium der Oblatenmissionare\" \/>\n<meta name=\"robots\" content=\"index, follow, max-snippet:-1, max-image-preview:large, max-video-preview:-1\" \/>\n<link rel=\"canonical\" href=\"https:\/\/www.gymnasium-mariengarden.de\/wordpress\/elternmitwirkung\/\" \/>\n<meta property=\"og:locale\" content=\"de_DE\" \/>\n<meta property=\"og:type\" content=\"article\" \/>\n<meta property=\"og:title\" content=\"Elternmitwirkung - Gymnasium Mariengarden\" \/>\n<meta property=\"og:description\" content=\"Privates Gymnasium der Oblatenmissionare\" \/>\n<meta property=\"og:url\" content=\"https:\/\/www.gymnasium-mariengarden.de\/wordpress\/elternmitwirkung\/\" \/>\n<meta property=\"og:site_name\" content=\"Gymnasium Mariengarden\" \/>\n<meta property=\"article:publisher\" content=\"https:\/\/www.facebook.com\/groups\/38812342437\/?locale=de_DE\" \/>\n<meta property=\"article:modified_time\" content=\"2022-05-06T12:34:08+00:00\" \/>\n<meta name=\"twitter:card\" content=\"summary_large_image\" \/>\n<meta name=\"twitter:label1\" content=\"Gesch\u00e4tzte Lesezeit\" \/>\n\t<meta name=\"twitter:data1\" content=\"2\u00a0Minuten\" \/>\n<script type=\"application\/ld+json\" class=\"yoast-schema-graph\">{\"@context\":\"https:\\\/\\\/schema.org\",\"@graph\":[{\"@type\":\"WebPage\",\"@id\":\"https:\\\/\\\/www.gymnasium-mariengarden.de\\\/wordpress\\\/elternmitwirkung\\\/\",\"url\":\"https:\\\/\\\/www.gymnasium-mariengarden.de\\\/wordpress\\\/elternmitwirkung\\\/\",\"name\":\"Elternmitwirkung - Gymnasium Mariengarden\",\"isPartOf\":{\"@id\":\"https:\\\/\\\/www.gymnasium-mariengarden.de\\\/wordpress\\\/#website\"},\"datePublished\":\"2016-02-21T10:57:43+00:00\",\"dateModified\":\"2022-05-06T12:34:08+00:00\",\"description\":\"Privates Gymnasium der Oblatenmissionare\",\"breadcrumb\":{\"@id\":\"https:\\\/\\\/www.gymnasium-mariengarden.de\\\/wordpress\\\/elternmitwirkung\\\/#breadcrumb\"},\"inLanguage\":\"de\",\"potentialAction\":[{\"@type\":\"ReadAction\",\"target\":[\"https:\\\/\\\/www.gymnasium-mariengarden.de\\\/wordpress\\\/elternmitwirkung\\\/\"]}]},{\"@type\":\"BreadcrumbList\",\"@id\":\"https:\\\/\\\/www.gymnasium-mariengarden.de\\\/wordpress\\\/elternmitwirkung\\\/#breadcrumb\",\"itemListElement\":[{\"@type\":\"ListItem\",\"position\":1,\"name\":\"Startseite\",\"item\":\"https:\\\/\\\/www.gymnasium-mariengarden.de\\\/wordpress\\\/\"},{\"@type\":\"ListItem\",\"position\":2,\"name\":\"Elternmitwirkung\"}]},{\"@type\":\"WebSite\",\"@id\":\"https:\\\/\\\/www.gymnasium-mariengarden.de\\\/wordpress\\\/#website\",\"url\":\"https:\\\/\\\/www.gymnasium-mariengarden.de\\\/wordpress\\\/\",\"name\":\"Gymnasium Mariengarden\",\"description\":\"Privates Gymnasium der Oblatenmissionare\",\"alternateName\":\"Gymnasium Mariengarden Borken-Burlo\",\"potentialAction\":[{\"@type\":\"SearchAction\",\"target\":{\"@type\":\"EntryPoint\",\"urlTemplate\":\"https:\\\/\\\/www.gymnasium-mariengarden.de\\\/wordpress\\\/?s={search_term_string}\"},\"query-input\":{\"@type\":\"PropertyValueSpecification\",\"valueRequired\":true,\"valueName\":\"search_term_string\"}}],\"inLanguage\":\"de\"}]}<\/script>\n<!-- \/ Yoast SEO plugin. -->","yoast_head_json":{"title":"Elternmitwirkung - Gymnasium Mariengarden","description":"Privates Gymnasium der Oblatenmissionare","robots":{"index":"index","follow":"follow","max-snippet":"max-snippet:-1","max-image-preview":"max-image-preview:large","max-video-preview":"max-video-preview:-1"},"canonical":"https:\/\/www.gymnasium-mariengarden.de\/wordpress\/elternmitwirkung\/","og_locale":"de_DE","og_type":"article","og_title":"Elternmitwirkung - Gymnasium Mariengarden","og_description":"Privates Gymnasium der Oblatenmissionare","og_url":"https:\/\/www.gymnasium-mariengarden.de\/wordpress\/elternmitwirkung\/","og_site_name":"Gymnasium Mariengarden","article_publisher":"https:\/\/www.facebook.com\/groups\/38812342437\/?locale=de_DE","article_modified_time":"2022-05-06T12:34:08+00:00","twitter_card":"summary_large_image","twitter_misc":{"Gesch\u00e4tzte Lesezeit":"2\u00a0Minuten"},"schema":{"@context":"https:\/\/schema.org","@graph":[{"@type":"WebPage","@id":"https:\/\/www.gymnasium-mariengarden.de\/wordpress\/elternmitwirkung\/","url":"https:\/\/www.gymnasium-mariengarden.de\/wordpress\/elternmitwirkung\/","name":"Elternmitwirkung - Gymnasium Mariengarden","isPartOf":{"@id":"https:\/\/www.gymnasium-mariengarden.de\/wordpress\/#website"},"datePublished":"2016-02-21T10:57:43+00:00","dateModified":"2022-05-06T12:34:08+00:00","description":"Privates Gymnasium der Oblatenmissionare","breadcrumb":{"@id":"https:\/\/www.gymnasium-mariengarden.de\/wordpress\/elternmitwirkung\/#breadcrumb"},"inLanguage":"de","potentialAction":[{"@type":"ReadAction","target":["https:\/\/www.gymnasium-mariengarden.de\/wordpress\/elternmitwirkung\/"]}]},{"@type":"BreadcrumbList","@id":"https:\/\/www.gymnasium-mariengarden.de\/wordpress\/elternmitwirkung\/#breadcrumb","itemListElement":[{"@type":"ListItem","position":1,"name":"Startseite","item":"https:\/\/www.gymnasium-mariengarden.de\/wordpress\/"},{"@type":"ListItem","position":2,"name":"Elternmitwirkung"}]},{"@type":"WebSite","@id":"https:\/\/www.gymnasium-mariengarden.de\/wordpress\/#website","url":"https:\/\/www.gymnasium-mariengarden.de\/wordpress\/","name":"Gymnasium Mariengarden","description":"Privates Gymnasium der Oblatenmissionare","alternateName":"Gymnasium Mariengarden Borken-Burlo","potentialAction":[{"@type":"SearchAction","target":{"@type":"EntryPoint","urlTemplate":"https:\/\/www.gymnasium-mariengarden.de\/wordpress\/?s={search_term_string}"},"query-input":{"@type":"PropertyValueSpecification","valueRequired":true,"valueName":"search_term_string"}}],"inLanguage":"de"}]}},"_links":{"self":[{"href":"https:\/\/www.gymnasium-mariengarden.de\/wordpress\/wp-json\/wp\/v2\/pages\/1344","targetHints":{"allow":["GET"]}}],"collection":[{"href":"https:\/\/www.gymnasium-mariengarden.de\/wordpress\/wp-json\/wp\/v2\/pages"}],"about":[{"href":"https:\/\/www.gymnasium-mariengarden.de\/wordpress\/wp-json\/wp\/v2\/types\/page"}],"author":[{"embeddable":true,"href":"https:\/\/www.gymnasium-mariengarden.de\/wordpress\/wp-json\/wp\/v2\/users\/13"}],"replies":[{"embeddable":true,"href":"https:\/\/www.gymnasium-mariengarden.de\/wordpress\/wp-json\/wp\/v2\/comments?post=1344"}],"version-history":[{"count":5,"href":"https:\/\/www.gymnasium-mariengarden.de\/wordpress\/wp-json\/wp\/v2\/pages\/1344\/revisions"}],"predecessor-version":[{"id":8274,"href":"https:\/\/www.gymnasium-mariengarden.de\/wordpress\/wp-json\/wp\/v2\/pages\/1344\/revisions\/8274"}],"wp:attachment":[{"href":"https:\/\/www.gymnasium-mariengarden.de\/wordpress\/wp-json\/wp\/v2\/media?parent=1344"}],"curies":[{"name":"wp","href":"https:\/\/api.w.org\/{rel}","templated":true}]}}