{"id":1334,"date":"2016-02-21T10:38:32","date_gmt":"2016-02-21T09:38:32","guid":{"rendered":"http:\/\/gymnasium-mariengarden.de\/wordpress\/?page_id=1334"},"modified":"2026-01-08T09:56:25","modified_gmt":"2026-01-08T08:56:25","slug":"club-der-ehemaligen","status":"publish","type":"page","link":"https:\/\/www.gymnasium-mariengarden.de\/wordpress\/club-der-ehemaligen\/","title":{"rendered":"Ehemalige Mariengardener e. V."},"content":{"rendered":"<p>Sie gr\u00fcndeten und organisieren den &#8218;Club der Ehemaligen&#8216;:<\/p>\n<figure id=\"attachment_1326\" aria-describedby=\"caption-attachment-1326\" style=\"width: 480px\" class=\"wp-caption alignnone\"><img loading=\"lazy\" decoding=\"async\" class=\"size-full wp-image-1326\" src=\"http:\/\/gymnasium-mariengarden.de\/wordpress\/wp-content\/uploads\/2016\/02\/gormann_franken.jpg\" alt=\"Die Lehrer Leo Gormann (links) und Claus Franken.\" width=\"480\" height=\"359\" srcset=\"https:\/\/www.gymnasium-mariengarden.de\/wordpress\/wp-content\/uploads\/2016\/02\/gormann_franken.jpg 480w, https:\/\/www.gymnasium-mariengarden.de\/wordpress\/wp-content\/uploads\/2016\/02\/gormann_franken-300x224.jpg 300w\" sizes=\"auto, (max-width: 480px) 100vw, 480px\" \/><figcaption id=\"caption-attachment-1326\" class=\"wp-caption-text\">Die Lehrer Leo Gormann (links) und Claus Franken (rechts)<\/figcaption><\/figure>\n<p>Inzwischen hat sich der Verein konstituiert und einen Vorstand gew\u00e4hlt.<\/p>\n<p>Der Vorstand der Ehemaligen Mariengardener e.V.:<\/p>\n<p><img loading=\"lazy\" decoding=\"async\" class=\"alignnone size-large wp-image-16824\" src=\"https:\/\/www.gymnasium-mariengarden.de\/wordpress\/wp-content\/uploads\/2026\/01\/Ehemalige_Vorstand-768x1024.jpg\" alt=\"\" width=\"474\" height=\"632\" srcset=\"https:\/\/www.gymnasium-mariengarden.de\/wordpress\/wp-content\/uploads\/2026\/01\/Ehemalige_Vorstand-768x1024.jpg 768w, https:\/\/www.gymnasium-mariengarden.de\/wordpress\/wp-content\/uploads\/2026\/01\/Ehemalige_Vorstand-225x300.jpg 225w, https:\/\/www.gymnasium-mariengarden.de\/wordpress\/wp-content\/uploads\/2026\/01\/Ehemalige_Vorstand-1152x1536.jpg 1152w, https:\/\/www.gymnasium-mariengarden.de\/wordpress\/wp-content\/uploads\/2026\/01\/Ehemalige_Vorstand-1536x2048.jpg 1536w, https:\/\/www.gymnasium-mariengarden.de\/wordpress\/wp-content\/uploads\/2026\/01\/Ehemalige_Vorstand-scaled.jpg 1920w\" sizes=\"auto, (max-width: 474px) 100vw, 474px\" \/><\/p>\n<ul>\n<li>o.v.l.: Marcel Bone-Br\u00f6ker (Schriftf\u00fchrer), Christopher Leenen (1. Vorsitzender), Francis Hennerici (Beisitzerin), Anna Rotthues (Beisitzerin); u.v.l.: Gereon Hollstegge (Beisitzer), Christian Reisener (2. Vorsitzender); nicht im Bild: Claus Franken (Kassierer)<\/li>\n<\/ul>\n<p>Kontakt: ehemalige@gymnasium-mariengarden<\/p>\n<p><a href=\"http:\/\/gymnasium-mariengarden.de\/dateien\/pdfs\/ehemaligenverein\/ehemaligenverein_beitrittserklaerung.pdf\" target=\"_blank\" rel=\"noopener\">Beitrittserkl\u00e4rung<\/a><\/p>\n<p><a href=\"http:\/\/gymnasium-mariengarden.de\/dateien\/pdfs\/ehemaligenverein\/ehemaligenverein_einzugsermaechtigung.pdf\" target=\"_blank\" rel=\"noopener\">Einzugserm\u00e4chtigung<\/a><\/p>\n","protected":false},"excerpt":{"rendered":"<p>Sie gr\u00fcndeten und organisieren den &#8218;Club der Ehemaligen&#8216;: Inzwischen hat sich der Verein konstituiert und einen Vorstand gew\u00e4hlt. Der Vorstand der Ehemaligen Mariengardener e.V.: o.v.l.: Marcel Bone-Br\u00f6ker (Schriftf\u00fchrer), Christopher Leenen (1. Vorsitzender), Francis Hennerici (Beisitzerin), Anna Rotthues (Beisitzerin); u.v.l.: Gereon Hollstegge (Beisitzer), Christian Reisener (2. Vorsitzender); nicht im Bild: Claus Franken (Kassierer) Kontakt: ehemalige@gymnasium-mariengarden Beitrittserkl\u00e4rung &hellip; <a href=\"https:\/\/www.gymnasium-mariengarden.de\/wordpress\/club-der-ehemaligen\/\" class=\"more-link\"><span class=\"screen-reader-text\">Ehemalige Mariengardener e. V.<\/span> weiterlesen <span class=\"meta-nav\">&rarr;<\/span><\/a><\/p>\n","protected":false},"author":13,"featured_media":0,"parent":0,"menu_order":0,"comment_status":"closed","ping_status":"open","template":"","meta":{"footnotes":""},"class_list":["post-1334","page","type-page","status-publish","hentry"],"yoast_head":"<!-- This site is optimized with the Yoast SEO plugin v27.3 - https:\/\/yoast.com\/product\/yoast-seo-wordpress\/ -->\n<title>Ehemalige Mariengardener e. V. - Gymnasium Mariengarden<\/title>\n<meta name=\"description\" content=\"Privates Gymnasium der Oblatenmissionare\" \/>\n<meta name=\"robots\" content=\"index, follow, max-snippet:-1, max-image-preview:large, max-video-preview:-1\" \/>\n<link rel=\"canonical\" href=\"https:\/\/www.gymnasium-mariengarden.de\/wordpress\/club-der-ehemaligen\/\" \/>\n<meta property=\"og:locale\" content=\"de_DE\" \/>\n<meta property=\"og:type\" content=\"article\" \/>\n<meta property=\"og:title\" content=\"Ehemalige Mariengardener e. V. - Gymnasium Mariengarden\" \/>\n<meta property=\"og:description\" content=\"Privates Gymnasium der Oblatenmissionare\" \/>\n<meta property=\"og:url\" content=\"https:\/\/www.gymnasium-mariengarden.de\/wordpress\/club-der-ehemaligen\/\" \/>\n<meta property=\"og:site_name\" content=\"Gymnasium Mariengarden\" \/>\n<meta property=\"article:publisher\" content=\"https:\/\/www.facebook.com\/groups\/38812342437\/?locale=de_DE\" \/>\n<meta property=\"article:modified_time\" content=\"2026-01-08T08:56:25+00:00\" \/>\n<meta property=\"og:image\" content=\"https:\/\/www.gymnasium-mariengarden.de\/wordpress\/wp-content\/uploads\/2016\/02\/gormann_franken.jpg\" \/>\n\t<meta property=\"og:image:width\" content=\"480\" \/>\n\t<meta property=\"og:image:height\" content=\"359\" \/>\n\t<meta property=\"og:image:type\" content=\"image\/jpeg\" \/>\n<meta name=\"twitter:card\" content=\"summary_large_image\" \/>\n<meta name=\"twitter:label1\" content=\"Gesch\u00e4tzte Lesezeit\" \/>\n\t<meta name=\"twitter:data1\" content=\"1\u00a0Minute\" \/>\n<script type=\"application\/ld+json\" class=\"yoast-schema-graph\">{\"@context\":\"https:\\\/\\\/schema.org\",\"@graph\":[{\"@type\":\"WebPage\",\"@id\":\"https:\\\/\\\/www.gymnasium-mariengarden.de\\\/wordpress\\\/club-der-ehemaligen\\\/\",\"url\":\"https:\\\/\\\/www.gymnasium-mariengarden.de\\\/wordpress\\\/club-der-ehemaligen\\\/\",\"name\":\"Ehemalige Mariengardener e. V. - Gymnasium Mariengarden\",\"isPartOf\":{\"@id\":\"https:\\\/\\\/www.gymnasium-mariengarden.de\\\/wordpress\\\/#website\"},\"primaryImageOfPage\":{\"@id\":\"https:\\\/\\\/www.gymnasium-mariengarden.de\\\/wordpress\\\/club-der-ehemaligen\\\/#primaryimage\"},\"image\":{\"@id\":\"https:\\\/\\\/www.gymnasium-mariengarden.de\\\/wordpress\\\/club-der-ehemaligen\\\/#primaryimage\"},\"thumbnailUrl\":\"http:\\\/\\\/gymnasium-mariengarden.de\\\/wordpress\\\/wp-content\\\/uploads\\\/2016\\\/02\\\/gormann_franken.jpg\",\"datePublished\":\"2016-02-21T09:38:32+00:00\",\"dateModified\":\"2026-01-08T08:56:25+00:00\",\"description\":\"Privates Gymnasium der Oblatenmissionare\",\"breadcrumb\":{\"@id\":\"https:\\\/\\\/www.gymnasium-mariengarden.de\\\/wordpress\\\/club-der-ehemaligen\\\/#breadcrumb\"},\"inLanguage\":\"de\",\"potentialAction\":[{\"@type\":\"ReadAction\",\"target\":[\"https:\\\/\\\/www.gymnasium-mariengarden.de\\\/wordpress\\\/club-der-ehemaligen\\\/\"]}]},{\"@type\":\"ImageObject\",\"inLanguage\":\"de\",\"@id\":\"https:\\\/\\\/www.gymnasium-mariengarden.de\\\/wordpress\\\/club-der-ehemaligen\\\/#primaryimage\",\"url\":\"http:\\\/\\\/gymnasium-mariengarden.de\\\/wordpress\\\/wp-content\\\/uploads\\\/2016\\\/02\\\/gormann_franken.jpg\",\"contentUrl\":\"http:\\\/\\\/gymnasium-mariengarden.de\\\/wordpress\\\/wp-content\\\/uploads\\\/2016\\\/02\\\/gormann_franken.jpg\"},{\"@type\":\"BreadcrumbList\",\"@id\":\"https:\\\/\\\/www.gymnasium-mariengarden.de\\\/wordpress\\\/club-der-ehemaligen\\\/#breadcrumb\",\"itemListElement\":[{\"@type\":\"ListItem\",\"position\":1,\"name\":\"Startseite\",\"item\":\"https:\\\/\\\/www.gymnasium-mariengarden.de\\\/wordpress\\\/\"},{\"@type\":\"ListItem\",\"position\":2,\"name\":\"Ehemalige Mariengardener e. V.\"}]},{\"@type\":\"WebSite\",\"@id\":\"https:\\\/\\\/www.gymnasium-mariengarden.de\\\/wordpress\\\/#website\",\"url\":\"https:\\\/\\\/www.gymnasium-mariengarden.de\\\/wordpress\\\/\",\"name\":\"Gymnasium Mariengarden\",\"description\":\"Privates Gymnasium der Oblatenmissionare\",\"alternateName\":\"Gymnasium Mariengarden Borken-Burlo\",\"potentialAction\":[{\"@type\":\"SearchAction\",\"target\":{\"@type\":\"EntryPoint\",\"urlTemplate\":\"https:\\\/\\\/www.gymnasium-mariengarden.de\\\/wordpress\\\/?s={search_term_string}\"},\"query-input\":{\"@type\":\"PropertyValueSpecification\",\"valueRequired\":true,\"valueName\":\"search_term_string\"}}],\"inLanguage\":\"de\"}]}<\/script>\n<!-- \/ Yoast SEO plugin. -->","yoast_head_json":{"title":"Ehemalige Mariengardener e. V. - Gymnasium Mariengarden","description":"Privates Gymnasium der Oblatenmissionare","robots":{"index":"index","follow":"follow","max-snippet":"max-snippet:-1","max-image-preview":"max-image-preview:large","max-video-preview":"max-video-preview:-1"},"canonical":"https:\/\/www.gymnasium-mariengarden.de\/wordpress\/club-der-ehemaligen\/","og_locale":"de_DE","og_type":"article","og_title":"Ehemalige Mariengardener e. V. - Gymnasium Mariengarden","og_description":"Privates Gymnasium der Oblatenmissionare","og_url":"https:\/\/www.gymnasium-mariengarden.de\/wordpress\/club-der-ehemaligen\/","og_site_name":"Gymnasium Mariengarden","article_publisher":"https:\/\/www.facebook.com\/groups\/38812342437\/?locale=de_DE","article_modified_time":"2026-01-08T08:56:25+00:00","og_image":[{"width":480,"height":359,"url":"https:\/\/www.gymnasium-mariengarden.de\/wordpress\/wp-content\/uploads\/2016\/02\/gormann_franken.jpg","type":"image\/jpeg"}],"twitter_card":"summary_large_image","twitter_misc":{"Gesch\u00e4tzte Lesezeit":"1\u00a0Minute"},"schema":{"@context":"https:\/\/schema.org","@graph":[{"@type":"WebPage","@id":"https:\/\/www.gymnasium-mariengarden.de\/wordpress\/club-der-ehemaligen\/","url":"https:\/\/www.gymnasium-mariengarden.de\/wordpress\/club-der-ehemaligen\/","name":"Ehemalige Mariengardener e. V. - Gymnasium Mariengarden","isPartOf":{"@id":"https:\/\/www.gymnasium-mariengarden.de\/wordpress\/#website"},"primaryImageOfPage":{"@id":"https:\/\/www.gymnasium-mariengarden.de\/wordpress\/club-der-ehemaligen\/#primaryimage"},"image":{"@id":"https:\/\/www.gymnasium-mariengarden.de\/wordpress\/club-der-ehemaligen\/#primaryimage"},"thumbnailUrl":"http:\/\/gymnasium-mariengarden.de\/wordpress\/wp-content\/uploads\/2016\/02\/gormann_franken.jpg","datePublished":"2016-02-21T09:38:32+00:00","dateModified":"2026-01-08T08:56:25+00:00","description":"Privates Gymnasium der Oblatenmissionare","breadcrumb":{"@id":"https:\/\/www.gymnasium-mariengarden.de\/wordpress\/club-der-ehemaligen\/#breadcrumb"},"inLanguage":"de","potentialAction":[{"@type":"ReadAction","target":["https:\/\/www.gymnasium-mariengarden.de\/wordpress\/club-der-ehemaligen\/"]}]},{"@type":"ImageObject","inLanguage":"de","@id":"https:\/\/www.gymnasium-mariengarden.de\/wordpress\/club-der-ehemaligen\/#primaryimage","url":"http:\/\/gymnasium-mariengarden.de\/wordpress\/wp-content\/uploads\/2016\/02\/gormann_franken.jpg","contentUrl":"http:\/\/gymnasium-mariengarden.de\/wordpress\/wp-content\/uploads\/2016\/02\/gormann_franken.jpg"},{"@type":"BreadcrumbList","@id":"https:\/\/www.gymnasium-mariengarden.de\/wordpress\/club-der-ehemaligen\/#breadcrumb","itemListElement":[{"@type":"ListItem","position":1,"name":"Startseite","item":"https:\/\/www.gymnasium-mariengarden.de\/wordpress\/"},{"@type":"ListItem","position":2,"name":"Ehemalige Mariengardener e. V."}]},{"@type":"WebSite","@id":"https:\/\/www.gymnasium-mariengarden.de\/wordpress\/#website","url":"https:\/\/www.gymnasium-mariengarden.de\/wordpress\/","name":"Gymnasium Mariengarden","description":"Privates Gymnasium der Oblatenmissionare","alternateName":"Gymnasium Mariengarden Borken-Burlo","potentialAction":[{"@type":"SearchAction","target":{"@type":"EntryPoint","urlTemplate":"https:\/\/www.gymnasium-mariengarden.de\/wordpress\/?s={search_term_string}"},"query-input":{"@type":"PropertyValueSpecification","valueRequired":true,"valueName":"search_term_string"}}],"inLanguage":"de"}]}},"_links":{"self":[{"href":"https:\/\/www.gymnasium-mariengarden.de\/wordpress\/wp-json\/wp\/v2\/pages\/1334","targetHints":{"allow":["GET"]}}],"collection":[{"href":"https:\/\/www.gymnasium-mariengarden.de\/wordpress\/wp-json\/wp\/v2\/pages"}],"about":[{"href":"https:\/\/www.gymnasium-mariengarden.de\/wordpress\/wp-json\/wp\/v2\/types\/page"}],"author":[{"embeddable":true,"href":"https:\/\/www.gymnasium-mariengarden.de\/wordpress\/wp-json\/wp\/v2\/users\/13"}],"replies":[{"embeddable":true,"href":"https:\/\/www.gymnasium-mariengarden.de\/wordpress\/wp-json\/wp\/v2\/comments?post=1334"}],"version-history":[{"count":6,"href":"https:\/\/www.gymnasium-mariengarden.de\/wordpress\/wp-json\/wp\/v2\/pages\/1334\/revisions"}],"predecessor-version":[{"id":16825,"href":"https:\/\/www.gymnasium-mariengarden.de\/wordpress\/wp-json\/wp\/v2\/pages\/1334\/revisions\/16825"}],"wp:attachment":[{"href":"https:\/\/www.gymnasium-mariengarden.de\/wordpress\/wp-json\/wp\/v2\/media?parent=1334"}],"curies":[{"name":"wp","href":"https:\/\/api.w.org\/{rel}","templated":true}]}}