{"id":1202,"date":"2016-02-20T21:43:15","date_gmt":"2016-02-20T20:43:15","guid":{"rendered":"http:\/\/gymnasium-mariengarden.de\/wordpress_testkopie\/?page_id=1202"},"modified":"2026-03-25T18:18:40","modified_gmt":"2026-03-25T17:18:40","slug":"orchesterkurse","status":"publish","type":"page","link":"https:\/\/www.gymnasium-mariengarden.de\/wordpress\/orchesterkurse\/","title":{"rendered":"Orchesterkurse"},"content":{"rendered":"\n<p>In den seit dem Schuljahr 2013 \/ 2014 am Gymnasium Mariengarden angebotenen Orchesterkursen erhalten die Sch\u00fclerinnen und Sch\u00fcler der Erprobungsstufe in einem ganzheitlichen, musikpraktisch orientierten Musikunterricht die M\u00f6glichkeit, ein Orchesterinstrument zu erlernen. Den Kleingruppenunterricht f\u00fcr die Instrumente Geige, Bratsche, Cello und Kontrabass sowie f\u00fcr Fl\u00f6te, Oboe, Klarinette, Fagott und Horn richten Instrumentallehrer der Musikschule Borken aus. <\/p>\n\n\n\n<figure class=\"wp-block-image\"><img loading=\"lazy\" decoding=\"async\" width=\"1024\" height=\"571\" src=\"https:\/\/www.gymnasium-mariengarden.de\/wordpress\/wp-content\/uploads\/2022\/11\/Orchesterkurs-1024x571.jpg\" alt=\"\" class=\"wp-image-14519\" srcset=\"https:\/\/www.gymnasium-mariengarden.de\/wordpress\/wp-content\/uploads\/2022\/11\/Orchesterkurs-1024x571.jpg 1024w, https:\/\/www.gymnasium-mariengarden.de\/wordpress\/wp-content\/uploads\/2022\/11\/Orchesterkurs-300x167.jpg 300w, https:\/\/www.gymnasium-mariengarden.de\/wordpress\/wp-content\/uploads\/2022\/11\/Orchesterkurs-768x428.jpg 768w, https:\/\/www.gymnasium-mariengarden.de\/wordpress\/wp-content\/uploads\/2022\/11\/Orchesterkurs-1536x856.jpg 1536w, https:\/\/www.gymnasium-mariengarden.de\/wordpress\/wp-content\/uploads\/2022\/11\/Orchesterkurs-2048x1141.jpg 2048w\" sizes=\"auto, (max-width: 1024px) 100vw, 1024px\" \/><\/figure>\n\n\n\n<p>Weitere Informationen erhalten Sie <a href=\"https:\/\/www.gymnasium-mariengarden.de\/wordpress\/wp-admin\/upload.php?item=17027\" target=\"_blank\" rel=\"noreferrer noopener\">h<\/a><a href=\"https:\/\/www.gymnasium-mariengarden.de\/wordpress\/wp-content\/uploads\/2026\/03\/2024_11-Flyer-Orchesterkurs-Mariengarden-Druckversion-Wickelfalz.pdf\" target=\"_blank\" rel=\"noreferrer noopener\">ier<\/a>.<\/p>\n\n\n\n<p><\/p>\n\n\n\n<p>Zusammen mit der Anmeldebest\u00e4tigung an unsere Schule erhalten alle Eltern und k\u00fcnftigen Sextanerinnen und Sextaner eine Einladung zu einer Informationsveranstaltung, auf der sowohl das Orchesterkurskonzept unserer Schule sowie die angebotenen Instrumente von den Instrumentallehrerinnen und -lehrern vorgestellt werden. Die Kinder erhalten somit die Gelegenheit ihre pers\u00f6nlichen Vorlieben zu entdecken und k\u00f6nnen sich dann f\u00fcr eine Teilnahme an unseren Orchesterkursen entscheiden.<\/p>\n\n\n\n<p>Bei Fragen k\u00f6nnen Sie mich gerne unter <a href=\"mailto:glos@gymnasium-mariengarden.de\">glos@gymnasium-mariengarden.de<\/a> kontaktieren.<\/p>\n","protected":false},"excerpt":{"rendered":"<p>In den seit dem Schuljahr 2013 \/ 2014 am Gymnasium Mariengarden angebotenen Orchesterkursen erhalten die Sch\u00fclerinnen und Sch\u00fcler der Erprobungsstufe in einem ganzheitlichen, musikpraktisch orientierten Musikunterricht die M\u00f6glichkeit, ein Orchesterinstrument zu erlernen. Den Kleingruppenunterricht f\u00fcr die Instrumente Geige, Bratsche, Cello und Kontrabass sowie f\u00fcr Fl\u00f6te, Oboe, Klarinette, Fagott und Horn richten Instrumentallehrer der Musikschule Borken &hellip; <a href=\"https:\/\/www.gymnasium-mariengarden.de\/wordpress\/orchesterkurse\/\" class=\"more-link\"><span class=\"screen-reader-text\">Orchesterkurse<\/span> weiterlesen <span class=\"meta-nav\">&rarr;<\/span><\/a><\/p>\n","protected":false},"author":13,"featured_media":0,"parent":0,"menu_order":0,"comment_status":"closed","ping_status":"open","template":"","meta":{"footnotes":""},"class_list":["post-1202","page","type-page","status-publish","hentry"],"yoast_head":"<!-- This site is optimized with the Yoast SEO plugin v27.3 - https:\/\/yoast.com\/product\/yoast-seo-wordpress\/ -->\n<title>Orchesterkurse - Gymnasium Mariengarden<\/title>\n<meta name=\"description\" content=\"Privates Gymnasium der Oblatenmissionare\" \/>\n<meta name=\"robots\" content=\"index, follow, max-snippet:-1, max-image-preview:large, max-video-preview:-1\" \/>\n<link rel=\"canonical\" href=\"https:\/\/www.gymnasium-mariengarden.de\/wordpress\/orchesterkurse\/\" \/>\n<meta property=\"og:locale\" content=\"de_DE\" \/>\n<meta property=\"og:type\" content=\"article\" \/>\n<meta property=\"og:title\" content=\"Orchesterkurse - Gymnasium Mariengarden\" \/>\n<meta property=\"og:description\" content=\"Privates Gymnasium der Oblatenmissionare\" \/>\n<meta property=\"og:url\" content=\"https:\/\/www.gymnasium-mariengarden.de\/wordpress\/orchesterkurse\/\" \/>\n<meta property=\"og:site_name\" content=\"Gymnasium Mariengarden\" \/>\n<meta property=\"article:publisher\" content=\"https:\/\/www.facebook.com\/groups\/38812342437\/?locale=de_DE\" \/>\n<meta property=\"article:modified_time\" content=\"2026-03-25T17:18:40+00:00\" \/>\n<meta property=\"og:image\" content=\"https:\/\/www.gymnasium-mariengarden.de\/wordpress\/wp-content\/uploads\/2022\/11\/Orchesterkurs-scaled.jpg\" \/>\n\t<meta property=\"og:image:width\" content=\"2560\" \/>\n\t<meta property=\"og:image:height\" content=\"1427\" \/>\n\t<meta property=\"og:image:type\" content=\"image\/jpeg\" \/>\n<meta name=\"twitter:card\" content=\"summary_large_image\" \/>\n<meta name=\"twitter:label1\" content=\"Gesch\u00e4tzte Lesezeit\" \/>\n\t<meta name=\"twitter:data1\" content=\"1\u00a0Minute\" \/>\n<script type=\"application\/ld+json\" class=\"yoast-schema-graph\">{\"@context\":\"https:\\\/\\\/schema.org\",\"@graph\":[{\"@type\":\"WebPage\",\"@id\":\"https:\\\/\\\/www.gymnasium-mariengarden.de\\\/wordpress\\\/orchesterkurse\\\/\",\"url\":\"https:\\\/\\\/www.gymnasium-mariengarden.de\\\/wordpress\\\/orchesterkurse\\\/\",\"name\":\"Orchesterkurse - Gymnasium Mariengarden\",\"isPartOf\":{\"@id\":\"https:\\\/\\\/www.gymnasium-mariengarden.de\\\/wordpress\\\/#website\"},\"primaryImageOfPage\":{\"@id\":\"https:\\\/\\\/www.gymnasium-mariengarden.de\\\/wordpress\\\/orchesterkurse\\\/#primaryimage\"},\"image\":{\"@id\":\"https:\\\/\\\/www.gymnasium-mariengarden.de\\\/wordpress\\\/orchesterkurse\\\/#primaryimage\"},\"thumbnailUrl\":\"https:\\\/\\\/www.gymnasium-mariengarden.de\\\/wordpress\\\/wp-content\\\/uploads\\\/2022\\\/11\\\/Orchesterkurs-1024x571.jpg\",\"datePublished\":\"2016-02-20T20:43:15+00:00\",\"dateModified\":\"2026-03-25T17:18:40+00:00\",\"description\":\"Privates Gymnasium der Oblatenmissionare\",\"breadcrumb\":{\"@id\":\"https:\\\/\\\/www.gymnasium-mariengarden.de\\\/wordpress\\\/orchesterkurse\\\/#breadcrumb\"},\"inLanguage\":\"de\",\"potentialAction\":[{\"@type\":\"ReadAction\",\"target\":[\"https:\\\/\\\/www.gymnasium-mariengarden.de\\\/wordpress\\\/orchesterkurse\\\/\"]}]},{\"@type\":\"ImageObject\",\"inLanguage\":\"de\",\"@id\":\"https:\\\/\\\/www.gymnasium-mariengarden.de\\\/wordpress\\\/orchesterkurse\\\/#primaryimage\",\"url\":\"https:\\\/\\\/www.gymnasium-mariengarden.de\\\/wordpress\\\/wp-content\\\/uploads\\\/2022\\\/11\\\/Orchesterkurs-scaled.jpg\",\"contentUrl\":\"https:\\\/\\\/www.gymnasium-mariengarden.de\\\/wordpress\\\/wp-content\\\/uploads\\\/2022\\\/11\\\/Orchesterkurs-scaled.jpg\",\"width\":2560,\"height\":1427},{\"@type\":\"BreadcrumbList\",\"@id\":\"https:\\\/\\\/www.gymnasium-mariengarden.de\\\/wordpress\\\/orchesterkurse\\\/#breadcrumb\",\"itemListElement\":[{\"@type\":\"ListItem\",\"position\":1,\"name\":\"Startseite\",\"item\":\"https:\\\/\\\/www.gymnasium-mariengarden.de\\\/wordpress\\\/\"},{\"@type\":\"ListItem\",\"position\":2,\"name\":\"Orchesterkurse\"}]},{\"@type\":\"WebSite\",\"@id\":\"https:\\\/\\\/www.gymnasium-mariengarden.de\\\/wordpress\\\/#website\",\"url\":\"https:\\\/\\\/www.gymnasium-mariengarden.de\\\/wordpress\\\/\",\"name\":\"Gymnasium Mariengarden\",\"description\":\"Privates Gymnasium der Oblatenmissionare\",\"alternateName\":\"Gymnasium Mariengarden Borken-Burlo\",\"potentialAction\":[{\"@type\":\"SearchAction\",\"target\":{\"@type\":\"EntryPoint\",\"urlTemplate\":\"https:\\\/\\\/www.gymnasium-mariengarden.de\\\/wordpress\\\/?s={search_term_string}\"},\"query-input\":{\"@type\":\"PropertyValueSpecification\",\"valueRequired\":true,\"valueName\":\"search_term_string\"}}],\"inLanguage\":\"de\"}]}<\/script>\n<!-- \/ Yoast SEO plugin. -->","yoast_head_json":{"title":"Orchesterkurse - Gymnasium Mariengarden","description":"Privates Gymnasium der Oblatenmissionare","robots":{"index":"index","follow":"follow","max-snippet":"max-snippet:-1","max-image-preview":"max-image-preview:large","max-video-preview":"max-video-preview:-1"},"canonical":"https:\/\/www.gymnasium-mariengarden.de\/wordpress\/orchesterkurse\/","og_locale":"de_DE","og_type":"article","og_title":"Orchesterkurse - Gymnasium Mariengarden","og_description":"Privates Gymnasium der Oblatenmissionare","og_url":"https:\/\/www.gymnasium-mariengarden.de\/wordpress\/orchesterkurse\/","og_site_name":"Gymnasium Mariengarden","article_publisher":"https:\/\/www.facebook.com\/groups\/38812342437\/?locale=de_DE","article_modified_time":"2026-03-25T17:18:40+00:00","og_image":[{"width":2560,"height":1427,"url":"https:\/\/www.gymnasium-mariengarden.de\/wordpress\/wp-content\/uploads\/2022\/11\/Orchesterkurs-scaled.jpg","type":"image\/jpeg"}],"twitter_card":"summary_large_image","twitter_misc":{"Gesch\u00e4tzte Lesezeit":"1\u00a0Minute"},"schema":{"@context":"https:\/\/schema.org","@graph":[{"@type":"WebPage","@id":"https:\/\/www.gymnasium-mariengarden.de\/wordpress\/orchesterkurse\/","url":"https:\/\/www.gymnasium-mariengarden.de\/wordpress\/orchesterkurse\/","name":"Orchesterkurse - Gymnasium Mariengarden","isPartOf":{"@id":"https:\/\/www.gymnasium-mariengarden.de\/wordpress\/#website"},"primaryImageOfPage":{"@id":"https:\/\/www.gymnasium-mariengarden.de\/wordpress\/orchesterkurse\/#primaryimage"},"image":{"@id":"https:\/\/www.gymnasium-mariengarden.de\/wordpress\/orchesterkurse\/#primaryimage"},"thumbnailUrl":"https:\/\/www.gymnasium-mariengarden.de\/wordpress\/wp-content\/uploads\/2022\/11\/Orchesterkurs-1024x571.jpg","datePublished":"2016-02-20T20:43:15+00:00","dateModified":"2026-03-25T17:18:40+00:00","description":"Privates Gymnasium der Oblatenmissionare","breadcrumb":{"@id":"https:\/\/www.gymnasium-mariengarden.de\/wordpress\/orchesterkurse\/#breadcrumb"},"inLanguage":"de","potentialAction":[{"@type":"ReadAction","target":["https:\/\/www.gymnasium-mariengarden.de\/wordpress\/orchesterkurse\/"]}]},{"@type":"ImageObject","inLanguage":"de","@id":"https:\/\/www.gymnasium-mariengarden.de\/wordpress\/orchesterkurse\/#primaryimage","url":"https:\/\/www.gymnasium-mariengarden.de\/wordpress\/wp-content\/uploads\/2022\/11\/Orchesterkurs-scaled.jpg","contentUrl":"https:\/\/www.gymnasium-mariengarden.de\/wordpress\/wp-content\/uploads\/2022\/11\/Orchesterkurs-scaled.jpg","width":2560,"height":1427},{"@type":"BreadcrumbList","@id":"https:\/\/www.gymnasium-mariengarden.de\/wordpress\/orchesterkurse\/#breadcrumb","itemListElement":[{"@type":"ListItem","position":1,"name":"Startseite","item":"https:\/\/www.gymnasium-mariengarden.de\/wordpress\/"},{"@type":"ListItem","position":2,"name":"Orchesterkurse"}]},{"@type":"WebSite","@id":"https:\/\/www.gymnasium-mariengarden.de\/wordpress\/#website","url":"https:\/\/www.gymnasium-mariengarden.de\/wordpress\/","name":"Gymnasium Mariengarden","description":"Privates Gymnasium der Oblatenmissionare","alternateName":"Gymnasium Mariengarden Borken-Burlo","potentialAction":[{"@type":"SearchAction","target":{"@type":"EntryPoint","urlTemplate":"https:\/\/www.gymnasium-mariengarden.de\/wordpress\/?s={search_term_string}"},"query-input":{"@type":"PropertyValueSpecification","valueRequired":true,"valueName":"search_term_string"}}],"inLanguage":"de"}]}},"_links":{"self":[{"href":"https:\/\/www.gymnasium-mariengarden.de\/wordpress\/wp-json\/wp\/v2\/pages\/1202","targetHints":{"allow":["GET"]}}],"collection":[{"href":"https:\/\/www.gymnasium-mariengarden.de\/wordpress\/wp-json\/wp\/v2\/pages"}],"about":[{"href":"https:\/\/www.gymnasium-mariengarden.de\/wordpress\/wp-json\/wp\/v2\/types\/page"}],"author":[{"embeddable":true,"href":"https:\/\/www.gymnasium-mariengarden.de\/wordpress\/wp-json\/wp\/v2\/users\/13"}],"replies":[{"embeddable":true,"href":"https:\/\/www.gymnasium-mariengarden.de\/wordpress\/wp-json\/wp\/v2\/comments?post=1202"}],"version-history":[{"count":7,"href":"https:\/\/www.gymnasium-mariengarden.de\/wordpress\/wp-json\/wp\/v2\/pages\/1202\/revisions"}],"predecessor-version":[{"id":17029,"href":"https:\/\/www.gymnasium-mariengarden.de\/wordpress\/wp-json\/wp\/v2\/pages\/1202\/revisions\/17029"}],"wp:attachment":[{"href":"https:\/\/www.gymnasium-mariengarden.de\/wordpress\/wp-json\/wp\/v2\/media?parent=1202"}],"curies":[{"name":"wp","href":"https:\/\/api.w.org\/{rel}","templated":true}]}}