{"id":1198,"date":"2016-02-20T21:35:14","date_gmt":"2016-02-20T20:35:14","guid":{"rendered":"http:\/\/gymnasium-mariengarden.de\/wordpress_testkopie\/?page_id=1198"},"modified":"2026-01-22T09:12:54","modified_gmt":"2026-01-22T08:12:54","slug":"facharbeit","status":"publish","type":"page","link":"https:\/\/www.gymnasium-mariengarden.de\/wordpress\/facharbeit\/","title":{"rendered":"Facharbeit"},"content":{"rendered":"<p>Die Facharbeit ersetzt in der Q1 eine Klausur. Die Facharbeit kann nur in einem Fach geschrieben werden, das auch mit Klausur belegt worden ist. N\u00e4here Informationen gibt der Oberstufenkoordinator auf diversen Informationsveranstaltungen.<\/p>\n<p>\u00dcber folgende Links sind die notwendigen Formulare sowie hilfreiche Informationen abrufbar:<\/p>\n<ul>\n<li style=\"list-style-type: none;\">\n<ul>\n<li>Das doppelte <a href=\"http:\/\/www.gymnasium-mariengarden.de\/dateien\/pdfs\/facharbeit\/facharbeit_formular.pdf\" target=\"_blank\" rel=\"noopener\">Formular f\u00fcr die Facharbeit<\/a>, welches vom Verfasser und dem betreuenden Lehrer ausgef\u00fcllt und unterzeichnet wird.<\/li>\n<li>Ein <a href=\"https:\/\/www.gymnasium-mariengarden.de\/dateien\/pdfs\/facharbeit\/Leitfaden_Facharbeit.pdf\">Leitfaden f\u00fcr Facharbeiten<\/a> als Einf\u00fchrung in die formale Gestaltung\u00a0 und die <a href=\"https:\/\/www.gymnasium-mariengarden.de\/wordpress\/wp-content\/uploads\/2026\/01\/26-Voraussetzungen-fuer-das-Verfassen-und-die-Annahme-einer-Facharbeit-23_24.pdf\">Voraussetzungen\u00a0<\/a> f\u00fcr das Verfassen und die Annahme einer Facharbeit.<\/li>\n<li>Weiterhin Empfehlungen f\u00fcr die <a href=\"https:\/\/www.gymnasium-mariengarden.de\/dateien\/pdfs\/facharbeit\/Literaturrecherche.pdf\" target=\"_blank\" rel=\"noopener\">Literaturrecherche<\/a>.<\/li>\n<\/ul>\n<\/li>\n<\/ul>\n","protected":false},"excerpt":{"rendered":"<p>Die Facharbeit ersetzt in der Q1 eine Klausur. Die Facharbeit kann nur in einem Fach geschrieben werden, das auch mit Klausur belegt worden ist. N\u00e4here Informationen gibt der Oberstufenkoordinator auf diversen Informationsveranstaltungen. \u00dcber folgende Links sind die notwendigen Formulare sowie hilfreiche Informationen abrufbar: Das doppelte Formular f\u00fcr die Facharbeit, welches vom Verfasser und dem betreuenden &hellip; <a href=\"https:\/\/www.gymnasium-mariengarden.de\/wordpress\/facharbeit\/\" class=\"more-link\"><span class=\"screen-reader-text\">Facharbeit<\/span> weiterlesen <span class=\"meta-nav\">&rarr;<\/span><\/a><\/p>\n","protected":false},"author":13,"featured_media":0,"parent":0,"menu_order":0,"comment_status":"closed","ping_status":"open","template":"","meta":{"footnotes":""},"class_list":["post-1198","page","type-page","status-publish","hentry"],"yoast_head":"<!-- This site is optimized with the Yoast SEO plugin v27.3 - https:\/\/yoast.com\/product\/yoast-seo-wordpress\/ -->\n<title>Facharbeit - Gymnasium Mariengarden<\/title>\n<meta name=\"description\" content=\"Privates Gymnasium der Oblatenmissionare\" \/>\n<meta name=\"robots\" content=\"index, follow, max-snippet:-1, max-image-preview:large, max-video-preview:-1\" \/>\n<link rel=\"canonical\" href=\"https:\/\/www.gymnasium-mariengarden.de\/wordpress\/facharbeit\/\" \/>\n<meta property=\"og:locale\" content=\"de_DE\" \/>\n<meta property=\"og:type\" content=\"article\" \/>\n<meta property=\"og:title\" content=\"Facharbeit - Gymnasium Mariengarden\" \/>\n<meta property=\"og:description\" content=\"Privates Gymnasium der Oblatenmissionare\" \/>\n<meta property=\"og:url\" content=\"https:\/\/www.gymnasium-mariengarden.de\/wordpress\/facharbeit\/\" \/>\n<meta property=\"og:site_name\" content=\"Gymnasium Mariengarden\" \/>\n<meta property=\"article:publisher\" content=\"https:\/\/www.facebook.com\/groups\/38812342437\/?locale=de_DE\" \/>\n<meta property=\"article:modified_time\" content=\"2026-01-22T08:12:54+00:00\" \/>\n<meta name=\"twitter:card\" content=\"summary_large_image\" \/>\n<meta name=\"twitter:label1\" content=\"Gesch\u00e4tzte Lesezeit\" \/>\n\t<meta name=\"twitter:data1\" content=\"1\u00a0Minute\" \/>\n<script type=\"application\/ld+json\" class=\"yoast-schema-graph\">{\"@context\":\"https:\\\/\\\/schema.org\",\"@graph\":[{\"@type\":\"WebPage\",\"@id\":\"https:\\\/\\\/www.gymnasium-mariengarden.de\\\/wordpress\\\/facharbeit\\\/\",\"url\":\"https:\\\/\\\/www.gymnasium-mariengarden.de\\\/wordpress\\\/facharbeit\\\/\",\"name\":\"Facharbeit - Gymnasium Mariengarden\",\"isPartOf\":{\"@id\":\"https:\\\/\\\/www.gymnasium-mariengarden.de\\\/wordpress\\\/#website\"},\"datePublished\":\"2016-02-20T20:35:14+00:00\",\"dateModified\":\"2026-01-22T08:12:54+00:00\",\"description\":\"Privates Gymnasium der Oblatenmissionare\",\"breadcrumb\":{\"@id\":\"https:\\\/\\\/www.gymnasium-mariengarden.de\\\/wordpress\\\/facharbeit\\\/#breadcrumb\"},\"inLanguage\":\"de\",\"potentialAction\":[{\"@type\":\"ReadAction\",\"target\":[\"https:\\\/\\\/www.gymnasium-mariengarden.de\\\/wordpress\\\/facharbeit\\\/\"]}]},{\"@type\":\"BreadcrumbList\",\"@id\":\"https:\\\/\\\/www.gymnasium-mariengarden.de\\\/wordpress\\\/facharbeit\\\/#breadcrumb\",\"itemListElement\":[{\"@type\":\"ListItem\",\"position\":1,\"name\":\"Startseite\",\"item\":\"https:\\\/\\\/www.gymnasium-mariengarden.de\\\/wordpress\\\/\"},{\"@type\":\"ListItem\",\"position\":2,\"name\":\"Facharbeit\"}]},{\"@type\":\"WebSite\",\"@id\":\"https:\\\/\\\/www.gymnasium-mariengarden.de\\\/wordpress\\\/#website\",\"url\":\"https:\\\/\\\/www.gymnasium-mariengarden.de\\\/wordpress\\\/\",\"name\":\"Gymnasium Mariengarden\",\"description\":\"Privates Gymnasium der Oblatenmissionare\",\"alternateName\":\"Gymnasium Mariengarden Borken-Burlo\",\"potentialAction\":[{\"@type\":\"SearchAction\",\"target\":{\"@type\":\"EntryPoint\",\"urlTemplate\":\"https:\\\/\\\/www.gymnasium-mariengarden.de\\\/wordpress\\\/?s={search_term_string}\"},\"query-input\":{\"@type\":\"PropertyValueSpecification\",\"valueRequired\":true,\"valueName\":\"search_term_string\"}}],\"inLanguage\":\"de\"}]}<\/script>\n<!-- \/ Yoast SEO plugin. -->","yoast_head_json":{"title":"Facharbeit - Gymnasium Mariengarden","description":"Privates Gymnasium der Oblatenmissionare","robots":{"index":"index","follow":"follow","max-snippet":"max-snippet:-1","max-image-preview":"max-image-preview:large","max-video-preview":"max-video-preview:-1"},"canonical":"https:\/\/www.gymnasium-mariengarden.de\/wordpress\/facharbeit\/","og_locale":"de_DE","og_type":"article","og_title":"Facharbeit - Gymnasium Mariengarden","og_description":"Privates Gymnasium der Oblatenmissionare","og_url":"https:\/\/www.gymnasium-mariengarden.de\/wordpress\/facharbeit\/","og_site_name":"Gymnasium Mariengarden","article_publisher":"https:\/\/www.facebook.com\/groups\/38812342437\/?locale=de_DE","article_modified_time":"2026-01-22T08:12:54+00:00","twitter_card":"summary_large_image","twitter_misc":{"Gesch\u00e4tzte Lesezeit":"1\u00a0Minute"},"schema":{"@context":"https:\/\/schema.org","@graph":[{"@type":"WebPage","@id":"https:\/\/www.gymnasium-mariengarden.de\/wordpress\/facharbeit\/","url":"https:\/\/www.gymnasium-mariengarden.de\/wordpress\/facharbeit\/","name":"Facharbeit - Gymnasium Mariengarden","isPartOf":{"@id":"https:\/\/www.gymnasium-mariengarden.de\/wordpress\/#website"},"datePublished":"2016-02-20T20:35:14+00:00","dateModified":"2026-01-22T08:12:54+00:00","description":"Privates Gymnasium der Oblatenmissionare","breadcrumb":{"@id":"https:\/\/www.gymnasium-mariengarden.de\/wordpress\/facharbeit\/#breadcrumb"},"inLanguage":"de","potentialAction":[{"@type":"ReadAction","target":["https:\/\/www.gymnasium-mariengarden.de\/wordpress\/facharbeit\/"]}]},{"@type":"BreadcrumbList","@id":"https:\/\/www.gymnasium-mariengarden.de\/wordpress\/facharbeit\/#breadcrumb","itemListElement":[{"@type":"ListItem","position":1,"name":"Startseite","item":"https:\/\/www.gymnasium-mariengarden.de\/wordpress\/"},{"@type":"ListItem","position":2,"name":"Facharbeit"}]},{"@type":"WebSite","@id":"https:\/\/www.gymnasium-mariengarden.de\/wordpress\/#website","url":"https:\/\/www.gymnasium-mariengarden.de\/wordpress\/","name":"Gymnasium Mariengarden","description":"Privates Gymnasium der Oblatenmissionare","alternateName":"Gymnasium Mariengarden Borken-Burlo","potentialAction":[{"@type":"SearchAction","target":{"@type":"EntryPoint","urlTemplate":"https:\/\/www.gymnasium-mariengarden.de\/wordpress\/?s={search_term_string}"},"query-input":{"@type":"PropertyValueSpecification","valueRequired":true,"valueName":"search_term_string"}}],"inLanguage":"de"}]}},"_links":{"self":[{"href":"https:\/\/www.gymnasium-mariengarden.de\/wordpress\/wp-json\/wp\/v2\/pages\/1198","targetHints":{"allow":["GET"]}}],"collection":[{"href":"https:\/\/www.gymnasium-mariengarden.de\/wordpress\/wp-json\/wp\/v2\/pages"}],"about":[{"href":"https:\/\/www.gymnasium-mariengarden.de\/wordpress\/wp-json\/wp\/v2\/types\/page"}],"author":[{"embeddable":true,"href":"https:\/\/www.gymnasium-mariengarden.de\/wordpress\/wp-json\/wp\/v2\/users\/13"}],"replies":[{"embeddable":true,"href":"https:\/\/www.gymnasium-mariengarden.de\/wordpress\/wp-json\/wp\/v2\/comments?post=1198"}],"version-history":[{"count":6,"href":"https:\/\/www.gymnasium-mariengarden.de\/wordpress\/wp-json\/wp\/v2\/pages\/1198\/revisions"}],"predecessor-version":[{"id":16852,"href":"https:\/\/www.gymnasium-mariengarden.de\/wordpress\/wp-json\/wp\/v2\/pages\/1198\/revisions\/16852"}],"wp:attachment":[{"href":"https:\/\/www.gymnasium-mariengarden.de\/wordpress\/wp-json\/wp\/v2\/media?parent=1198"}],"curies":[{"name":"wp","href":"https:\/\/api.w.org\/{rel}","templated":true}]}}