{"id":427,"date":"2022-02-08T16:55:49","date_gmt":"2022-02-08T15:55:49","guid":{"rendered":"https:\/\/www.gymnasium-mariengarden.de\/schuelerzeitung\/?page_id=427"},"modified":"2023-11-28T11:18:10","modified_gmt":"2023-11-28T10:18:10","slug":"jetzt-du","status":"publish","type":"page","link":"https:\/\/www.gymnasium-mariengarden.de\/schuelerzeitung\/jetzt-du\/","title":{"rendered":"Jetzt du!"},"content":{"rendered":"\n<p>Hey du!<\/p>\n<p>Na, konnten wir dich mit dieser Sch\u00fclerzeitung dazu inspirieren, selbst etwas zu schreiben oder anderweitig kreativ zu werden? Und h\u00e4ttest du vielleicht sogar Lust, den hier zu ver\u00f6ffentlichen? Falls ja, kannst du uns deinen Beitrag gerne an die unten aufgelistete E-Mail-Adresse schicken. Ganz gleich ob politischer Artikel, Gedicht, Kurzgeschichte oder dein letztes Meisterwerk aus dem Kunstunterricht \u2013 deiner Kreativit\u00e4t sind keine Grenzen gesetzt!\u00a0<br \/><br \/>Schick deinen Beitrag einfach an Marie-Redaktion@web.de und schreib am besten gleich dazu, ob er anonym ver\u00f6ffentlicht werden soll, oder dein Name dabei stehen darf.\u00a0<br \/><br \/><\/p>\n<p>Wir freuen uns auf dich,<\/p>\n<p>Deine Redaktion<\/p>\n","protected":false},"excerpt":{"rendered":"<p>Hey du! Na, konnten wir dich mit dieser Sch\u00fclerzeitung dazu inspirieren, selbst etwas zu schreiben oder anderweitig kreativ zu werden? Und h\u00e4ttest du vielleicht sogar Lust, den hier zu ver\u00f6ffentlichen? Falls ja, kannst du uns deinen Beitrag gerne an die unten aufgelistete E-Mail-Adresse schicken. Ganz gleich ob politischer Artikel, Gedicht, Kurzgeschichte oder dein letztes Meisterwerk [&hellip;]<\/p>\n","protected":false},"author":19,"featured_media":0,"parent":0,"menu_order":0,"comment_status":"closed","ping_status":"closed","template":"","meta":{"jetpack_post_was_ever_published":false,"footnotes":""},"jetpack_sharing_enabled":true,"jetpack_shortlink":"https:\/\/wp.me\/Pa2P6m-6T","_links":{"self":[{"href":"https:\/\/www.gymnasium-mariengarden.de\/schuelerzeitung\/wp-json\/wp\/v2\/pages\/427"}],"collection":[{"href":"https:\/\/www.gymnasium-mariengarden.de\/schuelerzeitung\/wp-json\/wp\/v2\/pages"}],"about":[{"href":"https:\/\/www.gymnasium-mariengarden.de\/schuelerzeitung\/wp-json\/wp\/v2\/types\/page"}],"author":[{"embeddable":true,"href":"https:\/\/www.gymnasium-mariengarden.de\/schuelerzeitung\/wp-json\/wp\/v2\/users\/19"}],"replies":[{"embeddable":true,"href":"https:\/\/www.gymnasium-mariengarden.de\/schuelerzeitung\/wp-json\/wp\/v2\/comments?post=427"}],"version-history":[{"count":6,"href":"https:\/\/www.gymnasium-mariengarden.de\/schuelerzeitung\/wp-json\/wp\/v2\/pages\/427\/revisions"}],"predecessor-version":[{"id":682,"href":"https:\/\/www.gymnasium-mariengarden.de\/schuelerzeitung\/wp-json\/wp\/v2\/pages\/427\/revisions\/682"}],"wp:attachment":[{"href":"https:\/\/www.gymnasium-mariengarden.de\/schuelerzeitung\/wp-json\/wp\/v2\/media?parent=427"}],"curies":[{"name":"wp","href":"https:\/\/api.w.org\/{rel}","templated":true}]}}